{"id":4165,"date":"2024-05-16T07:43:35","date_gmt":"2024-05-16T06:43:35","guid":{"rendered":"https:\/\/napapiri.com\/sustentabilidade\/"},"modified":"2025-02-11T10:54:17","modified_gmt":"2025-02-11T09:54:17","slug":"sustentabilidade","status":"publish","type":"page","link":"https:\/\/napapiri.com\/pt-br\/sustentabilidade\/","title":{"rendered":"Sustentabilidade"},"content":{"rendered":"<section class=\"l-section wpb_row us_custom_d3c890bc us_animate_this height_large\"><div class=\"l-section-h i-cf\"><div class=\"g-cols vc_row via_flex valign_top type_default stacking_default\"><div class=\"vc_col-sm-12 wpb_column vc_column_container\"><div class=\"vc_column-inner\"><div class=\"wpb_wrapper\"><div class=\"wpb_text_column bluetitle\"><div class=\"wpb_wrapper\"><h1>Solu\u00e7\u00f5es ecologicamente corretas<br \/>\n<em><strong>para pistas de gelo sustent\u00e1veis<\/strong><\/em><\/h1>\n<\/div><\/div><div class=\"w-btn-wrapper align_none hide_on_mobiles\"><a class=\"w-btn us-btn-style_4 vertslidebut text_none icon_atright\" href=\"#down\" aria-label=\"Button\"><i class=\"far fa-long-arrow-down\"><\/i><\/a><\/div><\/div><\/div><\/div><\/div><\/div><\/section><section class=\"l-section wpb_row us_custom_2901b1ff us_animate_this height_auto with_video\"><div id=\"us_bg_video_xdc2\" class=\"l-section-video\"><script id=\"us_bg_video_xdc2-script\">!function(w){var node = document.getElementById( 'us_bg_video_xdc2' );if ( w.innerWidth <= 600 ) { node.remove() }}(window);<\/script><style>@media(max-width:600px){#us_bg_video_xdc2{display:none!important}}<\/style><video  autoplay loop muted playsinline preload=\"auto\" tabindex=\"-1\"><source type=\"video\/mp4\" src=\"\/wp-content\/uploads\/2024\/08\/DUURZAAMHEID-Video-bovenaan.mp4\" \/><\/video><\/div><div class=\"l-section-h i-cf\"><div class=\"g-cols vc_row via_flex valign_top type_default stacking_default\"><div class=\"vc_col-sm-12 wpb_column vc_column_container\"><div class=\"vc_column-inner\"><div class=\"wpb_wrapper\"><\/div><\/div><\/div><\/div><\/div><\/section><section class=\"l-section wpb_row us_custom_bf48def1 us_animate_this height_auto\"><div class=\"l-section-h i-cf\"><div class=\"g-cols vc_row via_flex valign_top type_default stacking_default\"><div class=\"vc_col-sm-12 wpb_column vc_column_container\"><div class=\"vc_column-inner\"><div class=\"wpb_wrapper\"><nav class=\"g-breadcrumbs us_custom_f9e185d2 has_text_color separator_icon align_none\" itemscope itemtype=\"http:\/\/schema.org\/BreadcrumbList\"><div class=\"g-breadcrumbs-item\" itemscope itemprop=\"itemListElement\" itemtype=\"http:\/\/schema.org\/ListItem\"><a itemprop=\"item\" href=\"https:\/\/napapiri.com\/pt-br\/\"><span itemprop=\"name\">In\u00edcio<\/span><\/a><meta itemprop=\"position\" content=\"1\"\/><\/div><div class=\"g-breadcrumbs-separator\"><i class=\"far fa-angle-right\"><\/i><\/div><div class=\"g-breadcrumbs-item\">P\u00e1ginas<\/div><\/nav><\/div><\/div><\/div><\/div><\/div><\/section><section class=\"l-section wpb_row us_custom_70f65456 us_animate_this height_huge\" id=\"down\"><div class=\"l-section-h i-cf\"><div class=\"g-cols vc_row via_flex valign_top type_default stacking_default\"><div class=\"vc_col-sm-12 wpb_column vc_column_container\"><div class=\"vc_column-inner\"><div class=\"wpb_wrapper\"><div class=\"wpb_text_column orangetitle\"><div class=\"wpb_wrapper\"><h2>Pistas de gelo com efici\u00eancia energ\u00e9tica e<br \/>\n<strong><em>impacto ambiental reduzido<br \/>\n<\/em><\/strong><\/h2>\n<\/div><\/div><div class=\"w-separator size_small\"><\/div><div class=\"g-cols wpb_row via_flex valign_top type_default stacking_default\"><div class=\"vc_col-sm-6 wpb_column vc_column_container\"><div class=\"vc_column-inner\"><div class=\"wpb_wrapper\"><div class=\"wpb_text_column\"><div class=\"wpb_wrapper\"><p><span style=\"font-weight: 400;\">Para n\u00f3s, a sustentabilidade est\u00e1 no centro do processo de fabrica\u00e7\u00e3o de pistas de gelo. Usamos materiais ecologicamente corretos e m\u00e9todos de produ\u00e7\u00e3o com efici\u00eancia energ\u00e9tica para minimizar nossa pegada de carbono.   <\/span><\/p>\n<\/div><\/div><\/div><\/div><\/div><div class=\"vc_col-sm-6 wpb_column vc_column_container\"><div class=\"vc_column-inner\"><div class=\"wpb_wrapper\"><div class=\"wpb_text_column\"><div class=\"wpb_wrapper\"><p><span style=\"font-weight: 400;\">Nossas pistas de gelo s\u00e3o projetadas com foco na longevidade e reutiliza\u00e7\u00e3o, contribuindo para um futuro mais sustent\u00e1vel. Ao escolher nossas pistas de gelo sustent\u00e1veis, voc\u00ea est\u00e1 investindo em um produto que otimiza o desempenho e o impacto ambiental. <\/span><\/p>\n<\/div><\/div><\/div><\/div><\/div><\/div><div class=\"w-separator size_medium\"><\/div><div class=\"w-btn-wrapper align_none\"><a class=\"w-btn us-btn-style_1 icon_atright\" href=\"https:\/\/napapiri.com\/pt-br\/contato\/\"><span class=\"w-btn-label\">Solicite uma cota\u00e7\u00e3o<\/span><i class=\"fal fa-long-arrow-right\"><\/i><\/a><\/div><\/div><\/div><\/div><\/div><\/div><\/section><section class=\"l-section wpb_row us_custom_b03640aa height_large\"><div class=\"l-section-h i-cf\"><div class=\"g-cols vc_row via_flex valign_top type_default stacking_default\" style=\"--additional-gap:20px;\"><div class=\"vc_col-sm-6 wpb_column vc_column_container biggerbuttons\"><div class=\"vc_column-inner\"><div class=\"wpb_wrapper\"><div class=\"g-cols wpb_row us_custom_33b7f840 nosidepad us_animate_this via_flex valign_top type_default stacking_default\" id=\"huur\"><div class=\"vc_col-sm-12 wpb_column vc_column_container\"><div class=\"vc_column-inner\"><div class=\"wpb_wrapper\"><div class=\"wpb_text_column us_custom_27bf712a bluetitle\"><div class=\"wpb_wrapper\"><h4>Fabrica\u00e7\u00e3o com <em>energia 100% verde<\/em><\/h4>\n<\/div><\/div><div class=\"wpb_text_column us_custom_42827c34\"><div class=\"wpb_wrapper\"><p><span style=\"font-weight: 400;\">Na Napapiri, temos um compromisso com o meio ambiente, usando apenas <strong>energia ecol\u00f3gica<\/strong> certificada na fabrica\u00e7\u00e3o de nossas pistas de gelo. Essa abordagem minimiza nosso impacto ambiental e contribui para um futuro sustent\u00e1vel, ao mesmo tempo em que continuamos a fornecer produtos de alta qualidade. <\/span><\/p>\n<\/div><\/div><div class=\"w-image has_ratio align_none\"><div class=\"w-image-h\"><div style=\"padding-bottom:37.5%\"><\/div><img decoding=\"async\" width=\"1000\" height=\"667\" src=\"https:\/\/napapiri.com\/wp-content\/uploads\/2024\/08\/DUURZAAMHEID-Fabricage-met-100.jpg\" class=\"attachment-large size-large\" alt=\"\" loading=\"lazy\" title=\"\"><\/div><\/div><\/div><\/div><\/div><\/div><div class=\"w-separator size_medium\"><\/div><\/div><\/div><\/div><div class=\"vc_col-sm-6 wpb_column vc_column_container\"><div class=\"vc_column-inner\"><div class=\"wpb_wrapper\"><div class=\"g-cols wpb_row us_custom_ed8ec0df nosidepad us_animate_this via_flex valign_top type_default stacking_default\" id=\"huur\"><div class=\"vc_col-sm-12 wpb_column vc_column_container\"><div class=\"vc_column-inner\"><div class=\"wpb_wrapper\"><div class=\"wpb_text_column us_custom_27bf712a bluetitle\"><div class=\"wpb_wrapper\"><h4><em>Superf\u00edcie de gelo<\/em> totalmente <em>recicl\u00e1vel<\/em><\/h4>\n<\/div><\/div><div class=\"wpb_text_column us_custom_42827c34\"><div class=\"wpb_wrapper\"><p><span style=\"font-weight: 400;\">Nossos pisos de gelo de EPDM s\u00e3o totalmente <strong>recicl\u00e1veis<\/strong>, contribuindo para uma solu\u00e7\u00e3o sustent\u00e1vel e ecologicamente correta. Esses pisos s\u00e3o projetados com foco na reutiliza\u00e7\u00e3o, de modo que possam ser facilmente descartados ao final de sua vida \u00fatil, reduzindo o impacto sobre o meio ambiente. <\/span><\/p>\n<\/div><\/div><div class=\"w-image has_ratio align_none\"><div class=\"w-image-h\"><div style=\"padding-bottom:37.5%\"><\/div><img decoding=\"async\" width=\"1024\" height=\"768\" src=\"https:\/\/napapiri.com\/wp-content\/uploads\/2024\/08\/DUURZAAMHEID-Volledig-recycleerbare-ijsvloer-1024x768.jpg\" class=\"attachment-large size-large\" alt=\"\" loading=\"lazy\" title=\"\"><\/div><\/div><\/div><\/div><\/div><\/div><div class=\"w-separator size_medium\"><\/div><\/div><\/div><\/div><div class=\"vc_col-sm-6 wpb_column vc_column_container\"><div class=\"vc_column-inner\"><div class=\"wpb_wrapper\"><div class=\"g-cols wpb_row us_custom_33b7f840 nosidepad us_animate_this via_flex valign_top type_default stacking_default\" id=\"huur\"><div class=\"vc_col-sm-12 wpb_column vc_column_container\"><div class=\"vc_column-inner\"><div class=\"wpb_wrapper\"><div class=\"wpb_text_column us_custom_27bf712a bluetitle\"><div class=\"wpb_wrapper\"><h4>Cerca com <em>certifica\u00e7\u00e3o florestal<\/em><\/h4>\n<\/div><\/div><div class=\"wpb_text_column us_custom_42827c34\"><div class=\"wpb_wrapper\"><p><span style=\"font-weight: 400;\">Em nossas cercas, usamos somente madeira proveniente de \u00e1rvores colhidas de acordo com o manejo florestal sustent\u00e1vel, certificado pelo PEFC. Essa certifica\u00e7\u00e3o garante que a madeira \u00e9 proveniente de florestas bem gerenciadas que atendem a padr\u00f5es ambientais rigorosos. Ao escolhermos madeira certificada pelo PEFC, contribu\u00edmos para a conserva\u00e7\u00e3o das florestas e a prote\u00e7\u00e3o da biodiversidade e, ao mesmo tempo, fornecemos <strong>cercas sustent\u00e1veis<\/strong> e de alta qualidade.  <\/span><\/p>\n<\/div><\/div><div class=\"w-image has_ratio align_none\"><div class=\"w-image-h\"><div style=\"padding-bottom:37.5%\"><\/div><img decoding=\"async\" width=\"1024\" height=\"683\" src=\"https:\/\/napapiri.com\/wp-content\/uploads\/2024\/08\/DUURZAAMHEID-Omheining-met-boscertificering-1024x683.jpg\" class=\"attachment-large size-large\" alt=\"\" loading=\"lazy\" title=\"\"><\/div><\/div><\/div><\/div><\/div><\/div><div class=\"w-separator size_medium\"><\/div><\/div><\/div><\/div><div class=\"vc_col-sm-6 wpb_column vc_column_container\"><div class=\"vc_column-inner\"><div class=\"wpb_wrapper\"><div class=\"g-cols wpb_row us_custom_ed8ec0df nosidepad us_animate_this via_flex valign_top type_default stacking_default\" id=\"huur\"><div class=\"vc_col-sm-12 wpb_column vc_column_container\"><div class=\"vc_column-inner\"><div class=\"wpb_wrapper\"><div class=\"wpb_text_column us_custom_27bf712a bluetitle\"><div class=\"wpb_wrapper\"><h4>A mais recente <em>tecnologia de resfriamento<\/em><\/h4>\n<\/div><\/div><div class=\"wpb_text_column us_custom_42827c34\"><div class=\"wpb_wrapper\"><p><span style=\"font-weight: 400;\">Nossos<strong> chillers<\/strong> passam por uma evolu\u00e7\u00e3o cont\u00ednua e s\u00e3o atualizados anualmente de acordo com as mais recentes diretrizes de efici\u00eancia energ\u00e9tica sustent\u00e1vel. Essas melhorias cont\u00ednuas garantem que nossos sistemas n\u00e3o apenas atendam aos mais altos padr\u00f5es ambientais, mas tamb\u00e9m contribuam para uma redu\u00e7\u00e3o significativa no consumo de energia e nos custos operacionais.   <\/span><\/p>\n<\/div><\/div><div class=\"w-image has_ratio align_none\"><div class=\"w-image-h\"><div style=\"padding-bottom:37.5%\"><\/div><img decoding=\"async\" width=\"1024\" height=\"531\" src=\"https:\/\/napapiri.com\/wp-content\/uploads\/2024\/08\/DUURZAAMHEID-Nieuwste-koeltechnologie-1024x531.jpg\" class=\"attachment-large size-large\" alt=\"\" loading=\"lazy\" title=\"\"><\/div><\/div><\/div><\/div><\/div><\/div><div class=\"w-separator size_medium\"><\/div><\/div><\/div><\/div><div class=\"vc_col-sm-6 wpb_column vc_column_container\"><div class=\"vc_column-inner\"><div class=\"wpb_wrapper\"><div class=\"g-cols wpb_row us_custom_33b7f840 nosidepad us_animate_this via_flex valign_top type_default stacking_default\" id=\"huur\"><div class=\"vc_col-sm-12 wpb_column vc_column_container\"><div class=\"vc_column-inner\"><div class=\"wpb_wrapper\"><div class=\"wpb_text_column us_custom_27bf712a bluetitle\"><div class=\"wpb_wrapper\"><h4><em>Desempenho de resfriamento<\/em> excepcional<\/h4>\n<\/div><\/div><div class=\"wpb_text_column us_custom_42827c34\"><div class=\"wpb_wrapper\"><p><span style=\"font-weight: 400;\">Nossa superf\u00edcie de gelo \u00e9 equipada com um sistema avan\u00e7ado de tubos que oferece a transfer\u00eancia de energia mais eficiente do mundo, gra\u00e7as \u00e0 sua densidade excepcional. Esse design inovador minimiza a perda de energia e otimiza a manuten\u00e7\u00e3o, garantindo uma superf\u00edcie de gelo consistente e perfeita. A alta efici\u00eancia do nosso sistema mant\u00e9m os custos operacionais baixos e garante um excelente desempenho, mesmo em temperaturas em que outros sistemas falham e o gelo derreteria.  <\/span><\/p>\n<\/div><\/div><div class=\"w-image has_ratio align_none\"><div class=\"w-image-h\"><div style=\"padding-bottom:37.5%\"><\/div><img decoding=\"async\" width=\"1024\" height=\"765\" src=\"https:\/\/napapiri.com\/wp-content\/uploads\/2024\/08\/DUURZAAMHEID-Uitzonderlijke-koelprestaties-1024x765.jpg\" class=\"attachment-large size-large\" alt=\"\" loading=\"lazy\" title=\"\"><\/div><\/div><\/div><\/div><\/div><\/div><div class=\"w-separator size_medium\"><\/div><\/div><\/div><\/div><div class=\"vc_col-sm-6 wpb_column vc_column_container\"><div class=\"vc_column-inner\"><div class=\"wpb_wrapper\"><div class=\"g-cols wpb_row us_custom_ed8ec0df nosidepad us_animate_this via_flex valign_top type_default stacking_default\" id=\"huur\"><div class=\"vc_col-sm-12 wpb_column vc_column_container\"><div class=\"vc_column-inner\"><div class=\"wpb_wrapper\"><div class=\"wpb_text_column us_custom_27bf712a bluetitle\"><div class=\"wpb_wrapper\"><h4><em>Reciclagem<\/em> de \u00e1gua<\/h4>\n<\/div><\/div><div class=\"wpb_text_column us_custom_42827c34\"><div class=\"wpb_wrapper\"><p><span style=\"font-weight: 400;\">A recupera\u00e7\u00e3o de \u00e1gua ap\u00f3s o derretimento do gelo em nossas pistas de gelo \u00e9 uma op\u00e7\u00e3o ecologicamente correta que reduz o desperd\u00edcio de \u00e1gua. Essa reutiliza\u00e7\u00e3o contribui para o gerenciamento sustent\u00e1vel dos recursos naturais e minimiza o impacto ambiental. Ao coletar e reutilizar o gelo derretido, garantimos uma abordagem eficiente e respons\u00e1vel na manuten\u00e7\u00e3o de nossas pistas de gelo.  <\/span><\/p>\n<\/div><\/div><div class=\"w-image has_ratio align_none\"><div class=\"w-image-h\"><div style=\"padding-bottom:37.5%\"><\/div><img decoding=\"async\" width=\"1024\" height=\"400\" src=\"https:\/\/napapiri.com\/wp-content\/uploads\/2024\/08\/DUURZAAMHEID-Water-recyclage-1024x400.jpg\" class=\"attachment-large size-large\" alt=\"\" loading=\"lazy\" title=\"\"><\/div><\/div><\/div><\/div><\/div><\/div><div class=\"w-separator size_medium\"><\/div><\/div><\/div><\/div><\/div><\/div><\/section><section class=\"l-section wpb_row us_custom_19c26580 us_animate_this height_medium\"><div class=\"l-section-h i-cf\"><div class=\"g-cols vc_row via_flex valign_top type_default stacking_default\"><div class=\"vc_col-sm-12 wpb_column vc_column_container\"><div class=\"vc_column-inner\"><div class=\"wpb_wrapper\"><div class=\"w-hwrapper valign_middle wrap align_justify\"><div class=\"wpb_text_column us_custom_a7692a04 orangetitle has_text_color\"><div class=\"wpb_wrapper\"><h3>Nossa primeira promessa? Uma oferta <em>em 24 horas!<\/em> <\/h3>\n<\/div><\/div><div class=\"w-btn-wrapper align_none\"><a class=\"w-btn us-btn-style_3 us_custom_c097cd2b icon_atright\" href=\"https:\/\/napapiri.com\/contact\/\"><span class=\"w-btn-label\">Solicite uma cota\u00e7\u00e3o<\/span><i class=\"far fa-long-arrow-right\"><\/i><\/a><\/div><\/div><\/div><\/div><\/div><\/div><\/div><\/section>\n\n","protected":false},"excerpt":{"rendered":"Solu\u00e7\u00f5es ecologicamente corretas para pistas de gelo sustent\u00e1veis In\u00edcioP\u00e1ginasPistas de gelo com efici\u00eancia energ\u00e9tica e impacto ambiental reduzido Para n\u00f3s, a sustentabilidade est\u00e1 no centro do processo de fabrica\u00e7\u00e3o de pistas de gelo. Usamos materiais ecologicamente corretos e m\u00e9todos de produ\u00e7\u00e3o com efici\u00eancia energ\u00e9tica para minimizar nossa pegada de carbono. Nossas pistas de gelo s\u00e3o...","protected":false},"author":1,"featured_media":0,"parent":0,"menu_order":5,"comment_status":"closed","ping_status":"closed","template":"","meta":{"_acf_changed":false,"two_page_speed":[],"footnotes":""},"class_list":["post-4165","page","type-page","status-publish","hentry"],"acf":[],"_links":{"self":[{"href":"https:\/\/napapiri.com\/pt-br\/wp-json\/wp\/v2\/pages\/4165","targetHints":{"allow":["GET"]}}],"collection":[{"href":"https:\/\/napapiri.com\/pt-br\/wp-json\/wp\/v2\/pages"}],"about":[{"href":"https:\/\/napapiri.com\/pt-br\/wp-json\/wp\/v2\/types\/page"}],"author":[{"embeddable":true,"href":"https:\/\/napapiri.com\/pt-br\/wp-json\/wp\/v2\/users\/1"}],"replies":[{"embeddable":true,"href":"https:\/\/napapiri.com\/pt-br\/wp-json\/wp\/v2\/comments?post=4165"}],"version-history":[{"count":19,"href":"https:\/\/napapiri.com\/pt-br\/wp-json\/wp\/v2\/pages\/4165\/revisions"}],"predecessor-version":[{"id":6592,"href":"https:\/\/napapiri.com\/pt-br\/wp-json\/wp\/v2\/pages\/4165\/revisions\/6592"}],"wp:attachment":[{"href":"https:\/\/napapiri.com\/pt-br\/wp-json\/wp\/v2\/media?parent=4165"}],"curies":[{"name":"wp","href":"https:\/\/api.w.org\/{rel}","templated":true}]}}