{"id":3477,"date":"2024-05-16T07:38:30","date_gmt":"2024-05-16T06:38:30","guid":{"rendered":"https:\/\/napapiri.com\/pecas\/"},"modified":"2025-02-11T10:48:15","modified_gmt":"2025-02-11T09:48:15","slug":"pecas","status":"publish","type":"page","link":"https:\/\/napapiri.com\/pt-br\/produtos\/pecas\/","title":{"rendered":"Pe\u00e7as"},"content":{"rendered":"<section class=\"l-section wpb_row us_custom_d3c890bc us_animate_this height_large\"><div class=\"l-section-h i-cf\"><div class=\"g-cols vc_row via_flex valign_top type_default stacking_default\"><div class=\"vc_col-sm-12 wpb_column vc_column_container\"><div class=\"vc_column-inner\"><div class=\"wpb_wrapper\"><div class=\"wpb_text_column bluetitle\"><div class=\"wpb_wrapper\"><h1>Componentes essenciais da pista de gelo para<br \/>\n<em><strong>condi\u00e7\u00f5es ideais de gelo<\/strong><\/em><\/h1>\n<\/div><\/div><div class=\"w-btn-wrapper align_none hide_on_mobiles\"><a class=\"w-btn us-btn-style_4 vertslidebut text_none icon_atright\" href=\"#down\" aria-label=\"Button\"><i class=\"far fa-long-arrow-down\"><\/i><\/a><\/div><\/div><\/div><\/div><\/div><\/div><\/section><section class=\"l-section wpb_row us_custom_50abe1ca us_animate_this height_auto\"><div class=\"l-section-h i-cf\"><div class=\"g-cols vc_row via_flex valign_top type_default stacking_default\"><div class=\"vc_col-sm-12 wpb_column vc_column_container\"><div class=\"vc_column-inner\"><div class=\"wpb_wrapper\"><\/div><\/div><\/div><\/div><\/div><\/section><section class=\"l-section wpb_row us_custom_bf48def1 us_animate_this height_auto\"><div class=\"l-section-h i-cf\"><div class=\"g-cols vc_row via_flex valign_top type_default stacking_default\"><div class=\"vc_col-sm-12 wpb_column vc_column_container\"><div class=\"vc_column-inner\"><div class=\"wpb_wrapper\"><nav class=\"g-breadcrumbs us_custom_f9e185d2 has_text_color separator_icon align_none\" itemscope itemtype=\"http:\/\/schema.org\/BreadcrumbList\"><div class=\"g-breadcrumbs-item\" itemscope itemprop=\"itemListElement\" itemtype=\"http:\/\/schema.org\/ListItem\"><a itemprop=\"item\" href=\"https:\/\/napapiri.com\/pt-br\/\"><span itemprop=\"name\">In\u00edcio<\/span><\/a><meta itemprop=\"position\" content=\"1\"\/><\/div><div class=\"g-breadcrumbs-separator\"><i class=\"far fa-angle-right\"><\/i><\/div><div class=\"g-breadcrumbs-item\">P\u00e1ginas<\/div><\/nav><\/div><\/div><\/div><\/div><\/div><\/section><section class=\"l-section wpb_row us_custom_70f65456 us_animate_this height_huge\" id=\"down\"><div class=\"l-section-h i-cf\"><div class=\"g-cols vc_row via_flex valign_top type_default stacking_default\"><div class=\"vc_col-sm-12 wpb_column vc_column_container\"><div class=\"vc_column-inner\"><div class=\"wpb_wrapper\"><div class=\"wpb_text_column orangetitle\"><div class=\"wpb_wrapper\"><h2>Experimente nossa qualidade superior em todos os aspectos<br \/>\n<strong><em>de nossos produtos e servi\u00e7os para pistas de gelo<br \/>\n<\/em><\/strong><\/h2>\n<\/div><\/div><div class=\"w-separator size_small\"><\/div><div class=\"g-cols wpb_row via_flex valign_top type_default stacking_default\"><div class=\"vc_col-sm-6 wpb_column vc_column_container\"><div class=\"vc_column-inner\"><div class=\"wpb_wrapper\"><div class=\"wpb_text_column\"><div class=\"wpb_wrapper\"><p><span style=\"font-weight: 400;\">Na Napapiri, nos distinguimos por nossa experi\u00eancia como <strong>fabricantes<\/strong> especializados <strong>de pistas de gelo<\/strong> e dos componentes associados essenciais para criar condi\u00e7\u00f5es perfeitas de gelo. Cada produto \u00e9 desenvolvido e fabricado com extrema precis\u00e3o e experi\u00eancia, resultando em pistas de gelo de qualidade inigual\u00e1vel. Se voc\u00ea estiver procurando por <strong>pisos de gelo<\/strong>, resfriadores, gabinetes ou outros acess\u00f3rios, oferecemos solu\u00e7\u00f5es inovadoras que atendem perfeitamente \u00e0s necessidades exclusivas de nossos clientes.  <\/span><\/p>\n<\/div><\/div><\/div><\/div><\/div><div class=\"vc_col-sm-6 wpb_column vc_column_container\"><div class=\"vc_column-inner us_custom_eb849559\"><div class=\"wpb_wrapper\"><div class=\"w-btn-wrapper align_none\"><a class=\"w-btn us-btn-style_1 us_custom_eb849559 icon_atright\" href=\"https:\/\/napapiri.com\/pt-br\/contato\/\"><span class=\"w-btn-label\">Solicite uma cota\u00e7\u00e3o<\/span><i class=\"fal fa-long-arrow-right\"><\/i><\/a><\/div><\/div><\/div><\/div><\/div><\/div><\/div><\/div><\/div><\/div><\/section><section class=\"l-section wpb_row us_custom_60e9caca us_animate_this height_auto\"><div class=\"l-section-h i-cf\"><div class=\"g-cols vc_row via_flex valign_top type_default stacking_default\"><div class=\"vc_col-sm-12 wpb_column vc_column_container\"><div class=\"vc_column-inner\"><div class=\"wpb_wrapper\"><div class=\"w-grid us_grid type_grid layout_324 pagegrid cols_1 preload_style_spinner\" id=\"us_grid_1\" style=\"--columns:1;--gap:2.5rem;\" data-filterable=\"true\"><style>.layout_324 .w-grid-item-h{}.layout_324 .usg_post_custom_field_1{padding:50px 50px 25px 50px!important}.layout_324 .usg_post_custom_field_2{padding:25px 50px 30px 50px!important}<\/style><div class=\"w-grid-list\">\t<article class=\"w-grid-item size_1x1 post-4007 product type-product status-publish has-post-thumbnail hentry product-type-onderdelen\" data-id=\"4007\">\r\n\t\t<div class=\"w-grid-item-h\">\r\n\t\t\t\t\t\t<div class=\"w-hwrapper usg_hwrapper_1 align_none valign_top\" style=\"--hwrapper-gap:0rem\"><div class=\"w-vwrapper usg_vwrapper_1 align_none valign_top\"><div class=\"w-post-elm post_custom_field usg_post_custom_field_1 bluetitle type_text titel_met_kleur color_link_inherit\"><span class=\"w-post-elm-value\"><\/span><\/div><div class=\"w-post-elm post_custom_field usg_post_custom_field_2 type_text korte_inhoud_kopie color_link_inherit\"><span class=\"w-post-elm-value\"><\/span><\/div><\/div><div class=\"w-post-elm post_image usg_post_image_2 stretched\"><a href=\"https:\/\/napapiri.com\/pt-br\/product\/resfriamento-chiller\/\" aria-label=\"Resfriamento CHILLER\"><img loading=\"lazy\" decoding=\"async\" width=\"1024\" height=\"768\" src=\"https:\/\/napapiri.com\/wp-content\/uploads\/2024\/06\/ONDERDELEN-Cooling-Chiller-1024x768.jpg\" class=\"attachment-large size-large wp-post-image\" alt=\"\" srcset=\"https:\/\/napapiri.com\/wp-content\/uploads\/2024\/06\/ONDERDELEN-Cooling-Chiller-1024x768.jpg 1024w, https:\/\/napapiri.com\/wp-content\/uploads\/2024\/06\/ONDERDELEN-Cooling-Chiller-300x225.jpg 300w, https:\/\/napapiri.com\/wp-content\/uploads\/2024\/06\/ONDERDELEN-Cooling-Chiller.jpg 2000w\" sizes=\"auto, (max-width: 1024px) 100vw, 1024px\" title=\"\"><\/a><\/div><div class=\"w-text usg_text_1 icon_atright\"><a href=\"https:\/\/napapiri.com\/pt-br\/product\/resfriamento-chiller\/\" class=\"w-text-h\"><span class=\"w-text-value\">test<\/span><i class=\"far fa-long-arrow-right\"><\/i><\/a><\/div><\/div>\t\t<\/div>\r\n\t\t\t<\/article>\r\n\t<article class=\"w-grid-item size_1x1 post-4037 product type-product status-publish has-post-thumbnail hentry product-type-onderdelen\" data-id=\"4037\">\r\n\t\t<div class=\"w-grid-item-h\">\r\n\t\t\t\t\t\t<div class=\"w-hwrapper usg_hwrapper_1 align_none valign_top\" style=\"--hwrapper-gap:0rem\"><div class=\"w-vwrapper usg_vwrapper_1 align_none valign_top\"><div class=\"w-post-elm post_custom_field usg_post_custom_field_1 bluetitle type_text titel_met_kleur color_link_inherit\"><span class=\"w-post-elm-value\"><\/span><\/div><div class=\"w-post-elm post_custom_field usg_post_custom_field_2 type_text korte_inhoud_kopie color_link_inherit\"><span class=\"w-post-elm-value\"><\/span><\/div><\/div><div class=\"w-post-elm post_image usg_post_image_2 stretched\"><a href=\"https:\/\/napapiri.com\/pt-br\/product\/cerca-profissional-de-hoquei\/\" aria-label=\"Cerca profissional de h\u00f3quei\"><img loading=\"lazy\" decoding=\"async\" width=\"1024\" height=\"575\" src=\"https:\/\/napapiri.com\/wp-content\/uploads\/2024\/06\/ONDERDELEN-Profesionele-Hockey-Fence-1024x575.jpg\" class=\"attachment-large size-large wp-post-image\" alt=\"\" srcset=\"https:\/\/napapiri.com\/wp-content\/uploads\/2024\/06\/ONDERDELEN-Profesionele-Hockey-Fence-1024x575.jpg 1024w, https:\/\/napapiri.com\/wp-content\/uploads\/2024\/06\/ONDERDELEN-Profesionele-Hockey-Fence-300x169.jpg 300w, https:\/\/napapiri.com\/wp-content\/uploads\/2024\/06\/ONDERDELEN-Profesionele-Hockey-Fence.jpg 2000w\" sizes=\"auto, (max-width: 1024px) 100vw, 1024px\" title=\"\"><\/a><\/div><div class=\"w-text usg_text_1 icon_atright\"><a href=\"https:\/\/napapiri.com\/pt-br\/product\/cerca-profissional-de-hoquei\/\" class=\"w-text-h\"><span class=\"w-text-value\">test<\/span><i class=\"far fa-long-arrow-right\"><\/i><\/a><\/div><\/div>\t\t<\/div>\r\n\t\t\t<\/article>\r\n\t<article class=\"w-grid-item size_1x1 post-4040 product type-product status-publish has-post-thumbnail hentry product-type-onderdelen\" data-id=\"4040\">\r\n\t\t<div class=\"w-grid-item-h\">\r\n\t\t\t\t\t\t<div class=\"w-hwrapper usg_hwrapper_1 align_none valign_top\" style=\"--hwrapper-gap:0rem\"><div class=\"w-vwrapper usg_vwrapper_1 align_none valign_top\"><div class=\"w-post-elm post_custom_field usg_post_custom_field_1 bluetitle type_text titel_met_kleur color_link_inherit\"><span class=\"w-post-elm-value\"><\/span><\/div><div class=\"w-post-elm post_custom_field usg_post_custom_field_2 type_text korte_inhoud_kopie color_link_inherit\"><span class=\"w-post-elm-value\"><\/span><\/div><\/div><div class=\"w-post-elm post_image usg_post_image_2 stretched\"><a href=\"https:\/\/napapiri.com\/pt-br\/product\/fun-fence-robusto\/\" aria-label=\"FUN FENCE robusto\"><img loading=\"lazy\" decoding=\"async\" width=\"1024\" height=\"416\" src=\"https:\/\/napapiri.com\/wp-content\/uploads\/2024\/06\/ONDERDELEN-Robuuste-Fun-Fence-1024x416.jpg\" class=\"attachment-large size-large wp-post-image\" alt=\"\" srcset=\"https:\/\/napapiri.com\/wp-content\/uploads\/2024\/06\/ONDERDELEN-Robuuste-Fun-Fence-1024x416.jpg 1024w, https:\/\/napapiri.com\/wp-content\/uploads\/2024\/06\/ONDERDELEN-Robuuste-Fun-Fence-300x122.jpg 300w, https:\/\/napapiri.com\/wp-content\/uploads\/2024\/06\/ONDERDELEN-Robuuste-Fun-Fence.jpg 2000w\" sizes=\"auto, (max-width: 1024px) 100vw, 1024px\" title=\"\"><\/a><\/div><div class=\"w-text usg_text_1 icon_atright\"><a href=\"https:\/\/napapiri.com\/pt-br\/product\/fun-fence-robusto\/\" class=\"w-text-h\"><span class=\"w-text-value\">test<\/span><i class=\"far fa-long-arrow-right\"><\/i><\/a><\/div><\/div>\t\t<\/div>\r\n\t\t\t<\/article>\r\n\t<article class=\"w-grid-item size_1x1 post-4055 product type-product status-publish has-post-thumbnail hentry product-type-onderdelen\" data-id=\"4055\">\r\n\t\t<div class=\"w-grid-item-h\">\r\n\t\t\t\t\t\t<div class=\"w-hwrapper usg_hwrapper_1 align_none valign_top\" style=\"--hwrapper-gap:0rem\"><div class=\"w-vwrapper usg_vwrapper_1 align_none valign_top\"><div class=\"w-post-elm post_custom_field usg_post_custom_field_1 bluetitle type_text titel_met_kleur color_link_inherit\"><span class=\"w-post-elm-value\"><\/span><\/div><div class=\"w-post-elm post_custom_field usg_post_custom_field_2 type_text korte_inhoud_kopie color_link_inherit\"><span class=\"w-post-elm-value\"><\/span><\/div><\/div><div class=\"w-post-elm post_image usg_post_image_2 stretched\"><a href=\"https:\/\/napapiri.com\/pt-br\/product\/premium-icebox\/\" aria-label=\"Premium ICEBOX\"><img loading=\"lazy\" decoding=\"async\" width=\"1024\" height=\"768\" src=\"https:\/\/napapiri.com\/wp-content\/uploads\/2024\/06\/ONDERDELEN-Premium-ICEBOX-1024x768.jpg\" class=\"attachment-large size-large wp-post-image\" alt=\"\" srcset=\"https:\/\/napapiri.com\/wp-content\/uploads\/2024\/06\/ONDERDELEN-Premium-ICEBOX-1024x768.jpg 1024w, https:\/\/napapiri.com\/wp-content\/uploads\/2024\/06\/ONDERDELEN-Premium-ICEBOX-300x225.jpg 300w, https:\/\/napapiri.com\/wp-content\/uploads\/2024\/06\/ONDERDELEN-Premium-ICEBOX.jpg 2000w\" sizes=\"auto, (max-width: 1024px) 100vw, 1024px\" title=\"\"><\/a><\/div><div class=\"w-text usg_text_1 icon_atright\"><a href=\"https:\/\/napapiri.com\/pt-br\/product\/premium-icebox\/\" class=\"w-text-h\"><span class=\"w-text-value\">test<\/span><i class=\"far fa-long-arrow-right\"><\/i><\/a><\/div><\/div>\t\t<\/div>\r\n\t\t\t<\/article>\r\n<\/div>\t<div class=\"w-grid-preloader\">\r\n\t\t<div class=\"g-preloader type_1\">\r\n\t\t\t<div><\/div>\r\n\t\t<\/div>\r\n\t<\/div>\r\n\t\t<div class=\"w-grid-json hidden\" onclick='return {&quot;action&quot;:&quot;us_ajax_grid&quot;,&quot;infinite_scroll&quot;:0,&quot;max_num_pages&quot;:1,&quot;pagination&quot;:&quot;none&quot;,&quot;template_vars&quot;:{&quot;columns&quot;:&quot;1&quot;,&quot;exclude_items&quot;:&quot;none&quot;,&quot;img_size&quot;:&quot;default&quot;,&quot;ignore_items_size&quot;:0,&quot;items_layout&quot;:&quot;324&quot;,&quot;items_offset&quot;:&quot;1&quot;,&quot;load_animation&quot;:&quot;none&quot;,&quot;overriding_link&quot;:&quot;%7B%22url%22%3A%22%22%7D&quot;,&quot;post_id&quot;:0,&quot;query_args&quot;:{&quot;post_type&quot;:[&quot;product&quot;],&quot;tax_query&quot;:[{&quot;taxonomy&quot;:&quot;product-type&quot;,&quot;field&quot;:&quot;slug&quot;,&quot;terms&quot;:[&quot;onderdelen&quot;]}],&quot;post_status&quot;:[&quot;publish&quot;,&quot;acf-disabled&quot;],&quot;posts_per_page&quot;:&quot;50&quot;},&quot;orderby_query_args&quot;:{&quot;orderby&quot;:{&quot;post__in&quot;:&quot;ASC&quot;},&quot;order&quot;:&quot;ASC&quot;},&quot;type&quot;:&quot;grid&quot;,&quot;us_grid_post_type&quot;:&quot;product&quot;,&quot;us_grid_ajax_index&quot;:1,&quot;us_grid_filter_query_string&quot;:null,&quot;us_grid_index&quot;:1,&quot;page_args&quot;:[],&quot;lang&quot;:&quot;pt-br&quot;}}'><\/div>\r\n\t<\/div><div class=\"w-separator size_large\"><\/div><\/div><\/div><\/div><\/div><\/div><\/section><section class=\"l-section wpb_row us_custom_19c26580 us_animate_this height_medium\"><div class=\"l-section-h i-cf\"><div class=\"g-cols vc_row via_flex valign_top type_default stacking_default\"><div class=\"vc_col-sm-12 wpb_column vc_column_container\"><div class=\"vc_column-inner\"><div class=\"wpb_wrapper\"><div class=\"w-hwrapper valign_middle wrap align_justify\"><div class=\"wpb_text_column us_custom_a7692a04 orangetitle has_text_color\"><div class=\"wpb_wrapper\"><h3>Nossa primeira promessa? Uma oferta <em>em 24 horas!<\/em> <\/h3>\n<\/div><\/div><div class=\"w-btn-wrapper align_none\"><a class=\"w-btn us-btn-style_3 us_custom_c097cd2b icon_atright\" href=\"https:\/\/napapiri.com\/contact\/\"><span class=\"w-btn-label\">Solicite uma cota\u00e7\u00e3o<\/span><i class=\"far fa-long-arrow-right\"><\/i><\/a><\/div><\/div><\/div><\/div><\/div><\/div><\/div><\/section>\n\n","protected":false},"excerpt":{"rendered":"","protected":false},"author":1,"featured_media":1598,"parent":3575,"menu_order":0,"comment_status":"closed","ping_status":"closed","template":"","meta":{"_acf_changed":false,"two_page_speed":[],"footnotes":""},"class_list":["post-3477","page","type-page","status-publish","has-post-thumbnail","hentry"],"acf":[],"_links":{"self":[{"href":"https:\/\/napapiri.com\/pt-br\/wp-json\/wp\/v2\/pages\/3477","targetHints":{"allow":["GET"]}}],"collection":[{"href":"https:\/\/napapiri.com\/pt-br\/wp-json\/wp\/v2\/pages"}],"about":[{"href":"https:\/\/napapiri.com\/pt-br\/wp-json\/wp\/v2\/types\/page"}],"author":[{"embeddable":true,"href":"https:\/\/napapiri.com\/pt-br\/wp-json\/wp\/v2\/users\/1"}],"replies":[{"embeddable":true,"href":"https:\/\/napapiri.com\/pt-br\/wp-json\/wp\/v2\/comments?post=3477"}],"version-history":[{"count":30,"href":"https:\/\/napapiri.com\/pt-br\/wp-json\/wp\/v2\/pages\/3477\/revisions"}],"predecessor-version":[{"id":6444,"href":"https:\/\/napapiri.com\/pt-br\/wp-json\/wp\/v2\/pages\/3477\/revisions\/6444"}],"up":[{"embeddable":true,"href":"https:\/\/napapiri.com\/pt-br\/wp-json\/wp\/v2\/pages\/3575"}],"wp:featuredmedia":[{"embeddable":true,"href":"https:\/\/napapiri.com\/pt-br\/wp-json\/wp\/v2\/media\/1598"}],"wp:attachment":[{"href":"https:\/\/napapiri.com\/pt-br\/wp-json\/wp\/v2\/media?parent=3477"}],"curies":[{"name":"wp","href":"https:\/\/api.w.org\/{rel}","templated":true}]}}