{"id":3439,"date":"2024-05-16T07:38:31","date_gmt":"2024-05-16T06:38:31","guid":{"rendered":"https:\/\/napapiri.com\/acessorios\/"},"modified":"2025-02-11T10:49:49","modified_gmt":"2025-02-11T09:49:49","slug":"acessorios","status":"publish","type":"page","link":"https:\/\/napapiri.com\/pt-br\/produtos\/acessorios\/","title":{"rendered":"Acess\u00f3rios"},"content":{"rendered":"<section class=\"l-section wpb_row us_custom_d3c890bc us_animate_this height_large\"><div class=\"l-section-h i-cf\"><div class=\"g-cols vc_row via_flex valign_top type_default stacking_default\"><div class=\"vc_col-sm-12 wpb_column vc_column_container\"><div class=\"vc_column-inner\"><div class=\"wpb_wrapper\"><div class=\"wpb_text_column bluetitle\"><div class=\"wpb_wrapper\"><h1>Ampla gama de acess\u00f3rios de alta qualidade para pistas de gelo<br \/>\n<em><strong>para que as pistas de gelo funcionem perfeitamente<\/strong><\/em><\/h1>\n<\/div><\/div><div class=\"w-btn-wrapper align_none hide_on_mobiles\"><a class=\"w-btn us-btn-style_4 vertslidebut text_none icon_atright\" href=\"#down\" aria-label=\"Button\"><i class=\"far fa-long-arrow-down\"><\/i><\/a><\/div><\/div><\/div><\/div><\/div><\/div><\/section><section class=\"l-section wpb_row us_custom_50abe1ca us_animate_this height_auto with_video\"><div id=\"us_bg_video_ha1f\" class=\"l-section-video\"><script id=\"us_bg_video_ha1f-script\">!function(w){var node = document.getElementById( 'us_bg_video_ha1f' );if ( w.innerWidth <= 600 ) { node.remove() }}(window);<\/script><style>@media(max-width:600px){#us_bg_video_ha1f{display:none!important}}<\/style><video  autoplay loop muted playsinline preload=\"auto\" tabindex=\"-1\"><source type=\"video\/mp4\" src=\"\/wp-content\/uploads\/2024\/08\/ACCESORIOS-Video-bovenaan.mp4\" \/><\/video><\/div><div class=\"l-section-h i-cf\"><div class=\"g-cols vc_row via_flex valign_top type_default stacking_default\"><div class=\"vc_col-sm-12 wpb_column vc_column_container\"><div class=\"vc_column-inner\"><div class=\"wpb_wrapper\"><\/div><\/div><\/div><\/div><\/div><\/section><section class=\"l-section wpb_row us_custom_bf48def1 us_animate_this height_auto\"><div class=\"l-section-h i-cf\"><div class=\"g-cols vc_row via_flex valign_top type_default stacking_default\"><div class=\"vc_col-sm-12 wpb_column vc_column_container\"><div class=\"vc_column-inner\"><div class=\"wpb_wrapper\"><nav class=\"g-breadcrumbs us_custom_f9e185d2 has_text_color separator_icon align_none\" itemscope itemtype=\"http:\/\/schema.org\/BreadcrumbList\"><div class=\"g-breadcrumbs-item\" itemscope itemprop=\"itemListElement\" itemtype=\"http:\/\/schema.org\/ListItem\"><a itemprop=\"item\" href=\"https:\/\/napapiri.com\/pt-br\/\"><span itemprop=\"name\">In\u00edcio<\/span><\/a><meta itemprop=\"position\" content=\"1\"\/><\/div><div class=\"g-breadcrumbs-separator\"><i class=\"far fa-angle-right\"><\/i><\/div><div class=\"g-breadcrumbs-item\">P\u00e1ginas<\/div><\/nav><\/div><\/div><\/div><\/div><\/div><\/section><section class=\"l-section wpb_row us_custom_70f65456 us_animate_this height_huge\" id=\"down\"><div class=\"l-section-h i-cf\"><div class=\"g-cols vc_row via_flex valign_top type_default stacking_default\"><div class=\"vc_col-sm-12 wpb_column vc_column_container\"><div class=\"vc_column-inner\"><div class=\"wpb_wrapper\"><div class=\"wpb_text_column orangetitle\"><div class=\"wpb_wrapper\"><h2>Acess\u00f3rios essenciais<br \/>\n<strong><em>para voc\u00ea ter a melhor experi\u00eancia na pista de patina\u00e7\u00e3o no gelo<br \/>\n<\/em><\/strong><\/h2>\n<\/div><\/div><div class=\"w-separator size_small\"><\/div><div class=\"g-cols wpb_row via_flex valign_top type_default stacking_default\"><div class=\"vc_col-sm-6 wpb_column vc_column_container\"><div class=\"vc_column-inner\"><div class=\"wpb_wrapper\"><div class=\"wpb_text_column\"><div class=\"wpb_wrapper\"><p><span style=\"font-weight: 400;\">Oferecemos uma ampla sele\u00e7\u00e3o de acess\u00f3rios que se adaptam perfeitamente \u00e0s nossas pistas de gelo premium. De <strong>patins<\/strong> a <strong>moedores<\/strong>, todos os nossos produtos est\u00e3o sempre dispon\u00edveis e s\u00e3o de alta qualidade, garantindo que sua pista de gelo tenha o melhor desempenho e que seus visitantes tenham uma excelente experi\u00eancia. <\/span><\/p>\n<\/div><\/div><\/div><\/div><\/div><div class=\"vc_col-sm-6 wpb_column vc_column_container\"><div class=\"vc_column-inner us_custom_eb849559\"><div class=\"wpb_wrapper\"><div class=\"w-btn-wrapper align_none\"><a class=\"w-btn us-btn-style_1 icon_atright\" href=\"https:\/\/napapiri.com\/pt-br\/contato\/\"><span class=\"w-btn-label\">Solicite uma cota\u00e7\u00e3o<\/span><i class=\"fal fa-long-arrow-right\"><\/i><\/a><\/div><\/div><\/div><\/div><\/div><\/div><\/div><\/div><\/div><\/div><\/section><section class=\"l-section wpb_row us_custom_60e9caca us_animate_this height_auto\"><div class=\"l-section-h i-cf\"><div class=\"g-cols vc_row via_flex valign_top type_default stacking_default\"><div class=\"vc_col-sm-12 wpb_column vc_column_container\"><div class=\"vc_column-inner\"><div class=\"wpb_wrapper\"><div class=\"w-grid us_grid type_grid layout_324 pagegrid cols_1 preload_style_spinner\" id=\"us_grid_1\" style=\"--columns:1;--gap:2.5rem;\" data-filterable=\"true\"><style>.layout_324 .w-grid-item-h{}.layout_324 .usg_post_custom_field_1{padding:50px 50px 25px 50px!important}.layout_324 .usg_post_custom_field_2{padding:25px 50px 30px 50px!important}<\/style><div class=\"w-grid-list\">\t<article class=\"w-grid-item size_1x1 post-3992 product type-product status-publish has-post-thumbnail hentry product-type-accessoires\" data-id=\"3992\">\r\n\t\t<div class=\"w-grid-item-h\">\r\n\t\t\t\t\t\t<div class=\"w-hwrapper usg_hwrapper_1 align_none valign_top\" style=\"--hwrapper-gap:0rem\"><div class=\"w-vwrapper usg_vwrapper_1 align_none valign_top\"><div class=\"w-post-elm post_custom_field usg_post_custom_field_1 bluetitle type_text titel_met_kleur color_link_inherit\"><span class=\"w-post-elm-value\"><\/span><\/div><div class=\"w-post-elm post_custom_field usg_post_custom_field_2 type_text korte_inhoud_kopie color_link_inherit\"><span class=\"w-post-elm-value\"><\/span><\/div><\/div><div class=\"w-post-elm post_image usg_post_image_2 stretched\"><a href=\"https:\/\/napapiri.com\/pt-br\/product\/maquinas-de-sorvete\/\" aria-label=\"M\u00e1quinas de sorvete\"><img loading=\"lazy\" decoding=\"async\" width=\"1024\" height=\"682\" src=\"https:\/\/napapiri.com\/wp-content\/uploads\/2024\/08\/ACCESORIOS-Ijsruimers-1024x682.jpg\" class=\"attachment-large size-large wp-post-image\" alt=\"\" srcset=\"https:\/\/napapiri.com\/wp-content\/uploads\/2024\/08\/ACCESORIOS-Ijsruimers-1024x682.jpg 1024w, https:\/\/napapiri.com\/wp-content\/uploads\/2024\/08\/ACCESORIOS-Ijsruimers-300x200.jpg 300w, https:\/\/napapiri.com\/wp-content\/uploads\/2024\/08\/ACCESORIOS-Ijsruimers.jpg 2000w\" sizes=\"auto, (max-width: 1024px) 100vw, 1024px\" title=\"\"><\/a><\/div><div class=\"w-text usg_text_1 icon_atright\"><a href=\"https:\/\/napapiri.com\/pt-br\/product\/maquinas-de-sorvete\/\" class=\"w-text-h\"><span class=\"w-text-value\">test<\/span><i class=\"far fa-long-arrow-right\"><\/i><\/a><\/div><\/div>\t\t<\/div>\r\n\t\t\t<\/article>\r\n\t<article class=\"w-grid-item size_1x1 post-4010 product type-product status-publish has-post-thumbnail hentry product-type-accessoires\" data-id=\"4010\">\r\n\t\t<div class=\"w-grid-item-h\">\r\n\t\t\t\t\t\t<div class=\"w-hwrapper usg_hwrapper_1 align_none valign_top\" style=\"--hwrapper-gap:0rem\"><div class=\"w-vwrapper usg_vwrapper_1 align_none valign_top\"><div class=\"w-post-elm post_custom_field usg_post_custom_field_1 bluetitle type_text titel_met_kleur color_link_inherit\"><span class=\"w-post-elm-value\"><\/span><\/div><div class=\"w-post-elm post_custom_field usg_post_custom_field_2 type_text korte_inhoud_kopie color_link_inherit\"><span class=\"w-post-elm-value\"><\/span><\/div><\/div><div class=\"w-post-elm post_image usg_post_image_2 stretched\"><a href=\"https:\/\/napapiri.com\/pt-br\/product\/moedor-de-skate\/\" aria-label=\"Moedor de skate\"><img loading=\"lazy\" decoding=\"async\" width=\"1024\" height=\"768\" src=\"https:\/\/napapiri.com\/wp-content\/uploads\/2024\/06\/ACCESOIRES-Schaatsslijpmachine-1024x768.jpg\" class=\"attachment-large size-large wp-post-image\" alt=\"\" srcset=\"https:\/\/napapiri.com\/wp-content\/uploads\/2024\/06\/ACCESOIRES-Schaatsslijpmachine-1024x768.jpg 1024w, https:\/\/napapiri.com\/wp-content\/uploads\/2024\/06\/ACCESOIRES-Schaatsslijpmachine-300x225.jpg 300w, https:\/\/napapiri.com\/wp-content\/uploads\/2024\/06\/ACCESOIRES-Schaatsslijpmachine.jpg 2000w\" sizes=\"auto, (max-width: 1024px) 100vw, 1024px\" title=\"\"><\/a><\/div><div class=\"w-text usg_text_1 icon_atright\"><a href=\"https:\/\/napapiri.com\/pt-br\/product\/moedor-de-skate\/\" class=\"w-text-h\"><span class=\"w-text-value\">test<\/span><i class=\"far fa-long-arrow-right\"><\/i><\/a><\/div><\/div>\t\t<\/div>\r\n\t\t\t<\/article>\r\n\t<article class=\"w-grid-item size_1x1 post-4014 product type-product status-publish has-post-thumbnail hentry product-type-accessoires\" data-id=\"4014\">\r\n\t\t<div class=\"w-grid-item-h\">\r\n\t\t\t\t\t\t<div class=\"w-hwrapper usg_hwrapper_1 align_none valign_top\" style=\"--hwrapper-gap:0rem\"><div class=\"w-vwrapper usg_vwrapper_1 align_none valign_top\"><div class=\"w-post-elm post_custom_field usg_post_custom_field_1 bluetitle type_text titel_met_kleur color_link_inherit\"><span class=\"w-post-elm-value\"><\/span><\/div><div class=\"w-post-elm post_custom_field usg_post_custom_field_2 type_text korte_inhoud_kopie color_link_inherit\"><span class=\"w-post-elm-value\"><\/span><\/div><\/div><div class=\"w-post-elm post_image usg_post_image_2 stretched\"><a href=\"https:\/\/napapiri.com\/pt-br\/product\/pas-de-neve\/\" aria-label=\"P\u00e1s de neve\"><img loading=\"lazy\" decoding=\"async\" width=\"1024\" height=\"681\" src=\"https:\/\/napapiri.com\/wp-content\/uploads\/2024\/06\/ACCESOIRES-Sneeuwshoppen-1024x681.jpg\" class=\"attachment-large size-large wp-post-image\" alt=\"\" srcset=\"https:\/\/napapiri.com\/wp-content\/uploads\/2024\/06\/ACCESOIRES-Sneeuwshoppen-1024x681.jpg 1024w, https:\/\/napapiri.com\/wp-content\/uploads\/2024\/06\/ACCESOIRES-Sneeuwshoppen-300x200.jpg 300w, https:\/\/napapiri.com\/wp-content\/uploads\/2024\/06\/ACCESOIRES-Sneeuwshoppen.jpg 2000w\" sizes=\"auto, (max-width: 1024px) 100vw, 1024px\" title=\"\"><\/a><\/div><div class=\"w-text usg_text_1 icon_atright\"><a href=\"https:\/\/napapiri.com\/pt-br\/product\/pas-de-neve\/\" class=\"w-text-h\"><span class=\"w-text-value\">test<\/span><i class=\"far fa-long-arrow-right\"><\/i><\/a><\/div><\/div>\t\t<\/div>\r\n\t\t\t<\/article>\r\n\t<article class=\"w-grid-item size_1x1 post-4018 product type-product status-publish has-post-thumbnail hentry product-type-accessoires\" data-id=\"4018\">\r\n\t\t<div class=\"w-grid-item-h\">\r\n\t\t\t\t\t\t<div class=\"w-hwrapper usg_hwrapper_1 align_none valign_top\" style=\"--hwrapper-gap:0rem\"><div class=\"w-vwrapper usg_vwrapper_1 align_none valign_top\"><div class=\"w-post-elm post_custom_field usg_post_custom_field_1 bluetitle type_text titel_met_kleur color_link_inherit\"><span class=\"w-post-elm-value\"><\/span><\/div><div class=\"w-post-elm post_custom_field usg_post_custom_field_2 type_text korte_inhoud_kopie color_link_inherit\"><span class=\"w-post-elm-value\"><\/span><\/div><\/div><div class=\"w-post-elm post_image usg_post_image_2 stretched\"><a href=\"https:\/\/napapiri.com\/pt-br\/product\/auxiliares-de-patinacao\/\" aria-label=\"Auxiliares de patina\u00e7\u00e3o\"><img loading=\"lazy\" decoding=\"async\" width=\"1024\" height=\"682\" src=\"https:\/\/napapiri.com\/wp-content\/uploads\/2024\/06\/ACCESORIOS-Skating-aids-1024x682.jpg\" class=\"attachment-large size-large wp-post-image\" alt=\"\" srcset=\"https:\/\/napapiri.com\/wp-content\/uploads\/2024\/06\/ACCESORIOS-Skating-aids-1024x682.jpg 1024w, https:\/\/napapiri.com\/wp-content\/uploads\/2024\/06\/ACCESORIOS-Skating-aids-300x200.jpg 300w, https:\/\/napapiri.com\/wp-content\/uploads\/2024\/06\/ACCESORIOS-Skating-aids.jpg 2000w\" sizes=\"auto, (max-width: 1024px) 100vw, 1024px\" title=\"\"><\/a><\/div><div class=\"w-text usg_text_1 icon_atright\"><a href=\"https:\/\/napapiri.com\/pt-br\/product\/auxiliares-de-patinacao\/\" class=\"w-text-h\"><span class=\"w-text-value\">test<\/span><i class=\"far fa-long-arrow-right\"><\/i><\/a><\/div><\/div>\t\t<\/div>\r\n\t\t\t<\/article>\r\n\t<article class=\"w-grid-item size_1x1 post-4032 product type-product status-publish has-post-thumbnail hentry product-type-accessoires\" data-id=\"4032\">\r\n\t\t<div class=\"w-grid-item-h\">\r\n\t\t\t\t\t\t<div class=\"w-hwrapper usg_hwrapper_1 align_none valign_top\" style=\"--hwrapper-gap:0rem\"><div class=\"w-vwrapper usg_vwrapper_1 align_none valign_top\"><div class=\"w-post-elm post_custom_field usg_post_custom_field_1 bluetitle type_text titel_met_kleur color_link_inherit\"><span class=\"w-post-elm-value\"><\/span><\/div><div class=\"w-post-elm post_custom_field usg_post_custom_field_2 type_text korte_inhoud_kopie color_link_inherit\"><span class=\"w-post-elm-value\"><\/span><\/div><\/div><div class=\"w-post-elm post_image usg_post_image_2 stretched\"><a href=\"https:\/\/napapiri.com\/pt-br\/product\/patinacao-no-gelo\/\" aria-label=\"Patina\u00e7\u00e3o no gelo\"><img loading=\"lazy\" decoding=\"async\" width=\"1024\" height=\"768\" src=\"https:\/\/napapiri.com\/wp-content\/uploads\/2024\/06\/ACCESOIRES-Ijsschaatsen-1024x768.jpg\" class=\"attachment-large size-large wp-post-image\" alt=\"\" srcset=\"https:\/\/napapiri.com\/wp-content\/uploads\/2024\/06\/ACCESOIRES-Ijsschaatsen-1024x768.jpg 1024w, https:\/\/napapiri.com\/wp-content\/uploads\/2024\/06\/ACCESOIRES-Ijsschaatsen-300x225.jpg 300w, https:\/\/napapiri.com\/wp-content\/uploads\/2024\/06\/ACCESOIRES-Ijsschaatsen.jpg 1800w\" sizes=\"auto, (max-width: 1024px) 100vw, 1024px\" title=\"\"><\/a><\/div><div class=\"w-text usg_text_1 icon_atright\"><a href=\"https:\/\/napapiri.com\/pt-br\/product\/patinacao-no-gelo\/\" class=\"w-text-h\"><span class=\"w-text-value\">test<\/span><i class=\"far fa-long-arrow-right\"><\/i><\/a><\/div><\/div>\t\t<\/div>\r\n\t\t\t<\/article>\r\n<\/div>\t<div class=\"w-grid-preloader\">\r\n\t\t<div class=\"g-preloader type_1\">\r\n\t\t\t<div><\/div>\r\n\t\t<\/div>\r\n\t<\/div>\r\n\t\t<div class=\"w-grid-json hidden\" onclick='return {&quot;action&quot;:&quot;us_ajax_grid&quot;,&quot;infinite_scroll&quot;:0,&quot;max_num_pages&quot;:1,&quot;pagination&quot;:&quot;none&quot;,&quot;template_vars&quot;:{&quot;columns&quot;:&quot;1&quot;,&quot;exclude_items&quot;:&quot;none&quot;,&quot;img_size&quot;:&quot;default&quot;,&quot;ignore_items_size&quot;:0,&quot;items_layout&quot;:&quot;324&quot;,&quot;items_offset&quot;:&quot;1&quot;,&quot;load_animation&quot;:&quot;none&quot;,&quot;overriding_link&quot;:&quot;%7B%22url%22%3A%22%22%7D&quot;,&quot;post_id&quot;:0,&quot;query_args&quot;:{&quot;post_type&quot;:[&quot;product&quot;],&quot;tax_query&quot;:[{&quot;taxonomy&quot;:&quot;product-type&quot;,&quot;field&quot;:&quot;slug&quot;,&quot;terms&quot;:[&quot;accessoires&quot;]}],&quot;post_status&quot;:[&quot;publish&quot;,&quot;acf-disabled&quot;],&quot;posts_per_page&quot;:&quot;50&quot;},&quot;orderby_query_args&quot;:{&quot;orderby&quot;:{&quot;post__in&quot;:&quot;ASC&quot;},&quot;order&quot;:&quot;ASC&quot;},&quot;type&quot;:&quot;grid&quot;,&quot;us_grid_post_type&quot;:&quot;product&quot;,&quot;us_grid_ajax_index&quot;:1,&quot;us_grid_filter_query_string&quot;:null,&quot;us_grid_index&quot;:1,&quot;page_args&quot;:[],&quot;lang&quot;:&quot;pt-br&quot;}}'><\/div>\r\n\t<\/div><div class=\"w-separator size_large\"><\/div><\/div><\/div><\/div><\/div><\/div><\/section><section class=\"l-section wpb_row us_custom_19c26580 us_animate_this height_medium\"><div class=\"l-section-h i-cf\"><div class=\"g-cols vc_row via_flex valign_top type_default stacking_default\"><div class=\"vc_col-sm-12 wpb_column vc_column_container\"><div class=\"vc_column-inner\"><div class=\"wpb_wrapper\"><div class=\"w-hwrapper valign_middle wrap align_justify\"><div class=\"wpb_text_column us_custom_a7692a04 orangetitle has_text_color\"><div class=\"wpb_wrapper\"><h3>Nossa primeira promessa? Uma oferta <em>em 24 horas!<\/em> <\/h3>\n<\/div><\/div><div class=\"w-btn-wrapper align_none\"><a class=\"w-btn us-btn-style_3 us_custom_c097cd2b icon_atright\" href=\"https:\/\/napapiri.com\/contact\/\"><span class=\"w-btn-label\">Solicite uma cota\u00e7\u00e3o<\/span><i class=\"far fa-long-arrow-right\"><\/i><\/a><\/div><\/div><\/div><\/div><\/div><\/div><\/div><\/section>\n\n","protected":false},"excerpt":{"rendered":"","protected":false},"author":1,"featured_media":1605,"parent":3575,"menu_order":1,"comment_status":"closed","ping_status":"closed","template":"","meta":{"_acf_changed":false,"two_page_speed":[],"footnotes":""},"class_list":["post-3439","page","type-page","status-publish","has-post-thumbnail","hentry"],"acf":[],"_links":{"self":[{"href":"https:\/\/napapiri.com\/pt-br\/wp-json\/wp\/v2\/pages\/3439","targetHints":{"allow":["GET"]}}],"collection":[{"href":"https:\/\/napapiri.com\/pt-br\/wp-json\/wp\/v2\/pages"}],"about":[{"href":"https:\/\/napapiri.com\/pt-br\/wp-json\/wp\/v2\/types\/page"}],"author":[{"embeddable":true,"href":"https:\/\/napapiri.com\/pt-br\/wp-json\/wp\/v2\/users\/1"}],"replies":[{"embeddable":true,"href":"https:\/\/napapiri.com\/pt-br\/wp-json\/wp\/v2\/comments?post=3439"}],"version-history":[{"count":19,"href":"https:\/\/napapiri.com\/pt-br\/wp-json\/wp\/v2\/pages\/3439\/revisions"}],"predecessor-version":[{"id":6481,"href":"https:\/\/napapiri.com\/pt-br\/wp-json\/wp\/v2\/pages\/3439\/revisions\/6481"}],"up":[{"embeddable":true,"href":"https:\/\/napapiri.com\/pt-br\/wp-json\/wp\/v2\/pages\/3575"}],"wp:featuredmedia":[{"embeddable":true,"href":"https:\/\/napapiri.com\/pt-br\/wp-json\/wp\/v2\/media\/1605"}],"wp:attachment":[{"href":"https:\/\/napapiri.com\/pt-br\/wp-json\/wp\/v2\/media?parent=3439"}],"curies":[{"name":"wp","href":"https:\/\/api.w.org\/{rel}","templated":true}]}}