{"id":3404,"date":"2024-05-16T07:43:35","date_gmt":"2024-05-16T06:43:35","guid":{"rendered":"https:\/\/napapiri.com\/precos\/"},"modified":"2025-02-11T10:58:28","modified_gmt":"2025-02-11T09:58:28","slug":"precos","status":"publish","type":"page","link":"https:\/\/napapiri.com\/pt-br\/precos\/","title":{"rendered":"Pre\u00e7os"},"content":{"rendered":"<section class=\"l-section wpb_row us_custom_d3c890bc us_animate_this height_large\"><div class=\"l-section-h i-cf\"><div class=\"g-cols vc_row via_flex valign_top type_default stacking_default\"><div class=\"vc_col-sm-12 wpb_column vc_column_container\"><div class=\"vc_column-inner\"><div class=\"wpb_wrapper\"><div class=\"wpb_text_column bluetitle\"><div class=\"wpb_wrapper\"><h1>Alugue, compre ou arrende sua pista de gelo!<br \/>\n<em><strong>Escolha a melhor op\u00e7\u00e3o de acordo com seu or\u00e7amento<\/strong><\/em><\/h1>\n<\/div><\/div><div class=\"w-btn-wrapper align_none hide_on_mobiles\"><a class=\"w-btn us-btn-style_4 vertslidebut text_none icon_atright\" href=\"#down\" aria-label=\"Button\"><i class=\"far fa-long-arrow-down\"><\/i><\/a><\/div><div class=\"w-separator size_medium\"><\/div><div class=\"w-btn-wrapper align_none\"><a class=\"w-btn us-btn-style_1 icon_atright\" href=\"#down\"><span class=\"w-btn-label\">Aluguel<\/span><i class=\"fas fa-long-arrow-right\"><\/i><\/a><\/div><div class=\"w-btn-wrapper align_none\"><a class=\"w-btn us-btn-style_1 icon_atright\" href=\"#prijs2\"><span class=\"w-btn-label\">Comprar<\/span><i class=\"fas fa-long-arrow-right\"><\/i><\/a><\/div><div class=\"w-btn-wrapper align_none\"><a class=\"w-btn us-btn-style_1 icon_atright\" href=\"#prijs3\"><span class=\"w-btn-label\">Leasing<\/span><i class=\"fas fa-long-arrow-right\"><\/i><\/a><\/div><\/div><\/div><\/div><\/div><\/div><\/section><section class=\"l-section wpb_row us_custom_98c2a343 us_animate_this height_auto\"><div class=\"l-section-h i-cf\"><div class=\"g-cols vc_row via_flex valign_top type_default stacking_default\"><div class=\"vc_col-sm-12 wpb_column vc_column_container\"><div class=\"vc_column-inner\"><div class=\"wpb_wrapper\"><\/div><\/div><\/div><\/div><\/div><\/section><section class=\"l-section wpb_row us_custom_bf48def1 us_animate_this height_auto\"><div class=\"l-section-h i-cf\"><div class=\"g-cols vc_row via_flex valign_top type_default stacking_default\"><div class=\"vc_col-sm-12 wpb_column vc_column_container\"><div class=\"vc_column-inner\"><div class=\"wpb_wrapper\"><nav class=\"g-breadcrumbs us_custom_f9e185d2 has_text_color separator_icon align_none\" itemscope itemtype=\"http:\/\/schema.org\/BreadcrumbList\"><div class=\"g-breadcrumbs-item\" itemscope itemprop=\"itemListElement\" itemtype=\"http:\/\/schema.org\/ListItem\"><a itemprop=\"item\" href=\"https:\/\/napapiri.com\/pt-br\/\"><span itemprop=\"name\">In\u00edcio<\/span><\/a><meta itemprop=\"position\" content=\"1\"\/><\/div><div class=\"g-breadcrumbs-separator\"><i class=\"far fa-angle-right\"><\/i><\/div><div class=\"g-breadcrumbs-item\">P\u00e1ginas<\/div><\/nav><\/div><\/div><\/div><\/div><\/div><\/section><section class=\"l-section wpb_row us_custom_70f65456 us_animate_this height_huge\" id=\"down\"><div class=\"l-section-h i-cf\"><div class=\"g-cols vc_row via_flex valign_top type_default stacking_default\"><div class=\"vc_col-sm-12 wpb_column vc_column_container\"><div class=\"vc_column-inner\"><div class=\"wpb_wrapper\"><div class=\"wpb_text_column orangetitle\"><div class=\"wpb_wrapper\"><h2><em>Aluguel de<\/em> pista de gelo m\u00f3vel<br \/>\n<strong><em>(com op\u00e7\u00e3o de compra)<br \/>\n<\/em><\/strong><\/h2>\n<\/div><\/div><div class=\"w-separator size_small\"><\/div><div class=\"g-cols wpb_row via_flex valign_top type_default stacking_default\"><div class=\"vc_col-sm-6 wpb_column vc_column_container\"><div class=\"vc_column-inner\"><div class=\"wpb_wrapper\"><div class=\"wpb_text_column\"><div class=\"wpb_wrapper\"><p><span style=\"font-weight: 400;\">O aluguel de uma pista de <a href=\"https:\/\/napapiri.com\/pt-br\/pistas-de-patinacao-no-gelo\/pistas-de-gelo-moveis\/\">gelo m\u00f3vel<\/a> para eventos tempor\u00e1rios de inverno oferece flexibilidade e conveni\u00eancia, com a op\u00e7\u00e3o de comprar a pista de gelo ap\u00f3s o t\u00e9rmino do <strong>aluguel da pista de gelo<\/strong>. Isso d\u00e1 a voc\u00ea a oportunidade de experimentar a pista de gelo primeiro e ver se ela atende \u00e0s suas necessidades. Al\u00e9m disso, voc\u00ea economiza no investimento inicial e pode desfrutar de uma atra\u00e7\u00e3o de inverno bem-sucedida sem compromissos de longo prazo.  <\/span><\/p>\n<p><span style=\"font-weight: 400;\">Se voc\u00ea comprar a pista de gelo ap\u00f3s o per\u00edodo de aluguel, deduziremos 60% do valor j\u00e1 pago do pre\u00e7o final de compra.<\/span><\/p>\n<\/div><\/div><\/div><\/div><\/div><div class=\"vc_col-sm-6 wpb_column vc_column_container\"><div class=\"vc_column-inner\"><div class=\"wpb_wrapper\"><div class=\"wpb_text_column\"><div class=\"wpb_wrapper\"><p><span style=\"font-weight: 400;\">O exemplo abaixo mostra o pre\u00e7o do aluguel de um piso de gelo em uma caixa t\u00e9rmica (m\u00e1ximo de 40 dias).<\/span><\/p>\n<p><span style=\"font-weight: 400;\">Para obter uma cota\u00e7\u00e3o de pre\u00e7o completa, insira seus dados na parte inferior desta p\u00e1gina.<\/span><\/p>\n<\/div><\/div><div class=\"w-separator size_small\"><\/div><div class=\"wpb_text_column\"><div class=\"wpb_wrapper\"><table class=\"table\">\n<tbody>\n<tr class=\"row\">\n<th class=\"header-cell\">Dimens\u00f5es<\/th>\n<th class=\"header-cell\">Aluguel<\/th>\n<th class=\"header-cell\">Desconto na compra<\/th>\n<\/tr>\n<tr class=\"row\">\n<td class=\"cell\">10&#215;20 metros<\/td>\n<td class=\"cell\">13.000\u20ac<\/td>\n<td class=\"cell\">&#8211; 7.800\u20ac<\/td>\n<\/tr>\n<tr class=\"row\">\n<td class=\"cell\">14&#215;30 metros<\/td>\n<td class=\"cell\">22.000\u20ac<\/td>\n<td class=\"cell\">&#8211; 13.200\u20ac<\/td>\n<\/tr>\n<tr class=\"row\">\n<td class=\"cell\">20&#215;30 metros<\/td>\n<td class=\"cell\">29.900\u20ac<\/td>\n<td class=\"cell\">&#8211; 17.940\u20ac<\/td>\n<\/tr>\n<tr class=\"row\">\n<td class=\"cell\">20&#215;40 metros<\/td>\n<td class=\"cell\">34.000\u20ac<\/td>\n<td class=\"cell\">&#8211; 20.400\u20ac<\/td>\n<\/tr>\n<\/tbody>\n<\/table>\n<\/div><\/div><\/div><\/div><\/div><\/div><div class=\"w-separator size_medium\"><\/div><div class=\"w-btn-wrapper align_none\"><a class=\"w-btn us-btn-style_1 icon_atright\" href=\"https:\/\/napapiri.com\/pt-br\/contato\/\"><span class=\"w-btn-label\">Solicite uma cota\u00e7\u00e3o<\/span><i class=\"fal fa-long-arrow-right\"><\/i><\/a><\/div><\/div><\/div><\/div><\/div><\/div><\/section><section class=\"l-section wpb_row us_custom_b9ddfaf3 us_animate_this height_large\"><div class=\"l-section-h i-cf\"><div class=\"g-cols vc_row via_flex valign_top type_default stacking_default\"><div class=\"vc_col-sm-12 wpb_column vc_column_container displayinlineblock linebutton\"><div class=\"vc_column-inner\"><div class=\"wpb_wrapper\"><div class=\"w-separator us_custom_4c5d6fba has_text_color size_custom with_line width_default thick_1 style_solid color_secondary align_center\" style=\"height:10px\"><div class=\"w-separator-h\"><\/div><\/div><\/div><\/div><\/div><\/div><\/div><\/section><section class=\"l-section wpb_row us_custom_60e9caca us_animate_this height_huge\" id=\"prijs2\"><div class=\"l-section-h i-cf\"><div class=\"g-cols vc_row via_flex valign_top type_default stacking_default\"><div class=\"vc_col-sm-12 wpb_column vc_column_container\"><div class=\"vc_column-inner\"><div class=\"wpb_wrapper\"><div class=\"wpb_text_column orangetitle\"><div class=\"wpb_wrapper\"><h2><em>Comprar uma<\/em> pista de gelo m\u00f3vel<\/h2>\n<\/div><\/div><div class=\"w-separator size_small\"><\/div><div class=\"g-cols wpb_row via_flex valign_top type_default stacking_default\"><div class=\"vc_col-sm-6 wpb_column vc_column_container\"><div class=\"vc_column-inner\"><div class=\"wpb_wrapper\"><div class=\"wpb_text_column\"><div class=\"wpb_wrapper\"><p><span style=\"font-weight: 400;\">A compra de uma pista de gelo m\u00f3vel oferece economia de custos a longo prazo, pois voc\u00ea n\u00e3o tem custos de aluguel recorrentes. Voc\u00ea tem controle total sobre o uso e a <a href=\"https:\/\/napapiri.com\/pt-br\/produtos\/servicos\/\">manuten\u00e7\u00e3o da pista de gelo<\/a>, garantindo a qualidade.   <\/span><\/p>\n<p><span style=\"font-weight: 400;\"><strong>A compra de uma pista de gelo<\/strong> permite que voc\u00ea gere renda adicional alugando-a para terceiros durante os per\u00edodos em que voc\u00ea n\u00e3o a estiver usando. Isso aumenta o valor e a atratividade das suas instala\u00e7\u00f5es e oferece flexibilidade para usar a pista de gelo para diferentes eventos e atividades sempre que voc\u00ea quiser. <\/span><\/p>\n<\/div><\/div><\/div><\/div><\/div><div class=\"vc_col-sm-6 wpb_column vc_column_container\"><div class=\"vc_column-inner\"><div class=\"wpb_wrapper\"><div class=\"wpb_text_column\"><div class=\"wpb_wrapper\"><p><span style=\"font-weight: 400;\">Os pre\u00e7os abaixo s\u00e3o v\u00e1lidos se os dois produtos forem comprados juntos. Se voc\u00ea comprar separadamente, considere uma sobretaxa de 10%. <\/span><\/p>\n<p><span style=\"font-weight: 400;\">Para obter uma cota\u00e7\u00e3o de pre\u00e7o completa, insira seus dados na parte inferior desta p\u00e1gina.<\/span><\/p>\n<\/div><\/div><div class=\"w-separator size_small\"><\/div><div class=\"wpb_text_column\"><div class=\"wpb_wrapper\"><table class=\"table\">\n<tbody>\n<tr class=\"row\">\n<th class=\"header-cell\">Dimens\u00f5es<\/th>\n<th class=\"header-cell\">Piso de gelo na caixa t\u00e9rmica<\/th>\n<th class=\"header-cell\">Gabinete<\/th>\n<\/tr>\n<tr class=\"row\">\n<td class=\"cell\">10&#215;20 metros<\/td>\n<td class=\"cell\">27.000\u20ac<\/td>\n<td class=\"cell\">17.500\u20ac<\/td>\n<\/tr>\n<tr class=\"row\">\n<td class=\"cell\">14&#215;30 metros<\/td>\n<td class=\"cell\">40.000\u20ac<\/td>\n<td class=\"cell\">22.500\u20ac<\/td>\n<\/tr>\n<tr class=\"row\">\n<td class=\"cell\">20&#215;30 metros<\/td>\n<td class=\"cell\">56.500\u20ac<\/td>\n<td class=\"cell\">24.500\u20ac<\/td>\n<\/tr>\n<tr class=\"row\">\n<td class=\"cell\">20&#215;40 metros<\/td>\n<td class=\"cell\">60.500\u20ac<\/td>\n<td class=\"cell\">28.000\u20ac<\/td>\n<\/tr>\n<\/tbody>\n<\/table>\n<\/div><\/div><\/div><\/div><\/div><\/div><div class=\"w-separator size_medium\"><\/div><div class=\"w-btn-wrapper align_none\"><a class=\"w-btn us-btn-style_1 icon_atright\" href=\"https:\/\/napapiri.com\/pt-br\/contato\/\"><span class=\"w-btn-label\">Solicite uma cota\u00e7\u00e3o<\/span><i class=\"fal fa-long-arrow-right\"><\/i><\/a><\/div><\/div><\/div><\/div><\/div><\/div><\/section><section class=\"l-section wpb_row us_custom_b9ddfaf3 us_animate_this height_large\"><div class=\"l-section-h i-cf\"><div class=\"g-cols vc_row via_flex valign_top type_default stacking_default\"><div class=\"vc_col-sm-12 wpb_column vc_column_container displayinlineblock linebutton\"><div class=\"vc_column-inner\"><div class=\"wpb_wrapper\"><div class=\"w-separator us_custom_4c5d6fba has_text_color size_custom with_line width_default thick_1 style_solid color_secondary align_center\" style=\"height:10px\"><div class=\"w-separator-h\"><\/div><\/div><\/div><\/div><\/div><\/div><\/div><\/section><section class=\"l-section wpb_row us_custom_60e9caca us_animate_this height_huge\" id=\"prijs3\"><div class=\"l-section-h i-cf\"><div class=\"g-cols vc_row via_flex valign_top type_default stacking_default\"><div class=\"vc_col-sm-12 wpb_column vc_column_container\"><div class=\"vc_column-inner\"><div class=\"wpb_wrapper\"><div class=\"wpb_text_column orangetitle\"><div class=\"wpb_wrapper\"><h2><em>Aluguel de<\/em> pista de gelo m\u00f3vel<\/h2>\n<\/div><\/div><div class=\"w-separator size_small\"><\/div><div class=\"g-cols wpb_row via_flex valign_top type_default stacking_default\"><div class=\"vc_col-sm-6 wpb_column vc_column_container\"><div class=\"vc_column-inner\"><div class=\"wpb_wrapper\"><div class=\"wpb_text_column\"><div class=\"wpb_wrapper\"><p><span style=\"font-weight: 400;\"><strong>O leasing de uma pista de gelo<\/strong> com presta\u00e7\u00f5es mensais oferece v\u00e1rias vantagens. No NAPAPIRI, voc\u00ea pode fazer isso diretamente, sem passar por uma institui\u00e7\u00e3o financeira, o que simplifica e acelera o processo. Esse modelo de leasing permite que voc\u00ea desfrute de uma pista de gelo de alta qualidade sem um grande investimento inicial. Al\u00e9m disso, ele oferece flexibilidade no gerenciamento do or\u00e7amento e permite que voc\u00ea distribua os custos, o que \u00e9 ben\u00e9fico para o fluxo de caixa da sua organiza\u00e7\u00e3o.     <\/span><\/p>\n<\/div><\/div><\/div><\/div><\/div><div class=\"vc_col-sm-6 wpb_column vc_column_container\"><div class=\"vc_column-inner\"><div class=\"wpb_wrapper\"><div class=\"wpb_text_column\"><div class=\"wpb_wrapper\"><p>O <span style=\"font-weight: 400;\">exemplo abaixo mostra o custo de leasing de um piso de gelo em uma geladeira<\/span>. Para obter uma cota\u00e7\u00e3o completa, insira seus dados na parte inferior desta p\u00e1gina.<\/p>\n<\/div><\/div><div class=\"w-separator size_small\"><\/div><div class=\"wpb_text_column\"><div class=\"wpb_wrapper\"><table class=\"table\">\n<tbody>\n<tr class=\"row\">\n<th class=\"header-cell\">Dimens\u00f5es<\/th>\n<th class=\"header-cell\">Pre\u00e7o de entrada<\/th>\n<th class=\"header-cell\">Mensal 3 anos<\/th>\n<\/tr>\n<tr class=\"row\">\n<td class=\"cell\">10&#215;20 metros<\/td>\n<td class=\"cell\">8.000\u20ac<\/td>\n<td class=\"cell\">375\u20ac<\/td>\n<\/tr>\n<tr class=\"row\">\n<td class=\"cell\">14&#215;30 metros<\/td>\n<td class=\"cell\">12.000\u20ac<\/td>\n<td class=\"cell\">500\u20ac<\/td>\n<\/tr>\n<tr class=\"row\">\n<td class=\"cell\">20&#215;30 metros<\/td>\n<td class=\"cell\">17.000\u20ac<\/td>\n<td class=\"cell\">700\u20ac<\/td>\n<\/tr>\n<tr class=\"row\">\n<td class=\"cell\">20&#215;40 metros<\/td>\n<td class=\"cell\">19.000\u20ac<\/td>\n<td class=\"cell\">785\u20ac<\/td>\n<\/tr>\n<\/tbody>\n<\/table>\n<\/div><\/div><\/div><\/div><\/div><\/div><div class=\"w-separator size_medium\"><\/div><div class=\"w-btn-wrapper align_none\"><a class=\"w-btn us-btn-style_1 icon_atright\" href=\"https:\/\/napapiri.com\/pt-br\/contato\/\"><span class=\"w-btn-label\">Solicite uma cota\u00e7\u00e3o<\/span><i class=\"fal fa-long-arrow-right\"><\/i><\/a><\/div><\/div><\/div><\/div><\/div><\/div><\/section><section class=\"l-section wpb_row us_custom_19c26580 us_animate_this height_medium\"><div class=\"l-section-h i-cf\"><div class=\"g-cols vc_row via_flex valign_top type_default stacking_default\"><div class=\"vc_col-sm-12 wpb_column vc_column_container\"><div class=\"vc_column-inner\"><div class=\"wpb_wrapper\"><div class=\"w-hwrapper valign_middle wrap align_justify\"><div class=\"wpb_text_column us_custom_a7692a04 orangetitle has_text_color\"><div class=\"wpb_wrapper\"><h3>Nossa primeira promessa? Uma oferta <em>em 24 horas!<\/em> <\/h3>\n<\/div><\/div><div class=\"w-btn-wrapper align_none\"><a class=\"w-btn us-btn-style_3 us_custom_c097cd2b icon_atright\" href=\"https:\/\/napapiri.com\/contact\/\"><span class=\"w-btn-label\">Solicite uma cota\u00e7\u00e3o<\/span><i class=\"far fa-long-arrow-right\"><\/i><\/a><\/div><\/div><\/div><\/div><\/div><\/div><\/div><\/section>\n\n","protected":false},"excerpt":{"rendered":"Alugue, compre ou arrende sua pista de gelo! Escolha a melhor op\u00e7\u00e3o de acordo com seu or\u00e7amento AluguelComprarLeasingIn\u00edcioP\u00e1ginasAluguel de pista de gelo m\u00f3vel (com op\u00e7\u00e3o de compra) O aluguel de uma pista de gelo m\u00f3vel para eventos tempor\u00e1rios de inverno oferece flexibilidade e conveni\u00eancia, com a op\u00e7\u00e3o de comprar a pista de gelo ap\u00f3s o...","protected":false},"author":1,"featured_media":1696,"parent":0,"menu_order":5,"comment_status":"closed","ping_status":"closed","template":"","meta":{"_acf_changed":false,"two_page_speed":[],"footnotes":""},"class_list":["post-3404","page","type-page","status-publish","has-post-thumbnail","hentry"],"acf":[],"_links":{"self":[{"href":"https:\/\/napapiri.com\/pt-br\/wp-json\/wp\/v2\/pages\/3404","targetHints":{"allow":["GET"]}}],"collection":[{"href":"https:\/\/napapiri.com\/pt-br\/wp-json\/wp\/v2\/pages"}],"about":[{"href":"https:\/\/napapiri.com\/pt-br\/wp-json\/wp\/v2\/types\/page"}],"author":[{"embeddable":true,"href":"https:\/\/napapiri.com\/pt-br\/wp-json\/wp\/v2\/users\/1"}],"replies":[{"embeddable":true,"href":"https:\/\/napapiri.com\/pt-br\/wp-json\/wp\/v2\/comments?post=3404"}],"version-history":[{"count":18,"href":"https:\/\/napapiri.com\/pt-br\/wp-json\/wp\/v2\/pages\/3404\/revisions"}],"predecessor-version":[{"id":6628,"href":"https:\/\/napapiri.com\/pt-br\/wp-json\/wp\/v2\/pages\/3404\/revisions\/6628"}],"wp:featuredmedia":[{"embeddable":true,"href":"https:\/\/napapiri.com\/pt-br\/wp-json\/wp\/v2\/media\/1696"}],"wp:attachment":[{"href":"https:\/\/napapiri.com\/pt-br\/wp-json\/wp\/v2\/media?parent=3404"}],"curies":[{"name":"wp","href":"https:\/\/api.w.org\/{rel}","templated":true}]}}