{"id":3393,"date":"2024-05-16T07:43:36","date_gmt":"2024-05-16T06:43:36","guid":{"rendered":"https:\/\/napapiri.com\/blog\/"},"modified":"2025-02-10T18:09:48","modified_gmt":"2025-02-10T17:09:48","slug":"blog","status":"publish","type":"page","link":"https:\/\/napapiri.com\/pt-br\/blog\/","title":{"rendered":"Blog"},"content":{"rendered":"<section class=\"l-section wpb_row us_custom_d3c890bc us_animate_this height_large\"><div class=\"l-section-h i-cf\"><div class=\"g-cols vc_row via_flex valign_top type_default stacking_default\"><div class=\"vc_col-sm-12 wpb_column vc_column_container\"><div class=\"vc_column-inner\"><div class=\"wpb_wrapper\"><div class=\"wpb_text_column bluetitle\"><div class=\"wpb_wrapper\"><h1>Leia nosso blog com as \u00faltimas not\u00edcias sobre<br \/>\n<em><strong>pistas de gelo reais<\/strong><\/em><\/h1>\n<\/div><\/div><div class=\"w-btn-wrapper align_none hide_on_mobiles\"><a class=\"w-btn us-btn-style_4 vertslidebut text_none icon_atright\" href=\"#down\" aria-label=\"Button\"><i class=\"far fa-long-arrow-down\"><\/i><\/a><\/div><\/div><\/div><\/div><\/div><\/div><\/section><section class=\"l-section wpb_row us_custom_bf48def1 us_animate_this height_auto\"><div class=\"l-section-h i-cf\"><div class=\"g-cols vc_row via_flex valign_top type_default stacking_default\"><div class=\"vc_col-sm-12 wpb_column vc_column_container\"><div class=\"vc_column-inner\"><div class=\"wpb_wrapper\"><nav class=\"g-breadcrumbs us_custom_f9e185d2 has_text_color separator_icon align_none\" itemscope itemtype=\"http:\/\/schema.org\/BreadcrumbList\"><div class=\"g-breadcrumbs-item\" itemscope itemprop=\"itemListElement\" itemtype=\"http:\/\/schema.org\/ListItem\"><a itemprop=\"item\" href=\"https:\/\/napapiri.com\/pt-br\/\"><span itemprop=\"name\">In\u00edcio<\/span><\/a><meta itemprop=\"position\" content=\"1\"\/><\/div><div class=\"g-breadcrumbs-separator\"><i class=\"far fa-angle-right\"><\/i><\/div><div class=\"g-breadcrumbs-item\">P\u00e1ginas<\/div><\/nav><\/div><\/div><\/div><\/div><\/div><\/section><section class=\"l-section wpb_row us_custom_70f65456 us_animate_this height_huge\" id=\"down\"><div class=\"l-section-h i-cf\"><div class=\"g-cols vc_row via_flex valign_top type_default stacking_default\"><div class=\"vc_col-sm-12 wpb_column vc_column_container\"><div class=\"vc_column-inner\"><div class=\"wpb_wrapper\"><div class=\"w-grid us_grid type_grid layout_173 bloggrid cols_3 preload_style_spinner\" id=\"us_grid_1\" style=\"--columns:3;--gap:1.5rem;\" data-filterable=\"true\"><style>@media (max-width:1024px){#us_grid_1{--columns:2!important}}@media (max-width:767px){#us_grid_1{--columns:1!important}}.layout_173 .w-grid-item-h{}.layout_173 .usg_post_title_1{transition-duration:0.3s;transform-origin:50% 50%;transform:scale(1) translate(0%,0%)}.layout_173 .w-grid-item-h:focus-within .usg_post_title_1,.layout_173 .w-grid-item-h:hover .usg_post_title_1{transform:scale(1) translate(0%,0%);opacity:1;color:var(--color-orange)!important}.layout_173 .usg_post_date_1{transition-duration:0.3s;transform-origin:50% 50%;transform:scale(1) translate(0%,0%)}.layout_173 .w-grid-item-h:focus-within .usg_post_date_1,.layout_173 .w-grid-item-h:hover .usg_post_date_1{transform:scale(1) translate(0%,0%);opacity:1;color:var(--color-orange)!important}.layout_173 .usg_post_image_1{position:absolute!important;left:0!important;bottom:0!important;right:0!important}.layout_173 .usg_vwrapper_1{margin-bottom:25px!important}.layout_173 .usg_post_date_1{color:var(--color-blue2)!important;font-size:16px!important;margin-top:15px!important}<\/style><div class=\"w-grid-list\">\t<article class=\"w-grid-item size_1x1 post-4066 post type-post status-publish format-standard has-post-thumbnail hentry category-noticias tag-madri tag-pista-de-gelo-pt-br tag-pista-de-gelo tag-pista-de-patinacao-no-gelo\" data-id=\"4066\">\r\n\t\t<div class=\"w-grid-item-h\">\r\n\t\t\t\t\t\t<div class=\"w-vwrapper usg_vwrapper_1 align_none valign_top\"><time class=\"w-post-elm post_date usg_post_date_1 has_text_color entry-date published\" datetime=\"2025-01-18T19:02:59+01:00\">18 janeiro, 2025<\/time><h6 class=\"w-post-elm post_title usg_post_title_1 entry-title color_link_inherit\"><a href=\"https:\/\/napapiri.com\/pt-br\/napapiri-constroi-a-maior-pista-de-gelo-da-europa-em-tempo-recorde\/\">Napapiri constr\u00f3i a maior pista de gelo da Europa em tempo recorde<\/a><\/h6><\/div><div class=\"w-post-elm post_image usg_post_image_1 has_ratio\"><a href=\"https:\/\/napapiri.com\/pt-br\/napapiri-constroi-a-maior-pista-de-gelo-da-europa-em-tempo-recorde\/\" aria-label=\"Napapiri constr\u00f3i a maior pista de gelo da Europa em tempo recorde\"><img loading=\"lazy\" decoding=\"async\" width=\"1024\" height=\"768\" src=\"https:\/\/napapiri.com\/wp-content\/uploads\/2025\/01\/IMG_8112-1024x768.jpg\" class=\"attachment-large size-large wp-post-image\" alt=\"\" title=\"\"><\/a><div style=\"padding-bottom:100%\"><\/div><\/div><div class=\"w-post-elm post_image usg_post_image_2 visibilnone has_ratio\"><a href=\"https:\/\/napapiri.com\/pt-br\/napapiri-constroi-a-maior-pista-de-gelo-da-europa-em-tempo-recorde\/\" aria-label=\"Napapiri constr\u00f3i a maior pista de gelo da Europa em tempo recorde\"><img loading=\"lazy\" decoding=\"async\" width=\"1024\" height=\"768\" src=\"https:\/\/napapiri.com\/wp-content\/uploads\/2025\/01\/IMG_8112-1024x768.jpg\" class=\"attachment-large size-large wp-post-image\" alt=\"\" title=\"\"><\/a><div style=\"padding-bottom:100%\"><\/div><\/div><div class=\"w-text usg_text_1 icon_atright\"><a href=\"https:\/\/napapiri.com\/pt-br\/napapiri-constroi-a-maior-pista-de-gelo-da-europa-em-tempo-recorde\/\" class=\"w-text-h\"><span class=\"w-text-value\">test<\/span><i class=\"far fa-long-arrow-right\"><\/i><\/a><\/div>\t\t<\/div>\r\n\t\t\t<\/article>\r\n\t<article class=\"w-grid-item size_1x1 post-4119 post type-post status-publish format-standard has-post-thumbnail hentry category-noticias tag-pista-de-gelo tag-show-no-gelo\" data-id=\"4119\">\r\n\t\t<div class=\"w-grid-item-h\">\r\n\t\t\t\t\t\t<div class=\"w-vwrapper usg_vwrapper_1 align_none valign_top\"><time class=\"w-post-elm post_date usg_post_date_1 has_text_color entry-date published\" datetime=\"2024-11-03T13:45:07+01:00\">3 novembro, 2024<\/time><h6 class=\"w-post-elm post_title usg_post_title_1 entry-title color_link_inherit\"><a href=\"https:\/\/napapiri.com\/pt-br\/como-organizar-um-show-on-ice\/\">Como organizar um show no gelo?<\/a><\/h6><\/div><div class=\"w-post-elm post_image usg_post_image_1 has_ratio\"><a href=\"https:\/\/napapiri.com\/pt-br\/como-organizar-um-show-on-ice\/\" aria-label=\"Como organizar um show no gelo?\"><img loading=\"lazy\" decoding=\"async\" width=\"1024\" height=\"683\" src=\"https:\/\/napapiri.com\/wp-content\/uploads\/2024\/11\/NAPAPIRI-Pista-de-hielo-.-Ice-Rink5-1024x683.jpg\" class=\"attachment-large size-large wp-post-image\" alt=\"\" title=\"\"><\/a><div style=\"padding-bottom:100%\"><\/div><\/div><div class=\"w-post-elm post_image usg_post_image_2 visibilnone has_ratio\"><a href=\"https:\/\/napapiri.com\/pt-br\/como-organizar-um-show-on-ice\/\" aria-label=\"Como organizar um show no gelo?\"><img loading=\"lazy\" decoding=\"async\" width=\"1024\" height=\"683\" src=\"https:\/\/napapiri.com\/wp-content\/uploads\/2024\/11\/NAPAPIRI-Pista-de-hielo-.-Ice-Rink5-1024x683.jpg\" class=\"attachment-large size-large wp-post-image\" alt=\"\" title=\"\"><\/a><div style=\"padding-bottom:100%\"><\/div><\/div><div class=\"w-text usg_text_1 icon_atright\"><a href=\"https:\/\/napapiri.com\/pt-br\/como-organizar-um-show-on-ice\/\" class=\"w-text-h\"><span class=\"w-text-value\">test<\/span><i class=\"far fa-long-arrow-right\"><\/i><\/a><\/div>\t\t<\/div>\r\n\t\t\t<\/article>\r\n\t<article class=\"w-grid-item size_1x1 post-4095 post type-post status-publish format-standard has-post-thumbnail hentry category-noticias tag-consumo-de-energia tag-pista-de-gelo\" data-id=\"4095\">\r\n\t\t<div class=\"w-grid-item-h\">\r\n\t\t\t\t\t\t<div class=\"w-vwrapper usg_vwrapper_1 align_none valign_top\"><time class=\"w-post-elm post_date usg_post_date_1 has_text_color entry-date published\" datetime=\"2024-11-02T20:11:04+01:00\">2 novembro, 2024<\/time><h6 class=\"w-post-elm post_title usg_post_title_1 entry-title color_link_inherit\"><a href=\"https:\/\/napapiri.com\/pt-br\/quanta-energia-voce-usa-em-uma-pista-de-patinacao-no-gelo\/\">Quanta energia voc\u00ea usa em uma pista de patina\u00e7\u00e3o no gelo?<\/a><\/h6><\/div><div class=\"w-post-elm post_image usg_post_image_1 has_ratio\"><a href=\"https:\/\/napapiri.com\/pt-br\/quanta-energia-voce-usa-em-uma-pista-de-patinacao-no-gelo\/\" aria-label=\"Quanta energia voc\u00ea usa em uma pista de patina\u00e7\u00e3o no gelo?\"><img loading=\"lazy\" decoding=\"async\" width=\"1024\" height=\"640\" src=\"https:\/\/napapiri.com\/wp-content\/uploads\/2024\/11\/cables-aereos-hielo-1024x640-1.webp\" class=\"attachment-large size-large wp-post-image\" alt=\"\" title=\"\"><\/a><div style=\"padding-bottom:100%\"><\/div><\/div><div class=\"w-post-elm post_image usg_post_image_2 visibilnone has_ratio\"><a href=\"https:\/\/napapiri.com\/pt-br\/quanta-energia-voce-usa-em-uma-pista-de-patinacao-no-gelo\/\" aria-label=\"Quanta energia voc\u00ea usa em uma pista de patina\u00e7\u00e3o no gelo?\"><img loading=\"lazy\" decoding=\"async\" width=\"1024\" height=\"640\" src=\"https:\/\/napapiri.com\/wp-content\/uploads\/2024\/11\/cables-aereos-hielo-1024x640-1.webp\" class=\"attachment-large size-large wp-post-image\" alt=\"\" title=\"\"><\/a><div style=\"padding-bottom:100%\"><\/div><\/div><div class=\"w-text usg_text_1 icon_atright\"><a href=\"https:\/\/napapiri.com\/pt-br\/quanta-energia-voce-usa-em-uma-pista-de-patinacao-no-gelo\/\" class=\"w-text-h\"><span class=\"w-text-value\">test<\/span><i class=\"far fa-long-arrow-right\"><\/i><\/a><\/div>\t\t<\/div>\r\n\t\t\t<\/article>\r\n\t<article class=\"w-grid-item size_1x1 post-4184 post type-post status-publish format-standard has-post-thumbnail hentry category-noticias tag-investir tag-pista-de-gelo\" data-id=\"4184\">\r\n\t\t<div class=\"w-grid-item-h\">\r\n\t\t\t\t\t\t<div class=\"w-vwrapper usg_vwrapper_1 align_none valign_top\"><time class=\"w-post-elm post_date usg_post_date_1 has_text_color entry-date published\" datetime=\"2024-11-02T18:18:39+01:00\">2 novembro, 2024<\/time><h6 class=\"w-post-elm post_title usg_post_title_1 entry-title color_link_inherit\"><a href=\"https:\/\/napapiri.com\/pt-br\/pistas-de-gelo-refrigeradas-um-investimento-inteligente\/\">Pistas de gelo refrigeradas&#8230; um investimento inteligente<\/a><\/h6><\/div><div class=\"w-post-elm post_image usg_post_image_1 has_ratio\"><a href=\"https:\/\/napapiri.com\/pt-br\/pistas-de-gelo-refrigeradas-um-investimento-inteligente\/\" aria-label=\"Pistas de gelo refrigeradas&#8230; um investimento inteligente\"><img loading=\"lazy\" decoding=\"async\" width=\"1024\" height=\"768\" src=\"https:\/\/napapiri.com\/wp-content\/uploads\/2024\/11\/NAPAPIRI-Pista-de-hielo-.-Ice-Rink1-5.jpeg\" class=\"attachment-large size-large wp-post-image\" alt=\"\" title=\"\"><\/a><div style=\"padding-bottom:100%\"><\/div><\/div><div class=\"w-post-elm post_image usg_post_image_2 visibilnone has_ratio\"><a href=\"https:\/\/napapiri.com\/pt-br\/pistas-de-gelo-refrigeradas-um-investimento-inteligente\/\" aria-label=\"Pistas de gelo refrigeradas&#8230; um investimento inteligente\"><img loading=\"lazy\" decoding=\"async\" width=\"1024\" height=\"768\" src=\"https:\/\/napapiri.com\/wp-content\/uploads\/2024\/11\/NAPAPIRI-Pista-de-hielo-.-Ice-Rink1-5.jpeg\" class=\"attachment-large size-large wp-post-image\" alt=\"\" title=\"\"><\/a><div style=\"padding-bottom:100%\"><\/div><\/div><div class=\"w-text usg_text_1 icon_atright\"><a href=\"https:\/\/napapiri.com\/pt-br\/pistas-de-gelo-refrigeradas-um-investimento-inteligente\/\" class=\"w-text-h\"><span class=\"w-text-value\">test<\/span><i class=\"far fa-long-arrow-right\"><\/i><\/a><\/div>\t\t<\/div>\r\n\t\t\t<\/article>\r\n\t<article class=\"w-grid-item size_1x1 post-2990 post type-post status-publish format-standard has-post-thumbnail hentry category-noticias tag-agua tag-piscina tag-pista-de-gelo\" data-id=\"2990\">\r\n\t\t<div class=\"w-grid-item-h\">\r\n\t\t\t\t\t\t<div class=\"w-vwrapper usg_vwrapper_1 align_none valign_top\"><time class=\"w-post-elm post_date usg_post_date_1 has_text_color entry-date published\" datetime=\"2024-10-12T09:26:47+01:00\">12 outubro, 2024<\/time><h6 class=\"w-post-elm post_title usg_post_title_1 entry-title color_link_inherit\"><a href=\"https:\/\/napapiri.com\/pt-br\/qual-e-a-quantidade-de-agua-que-uma-pista-de-gelo-usa\/\">Qual \u00e9 a quantidade de \u00e1gua que uma pista de gelo usa?<\/a><\/h6><\/div><div class=\"w-post-elm post_image usg_post_image_1 has_ratio\"><a href=\"https:\/\/napapiri.com\/pt-br\/qual-e-a-quantidade-de-agua-que-uma-pista-de-gelo-usa\/\" aria-label=\"Qual \u00e9 a quantidade de \u00e1gua que uma pista de gelo usa?\"><img loading=\"lazy\" decoding=\"async\" width=\"1024\" height=\"768\" src=\"https:\/\/napapiri.com\/wp-content\/uploads\/2024\/10\/NAPAPIRI-Pista-de-hielo-.-Ice-Rink1-4.jpeg\" class=\"attachment-large size-large wp-post-image\" alt=\"\" title=\"\"><\/a><div style=\"padding-bottom:100%\"><\/div><\/div><div class=\"w-post-elm post_image usg_post_image_2 visibilnone has_ratio\"><a href=\"https:\/\/napapiri.com\/pt-br\/qual-e-a-quantidade-de-agua-que-uma-pista-de-gelo-usa\/\" aria-label=\"Qual \u00e9 a quantidade de \u00e1gua que uma pista de gelo usa?\"><img loading=\"lazy\" decoding=\"async\" width=\"1024\" height=\"768\" src=\"https:\/\/napapiri.com\/wp-content\/uploads\/2024\/10\/NAPAPIRI-Pista-de-hielo-.-Ice-Rink1-4.jpeg\" class=\"attachment-large size-large wp-post-image\" alt=\"\" title=\"\"><\/a><div style=\"padding-bottom:100%\"><\/div><\/div><div class=\"w-text usg_text_1 icon_atright\"><a href=\"https:\/\/napapiri.com\/pt-br\/qual-e-a-quantidade-de-agua-que-uma-pista-de-gelo-usa\/\" class=\"w-text-h\"><span class=\"w-text-value\">test<\/span><i class=\"far fa-long-arrow-right\"><\/i><\/a><\/div>\t\t<\/div>\r\n\t\t\t<\/article>\r\n<\/div>\t<div class=\"w-grid-preloader\">\r\n\t\t<div class=\"g-preloader type_1\">\r\n\t\t\t<div><\/div>\r\n\t\t<\/div>\r\n\t<\/div>\r\n\t\t<div class=\"w-grid-json hidden\" onclick='return {&quot;action&quot;:&quot;us_ajax_grid&quot;,&quot;infinite_scroll&quot;:0,&quot;max_num_pages&quot;:1,&quot;pagination&quot;:&quot;none&quot;,&quot;template_vars&quot;:{&quot;columns&quot;:&quot;3&quot;,&quot;exclude_items&quot;:&quot;none&quot;,&quot;img_size&quot;:&quot;default&quot;,&quot;ignore_items_size&quot;:0,&quot;items_layout&quot;:&quot;173&quot;,&quot;items_offset&quot;:&quot;1&quot;,&quot;load_animation&quot;:&quot;none&quot;,&quot;overriding_link&quot;:&quot;%7B%22url%22%3A%22%22%7D&quot;,&quot;post_id&quot;:0,&quot;query_args&quot;:{&quot;post_type&quot;:[&quot;post&quot;],&quot;post_status&quot;:[&quot;publish&quot;,&quot;acf-disabled&quot;],&quot;posts_per_page&quot;:&quot;10000&quot;},&quot;orderby_query_args&quot;:{&quot;orderby&quot;:{&quot;date&quot;:&quot;DESC&quot;}},&quot;type&quot;:&quot;grid&quot;,&quot;us_grid_post_type&quot;:&quot;post&quot;,&quot;us_grid_ajax_index&quot;:1,&quot;us_grid_filter_query_string&quot;:null,&quot;us_grid_index&quot;:1,&quot;page_args&quot;:[],&quot;lang&quot;:&quot;pt-br&quot;}}'><\/div>\r\n\t<\/div><\/div><\/div><\/div><\/div><\/div><\/section><section class=\"l-section wpb_row us_custom_19c26580 us_animate_this height_medium\"><div class=\"l-section-h i-cf\"><div class=\"g-cols vc_row via_flex valign_top type_default stacking_default\"><div class=\"vc_col-sm-12 wpb_column vc_column_container\"><div class=\"vc_column-inner\"><div class=\"wpb_wrapper\"><div class=\"w-hwrapper valign_middle wrap align_justify\"><div class=\"wpb_text_column us_custom_a7692a04 orangetitle has_text_color\"><div class=\"wpb_wrapper\"><h3>Nossa primeira promessa? Uma oferta <em>em 24 horas!<\/em> <\/h3>\n<\/div><\/div><div class=\"w-btn-wrapper align_none\"><a class=\"w-btn us-btn-style_3 us_custom_c097cd2b icon_atright\" href=\"https:\/\/napapiri.com\/contact\/\"><span class=\"w-btn-label\">Solicite uma cota\u00e7\u00e3o<\/span><i class=\"far fa-long-arrow-right\"><\/i><\/a><\/div><\/div><\/div><\/div><\/div><\/div><\/div><\/section>\n\n","protected":false},"excerpt":{"rendered":"A quantidade de \u00e1gua que uma pista de patina\u00e7\u00e3o usa por metro quadrado de gelo \u00e9 significativamente menor do que a que uma piscina precisa por metro quadrado de \u00e1gua. Aqui est\u00e1 uma compara\u00e7\u00e3o entre o consumo de \u00e1gua de uma pista de patina\u00e7\u00e3o no gelo e de uma piscina: 1. Pistas de gelo Em...","protected":false},"author":1,"featured_media":0,"parent":0,"menu_order":5,"comment_status":"closed","ping_status":"closed","template":"","meta":{"_acf_changed":false,"two_page_speed":[],"footnotes":""},"class_list":["post-3393","page","type-page","status-publish","hentry"],"acf":[],"_links":{"self":[{"href":"https:\/\/napapiri.com\/pt-br\/wp-json\/wp\/v2\/pages\/3393","targetHints":{"allow":["GET"]}}],"collection":[{"href":"https:\/\/napapiri.com\/pt-br\/wp-json\/wp\/v2\/pages"}],"about":[{"href":"https:\/\/napapiri.com\/pt-br\/wp-json\/wp\/v2\/types\/page"}],"author":[{"embeddable":true,"href":"https:\/\/napapiri.com\/pt-br\/wp-json\/wp\/v2\/users\/1"}],"replies":[{"embeddable":true,"href":"https:\/\/napapiri.com\/pt-br\/wp-json\/wp\/v2\/comments?post=3393"}],"version-history":[{"count":10,"href":"https:\/\/napapiri.com\/pt-br\/wp-json\/wp\/v2\/pages\/3393\/revisions"}],"predecessor-version":[{"id":5364,"href":"https:\/\/napapiri.com\/pt-br\/wp-json\/wp\/v2\/pages\/3393\/revisions\/5364"}],"wp:attachment":[{"href":"https:\/\/napapiri.com\/pt-br\/wp-json\/wp\/v2\/media?parent=3393"}],"curies":[{"name":"wp","href":"https:\/\/api.w.org\/{rel}","templated":true}]}}