{"id":3255,"date":"2024-05-16T07:43:36","date_gmt":"2024-05-16T06:43:36","guid":{"rendered":"https:\/\/napapiri.com\/contato\/"},"modified":"2025-02-10T18:11:05","modified_gmt":"2025-02-10T17:11:05","slug":"contato","status":"publish","type":"page","link":"https:\/\/napapiri.com\/pt-br\/contato\/","title":{"rendered":"Contato"},"content":{"rendered":"<section class=\"l-section wpb_row us_custom_d3c890bc us_animate_this height_large\"><div class=\"l-section-h i-cf\"><div class=\"g-cols vc_row via_flex valign_top type_default stacking_default\"><div class=\"vc_col-sm-12 wpb_column vc_column_container\"><div class=\"vc_column-inner\"><div class=\"wpb_wrapper\"><div class=\"wpb_text_column bluetitle\"><div class=\"wpb_wrapper\"><h1>As pistas de gelo t\u00eam sido nossa paix\u00e3o desde 1993&#8230;<br \/>\n<em><strong>voc\u00ea \u00e9 o parceiro ideal.<\/strong><\/em><\/h1>\n<\/div><\/div><div class=\"w-btn-wrapper align_none hide_on_mobiles\"><a class=\"w-btn us-btn-style_4 vertslidebut text_none icon_atright\" href=\"#down\" aria-label=\"Button\"><i class=\"far fa-long-arrow-down\"><\/i><\/a><\/div><\/div><\/div><\/div><\/div><\/div><\/section><section class=\"l-section wpb_row us_custom_bf48def1 us_animate_this height_auto\"><div class=\"l-section-h i-cf\"><div class=\"g-cols vc_row via_flex valign_top type_default stacking_default\"><div class=\"vc_col-sm-12 wpb_column vc_column_container\"><div class=\"vc_column-inner\"><div class=\"wpb_wrapper\"><nav class=\"g-breadcrumbs us_custom_f9e185d2 has_text_color separator_icon align_none\" itemscope itemtype=\"http:\/\/schema.org\/BreadcrumbList\"><div class=\"g-breadcrumbs-item\" itemscope itemprop=\"itemListElement\" itemtype=\"http:\/\/schema.org\/ListItem\"><a itemprop=\"item\" href=\"https:\/\/napapiri.com\/pt-br\/\"><span itemprop=\"name\">In\u00edcio<\/span><\/a><meta itemprop=\"position\" content=\"1\"\/><\/div><div class=\"g-breadcrumbs-separator\"><i class=\"far fa-angle-right\"><\/i><\/div><div class=\"g-breadcrumbs-item\">P\u00e1ginas<\/div><\/nav><\/div><\/div><\/div><\/div><\/div><\/section><section class=\"l-section wpb_row us_custom_70f65456 us_animate_this height_huge\" id=\"down\"><div class=\"l-section-h i-cf\"><div class=\"g-cols vc_row via_flex valign_top type_default stacking_default\"><div class=\"vc_col-sm-12 wpb_column vc_column_container\"><div class=\"vc_column-inner\"><div class=\"wpb_wrapper\"><div class=\"wpb_text_column orangetitle\"><div class=\"wpb_wrapper\"><h2><strong>Estamos prontos para<\/strong> <em>para ajudar voc\u00ea.<\/em><\/h2>\n<\/div><\/div><div class=\"w-separator size_small\"><\/div><div class=\"g-cols wpb_row via_flex valign_top type_default stacking_default\"><div class=\"vc_col-sm-6 wpb_column vc_column_container\"><div class=\"vc_column-inner\"><div class=\"wpb_wrapper\"><div class=\"wpb_text_column\"><div class=\"wpb_wrapper\"><p><span>Voc\u00ea tem alguma d\u00favida ou deseja obter mais informa\u00e7\u00f5es sobre nossos produtos e servi\u00e7os? Estamos prontos para ajudar voc\u00ea! Preencha o formul\u00e1rio de contato abaixo ou envie-nos um e-mail, e entraremos em contato com voc\u00ea o mais r\u00e1pido poss\u00edvel. Voc\u00ea tamb\u00e9m pode entrar em contato conosco por telefone durante o hor\u00e1rio comercial.   <\/span><\/p>\n<\/div><\/div><\/div><\/div><\/div><div class=\"vc_col-sm-3 wpb_column vc_column_container\"><div class=\"vc_column-inner\"><div class=\"wpb_wrapper\"><div class=\"w-iconbox iconpos_left style_circle color_primary align_left no_text\"><a href=\"tel:+3216982382\" class=\"w-iconbox-link\" aria-label=\"+32 16 98 23 82\"><div class=\"w-iconbox-icon\" style=\"font-size:1.5rem;\"><i class=\"far fa-phone-alt\"><\/i><\/div><\/a><div class=\"w-iconbox-meta\"><h5 class=\"w-iconbox-title\"><a href=\"tel:+3216982382\" class=\"w-iconbox-link\" aria-label=\"+32 16 98 23 82\">+32 16 98 23 82<\/a><\/h5><\/div><\/div><div class=\"w-separator size_small\"><\/div><div class=\"w-iconbox iconpos_left style_circle color_primary align_left no_text\"><a href=\"mailto:hello@napapiri.com\" class=\"w-iconbox-link\" aria-label=\"hello@napapiri.com\"><div class=\"w-iconbox-icon\" style=\"font-size:1.5rem;\"><i class=\"far fa-envelope\"><\/i><\/div><\/a><div class=\"w-iconbox-meta\"><h5 class=\"w-iconbox-title\"><a href=\"mailto:hello@napapiri.com\" class=\"w-iconbox-link\" aria-label=\"hello@napapiri.com\">hello@napapiri.com<\/a><\/h5><\/div><\/div><\/div><\/div><\/div><div class=\"vc_col-sm-3 wpb_column vc_column_container\"><div class=\"vc_column-inner\"><div class=\"wpb_wrapper\"><div class=\"w-iconbox iconpos_left style_circle color_primary align_left\"><a href=\"https:\/\/wa.me\/+34677481632\" class=\"w-iconbox-link\" aria-label=\"+34 677 48 16 32\" target=\"_blank\" rel=\"noopener\"><div class=\"w-iconbox-icon\" style=\"font-size:1.5rem;\"><i class=\"fab fa-whatsapp\"><\/i><\/div><\/a><div class=\"w-iconbox-meta\"><h5 class=\"w-iconbox-title\"><a href=\"https:\/\/wa.me\/+34677481632\" class=\"w-iconbox-link\" aria-label=\"+34 677 48 16 32\" target=\"_blank\" rel=\"noopener\">+34 677 48 16 32<\/a><\/h5><div class=\"w-iconbox-text\"><p>Voc\u00ea tem uma pergunta urgente dentro do hor\u00e1rio comercial? Sinta-se \u00e0 vontade para nos ligar ou iniciar um bate-papo com um de nossos colegas de trabalho ao vivo.<\/p>\n<\/div><\/div><\/div><\/div><\/div><\/div><\/div><\/div><\/div><\/div><\/div><\/div><\/section><section class=\"l-section wpb_row us_custom_19c26580 us_animate_this height_medium\"><div class=\"l-section-h i-cf\"><div class=\"g-cols vc_row via_flex valign_top type_default stacking_default\"><div class=\"vc_col-sm-12 wpb_column vc_column_container\"><div class=\"vc_column-inner\"><div class=\"wpb_wrapper\"><div class=\"wpb_text_column us_custom_a7692a04 orangetitle has_text_color\"><div class=\"wpb_wrapper\"><h3 style=\"text-align: center;\">Nossa primeira promessa? Uma oferta <em>em 24 horas!<\/em> <\/h3>\n<\/div><\/div><\/div><\/div><\/div><\/div><\/div><\/section>\n\n","protected":false},"excerpt":{"rendered":"As pistas de gelo t\u00eam sido nossa paix\u00e3o desde 1993&#8230; voc\u00ea \u00e9 o parceiro ideal. In\u00edcioP\u00e1ginasEstamos prontos para para ajudar voc\u00ea. Voc\u00ea tem alguma d\u00favida ou deseja obter mais informa\u00e7\u00f5es sobre nossos produtos e servi\u00e7os? Estamos prontos para ajudar voc\u00ea! Preencha o formul\u00e1rio de contato abaixo ou envie-nos um e-mail, e entraremos em contato com...","protected":false},"author":1,"featured_media":0,"parent":0,"menu_order":5,"comment_status":"closed","ping_status":"closed","template":"","meta":{"_acf_changed":false,"two_page_speed":[],"footnotes":""},"class_list":["post-3255","page","type-page","status-publish","hentry"],"acf":[],"_links":{"self":[{"href":"https:\/\/napapiri.com\/pt-br\/wp-json\/wp\/v2\/pages\/3255","targetHints":{"allow":["GET"]}}],"collection":[{"href":"https:\/\/napapiri.com\/pt-br\/wp-json\/wp\/v2\/pages"}],"about":[{"href":"https:\/\/napapiri.com\/pt-br\/wp-json\/wp\/v2\/types\/page"}],"author":[{"embeddable":true,"href":"https:\/\/napapiri.com\/pt-br\/wp-json\/wp\/v2\/users\/1"}],"replies":[{"embeddable":true,"href":"https:\/\/napapiri.com\/pt-br\/wp-json\/wp\/v2\/comments?post=3255"}],"version-history":[{"count":19,"href":"https:\/\/napapiri.com\/pt-br\/wp-json\/wp\/v2\/pages\/3255\/revisions"}],"predecessor-version":[{"id":5400,"href":"https:\/\/napapiri.com\/pt-br\/wp-json\/wp\/v2\/pages\/3255\/revisions\/5400"}],"wp:attachment":[{"href":"https:\/\/napapiri.com\/pt-br\/wp-json\/wp\/v2\/media?parent=3255"}],"curies":[{"name":"wp","href":"https:\/\/api.w.org\/{rel}","templated":true}]}}