{"id":3127,"date":"2024-06-03T14:24:01","date_gmt":"2024-06-03T13:24:01","guid":{"rendered":"https:\/\/napapiri.com\/referencias\/"},"modified":"2025-02-10T18:28:57","modified_gmt":"2025-02-10T17:28:57","slug":"referencias","status":"publish","type":"page","link":"https:\/\/napapiri.com\/pt-br\/referencias\/","title":{"rendered":"Refer\u00eancias"},"content":{"rendered":"<section class=\"l-section wpb_row us_custom_d3c890bc us_animate_this height_large\"><div class=\"l-section-h i-cf\"><div class=\"g-cols vc_row via_flex valign_top type_default stacking_default\"><div class=\"vc_col-sm-12 wpb_column vc_column_container\"><div class=\"vc_column-inner\"><div class=\"wpb_wrapper\"><div class=\"wpb_text_column bluetitle\"><div class=\"wpb_wrapper\"><h1>Nossa experi\u00eancia n\u00e3o tem limites&#8230;<br \/>\n<strong><em>uma vis\u00e3o geral de nossas refer\u00eancias<\/em><\/strong><\/h1>\n<\/div><\/div><div class=\"w-btn-wrapper align_none hide_on_mobiles\"><a class=\"w-btn us-btn-style_4 vertslidebut text_none icon_atright\" href=\"#down\" aria-label=\"Button\"><i class=\"far fa-long-arrow-down\"><\/i><\/a><\/div><\/div><\/div><\/div><\/div><\/div><\/section><section class=\"l-section wpb_row us_custom_bf48def1 us_animate_this height_auto\"><div class=\"l-section-h i-cf\"><div class=\"g-cols vc_row via_flex valign_top type_default stacking_default\"><div class=\"vc_col-sm-12 wpb_column vc_column_container\"><div class=\"vc_column-inner\"><div class=\"wpb_wrapper\"><nav class=\"g-breadcrumbs us_custom_f9e185d2 has_text_color separator_icon align_none\" itemscope itemtype=\"http:\/\/schema.org\/BreadcrumbList\"><div class=\"g-breadcrumbs-item\" itemscope itemprop=\"itemListElement\" itemtype=\"http:\/\/schema.org\/ListItem\"><a itemprop=\"item\" href=\"https:\/\/napapiri.com\/pt-br\/\"><span itemprop=\"name\">In\u00edcio<\/span><\/a><meta itemprop=\"position\" content=\"1\"\/><\/div><div class=\"g-breadcrumbs-separator\"><i class=\"far fa-angle-right\"><\/i><\/div><div class=\"g-breadcrumbs-item\">P\u00e1ginas<\/div><\/nav><\/div><\/div><\/div><\/div><\/div><\/section><section class=\"l-section wpb_row height_large\"><div class=\"l-section-h i-cf\"><div class=\"g-cols vc_row via_flex valign_top type_default stacking_default\"><div class=\"vc_col-sm-12 wpb_column vc_column_container\"><div class=\"vc_column-inner\"><div class=\"wpb_wrapper\"><div class=\"w-gallery us_custom_a518f36e us_animate_this fit_cover type_masonry action_popup_image with_isotope ratio_auto count_9\" style=\"--columns:3;--items-gap:10px;\"><div class=\"w-gallery-list\"><div class=\"w-gallery-item\"><div class=\"w-gallery-item-img\"><img loading=\"lazy\" decoding=\"async\" width=\"1024\" height=\"768\" src=\"https:\/\/napapiri.com\/wp-content\/uploads\/2024\/05\/CD790925-458E-4874-B374-3FBDCE21378F-1024x768.jpg\" class=\"attachment-large size-large\" alt=\"\" srcset=\"https:\/\/napapiri.com\/wp-content\/uploads\/2024\/05\/CD790925-458E-4874-B374-3FBDCE21378F-1024x768.jpg 1024w, https:\/\/napapiri.com\/wp-content\/uploads\/2024\/05\/CD790925-458E-4874-B374-3FBDCE21378F-300x225.jpg 300w, https:\/\/napapiri.com\/wp-content\/uploads\/2024\/05\/CD790925-458E-4874-B374-3FBDCE21378F.jpg 2000w\" sizes=\"auto, (max-width: 1024px) 100vw, 1024px\" title=\"\"><\/div><a class=\"w-gallery-item-link\" aria-label=\"CD790925-458E-4874-B374-3FBDCE21378F\" href=\"https:\/\/napapiri.com\/wp-content\/uploads\/2024\/05\/CD790925-458E-4874-B374-3FBDCE21378F.jpg\"><\/a><\/div><div class=\"w-gallery-item\"><div class=\"w-gallery-item-img\"><img loading=\"lazy\" decoding=\"async\" width=\"1024\" height=\"682\" src=\"https:\/\/napapiri.com\/wp-content\/uploads\/2024\/05\/Permanente-ijsbanen-1024x682.jpg\" class=\"attachment-large size-large\" alt=\"\" srcset=\"https:\/\/napapiri.com\/wp-content\/uploads\/2024\/05\/Permanente-ijsbanen-1024x682.jpg 1024w, https:\/\/napapiri.com\/wp-content\/uploads\/2024\/05\/Permanente-ijsbanen-300x200.jpg 300w, https:\/\/napapiri.com\/wp-content\/uploads\/2024\/05\/Permanente-ijsbanen.jpg 2000w\" sizes=\"auto, (max-width: 1024px) 100vw, 1024px\" title=\"\"><\/div><a class=\"w-gallery-item-link\" aria-label href=\"https:\/\/napapiri.com\/wp-content\/uploads\/2024\/05\/Permanente-ijsbanen.jpg\"><\/a><\/div><div class=\"w-gallery-item\"><div class=\"w-gallery-item-img\"><img loading=\"lazy\" decoding=\"async\" width=\"1024\" height=\"682\" src=\"https:\/\/napapiri.com\/wp-content\/uploads\/2024\/05\/Mobiele-Ijsbaan-1024x682.jpg\" class=\"attachment-large size-large\" alt=\"\" srcset=\"https:\/\/napapiri.com\/wp-content\/uploads\/2024\/05\/Mobiele-Ijsbaan-1024x682.jpg 1024w, https:\/\/napapiri.com\/wp-content\/uploads\/2024\/05\/Mobiele-Ijsbaan-300x200.jpg 300w, https:\/\/napapiri.com\/wp-content\/uploads\/2024\/05\/Mobiele-Ijsbaan.jpg 2000w\" sizes=\"auto, (max-width: 1024px) 100vw, 1024px\" title=\"\"><\/div><a class=\"w-gallery-item-link\" aria-label href=\"https:\/\/napapiri.com\/wp-content\/uploads\/2024\/05\/Mobiele-Ijsbaan.jpg\"><\/a><\/div><div class=\"w-gallery-item\"><div class=\"w-gallery-item-img\"><img loading=\"lazy\" decoding=\"async\" width=\"1024\" height=\"768\" src=\"https:\/\/napapiri.com\/wp-content\/uploads\/2024\/05\/00AB347A-3817-4639-B732-8383A20E6870-1024x768.jpg\" class=\"attachment-large size-large\" alt=\"\" srcset=\"https:\/\/napapiri.com\/wp-content\/uploads\/2024\/05\/00AB347A-3817-4639-B732-8383A20E6870-1024x768.jpg 1024w, https:\/\/napapiri.com\/wp-content\/uploads\/2024\/05\/00AB347A-3817-4639-B732-8383A20E6870-300x225.jpg 300w, https:\/\/napapiri.com\/wp-content\/uploads\/2024\/05\/00AB347A-3817-4639-B732-8383A20E6870.jpg 2000w\" sizes=\"auto, (max-width: 1024px) 100vw, 1024px\" title=\"\"><\/div><a class=\"w-gallery-item-link\" aria-label href=\"https:\/\/napapiri.com\/wp-content\/uploads\/2024\/05\/00AB347A-3817-4639-B732-8383A20E6870.jpg\"><\/a><\/div><div class=\"w-gallery-item\"><div class=\"w-gallery-item-img\"><img loading=\"lazy\" decoding=\"async\" width=\"768\" height=\"1024\" src=\"https:\/\/napapiri.com\/wp-content\/uploads\/2024\/05\/B9DBF3FE-4898-4BFE-8EA2-58936DCF9A28-768x1024.jpg\" class=\"attachment-large size-large\" alt=\"\" srcset=\"https:\/\/napapiri.com\/wp-content\/uploads\/2024\/05\/B9DBF3FE-4898-4BFE-8EA2-58936DCF9A28-768x1024.jpg 768w, https:\/\/napapiri.com\/wp-content\/uploads\/2024\/05\/B9DBF3FE-4898-4BFE-8EA2-58936DCF9A28-225x300.jpg 225w, https:\/\/napapiri.com\/wp-content\/uploads\/2024\/05\/B9DBF3FE-4898-4BFE-8EA2-58936DCF9A28.jpg 1500w\" sizes=\"auto, (max-width: 768px) 100vw, 768px\" title=\"\"><\/div><a class=\"w-gallery-item-link\" aria-label href=\"https:\/\/napapiri.com\/wp-content\/uploads\/2024\/05\/B9DBF3FE-4898-4BFE-8EA2-58936DCF9A28.jpg\"><\/a><\/div><div class=\"w-gallery-item\"><div class=\"w-gallery-item-img\"><img loading=\"lazy\" decoding=\"async\" width=\"1024\" height=\"768\" src=\"https:\/\/napapiri.com\/wp-content\/uploads\/2024\/05\/F48570C1-E470-4EA8-AD19-35A9DC55123A-1024x768.jpg\" class=\"attachment-large size-large\" alt=\"\" srcset=\"https:\/\/napapiri.com\/wp-content\/uploads\/2024\/05\/F48570C1-E470-4EA8-AD19-35A9DC55123A-1024x768.jpg 1024w, https:\/\/napapiri.com\/wp-content\/uploads\/2024\/05\/F48570C1-E470-4EA8-AD19-35A9DC55123A-300x225.jpg 300w, https:\/\/napapiri.com\/wp-content\/uploads\/2024\/05\/F48570C1-E470-4EA8-AD19-35A9DC55123A.jpg 2000w\" sizes=\"auto, (max-width: 1024px) 100vw, 1024px\" title=\"\"><\/div><a class=\"w-gallery-item-link\" aria-label href=\"https:\/\/napapiri.com\/wp-content\/uploads\/2024\/05\/F48570C1-E470-4EA8-AD19-35A9DC55123A.jpg\"><\/a><\/div><div class=\"w-gallery-item\"><div class=\"w-gallery-item-img\"><img loading=\"lazy\" decoding=\"async\" width=\"1024\" height=\"768\" src=\"https:\/\/napapiri.com\/wp-content\/uploads\/2024\/05\/5F7096DF-92A6-4DF3-B549-0CD3398E2B0F-1024x768.jpg\" class=\"attachment-large size-large\" alt=\"\" srcset=\"https:\/\/napapiri.com\/wp-content\/uploads\/2024\/05\/5F7096DF-92A6-4DF3-B549-0CD3398E2B0F-1024x768.jpg 1024w, https:\/\/napapiri.com\/wp-content\/uploads\/2024\/05\/5F7096DF-92A6-4DF3-B549-0CD3398E2B0F-300x225.jpg 300w, https:\/\/napapiri.com\/wp-content\/uploads\/2024\/05\/5F7096DF-92A6-4DF3-B549-0CD3398E2B0F.jpg 2000w\" sizes=\"auto, (max-width: 1024px) 100vw, 1024px\" title=\"\"><\/div><a class=\"w-gallery-item-link\" aria-label href=\"https:\/\/napapiri.com\/wp-content\/uploads\/2024\/05\/5F7096DF-92A6-4DF3-B549-0CD3398E2B0F.jpg\"><\/a><\/div><div class=\"w-gallery-item\"><div class=\"w-gallery-item-img\"><img loading=\"lazy\" decoding=\"async\" width=\"1024\" height=\"768\" src=\"https:\/\/napapiri.com\/wp-content\/uploads\/2024\/05\/1B23E57E-CAC7-4BE1-9CAC-04BB95E72990-1024x768.jpg\" class=\"attachment-large size-large\" alt=\"\" srcset=\"https:\/\/napapiri.com\/wp-content\/uploads\/2024\/05\/1B23E57E-CAC7-4BE1-9CAC-04BB95E72990-1024x768.jpg 1024w, https:\/\/napapiri.com\/wp-content\/uploads\/2024\/05\/1B23E57E-CAC7-4BE1-9CAC-04BB95E72990-300x225.jpg 300w, https:\/\/napapiri.com\/wp-content\/uploads\/2024\/05\/1B23E57E-CAC7-4BE1-9CAC-04BB95E72990.jpg 2000w\" sizes=\"auto, (max-width: 1024px) 100vw, 1024px\" title=\"\"><\/div><a class=\"w-gallery-item-link\" aria-label=\"1B23E57E-CAC7-4BE1-9CAC-04BB95E72990\" href=\"https:\/\/napapiri.com\/wp-content\/uploads\/2024\/05\/1B23E57E-CAC7-4BE1-9CAC-04BB95E72990.jpg\"><\/a><\/div><div class=\"w-gallery-item\"><div class=\"w-gallery-item-img\"><img loading=\"lazy\" decoding=\"async\" width=\"1024\" height=\"768\" src=\"https:\/\/napapiri.com\/wp-content\/uploads\/2024\/05\/5C63A021-DC71-4858-BA18-E36F0BB094FF-1024x768.jpg\" class=\"attachment-large size-large\" alt=\"\" srcset=\"https:\/\/napapiri.com\/wp-content\/uploads\/2024\/05\/5C63A021-DC71-4858-BA18-E36F0BB094FF-1024x768.jpg 1024w, https:\/\/napapiri.com\/wp-content\/uploads\/2024\/05\/5C63A021-DC71-4858-BA18-E36F0BB094FF-300x225.jpg 300w, https:\/\/napapiri.com\/wp-content\/uploads\/2024\/05\/5C63A021-DC71-4858-BA18-E36F0BB094FF.jpg 2000w\" sizes=\"auto, (max-width: 1024px) 100vw, 1024px\" title=\"\"><\/div><a class=\"w-gallery-item-link\" aria-label=\"5C63A021-DC71-4858-BA18-E36F0BB094FF\" href=\"https:\/\/napapiri.com\/wp-content\/uploads\/2024\/05\/5C63A021-DC71-4858-BA18-E36F0BB094FF.jpg\"><\/a><\/div><\/div><\/div><\/div><\/div><\/div><\/div><\/div><\/section><section class=\"l-section wpb_row us_custom_19c26580 us_animate_this height_medium\"><div class=\"l-section-h i-cf\"><div class=\"g-cols vc_row via_flex valign_top type_default stacking_default\"><div class=\"vc_col-sm-12 wpb_column vc_column_container\"><div class=\"vc_column-inner\"><div class=\"wpb_wrapper\"><div class=\"w-hwrapper valign_middle wrap align_justify\"><div class=\"wpb_text_column us_custom_a7692a04 orangetitle has_text_color\"><div class=\"wpb_wrapper\"><h3>Nossa primeira promessa? Uma oferta <em>em 24 horas!<\/em> <\/h3>\n<\/div><\/div><div class=\"w-btn-wrapper align_none\"><a class=\"w-btn us-btn-style_3 us_custom_c097cd2b icon_atright\" href=\"https:\/\/napapiri.com\/contact\/\"><span class=\"w-btn-label\">Solicite uma cota\u00e7\u00e3o<\/span><i class=\"far fa-long-arrow-right\"><\/i><\/a><\/div><\/div><\/div><\/div><\/div><\/div><\/div><\/section>\n\n","protected":false},"excerpt":{"rendered":"Nossa experi\u00eancia n\u00e3o tem limites&#8230; uma vis\u00e3o geral de nossas refer\u00eancias In\u00edcioP\u00e1ginasNossa primeira promessa? Uma oferta em 24 horas! Solicite uma cota\u00e7\u00e3o","protected":false},"author":1,"featured_media":0,"parent":0,"menu_order":0,"comment_status":"closed","ping_status":"closed","template":"","meta":{"_acf_changed":false,"two_page_speed":[],"footnotes":""},"class_list":["post-3127","page","type-page","status-publish","hentry"],"acf":[],"_links":{"self":[{"href":"https:\/\/napapiri.com\/pt-br\/wp-json\/wp\/v2\/pages\/3127","targetHints":{"allow":["GET"]}}],"collection":[{"href":"https:\/\/napapiri.com\/pt-br\/wp-json\/wp\/v2\/pages"}],"about":[{"href":"https:\/\/napapiri.com\/pt-br\/wp-json\/wp\/v2\/types\/page"}],"author":[{"embeddable":true,"href":"https:\/\/napapiri.com\/pt-br\/wp-json\/wp\/v2\/users\/1"}],"replies":[{"embeddable":true,"href":"https:\/\/napapiri.com\/pt-br\/wp-json\/wp\/v2\/comments?post=3127"}],"version-history":[{"count":14,"href":"https:\/\/napapiri.com\/pt-br\/wp-json\/wp\/v2\/pages\/3127\/revisions"}],"predecessor-version":[{"id":5950,"href":"https:\/\/napapiri.com\/pt-br\/wp-json\/wp\/v2\/pages\/3127\/revisions\/5950"}],"wp:attachment":[{"href":"https:\/\/napapiri.com\/pt-br\/wp-json\/wp\/v2\/media?parent=3127"}],"curies":[{"name":"wp","href":"https:\/\/api.w.org\/{rel}","templated":true}]}}