{"id":2959,"date":"2024-05-13T09:02:21","date_gmt":"2024-05-13T08:02:21","guid":{"rendered":"https:\/\/napapiri.com\/politica-de-privacidade\/"},"modified":"2025-01-23T20:23:03","modified_gmt":"2025-01-23T19:23:03","slug":"politica-de-privacidade","status":"publish","type":"page","link":"https:\/\/napapiri.com\/pt-br\/politica-de-privacidade\/","title":{"rendered":"Pol\u00edtica de privacidade"},"content":{"rendered":"<section class=\"l-section wpb_row height_medium\"><div class=\"l-section-h i-cf\"><div class=\"g-cols vc_row via_flex valign_top type_default stacking_default\"><div class=\"vc_col-sm-12 wpb_column vc_column_container\"><div class=\"vc_column-inner\"><div class=\"wpb_wrapper\"><div class=\"wpb_text_column\"><div class=\"wpb_wrapper\"><h1>\nPOL\u00cdTICA DE PRIVACIDADE FUN ON ICE BV<\/h1>\n<p>&#8212;<\/p>\n<h2>Introdu\u00e7\u00e3o<\/h2>\n<p>A FUN ON ICE BV, localizada em Philipssite 5 Bus 1, 3001 Heverlee, B\u00e9lgica, valoriza a privacidade dos visitantes de seu site www.napapiri.com (doravante denominado &#8220;o site&#8221;). Nesta Pol\u00edtica de Privacidade, explicamos como lidamos com seus dados pessoais, quais dados coletamos, para quais finalidades usamos esses dados e como protegemos seus dados. Ao usar nosso Site, voc\u00ea concorda com a coleta e o uso de seus dados pessoais conforme descrito nesta Pol\u00edtica de Privacidade. &#8212; <\/p>\n<p><strong>Artigo 1 &#8211; Controlador de dados<\/strong><\/p>\n<p>1.1 A FUN ON ICE BV \u00e9 a controladora do processamento de dados pessoais, conforme descrito nesta Pol\u00edtica de Privacidade. 1.2 Em caso de d\u00favidas sobre esta Pol\u00edtica de Privacidade, entre em contato com:<\/p>\n<p>FUN ON ICE BV Philipssite 5 Bus 1 hello@napapiri.com +32 (0)16 98 23 82 https:\/\/www.napapiri.com &#8212;<\/p>\n<p><strong>Artigo 2 &#8211; Quais dados coletamos?<\/strong><\/p>\n<p>A FUN ON ICE BV poder\u00e1 coletar e processar os seguintes dados pessoais quando voc\u00ea visitar o site ou entrar em contato conosco:<\/p>\n<p>&#8211; Nome &#8211; Endere\u00e7o de e-mail &#8211; N\u00famero de telefone &#8212;.<\/p>\n<p>&nbsp;<\/p>\n<p><strong>Artigo 3 &#8211; Objetivos do processamento de dados<\/strong><\/p>\n<p>Os dados pessoais que coletamos s\u00e3o usados somente para as seguintes finalidades: 3.1 Solicita\u00e7\u00f5es de contato Quando voc\u00ea entra em contato conosco pelo Site (por exemplo, por meio de um formul\u00e1rio de contato ou e-mail), processamos seus dados para responder \u00e0 sua pergunta ou processar sua solicita\u00e7\u00e3o.<br \/>\n3.2 An\u00e1lise do uso do site Coletamos dados para entender o uso do Site e para melhorar nossos servi\u00e7os. Isso \u00e9 feito, em parte, por meio da an\u00e1lise do comportamento do visitante, como o n\u00famero de visualiza\u00e7\u00f5es de p\u00e1gina e o tempo de visita.<br \/>\n3.3 Boletins informativos e marketing Se voc\u00ea se inscreveu para receber nosso boletim informativo, usaremos seu endere\u00e7o de e-mail para mant\u00ea-lo informado sobre not\u00edcias, produtos e servi\u00e7os da FUN ON ICE BV. Voc\u00ea pode cancelar a assinatura desses boletins informativos a qualquer momento por meio do link de cancelamento de assinatura nos e-mails. &#8212;<\/p>\n<p><strong>Artigo 4 &#8211; Base legal para o processamento<\/strong><\/p>\n<p>Processamos seus dados pessoais com base nos seguintes fundamentos legais: &#8211; Consentimento: buscamos o seu consentimento para enviar boletins informativos e mensagens de marketing. &#8211; Execu\u00e7\u00e3o de um contrato: se voc\u00ea entrar em contato conosco para obter informa\u00e7\u00f5es sobre produtos ou servi\u00e7os, processaremos seus dados para atender \u00e0 sua solicita\u00e7\u00e3o. &#8211; Interesse leg\u00edtimo: Processamos determinados dados pessoais para garantir e melhorar a funcionalidade do nosso site e para adaptar nossos servi\u00e7os \u00e0s necessidades dos usu\u00e1rios. &#8212;<\/p>\n<p><strong>Artigo 5 &#8211; Compartilhamento de dados pessoais<\/strong><\/p>\n<p>A FUN ON ICE BV n\u00e3o vende seus dados pessoais a terceiros. No entanto, podemos compartilhar seus dados pessoais com as seguintes partes exclusivamente para os fins listados acima: &#8211; Provedores de servi\u00e7os que nos ajudam a prestar nossos servi\u00e7os (por exemplo, provedores de hospedagem ou sistemas de envio de e-mail). &#8211; Ferramentas anal\u00edticas (por exemplo, Google Analytics) para melhorar nosso site. &#8211; \u00d3rg\u00e3os governamentais ou reguladores, se formos obrigados a faz\u00ea-lo por lei. &#8212; <\/p>\n<p><strong>Artigo 6 &#8211; Per\u00edodo de reten\u00e7\u00e3o<\/strong><\/p>\n<p>N\u00e3o reteremos seus dados pessoais por mais tempo do que o necess\u00e1rio para as finalidades para as quais processamos seus dados. Se exigido por lei, manteremos determinados dados por mais tempo (por exemplo, para obriga\u00e7\u00f5es fiscais ou administrativas). &#8212; <\/p>\n<p><strong>Artigo 7 &#8211; Seguran\u00e7a dos dados<\/strong><\/p>\n<p>A FUN ON ICE BV toma medidas t\u00e9cnicas e organizacionais apropriadas para proteger seus dados pessoais contra perda, uso indevido, acesso n\u00e3o autorizado, divulga\u00e7\u00e3o, altera\u00e7\u00e3o ou destrui\u00e7\u00e3o. &#8211; Usamos tecnologias de criptografia e servidores seguros para proteger seus dados. &#8211; O acesso aos seus dados \u00e9 restrito a indiv\u00edduos autorizados em nossa empresa. &#8212;<\/p>\n<p><strong>Artigo 8 &#8211; Seus direitos<\/strong><\/p>\n<p>Voc\u00ea tem o direito de: &#8211; Acessar seus dados pessoais que processamos. &#8211; Solicitar a corre\u00e7\u00e3o ou a exclus\u00e3o de seus dados se eles estiverem imprecisos ou n\u00e3o forem mais relevantes. &#8211; Solicitar a restri\u00e7\u00e3o do processamento se voc\u00ea tiver d\u00favidas sobre a precis\u00e3o dos dados ou a legalidade do processamento. &#8211; Objetar ao processamento de seus dados com base em interesses leg\u00edtimos. &#8211; Retirar seu consentimento para receber mensagens de marketing (por meio do link de cancelamento de inscri\u00e7\u00e3o em nossos e-mails). Envie suas solicita\u00e7\u00f5es para hello@napapiri.com. Responderemos \u00e0 sua solicita\u00e7\u00e3o o mais r\u00e1pido poss\u00edvel, mas, no m\u00e1ximo, em quatro semanas. &#8212;<\/p>\n<p>&nbsp;<\/p>\n<p><strong>Artigo 9 &#8211; Cookies<\/strong><\/p>\n<p>Nosso site usa cookies para melhorar a experi\u00eancia do usu\u00e1rio e para coletar estat\u00edsticas an\u00f4nimas sobre o uso do site. Consulte nossa pol\u00edtica de cookies para obter mais informa\u00e7\u00f5es sobre o uso de cookies. &#8212; <\/p>\n<p><strong>Artigo 10 &#8211; Altera\u00e7\u00f5es na Pol\u00edtica de Privacidade<\/strong><\/p>\n<p>A FUN ON ICE BV reserva-se o direito de alterar esta Pol\u00edtica de Privacidade. Quaisquer altera\u00e7\u00f5es ser\u00e3o publicadas nesta p\u00e1gina. Recomendamos que voc\u00ea verifique esta p\u00e1gina regularmente para obter a vers\u00e3o mais recente da nossa Pol\u00edtica de Privacidade. &#8212;  <\/p>\n<p><strong>Artigo 11 &#8211; Contato<\/strong><\/p>\n<p>Se voc\u00ea tiver alguma d\u00favida sobre esta Pol\u00edtica de Privacidade ou sobre como processamos seus dados, entre em contato conosco:<\/p>\n<p>FUN ON ICE BV Philipssite 5 Bus 1 hello@napapiri.com<\/p>\n<p><a href=\"tel:+3216982382\">+32 (0)16 98 23 82<\/a><br \/>\n<a href=\"https:\/\/www.napapiri.com\" target=\"_blank\" rel=\"noopener\">https:\/\/www.napapiri.com<\/a><\/p>\n<p>&#8212; Deze Privacy Policy is voor het laatst bijgewerkt op 1 oktober 2024.<\/p>\n<\/div><\/div><\/div><\/div><\/div><\/div><\/div><\/section>\n","protected":false},"excerpt":{"rendered":"POL\u00cdTICA DE PRIVACIDADE FUN ON ICE BV &#8212; Introdu\u00e7\u00e3o A FUN ON ICE BV, localizada em Philipssite 5 Bus 1, 3001 Heverlee, B\u00e9lgica, valoriza a privacidade dos visitantes de seu site www.napapiri.com (doravante denominado &#8220;o site&#8221;). Nesta Pol\u00edtica de Privacidade, explicamos como lidamos com seus dados pessoais, quais dados coletamos, para quais finalidades usamos esses...","protected":false},"author":1,"featured_media":0,"parent":0,"menu_order":1,"comment_status":"closed","ping_status":"open","template":"","meta":{"_acf_changed":false,"two_page_speed":[],"footnotes":""},"class_list":["post-2959","page","type-page","status-publish","hentry"],"acf":[],"_links":{"self":[{"href":"https:\/\/napapiri.com\/pt-br\/wp-json\/wp\/v2\/pages\/2959","targetHints":{"allow":["GET"]}}],"collection":[{"href":"https:\/\/napapiri.com\/pt-br\/wp-json\/wp\/v2\/pages"}],"about":[{"href":"https:\/\/napapiri.com\/pt-br\/wp-json\/wp\/v2\/types\/page"}],"author":[{"embeddable":true,"href":"https:\/\/napapiri.com\/pt-br\/wp-json\/wp\/v2\/users\/1"}],"replies":[{"embeddable":true,"href":"https:\/\/napapiri.com\/pt-br\/wp-json\/wp\/v2\/comments?post=2959"}],"version-history":[{"count":5,"href":"https:\/\/napapiri.com\/pt-br\/wp-json\/wp\/v2\/pages\/2959\/revisions"}],"predecessor-version":[{"id":2967,"href":"https:\/\/napapiri.com\/pt-br\/wp-json\/wp\/v2\/pages\/2959\/revisions\/2967"}],"wp:attachment":[{"href":"https:\/\/napapiri.com\/pt-br\/wp-json\/wp\/v2\/media?parent=2959"}],"curies":[{"name":"wp","href":"https:\/\/api.w.org\/{rel}","templated":true}]}}