{"id":4204,"date":"2024-05-16T07:43:35","date_gmt":"2024-05-16T06:43:35","guid":{"rendered":"https:\/\/napapiri.com\/durabilite\/"},"modified":"2025-02-11T10:54:17","modified_gmt":"2025-02-11T09:54:17","slug":"durabilite","status":"publish","type":"page","link":"https:\/\/napapiri.com\/fr\/durabilite\/","title":{"rendered":"Durabilit\u00e9"},"content":{"rendered":"<section class=\"l-section wpb_row us_custom_d3c890bc us_animate_this height_large\"><div class=\"l-section-h i-cf\"><div class=\"g-cols vc_row via_flex valign_top type_default stacking_default\"><div class=\"vc_col-sm-12 wpb_column vc_column_container\"><div class=\"vc_column-inner\"><div class=\"wpb_wrapper\"><div class=\"wpb_text_column bluetitle\"><div class=\"wpb_wrapper\"><h1>Solutions \u00e9cologiques<br \/>\n<em><strong>pour des patinoires durables<\/strong><\/em><\/h1>\n<\/div><\/div><div class=\"w-btn-wrapper align_none hide_on_mobiles\"><a class=\"w-btn us-btn-style_4 vertslidebut text_none icon_atright\" href=\"#down\" aria-label=\"Button\"><i class=\"far fa-long-arrow-down\"><\/i><\/a><\/div><\/div><\/div><\/div><\/div><\/div><\/section><section class=\"l-section wpb_row us_custom_2901b1ff us_animate_this height_auto with_video\"><div id=\"us_bg_video_g4c2\" class=\"l-section-video\"><script id=\"us_bg_video_g4c2-script\">!function(w){var node = document.getElementById( 'us_bg_video_g4c2' );if ( w.innerWidth <= 600 ) { node.remove() }}(window);<\/script><style>@media(max-width:600px){#us_bg_video_g4c2{display:none!important}}<\/style><video  autoplay loop muted playsinline preload=\"auto\" tabindex=\"-1\"><source type=\"video\/mp4\" src=\"\/wp-content\/uploads\/2024\/08\/DUURZAAMHEID-Video-bovenaan.mp4\" \/><\/video><\/div><div class=\"l-section-h i-cf\"><div class=\"g-cols vc_row via_flex valign_top type_default stacking_default\"><div class=\"vc_col-sm-12 wpb_column vc_column_container\"><div class=\"vc_column-inner\"><div class=\"wpb_wrapper\"><\/div><\/div><\/div><\/div><\/div><\/section><section class=\"l-section wpb_row us_custom_bf48def1 us_animate_this height_auto\"><div class=\"l-section-h i-cf\"><div class=\"g-cols vc_row via_flex valign_top type_default stacking_default\"><div class=\"vc_col-sm-12 wpb_column vc_column_container\"><div class=\"vc_column-inner\"><div class=\"wpb_wrapper\"><nav class=\"g-breadcrumbs us_custom_f9e185d2 has_text_color separator_icon align_none\" itemscope itemtype=\"http:\/\/schema.org\/BreadcrumbList\"><div class=\"g-breadcrumbs-item\" itemscope itemprop=\"itemListElement\" itemtype=\"http:\/\/schema.org\/ListItem\"><a itemprop=\"item\" href=\"https:\/\/napapiri.com\/fr\/\"><span itemprop=\"name\">Accueil<\/span><\/a><meta itemprop=\"position\" content=\"1\"\/><\/div><div class=\"g-breadcrumbs-separator\"><i class=\"far fa-angle-right\"><\/i><\/div><div class=\"g-breadcrumbs-item\">Pages<\/div><\/nav><\/div><\/div><\/div><\/div><\/div><\/section><section class=\"l-section wpb_row us_custom_70f65456 us_animate_this height_huge\" id=\"down\"><div class=\"l-section-h i-cf\"><div class=\"g-cols vc_row via_flex valign_top type_default stacking_default\"><div class=\"vc_col-sm-12 wpb_column vc_column_container\"><div class=\"vc_column-inner\"><div class=\"wpb_wrapper\"><div class=\"wpb_text_column orangetitle\"><div class=\"wpb_wrapper\"><h2>Patinoires \u00e0 haut rendement \u00e9nerg\u00e9tique<br \/>\n<strong><em>r\u00e9duit l&rsquo;impact sur l&rsquo;environnement<br \/>\n<\/em><\/strong><\/h2>\n<\/div><\/div><div class=\"w-separator size_small\"><\/div><div class=\"g-cols wpb_row via_flex valign_top type_default stacking_default\"><div class=\"vc_col-sm-6 wpb_column vc_column_container\"><div class=\"vc_column-inner\"><div class=\"wpb_wrapper\"><div class=\"wpb_text_column\"><div class=\"wpb_wrapper\"><p><span style=\"font-weight: 400;\">Pour nous, le d\u00e9veloppement durable est au c\u0153ur du processus de fabrication des patinoires. Nous utilisons des mat\u00e9riaux respectueux de l&rsquo;environnement et des m\u00e9thodes de production \u00e0 faible consommation d&rsquo;\u00e9nergie afin de minimiser notre empreinte carbone.   <\/span><\/p>\n<\/div><\/div><\/div><\/div><\/div><div class=\"vc_col-sm-6 wpb_column vc_column_container\"><div class=\"vc_column-inner\"><div class=\"wpb_wrapper\"><div class=\"wpb_text_column\"><div class=\"wpb_wrapper\"><p><span style=\"font-weight: 400;\">Nos patinoires sont con\u00e7ues dans un souci de long\u00e9vit\u00e9 et de r\u00e9utilisation, contribuant ainsi \u00e0 un avenir plus durable. En choisissant nos patinoires durables, vous investissez dans un produit qui optimise \u00e0 la fois les performances et l&rsquo;impact sur l&rsquo;environnement. <\/span><\/p>\n<\/div><\/div><\/div><\/div><\/div><\/div><div class=\"w-separator size_medium\"><\/div><div class=\"w-btn-wrapper align_none\"><a class=\"w-btn us-btn-style_1 icon_atright\" href=\"https:\/\/napapiri.com\/fr\/contact\/\"><span class=\"w-btn-label\">Demande de devis<\/span><i class=\"fal fa-long-arrow-right\"><\/i><\/a><\/div><\/div><\/div><\/div><\/div><\/div><\/section><section class=\"l-section wpb_row us_custom_b03640aa height_large\"><div class=\"l-section-h i-cf\"><div class=\"g-cols vc_row via_flex valign_top type_default stacking_default\" style=\"--additional-gap:20px;\"><div class=\"vc_col-sm-6 wpb_column vc_column_container biggerbuttons\"><div class=\"vc_column-inner\"><div class=\"wpb_wrapper\"><div class=\"g-cols wpb_row us_custom_33b7f840 nosidepad us_animate_this via_flex valign_top type_default stacking_default\" id=\"huur\"><div class=\"vc_col-sm-12 wpb_column vc_column_container\"><div class=\"vc_column-inner\"><div class=\"wpb_wrapper\"><div class=\"wpb_text_column us_custom_27bf712a bluetitle\"><div class=\"wpb_wrapper\"><h4>Fabrication \u00e0 partir d&rsquo;une <em>\u00e9nergie 100 % verte<\/em><\/h4>\n<\/div><\/div><div class=\"wpb_text_column us_custom_42827c34\"><div class=\"wpb_wrapper\"><p><span style=\"font-weight: 400;\">Chez Napapiri, nous nous engageons en faveur de l&rsquo;environnement en n&rsquo;utilisant que de <strong>l&rsquo;\u00e9nergie<\/strong> certifi\u00e9e <strong>\u00e9cologique pour<\/strong> la fabrication de nos patinoires. Cette approche minimise notre impact sur l&rsquo;environnement et contribue \u00e0 un avenir durable, tout en continuant \u00e0 fournir des produits de haute qualit\u00e9. <\/span><\/p>\n<\/div><\/div><div class=\"w-image has_ratio align_none\"><div class=\"w-image-h\"><div style=\"padding-bottom:37.5%\"><\/div><img decoding=\"async\" width=\"1000\" height=\"667\" src=\"https:\/\/napapiri.com\/wp-content\/uploads\/2024\/08\/DUURZAAMHEID-Fabricage-met-100.jpg\" class=\"attachment-large size-large\" alt=\"\" loading=\"lazy\" title=\"\"><\/div><\/div><\/div><\/div><\/div><\/div><div class=\"w-separator size_medium\"><\/div><\/div><\/div><\/div><div class=\"vc_col-sm-6 wpb_column vc_column_container\"><div class=\"vc_column-inner\"><div class=\"wpb_wrapper\"><div class=\"g-cols wpb_row us_custom_ed8ec0df nosidepad us_animate_this via_flex valign_top type_default stacking_default\" id=\"huur\"><div class=\"vc_col-sm-12 wpb_column vc_column_container\"><div class=\"vc_column-inner\"><div class=\"wpb_wrapper\"><div class=\"wpb_text_column us_custom_27bf712a bluetitle\"><div class=\"wpb_wrapper\"><h4><em>Surface de glace<\/em> enti\u00e8rement <em>recyclable<\/em><\/h4>\n<\/div><\/div><div class=\"wpb_text_column us_custom_42827c34\"><div class=\"wpb_wrapper\"><p><span style=\"font-weight: 400;\">Nos sols EPDM pour la glace sont enti\u00e8rement <strong>recyclables<\/strong>, ce qui contribue \u00e0 une solution durable et respectueuse de l&rsquo;environnement. Ces sols sont con\u00e7us pour \u00eatre r\u00e9utilisables, de sorte qu&rsquo;ils peuvent \u00eatre facilement \u00e9limin\u00e9s \u00e0 la fin de leur vie utile, ce qui r\u00e9duit l&rsquo;impact sur l&rsquo;environnement. <\/span><\/p>\n<\/div><\/div><div class=\"w-image has_ratio align_none\"><div class=\"w-image-h\"><div style=\"padding-bottom:37.5%\"><\/div><img decoding=\"async\" width=\"1024\" height=\"768\" src=\"https:\/\/napapiri.com\/wp-content\/uploads\/2024\/08\/DUURZAAMHEID-Volledig-recycleerbare-ijsvloer-1024x768.jpg\" class=\"attachment-large size-large\" alt=\"\" loading=\"lazy\" title=\"\"><\/div><\/div><\/div><\/div><\/div><\/div><div class=\"w-separator size_medium\"><\/div><\/div><\/div><\/div><div class=\"vc_col-sm-6 wpb_column vc_column_container\"><div class=\"vc_column-inner\"><div class=\"wpb_wrapper\"><div class=\"g-cols wpb_row us_custom_33b7f840 nosidepad us_animate_this via_flex valign_top type_default stacking_default\" id=\"huur\"><div class=\"vc_col-sm-12 wpb_column vc_column_container\"><div class=\"vc_column-inner\"><div class=\"wpb_wrapper\"><div class=\"wpb_text_column us_custom_27bf712a bluetitle\"><div class=\"wpb_wrapper\"><h4>Cl\u00f4ture avec <em>certification foresti\u00e8re<\/em><\/h4>\n<\/div><\/div><div class=\"wpb_text_column us_custom_42827c34\"><div class=\"wpb_wrapper\"><p><span style=\"font-weight: 400;\">Pour nos cl\u00f4tures, nous n&rsquo;utilisons que du bois provenant d&rsquo;arbres r\u00e9colt\u00e9s dans le cadre d&rsquo;une gestion durable des for\u00eats, certifi\u00e9e par le PEFC. Cette certification garantit que le bois provient de for\u00eats bien g\u00e9r\u00e9es qui r\u00e9pondent \u00e0 des normes environnementales strictes. En choisissant du bois certifi\u00e9 PEFC, nous contribuons \u00e0 la conservation des for\u00eats et \u00e0 la protection de la biodiversit\u00e9, tout en fournissant des <strong>cl\u00f4tures durables<\/strong> et de haute qualit\u00e9.  <\/span><\/p>\n<\/div><\/div><div class=\"w-image has_ratio align_none\"><div class=\"w-image-h\"><div style=\"padding-bottom:37.5%\"><\/div><img decoding=\"async\" width=\"1024\" height=\"683\" src=\"https:\/\/napapiri.com\/wp-content\/uploads\/2024\/08\/DUURZAAMHEID-Omheining-met-boscertificering-1024x683.jpg\" class=\"attachment-large size-large\" alt=\"\" loading=\"lazy\" title=\"\"><\/div><\/div><\/div><\/div><\/div><\/div><div class=\"w-separator size_medium\"><\/div><\/div><\/div><\/div><div class=\"vc_col-sm-6 wpb_column vc_column_container\"><div class=\"vc_column-inner\"><div class=\"wpb_wrapper\"><div class=\"g-cols wpb_row us_custom_ed8ec0df nosidepad us_animate_this via_flex valign_top type_default stacking_default\" id=\"huur\"><div class=\"vc_col-sm-12 wpb_column vc_column_container\"><div class=\"vc_column-inner\"><div class=\"wpb_wrapper\"><div class=\"wpb_text_column us_custom_27bf712a bluetitle\"><div class=\"wpb_wrapper\"><h4>Derni\u00e8re <em>technologie de refroidissement<\/em><\/h4>\n<\/div><\/div><div class=\"wpb_text_column us_custom_42827c34\"><div class=\"wpb_wrapper\"><p><span style=\"font-weight: 400;\">Nos<strong> refroidisseurs<\/strong> \u00e9voluent en permanence et sont mis \u00e0 jour chaque ann\u00e9e en fonction des derni\u00e8res directives en mati\u00e8re d&rsquo;efficacit\u00e9 \u00e9nerg\u00e9tique durable. Ces am\u00e9liorations continues garantissent que nos syst\u00e8mes respectent non seulement les normes environnementales les plus strictes, mais contribuent \u00e9galement \u00e0 une r\u00e9duction significative de la consommation d&rsquo;\u00e9nergie et des co\u00fbts d&rsquo;exploitation.   <\/span><\/p>\n<\/div><\/div><div class=\"w-image has_ratio align_none\"><div class=\"w-image-h\"><div style=\"padding-bottom:37.5%\"><\/div><img decoding=\"async\" width=\"1024\" height=\"531\" src=\"https:\/\/napapiri.com\/wp-content\/uploads\/2024\/08\/DUURZAAMHEID-Nieuwste-koeltechnologie-1024x531.jpg\" class=\"attachment-large size-large\" alt=\"\" loading=\"lazy\" title=\"\"><\/div><\/div><\/div><\/div><\/div><\/div><div class=\"w-separator size_medium\"><\/div><\/div><\/div><\/div><div class=\"vc_col-sm-6 wpb_column vc_column_container\"><div class=\"vc_column-inner\"><div class=\"wpb_wrapper\"><div class=\"g-cols wpb_row us_custom_33b7f840 nosidepad us_animate_this via_flex valign_top type_default stacking_default\" id=\"huur\"><div class=\"vc_col-sm-12 wpb_column vc_column_container\"><div class=\"vc_column-inner\"><div class=\"wpb_wrapper\"><div class=\"wpb_text_column us_custom_27bf712a bluetitle\"><div class=\"wpb_wrapper\"><h4>Une <em>performance de refroidissement<\/em> exceptionnelle<\/h4>\n<\/div><\/div><div class=\"wpb_text_column us_custom_42827c34\"><div class=\"wpb_wrapper\"><p><span style=\"font-weight: 400;\">Notre surface de glace est \u00e9quip\u00e9e d&rsquo;un syst\u00e8me de tuyaux avanc\u00e9 qui offre le transfert d&rsquo;\u00e9nergie le plus efficace au monde gr\u00e2ce \u00e0 sa densit\u00e9 exceptionnelle. Cette conception innovante minimise les pertes d&rsquo;\u00e9nergie et optimise la maintenance, garantissant une surface de glace parfaite et constante. La grande efficacit\u00e9 de notre syst\u00e8me permet de maintenir les co\u00fbts d&rsquo;exploitation \u00e0 un niveau peu \u00e9lev\u00e9 et garantit d&rsquo;excellentes performances, m\u00eame \u00e0 des temp\u00e9ratures o\u00f9 d&rsquo;autres syst\u00e8mes \u00e9choueraient et o\u00f9 la glace fondrait.  <\/span><\/p>\n<\/div><\/div><div class=\"w-image has_ratio align_none\"><div class=\"w-image-h\"><div style=\"padding-bottom:37.5%\"><\/div><img decoding=\"async\" width=\"1024\" height=\"765\" src=\"https:\/\/napapiri.com\/wp-content\/uploads\/2024\/08\/DUURZAAMHEID-Uitzonderlijke-koelprestaties-1024x765.jpg\" class=\"attachment-large size-large\" alt=\"\" loading=\"lazy\" title=\"\"><\/div><\/div><\/div><\/div><\/div><\/div><div class=\"w-separator size_medium\"><\/div><\/div><\/div><\/div><div class=\"vc_col-sm-6 wpb_column vc_column_container\"><div class=\"vc_column-inner\"><div class=\"wpb_wrapper\"><div class=\"g-cols wpb_row us_custom_ed8ec0df nosidepad us_animate_this via_flex valign_top type_default stacking_default\" id=\"huur\"><div class=\"vc_col-sm-12 wpb_column vc_column_container\"><div class=\"vc_column-inner\"><div class=\"wpb_wrapper\"><div class=\"wpb_text_column us_custom_27bf712a bluetitle\"><div class=\"wpb_wrapper\"><h4><em>Recyclage de<\/em> l&rsquo;eau<\/h4>\n<\/div><\/div><div class=\"wpb_text_column us_custom_42827c34\"><div class=\"wpb_wrapper\"><p><span style=\"font-weight: 400;\">La r\u00e9cup\u00e9ration de l&rsquo;eau apr\u00e8s la fonte de la glace sur nos patinoires est une option respectueuse de l&rsquo;environnement qui r\u00e9duit le gaspillage de l&rsquo;eau. Cette r\u00e9utilisation contribue \u00e0 la gestion durable des ressources naturelles et minimise l&rsquo;impact sur l&rsquo;environnement. En collectant et en r\u00e9utilisant la glace fondue, nous assurons une approche efficace et responsable de l&rsquo;entretien de nos patinoires.  <\/span><\/p>\n<\/div><\/div><div class=\"w-image has_ratio align_none\"><div class=\"w-image-h\"><div style=\"padding-bottom:37.5%\"><\/div><img decoding=\"async\" width=\"1024\" height=\"400\" src=\"https:\/\/napapiri.com\/wp-content\/uploads\/2024\/08\/DUURZAAMHEID-Water-recyclage-1024x400.jpg\" class=\"attachment-large size-large\" alt=\"\" loading=\"lazy\" title=\"\"><\/div><\/div><\/div><\/div><\/div><\/div><div class=\"w-separator size_medium\"><\/div><\/div><\/div><\/div><\/div><\/div><\/section><section class=\"l-section wpb_row us_custom_19c26580 us_animate_this height_medium\"><div class=\"l-section-h i-cf\"><div class=\"g-cols vc_row via_flex valign_top type_default stacking_default\"><div class=\"vc_col-sm-12 wpb_column vc_column_container\"><div class=\"vc_column-inner\"><div class=\"wpb_wrapper\"><div class=\"w-hwrapper valign_middle wrap align_justify\"><div class=\"wpb_text_column us_custom_a7692a04 orangetitle has_text_color\"><div class=\"wpb_wrapper\"><h3>Notre premi\u00e8re promesse ? Une offre <em>dans les 24 heures !<\/em> <\/h3>\n<\/div><\/div><div class=\"w-btn-wrapper align_none\"><a class=\"w-btn us-btn-style_3 us_custom_c097cd2b icon_atright\" href=\"https:\/\/napapiri.com\/fr\/?page_id=3275\"><span class=\"w-btn-label\">Demande de devis<\/span><i class=\"far fa-long-arrow-right\"><\/i><\/a><\/div><\/div><\/div><\/div><\/div><\/div><\/div><\/section>\n\n","protected":false},"excerpt":{"rendered":"Solutions \u00e9cologiques pour des patinoires durables AccueilPagesPatinoires \u00e0 haut rendement \u00e9nerg\u00e9tique r\u00e9duit l&rsquo;impact sur l&rsquo;environnement Pour nous, le d\u00e9veloppement durable est au c\u0153ur du processus de fabrication des patinoires. Nous utilisons des mat\u00e9riaux respectueux de l&rsquo;environnement et des m\u00e9thodes de production \u00e0 faible consommation d&rsquo;\u00e9nergie afin de minimiser notre empreinte carbone. Nos patinoires sont con\u00e7ues...","protected":false},"author":1,"featured_media":0,"parent":0,"menu_order":5,"comment_status":"closed","ping_status":"closed","template":"","meta":{"_acf_changed":false,"two_page_speed":[],"footnotes":""},"class_list":["post-4204","page","type-page","status-publish","hentry"],"acf":[],"_links":{"self":[{"href":"https:\/\/napapiri.com\/fr\/wp-json\/wp\/v2\/pages\/4204","targetHints":{"allow":["GET"]}}],"collection":[{"href":"https:\/\/napapiri.com\/fr\/wp-json\/wp\/v2\/pages"}],"about":[{"href":"https:\/\/napapiri.com\/fr\/wp-json\/wp\/v2\/types\/page"}],"author":[{"embeddable":true,"href":"https:\/\/napapiri.com\/fr\/wp-json\/wp\/v2\/users\/1"}],"replies":[{"embeddable":true,"href":"https:\/\/napapiri.com\/fr\/wp-json\/wp\/v2\/comments?post=4204"}],"version-history":[{"count":15,"href":"https:\/\/napapiri.com\/fr\/wp-json\/wp\/v2\/pages\/4204\/revisions"}],"predecessor-version":[{"id":6595,"href":"https:\/\/napapiri.com\/fr\/wp-json\/wp\/v2\/pages\/4204\/revisions\/6595"}],"wp:attachment":[{"href":"https:\/\/napapiri.com\/fr\/wp-json\/wp\/v2\/media?parent=4204"}],"curies":[{"name":"wp","href":"https:\/\/api.w.org\/{rel}","templated":true}]}}