{"id":3425,"date":"2024-05-16T07:43:35","date_gmt":"2024-05-16T06:43:35","guid":{"rendered":"https:\/\/napapiri.com\/prix\/"},"modified":"2025-02-11T10:58:19","modified_gmt":"2025-02-11T09:58:20","slug":"prix","status":"publish","type":"page","link":"https:\/\/napapiri.com\/fr\/prix\/","title":{"rendered":"Prix"},"content":{"rendered":"<section class=\"l-section wpb_row us_custom_d3c890bc us_animate_this height_large\"><div class=\"l-section-h i-cf\"><div class=\"g-cols vc_row via_flex valign_top type_default stacking_default\"><div class=\"vc_col-sm-12 wpb_column vc_column_container\"><div class=\"vc_column-inner\"><div class=\"wpb_wrapper\"><div class=\"wpb_text_column bluetitle\"><div class=\"wpb_wrapper\"><h1>Louez ou achetez votre patinoire !<br \/>\n<em><strong>Choisissez la meilleure option en fonction de votre budget<\/strong><\/em><\/h1>\n<\/div><\/div><div class=\"w-btn-wrapper align_none hide_on_mobiles\"><a class=\"w-btn us-btn-style_4 vertslidebut text_none icon_atright\" href=\"#down\" aria-label=\"Button\"><i class=\"far fa-long-arrow-down\"><\/i><\/a><\/div><div class=\"w-separator size_medium\"><\/div><div class=\"w-btn-wrapper align_none\"><a class=\"w-btn us-btn-style_1 icon_atright\" href=\"#down\"><span class=\"w-btn-label\">Louer<\/span><i class=\"fas fa-long-arrow-right\"><\/i><\/a><\/div><div class=\"w-btn-wrapper align_none\"><a class=\"w-btn us-btn-style_1 icon_atright\" href=\"#prijs2\"><span class=\"w-btn-label\">Acheter<\/span><i class=\"fas fa-long-arrow-right\"><\/i><\/a><\/div><div class=\"w-btn-wrapper align_none\"><a class=\"w-btn us-btn-style_1 icon_atright\" href=\"#prijs3\"><span class=\"w-btn-label\">Leasing<\/span><i class=\"fas fa-long-arrow-right\"><\/i><\/a><\/div><\/div><\/div><\/div><\/div><\/div><\/section><section class=\"l-section wpb_row us_custom_98c2a343 us_animate_this height_auto\"><div class=\"l-section-h i-cf\"><div class=\"g-cols vc_row via_flex valign_top type_default stacking_default\"><div class=\"vc_col-sm-12 wpb_column vc_column_container\"><div class=\"vc_column-inner\"><div class=\"wpb_wrapper\"><\/div><\/div><\/div><\/div><\/div><\/section><section class=\"l-section wpb_row us_custom_bf48def1 us_animate_this height_auto\"><div class=\"l-section-h i-cf\"><div class=\"g-cols vc_row via_flex valign_top type_default stacking_default\"><div class=\"vc_col-sm-12 wpb_column vc_column_container\"><div class=\"vc_column-inner\"><div class=\"wpb_wrapper\"><nav class=\"g-breadcrumbs us_custom_f9e185d2 has_text_color separator_icon align_none\" itemscope itemtype=\"http:\/\/schema.org\/BreadcrumbList\"><div class=\"g-breadcrumbs-item\" itemscope itemprop=\"itemListElement\" itemtype=\"http:\/\/schema.org\/ListItem\"><a itemprop=\"item\" href=\"https:\/\/napapiri.com\/fr\/\"><span itemprop=\"name\">Accueil<\/span><\/a><meta itemprop=\"position\" content=\"1\"\/><\/div><div class=\"g-breadcrumbs-separator\"><i class=\"far fa-angle-right\"><\/i><\/div><div class=\"g-breadcrumbs-item\">Pages<\/div><\/nav><\/div><\/div><\/div><\/div><\/div><\/section><section class=\"l-section wpb_row us_custom_70f65456 us_animate_this height_huge\" id=\"down\"><div class=\"l-section-h i-cf\"><div class=\"g-cols vc_row via_flex valign_top type_default stacking_default\"><div class=\"vc_col-sm-12 wpb_column vc_column_container\"><div class=\"vc_column-inner\"><div class=\"wpb_wrapper\"><div class=\"wpb_text_column orangetitle\"><div class=\"wpb_wrapper\"><h2><em>Location de<\/em> patinoire mobile<br \/>\n<strong><em>(avec option d&rsquo;achat)<br \/>\n<\/em><\/strong><\/h2>\n<\/div><\/div><div class=\"w-separator size_small\"><\/div><div class=\"g-cols wpb_row via_flex valign_top type_default stacking_default\"><div class=\"vc_col-sm-6 wpb_column vc_column_container\"><div class=\"vc_column-inner\"><div class=\"wpb_wrapper\"><div class=\"wpb_text_column\"><div class=\"wpb_wrapper\"><p><span style=\"font-weight: 400;\">La location d&rsquo;une <a href=\"https:\/\/napapiri.com\/fr\/patinoires\/patinoires-mobiles\/\">patinoire mobile<\/a> pour des \u00e9v\u00e9nements hivernaux temporaires offre flexibilit\u00e9 et commodit\u00e9, avec la possibilit\u00e9 d&rsquo;acheter la patinoire une fois la <strong>location<\/strong> termin\u00e9e. Vous avez ainsi la possibilit\u00e9 d&rsquo;essayer la patinoire en premier lieu et de voir si elle r\u00e9pond \u00e0 vos besoins. En outre, vous \u00e9conomisez sur l&rsquo;investissement initial et pouvez profiter d&rsquo;une attraction hivernale r\u00e9ussie sans engagement \u00e0 long terme.  <\/span><\/p>\n<p><span style=\"font-weight: 400;\">Si vous achetez la patinoire apr\u00e8s la p\u00e9riode de location, nous d\u00e9duirons 60 % du montant d\u00e9j\u00e0 pay\u00e9 du prix d&rsquo;achat final.<\/span><\/p>\n<\/div><\/div><\/div><\/div><\/div><div class=\"vc_col-sm-6 wpb_column vc_column_container\"><div class=\"vc_column-inner\"><div class=\"wpb_wrapper\"><div class=\"wpb_text_column\"><div class=\"wpb_wrapper\"><p><span style=\"font-weight: 400;\">L&rsquo;exemple ci-dessous montre le prix de location d&rsquo;un plancher de glace dans une glaci\u00e8re (max. 40 jours).<\/span><\/p>\n<p><span style=\"font-weight: 400;\">Pour obtenir un devis complet, entrez vos coordonn\u00e9es au bas de cette page.<\/span><\/p>\n<\/div><\/div><div class=\"w-separator size_small\"><\/div><div class=\"wpb_text_column\"><div class=\"wpb_wrapper\"><table class=\"table\">\n<tbody>\n<tr class=\"row\">\n<th class=\"header-cell\">Dimensions<\/th>\n<th class=\"header-cell\">Location<\/th>\n<th class=\"header-cell\">Remise \u00e0 l&rsquo;achat<\/th>\n<\/tr>\n<tr class=\"row\">\n<td class=\"cell\">10&#215;20 m\u00e8tres<\/td>\n<td class=\"cell\">13.000\u20ac<\/td>\n<td class=\"cell\">&#8211; 7.800\u20ac<\/td>\n<\/tr>\n<tr class=\"row\">\n<td class=\"cell\">14&#215;30 m\u00e8tres<\/td>\n<td class=\"cell\">22.000\u20ac<\/td>\n<td class=\"cell\">&#8211; 13.200\u20ac<\/td>\n<\/tr>\n<tr class=\"row\">\n<td class=\"cell\">20&#215;30 m\u00e8tres<\/td>\n<td class=\"cell\">29.900\u20ac<\/td>\n<td class=\"cell\">&#8211; 17.940\u20ac<\/td>\n<\/tr>\n<tr class=\"row\">\n<td class=\"cell\">20&#215;40 m\u00e8tres<\/td>\n<td class=\"cell\">34.000\u20ac<\/td>\n<td class=\"cell\">&#8211; 20.400\u20ac<\/td>\n<\/tr>\n<\/tbody>\n<\/table>\n<\/div><\/div><\/div><\/div><\/div><\/div><div class=\"w-separator size_medium\"><\/div><div class=\"w-btn-wrapper align_none\"><a class=\"w-btn us-btn-style_1 icon_atright\" href=\"https:\/\/napapiri.com\/fr\/contact\/\"><span class=\"w-btn-label\">Demande de devis<\/span><i class=\"fal fa-long-arrow-right\"><\/i><\/a><\/div><\/div><\/div><\/div><\/div><\/div><\/section><section class=\"l-section wpb_row us_custom_b9ddfaf3 us_animate_this height_large\"><div class=\"l-section-h i-cf\"><div class=\"g-cols vc_row via_flex valign_top type_default stacking_default\"><div class=\"vc_col-sm-12 wpb_column vc_column_container displayinlineblock linebutton\"><div class=\"vc_column-inner\"><div class=\"wpb_wrapper\"><div class=\"w-separator us_custom_4c5d6fba has_text_color size_custom with_line width_default thick_1 style_solid color_secondary align_center\" style=\"height:10px\"><div class=\"w-separator-h\"><\/div><\/div><\/div><\/div><\/div><\/div><\/div><\/section><section class=\"l-section wpb_row us_custom_60e9caca us_animate_this height_huge\" id=\"prijs2\"><div class=\"l-section-h i-cf\"><div class=\"g-cols vc_row via_flex valign_top type_default stacking_default\"><div class=\"vc_col-sm-12 wpb_column vc_column_container\"><div class=\"vc_column-inner\"><div class=\"wpb_wrapper\"><div class=\"wpb_text_column orangetitle\"><div class=\"wpb_wrapper\"><h2><em>Acheter une<\/em> patinoire mobile<\/h2>\n<\/div><\/div><div class=\"w-separator size_small\"><\/div><div class=\"g-cols wpb_row via_flex valign_top type_default stacking_default\"><div class=\"vc_col-sm-6 wpb_column vc_column_container\"><div class=\"vc_column-inner\"><div class=\"wpb_wrapper\"><div class=\"wpb_text_column\"><div class=\"wpb_wrapper\"><p><span style=\"font-weight: 400;\">L&rsquo;achat d&rsquo;une patinoire mobile permet de r\u00e9aliser des \u00e9conomies \u00e0 long terme, car vous n&rsquo;avez pas de frais de location r\u00e9currents. Vous contr\u00f4lez enti\u00e8rement l&rsquo;utilisation et l&rsquo;<a href=\"https:\/\/napapiri.com\/fr\/produits\/services\/\">entretien de la patinoire<\/a>, ce qui en garantit la qualit\u00e9.   <\/span><\/p>\n<p><span style=\"font-weight: 400;\">Lorsque vous achetez <strong>une patinoire<\/strong>, vous pouvez g\u00e9n\u00e9rer des revenus suppl\u00e9mentaires en la louant \u00e0 des tiers pendant les p\u00e9riodes o\u00f9 vous ne l&rsquo;utilisez pas. Cela augmente la valeur et l&rsquo;attrait de votre installation et vous offre la possibilit\u00e9 d&rsquo;utiliser la patinoire pour diff\u00e9rents \u00e9v\u00e9nements et activit\u00e9s quand vous le souhaitez. <\/span><\/p>\n<\/div><\/div><\/div><\/div><\/div><div class=\"vc_col-sm-6 wpb_column vc_column_container\"><div class=\"vc_column-inner\"><div class=\"wpb_wrapper\"><div class=\"wpb_text_column\"><div class=\"wpb_wrapper\"><p><span style=\"font-weight: 400;\">Les prix ci-dessous sont valables si les deux produits sont achet\u00e9s ensemble. Si les produits sont achet\u00e9s s\u00e9par\u00e9ment, veuillez pr\u00e9voir un suppl\u00e9ment de 10 %. <\/span><\/p>\n<p><span style=\"font-weight: 400;\">Pour obtenir un devis complet, entrez vos coordonn\u00e9es au bas de cette page.<\/span><\/p>\n<\/div><\/div><div class=\"w-separator size_small\"><\/div><div class=\"wpb_text_column\"><div class=\"wpb_wrapper\"><table class=\"table\">\n<tbody>\n<tr class=\"row\">\n<th class=\"header-cell\">Dimensions<\/th>\n<th class=\"header-cell\">Plancher de glace dans la glaci\u00e8re<\/th>\n<th class=\"header-cell\">Enceinte<\/th>\n<\/tr>\n<tr class=\"row\">\n<td class=\"cell\">10&#215;20 m\u00e8tres<\/td>\n<td class=\"cell\">27.000\u20ac<\/td>\n<td class=\"cell\">17.500\u20ac<\/td>\n<\/tr>\n<tr class=\"row\">\n<td class=\"cell\">14&#215;30 m\u00e8tres<\/td>\n<td class=\"cell\">40.000\u20ac<\/td>\n<td class=\"cell\">22.500\u20ac<\/td>\n<\/tr>\n<tr class=\"row\">\n<td class=\"cell\">20&#215;30 m\u00e8tres<\/td>\n<td class=\"cell\">56.500\u20ac<\/td>\n<td class=\"cell\">24.500\u20ac<\/td>\n<\/tr>\n<tr class=\"row\">\n<td class=\"cell\">20&#215;40 m\u00e8tres<\/td>\n<td class=\"cell\">60.500\u20ac<\/td>\n<td class=\"cell\">28.000\u20ac<\/td>\n<\/tr>\n<\/tbody>\n<\/table>\n<\/div><\/div><\/div><\/div><\/div><\/div><div class=\"w-separator size_medium\"><\/div><div class=\"w-btn-wrapper align_none\"><a class=\"w-btn us-btn-style_1 icon_atright\" href=\"https:\/\/napapiri.com\/fr\/contact\/\"><span class=\"w-btn-label\">Demande de devis<\/span><i class=\"fal fa-long-arrow-right\"><\/i><\/a><\/div><\/div><\/div><\/div><\/div><\/div><\/section><section class=\"l-section wpb_row us_custom_b9ddfaf3 us_animate_this height_large\"><div class=\"l-section-h i-cf\"><div class=\"g-cols vc_row via_flex valign_top type_default stacking_default\"><div class=\"vc_col-sm-12 wpb_column vc_column_container displayinlineblock linebutton\"><div class=\"vc_column-inner\"><div class=\"wpb_wrapper\"><div class=\"w-separator us_custom_4c5d6fba has_text_color size_custom with_line width_default thick_1 style_solid color_secondary align_center\" style=\"height:10px\"><div class=\"w-separator-h\"><\/div><\/div><\/div><\/div><\/div><\/div><\/div><\/section><section class=\"l-section wpb_row us_custom_60e9caca us_animate_this height_huge\" id=\"prijs3\"><div class=\"l-section-h i-cf\"><div class=\"g-cols vc_row via_flex valign_top type_default stacking_default\"><div class=\"vc_col-sm-12 wpb_column vc_column_container\"><div class=\"vc_column-inner\"><div class=\"wpb_wrapper\"><div class=\"wpb_text_column orangetitle\"><div class=\"wpb_wrapper\"><h2><em>Location d&rsquo;une<\/em> patinoire mobile<\/h2>\n<\/div><\/div><div class=\"w-separator size_small\"><\/div><div class=\"g-cols wpb_row via_flex valign_top type_default stacking_default\"><div class=\"vc_col-sm-6 wpb_column vc_column_container\"><div class=\"vc_column-inner\"><div class=\"wpb_wrapper\"><div class=\"wpb_text_column\"><div class=\"wpb_wrapper\"><p><span style=\"font-weight: 400;\"><strong>La location d&rsquo;une patinoire<\/strong> par mensualit\u00e9s pr\u00e9sente de nombreux avantages. Chez NAPAPIRI, vous pouvez le faire directement sans passer par une institution financi\u00e8re, ce qui simplifie et acc\u00e9l\u00e8re le processus. Ce mod\u00e8le de leasing vous permet de profiter d&rsquo;une patinoire de qualit\u00e9 sans investissement initial important. En outre, il offre une certaine souplesse dans la gestion du budget et vous permet de r\u00e9partir les co\u00fbts, ce qui est b\u00e9n\u00e9fique pour la tr\u00e9sorerie de votre organisation.     <\/span><\/p>\n<\/div><\/div><\/div><\/div><\/div><div class=\"vc_col-sm-6 wpb_column vc_column_container\"><div class=\"vc_column-inner\"><div class=\"wpb_wrapper\"><div class=\"wpb_text_column\"><div class=\"wpb_wrapper\"><p>L&rsquo;<span style=\"font-weight: 400;\">exemple ci-dessous montre le co\u00fbt de location d&rsquo;une glaci\u00e8re.<\/span> Pour obtenir un devis complet, entrez vos coordonn\u00e9es au bas de cette page.<\/p>\n<\/div><\/div><div class=\"w-separator size_small\"><\/div><div class=\"wpb_text_column\"><div class=\"wpb_wrapper\"><table class=\"table\">\n<tbody>\n<tr class=\"row\">\n<th class=\"header-cell\">Dimensions<\/th>\n<th class=\"header-cell\">Prix d&rsquo;entr\u00e9e<\/th>\n<th class=\"header-cell\">Mensuel 3 ans<\/th>\n<\/tr>\n<tr class=\"row\">\n<td class=\"cell\">10&#215;20 m\u00e8tres<\/td>\n<td class=\"cell\">8.000\u20ac<\/td>\n<td class=\"cell\">375\u20ac<\/td>\n<\/tr>\n<tr class=\"row\">\n<td class=\"cell\">14&#215;30 m\u00e8tres<\/td>\n<td class=\"cell\">12.000\u20ac<\/td>\n<td class=\"cell\">500\u20ac<\/td>\n<\/tr>\n<tr class=\"row\">\n<td class=\"cell\">20&#215;30 m\u00e8tres<\/td>\n<td class=\"cell\">17.000\u20ac<\/td>\n<td class=\"cell\">700\u20ac<\/td>\n<\/tr>\n<tr class=\"row\">\n<td class=\"cell\">20&#215;40 m\u00e8tres<\/td>\n<td class=\"cell\">19.000\u20ac<\/td>\n<td class=\"cell\">785\u20ac<\/td>\n<\/tr>\n<\/tbody>\n<\/table>\n<\/div><\/div><\/div><\/div><\/div><\/div><div class=\"w-separator size_medium\"><\/div><div class=\"w-btn-wrapper align_none\"><a class=\"w-btn us-btn-style_1 icon_atright\" href=\"https:\/\/napapiri.com\/fr\/contact\/\"><span class=\"w-btn-label\">Demande de devis<\/span><i class=\"fal fa-long-arrow-right\"><\/i><\/a><\/div><\/div><\/div><\/div><\/div><\/div><\/section><section class=\"l-section wpb_row us_custom_19c26580 us_animate_this height_medium\"><div class=\"l-section-h i-cf\"><div class=\"g-cols vc_row via_flex valign_top type_default stacking_default\"><div class=\"vc_col-sm-12 wpb_column vc_column_container\"><div class=\"vc_column-inner\"><div class=\"wpb_wrapper\"><div class=\"w-hwrapper valign_middle wrap align_justify\"><div class=\"wpb_text_column us_custom_a7692a04 orangetitle has_text_color\"><div class=\"wpb_wrapper\"><h3>Notre premi\u00e8re promesse ? Une offre <em>dans les 24 heures !<\/em> <\/h3>\n<\/div><\/div><div class=\"w-btn-wrapper align_none\"><a class=\"w-btn us-btn-style_3 us_custom_c097cd2b icon_atright\" href=\"https:\/\/napapiri.com\/fr\/?page_id=3275\"><span class=\"w-btn-label\">Demande de devis<\/span><i class=\"far fa-long-arrow-right\"><\/i><\/a><\/div><\/div><\/div><\/div><\/div><\/div><\/div><\/section>\n\n","protected":false},"excerpt":{"rendered":"Louez ou achetez votre patinoire ! Choisissez la meilleure option en fonction de votre budget LouerAcheterLeasingAccueilPagesLocation de patinoire mobile (avec option d&rsquo;achat) La location d&rsquo;une patinoire mobile pour des \u00e9v\u00e9nements hivernaux temporaires offre flexibilit\u00e9 et commodit\u00e9, avec la possibilit\u00e9 d&rsquo;acheter la patinoire une fois la location termin\u00e9e. Vous avez ainsi la possibilit\u00e9 d&rsquo;essayer la patinoire...","protected":false},"author":1,"featured_media":1693,"parent":0,"menu_order":5,"comment_status":"closed","ping_status":"closed","template":"","meta":{"_acf_changed":false,"two_page_speed":[],"footnotes":""},"class_list":["post-3425","page","type-page","status-publish","has-post-thumbnail","hentry"],"acf":[],"_links":{"self":[{"href":"https:\/\/napapiri.com\/fr\/wp-json\/wp\/v2\/pages\/3425","targetHints":{"allow":["GET"]}}],"collection":[{"href":"https:\/\/napapiri.com\/fr\/wp-json\/wp\/v2\/pages"}],"about":[{"href":"https:\/\/napapiri.com\/fr\/wp-json\/wp\/v2\/types\/page"}],"author":[{"embeddable":true,"href":"https:\/\/napapiri.com\/fr\/wp-json\/wp\/v2\/users\/1"}],"replies":[{"embeddable":true,"href":"https:\/\/napapiri.com\/fr\/wp-json\/wp\/v2\/comments?post=3425"}],"version-history":[{"count":20,"href":"https:\/\/napapiri.com\/fr\/wp-json\/wp\/v2\/pages\/3425\/revisions"}],"predecessor-version":[{"id":6624,"href":"https:\/\/napapiri.com\/fr\/wp-json\/wp\/v2\/pages\/3425\/revisions\/6624"}],"wp:featuredmedia":[{"embeddable":true,"href":"https:\/\/napapiri.com\/fr\/wp-json\/wp\/v2\/media\/1693"}],"wp:attachment":[{"href":"https:\/\/napapiri.com\/fr\/wp-json\/wp\/v2\/media?parent=3425"}],"curies":[{"name":"wp","href":"https:\/\/api.w.org\/{rel}","templated":true}]}}