{"id":3179,"date":"2024-05-16T07:43:37","date_gmt":"2024-05-16T06:43:37","guid":{"rendered":"https:\/\/napapiri.com\/conditions-generales-dutilisation\/"},"modified":"2025-02-10T18:09:24","modified_gmt":"2025-02-10T17:09:24","slug":"conditions-generales-dutilisation","status":"publish","type":"page","link":"https:\/\/napapiri.com\/fr\/conditions-generales-dutilisation\/","title":{"rendered":"Conditions g\u00e9n\u00e9rales d&rsquo;utilisation"},"content":{"rendered":"<section class=\"l-section wpb_row height_medium\"><div class=\"l-section-h i-cf\"><div class=\"g-cols vc_row via_flex valign_top type_default stacking_default\"><div class=\"vc_col-sm-12 wpb_column vc_column_container\"><div class=\"vc_column-inner\"><div class=\"wpb_wrapper\"><div class=\"wpb_text_column\"><div class=\"wpb_wrapper\"><h1>\nCONDITIONS G\u00c9N\u00c9RALES DU SITE WEB FUN ON ICE BV<\/h1>\n<p>&#8212;<\/p>\n<p><strong>Article 1 &#8211; D\u00e9finitions<\/strong><\/p>\n<p>1.1 Site Internet : Le site web de FUN ON ICE BV, accessible \u00e0 l&rsquo;adresse www.napapiri.com.<\/p>\n<p>1.2 Visiteur : toute personne qui visite le site web et\/ou utilise les informations et les services offerts sur le site web.<\/p>\n<p>1.3 Contenu : toutes les informations, images, vid\u00e9os, textes et autres mat\u00e9riels mis \u00e0 disposition sur le site web.<\/p>\n<p>1.4 FUN ON ICE BV : l&rsquo;entit\u00e9 juridique qui g\u00e8re le site web et offre des produits\/services de patinoire.<\/p>\n<p>&#8212;<\/p>\n<p><strong>Article 2 &#8211; Applicabilit\u00e9<\/strong><\/p>\n<p>2.1 Les pr\u00e9sentes conditions g\u00e9n\u00e9rales s&rsquo;appliquent \u00e0 toute utilisation du site web de FUN ON ICE BV. En visitant et en utilisant le site web, le visiteur accepte ces conditions g\u00e9n\u00e9rales. <\/p>\n<p>2.2 FUN ON ICE BV se r\u00e9serve le droit de modifier les conditions g\u00e9n\u00e9rales \u00e0 tout moment. Les conditions g\u00e9n\u00e9rales modifi\u00e9es entreront en vigueur d\u00e8s leur publication sur le site web. <\/p>\n<p>&#8212;<\/p>\n<p><strong>Article 3 &#8211; Objet du site web<\/strong><\/p>\n<p>3.1 Le site web de FUN ON ICE BV est destin\u00e9 \u00e0 fournir des informations sur les produits et services offerts par FUN ON ICE BV, y compris la fabrication et l&rsquo;installation de patinoires.<\/p>\n<p>3.2 Le site web n&rsquo;offre pas la possibilit\u00e9 de passer directement des commandes de produits ou de services. Pour les commandes ou les devis d\u00e9taill\u00e9s, les visiteurs doivent s&rsquo;adresser directement \u00e0 FUN ON ICE BV. <\/p>\n<p>&#8212;<\/p>\n<p>&nbsp;<\/p>\n<p><strong>Article 4 &#8211; Utilisation du site web<\/strong><\/p>\n<p>4.1 Le visiteur n&rsquo;est pas autoris\u00e9 \u00e0 utiliser le site web d&rsquo;une mani\u00e8re qui enfreint les lois ou les r\u00e8glements ou qui peut nuire au site web ou aux int\u00e9r\u00eats de FUN ON ICE BV.<\/p>\n<p>4.2 Le visiteur est responsable de la bonne utilisation du site web et de la consultation des informations d&rsquo;une mani\u00e8re qui ne porte pas pr\u00e9judice au site web ou aux autres utilisateurs.<\/p>\n<p>4.3 FUN ON ICE BV se r\u00e9serve le droit de bloquer ou de restreindre l&rsquo;acc\u00e8s au site web si le visiteur ne respecte pas les conditions g\u00e9n\u00e9rales ou abuse du site web.<\/p>\n<p>&#8212;<\/p>\n<p><strong>Article 5 &#8211; Droits de propri\u00e9t\u00e9 intellectuelle<\/strong><\/p>\n<p>5.1 Tous les droits de propri\u00e9t\u00e9 intellectuelle relatifs au site web et \u00e0 son contenu, y compris, mais sans s&rsquo;y limiter, les textes, les images, les vid\u00e9os et les logiciels, appartiennent \u00e0 FUN ON ICE BV ou \u00e0 ses conc\u00e9dants de licence.<\/p>\n<p>5.2 Le visiteur n&rsquo;est pas autoris\u00e9 \u00e0 copier, distribuer, reproduire ou rendre public de quelque mani\u00e8re que ce soit le contenu du site web sans l&rsquo;accord \u00e9crit pr\u00e9alable de FUN ON ICE BV.<\/p>\n<p>&#8212;<\/p>\n<p><strong>Article 6 &#8211; Responsabilit\u00e9<\/strong><\/p>\n<p>6.1 FUN ON ICE BV s&rsquo;efforce de maintenir l&rsquo;information sur le site Internet aussi pr\u00e9cise et \u00e0 jour que possible. FUN ON ICE BV ne peut toutefois pas garantir que ces informations sont toujours compl\u00e8tes, correctes et \u00e0 jour. <\/p>\n<p>6.2 FUN ON ICE BV n&rsquo;est pas responsable des dommages directs ou indirects r\u00e9sultant de l&rsquo;utilisation du site web, de la disponibilit\u00e9 du site web ou de l&rsquo;exactitude des informations.<\/p>\n<p>6.3 Le site web peut contenir des liens vers des sites web externes. FUN ON ICE BV n&rsquo;est pas responsable du contenu ou du fonctionnement de ces sites web externes et d\u00e9cline toute responsabilit\u00e9 pour les dommages r\u00e9sultant de l&rsquo;utilisation de ces sites web. <\/p>\n<p>&#8212;<\/p>\n<p>&nbsp;<\/p>\n<p><strong>Article 7 &#8211; Vie priv\u00e9e et cookies<\/strong><\/p>\n<p>7.1 FUN ON ICE BV attache une grande importance \u00e0 la protection de la vie priv\u00e9e des visiteurs de son site web. L&rsquo;utilisation des donn\u00e9es personnelles est d\u00e9crite dans la politique de confidentialit\u00e9 disponible sur le site web. <\/p>\n<p>7.2 Le site web utilise des cookies pour optimiser la fonctionnalit\u00e9 du site web et analyser le comportement des utilisateurs. Pour plus d&rsquo;informations sur l&rsquo;utilisation des cookies, veuillez consulter la politique en mati\u00e8re de cookies sur le site web. <\/p>\n<p>&#8212;<\/p>\n<p><strong>Article 8 &#8211; Droit applicable et litiges<\/strong><\/p>\n<p>8.1 Les pr\u00e9sentes conditions g\u00e9n\u00e9rales sont r\u00e9gies par le droit belge.<\/p>\n<p>8.2 Les litiges d\u00e9coulant de l&rsquo;utilisation du site web ou des pr\u00e9sentes conditions g\u00e9n\u00e9rales seront exclusivement soumis au tribunal comp\u00e9tent dans l&rsquo;arrondissement o\u00f9 FUN ON ICE BV a son si\u00e8ge.<\/p>\n<p>&#8212;<\/p>\n<p><strong>Article 9 &#8211; Coordonn\u00e9es<\/strong><\/p>\n<p>Pour toute question ou commentaire concernant le site web ou les pr\u00e9sentes conditions g\u00e9n\u00e9rales, veuillez contacter :<\/p>\n<p>FUN ON ICE BV Philipssite 5 Bus 1<br \/>\n<a href=\"tel:+3216982382\">+32 (0)16 98 23 82<\/a><br \/>\n<a href=\"mailto:hello@napapiri.com\">hello@napapiri.com<\/a><br \/>\n<a href=\"https:\/\/www.napapiri.com\">https:\/\/www.napapiri.com<\/a><\/p>\n<p>&#8212;<\/p>\n<p>Les pr\u00e9sentes conditions g\u00e9n\u00e9rales ont \u00e9t\u00e9 mises \u00e0 jour pour la derni\u00e8re fois le 1er octobre 2024.<\/p>\n<\/div><\/div><\/div><\/div><\/div><\/div><\/div><\/section>\n","protected":false},"excerpt":{"rendered":"CONDITIONS G\u00c9N\u00c9RALES DU SITE WEB FUN ON ICE BV &#8212; Article 1 &#8211; D\u00e9finitions 1.1 Site Internet : Le site web de FUN ON ICE BV, accessible \u00e0 l&rsquo;adresse www.napapiri.com. 1.2 Visiteur : toute personne qui visite le site web et\/ou utilise les informations et les services offerts sur le site web. 1.3 Contenu :...","protected":false},"author":1,"featured_media":0,"parent":0,"menu_order":5,"comment_status":"closed","ping_status":"closed","template":"","meta":{"_acf_changed":false,"two_page_speed":[],"footnotes":""},"class_list":["post-3179","page","type-page","status-publish","hentry"],"acf":[],"_links":{"self":[{"href":"https:\/\/napapiri.com\/fr\/wp-json\/wp\/v2\/pages\/3179","targetHints":{"allow":["GET"]}}],"collection":[{"href":"https:\/\/napapiri.com\/fr\/wp-json\/wp\/v2\/pages"}],"about":[{"href":"https:\/\/napapiri.com\/fr\/wp-json\/wp\/v2\/types\/page"}],"author":[{"embeddable":true,"href":"https:\/\/napapiri.com\/fr\/wp-json\/wp\/v2\/users\/1"}],"replies":[{"embeddable":true,"href":"https:\/\/napapiri.com\/fr\/wp-json\/wp\/v2\/comments?post=3179"}],"version-history":[{"count":13,"href":"https:\/\/napapiri.com\/fr\/wp-json\/wp\/v2\/pages\/3179\/revisions"}],"predecessor-version":[{"id":5331,"href":"https:\/\/napapiri.com\/fr\/wp-json\/wp\/v2\/pages\/3179\/revisions\/5331"}],"wp:attachment":[{"href":"https:\/\/napapiri.com\/fr\/wp-json\/wp\/v2\/media?parent=3179"}],"curies":[{"name":"wp","href":"https:\/\/api.w.org\/{rel}","templated":true}]}}