{"id":2874,"date":"2024-05-13T09:02:21","date_gmt":"2024-05-13T08:02:21","guid":{"rendered":"https:\/\/napapiri.com\/politique-de-confidentialite\/"},"modified":"2025-01-23T19:45:23","modified_gmt":"2025-01-23T18:45:23","slug":"politique-de-confidentialite","status":"publish","type":"page","link":"https:\/\/napapiri.com\/fr\/politique-de-confidentialite\/","title":{"rendered":"Politique de confidentialit\u00e9"},"content":{"rendered":"<section class=\"l-section wpb_row height_medium\"><div class=\"l-section-h i-cf\"><div class=\"g-cols vc_row via_flex valign_top type_default stacking_default\"><div class=\"vc_col-sm-12 wpb_column vc_column_container\"><div class=\"vc_column-inner\"><div class=\"wpb_wrapper\"><div class=\"wpb_text_column\"><div class=\"wpb_wrapper\"><h1>\nPOLITIQUE DE CONFIDENTIALIT\u00c9 FUN ON ICE BV<\/h1>\n<p>&#8212;<\/p>\n<h2>Introduction<\/h2>\n<p>FUN ON ICE BV, situ\u00e9 \u00e0 Philipssite 5 Bus 1, 3001 Heverlee, Belgique, s&rsquo;engage \u00e0 respecter la vie priv\u00e9e des visiteurs de son site web www.napapiri.com (ci-apr\u00e8s \u00a0\u00bb le site web \u00ab\u00a0). Dans la pr\u00e9sente politique de confidentialit\u00e9, nous expliquons comment nous traitons vos donn\u00e9es personnelles, quelles donn\u00e9es nous collectons, \u00e0 quelles fins nous utilisons ces donn\u00e9es et comment nous prot\u00e9geons vos donn\u00e9es. En utilisant notre site web, vous consentez \u00e0 la collecte et \u00e0 l&rsquo;utilisation de vos donn\u00e9es personnelles telles que d\u00e9crites dans la pr\u00e9sente politique de confidentialit\u00e9. &#8212; <\/p>\n<p><strong>Article 1 &#8211; Responsable du traitement des donn\u00e9es<\/strong><\/p>\n<p>1.1 FUN ON ICE BV est le responsable du traitement des donn\u00e9es \u00e0 caract\u00e8re personnel tel que d\u00e9crit dans la pr\u00e9sente politique de confidentialit\u00e9. 1.2 Pour toute question relative \u00e0 la pr\u00e9sente politique de confidentialit\u00e9, veuillez contacter :<\/p>\n<p>FUN ON ICE BV Philipssite 5 Bus 1 hello@napapiri.com +32 (0)16 98 23 82 https:\/\/www.napapiri.com &#8212;<\/p>\n<p><strong>Article 2 &#8211; Quelles donn\u00e9es collectons-nous ?<\/strong><\/p>\n<p>FUN ON ICE BV peut recueillir et traiter les donn\u00e9es personnelles suivantes lorsque vous visitez le site Web ou que vous nous contactez :<\/p>\n<p>&#8211; Nom &#8211; Adresse e-mail &#8211; Num\u00e9ro de t\u00e9l\u00e9phone &#8212;.<\/p>\n<p>&nbsp;<\/p>\n<p><strong>Article 3 &#8211; Finalit\u00e9s du traitement des donn\u00e9es<\/strong><\/p>\n<p>Les donn\u00e9es personnelles que nous collectons ne sont utilis\u00e9es qu&rsquo;aux fins suivantes : 3.1 Demandes de contact Lorsque vous nous contactez via le site web (par exemple via un formulaire de contact ou un e-mail), nous traitons vos donn\u00e9es afin de r\u00e9pondre \u00e0 votre question ou de traiter votre demande.<br \/>\n3.2 Analyse de l&rsquo;utilisation du site web Nous collectons des donn\u00e9es pour comprendre l&rsquo;utilisation du site web et am\u00e9liorer nos services. Pour ce faire, nous analysons en partie le comportement des visiteurs, par exemple le nombre de pages consult\u00e9es et le temps de visite.<br \/>\n3.3 Bulletins d&rsquo;information et marketing Si vous vous \u00eates inscrit \u00e0 notre bulletin d&rsquo;information, nous utilisons votre adresse e-mail pour vous tenir inform\u00e9 des nouveaut\u00e9s, des produits et des services de FUN ON ICE BV. Vous pouvez vous d\u00e9sinscrire de ces bulletins d&rsquo;information \u00e0 tout moment en cliquant sur le lien de d\u00e9sinscription figurant dans les courriels. &#8212;<\/p>\n<p><strong>Article 4 &#8211; Base juridique du traitement<\/strong><\/p>\n<p>Nous traitons vos donn\u00e9es personnelles sur la base des fondements juridiques suivants : &#8211; Consentement : nous sollicitons votre consentement pour vous envoyer des bulletins d&rsquo;information et des messages marketing. &#8211; Ex\u00e9cution d&rsquo;un contrat : si vous nous contactez pour obtenir des informations sur des produits ou des services, nous traitons vos donn\u00e9es pour r\u00e9pondre \u00e0 votre demande. &#8211; Int\u00e9r\u00eat l\u00e9gitime : Nous traitons certaines donn\u00e9es personnelles pour assurer et am\u00e9liorer la fonctionnalit\u00e9 de notre site web et pour adapter nos services aux besoins des utilisateurs. &#8212;<\/p>\n<p><strong>Article 5 &#8211; Partage des donn\u00e9es \u00e0 caract\u00e8re personnel<\/strong><\/p>\n<p>FUN ON ICE BV ne vend pas vos donn\u00e9es personnelles \u00e0 des tiers. Nous pouvons toutefois partager vos donn\u00e9es personnelles avec les parties suivantes, uniquement aux fins \u00e9num\u00e9r\u00e9es ci-dessus : &#8211; Les fournisseurs de services qui nous aident \u00e0 fournir nos services (par exemple, les fournisseurs d&rsquo;h\u00e9bergement ou les syst\u00e8mes d&rsquo;envoi d&rsquo;e-mails). &#8211; Des outils d&rsquo;analyse (par exemple Google Analytics) pour am\u00e9liorer notre site web. &#8211; Organismes gouvernementaux ou r\u00e9gulateurs, si la loi nous y oblige. &#8212; <\/p>\n<p><strong>Article 6 &#8211; P\u00e9riode de conservation<\/strong><\/p>\n<p>Nous ne conserverons pas vos donn\u00e9es personnelles plus longtemps que n\u00e9cessaire aux fins pour lesquelles nous traitons vos donn\u00e9es. Si la loi l&rsquo;exige, nous conserverons certaines donn\u00e9es plus longtemps (par exemple, pour des obligations fiscales ou administratives). &#8212; <\/p>\n<p><strong>Article 7 &#8211; S\u00e9curit\u00e9 des donn\u00e9es<\/strong><\/p>\n<p>FUN ON ICE BV prend les mesures techniques et organisationnelles appropri\u00e9es pour prot\u00e9ger vos donn\u00e9es personnelles contre la perte, l&rsquo;utilisation abusive, l&rsquo;acc\u00e8s non autoris\u00e9, la divulgation, l&rsquo;alt\u00e9ration ou la destruction. &#8211; Nous utilisons des technologies de cryptage et des serveurs s\u00e9curis\u00e9s pour prot\u00e9ger vos donn\u00e9es. &#8211; L&rsquo;acc\u00e8s \u00e0 vos donn\u00e9es est limit\u00e9 aux personnes autoris\u00e9es au sein de notre entreprise. &#8212;<\/p>\n<p><strong>Article 8 &#8211; Vos droits<\/strong><\/p>\n<p>Vous avez le droit de : &#8211; d&rsquo;acc\u00e9der \u00e0 vos donn\u00e9es personnelles que nous traitons &#8211; Demander la correction ou la suppression de vos donn\u00e9es si elles sont inexactes ou ne sont plus pertinentes. &#8211; Demander la limitation du traitement si vous avez des doutes sur l&rsquo;exactitude des donn\u00e9es ou la l\u00e9galit\u00e9 du traitement. &#8211; Vous opposer au traitement de vos donn\u00e9es sur la base de l&rsquo;int\u00e9r\u00eat l\u00e9gitime. &#8211; Retirer votre consentement \u00e0 recevoir des messages marketing (via le lien de d\u00e9sinscription figurant dans nos courriels). Veuillez envoyer vos demandes \u00e0 hello@napapiri.com. Nous r\u00e9pondrons \u00e0 votre demande d\u00e8s que possible, et au plus tard dans un d\u00e9lai de quatre semaines. &#8212;<\/p>\n<p>&nbsp;<\/p>\n<p><strong>Article 9 &#8211; Cookies<\/strong><\/p>\n<p>Notre site Web utilise des cookies pour am\u00e9liorer votre exp\u00e9rience d&rsquo;utilisateur et pour collecter des statistiques anonymes sur l&rsquo;utilisation du site Web. Consultez notre politique en mati\u00e8re de cookies pour plus d&rsquo;informations sur l&rsquo;utilisation des cookies. &#8212; <\/p>\n<p><strong>Article 10 &#8211; Modifications de la politique de confidentialit\u00e9<\/strong><\/p>\n<p>FUN ON ICE BV se r\u00e9serve le droit de modifier cette politique de confidentialit\u00e9. Toute modification sera publi\u00e9e sur cette page. Nous vous encourageons \u00e0 consulter r\u00e9guli\u00e8rement cette page pour obtenir la derni\u00e8re version de notre politique de confidentialit\u00e9. &#8212;  <\/p>\n<p><strong>Article 11 &#8211; Contact<\/strong><\/p>\n<p>Si vous avez des questions sur cette politique de confidentialit\u00e9 ou sur la mani\u00e8re dont nous traitons vos donn\u00e9es, veuillez nous contacter \u00e0 l&rsquo;adresse suivante :<\/p>\n<p>FUN ON ICE BV Philipssite 5 Bus 1 hello@napapiri.com<\/p>\n<p><a href=\"tel:+3216982382\">+32 (0)16 98 23 82<\/a><br \/>\n<a href=\"https:\/\/www.napapiri.com\" target=\"_blank\" rel=\"noopener\">https:\/\/www.napapiri.com<\/a><\/p>\n<p>&#8212; Deze Privacy Policy is voor het laatst bijgewerkt op 1 oktober 2024.<\/p>\n<\/div><\/div><\/div><\/div><\/div><\/div><\/div><\/section>\n","protected":false},"excerpt":{"rendered":"POLITIQUE DE CONFIDENTIALIT\u00c9 FUN ON ICE BV &#8212; Introduction FUN ON ICE BV, situ\u00e9 \u00e0 Philipssite 5 Bus 1, 3001 Heverlee, Belgique, s&rsquo;engage \u00e0 respecter la vie priv\u00e9e des visiteurs de son site web www.napapiri.com (ci-apr\u00e8s \u00a0\u00bb le site web \u00ab\u00a0). Dans la pr\u00e9sente politique de confidentialit\u00e9, nous expliquons comment nous traitons vos donn\u00e9es personnelles,...","protected":false},"author":1,"featured_media":0,"parent":0,"menu_order":1,"comment_status":"closed","ping_status":"open","template":"","meta":{"_acf_changed":false,"two_page_speed":[],"footnotes":""},"class_list":["post-2874","page","type-page","status-publish","hentry"],"acf":[],"_links":{"self":[{"href":"https:\/\/napapiri.com\/fr\/wp-json\/wp\/v2\/pages\/2874","targetHints":{"allow":["GET"]}}],"collection":[{"href":"https:\/\/napapiri.com\/fr\/wp-json\/wp\/v2\/pages"}],"about":[{"href":"https:\/\/napapiri.com\/fr\/wp-json\/wp\/v2\/types\/page"}],"author":[{"embeddable":true,"href":"https:\/\/napapiri.com\/fr\/wp-json\/wp\/v2\/users\/1"}],"replies":[{"embeddable":true,"href":"https:\/\/napapiri.com\/fr\/wp-json\/wp\/v2\/comments?post=2874"}],"version-history":[{"count":3,"href":"https:\/\/napapiri.com\/fr\/wp-json\/wp\/v2\/pages\/2874\/revisions"}],"predecessor-version":[{"id":2882,"href":"https:\/\/napapiri.com\/fr\/wp-json\/wp\/v2\/pages\/2874\/revisions\/2882"}],"wp:attachment":[{"href":"https:\/\/napapiri.com\/fr\/wp-json\/wp\/v2\/media?parent=2874"}],"curies":[{"name":"wp","href":"https:\/\/api.w.org\/{rel}","templated":true}]}}