{"id":4212,"date":"2024-05-16T07:43:35","date_gmt":"2024-05-16T06:43:35","guid":{"rendered":"https:\/\/napapiri.com\/sostenibilidad\/"},"modified":"2025-02-11T10:54:17","modified_gmt":"2025-02-11T09:54:17","slug":"sostenibilidad","status":"publish","type":"page","link":"https:\/\/napapiri.com\/es\/sostenibilidad\/","title":{"rendered":"Sostenibilidad"},"content":{"rendered":"<section class=\"l-section wpb_row us_custom_d3c890bc us_animate_this height_large\"><div class=\"l-section-h i-cf\"><div class=\"g-cols vc_row via_flex valign_top type_default stacking_default\"><div class=\"vc_col-sm-12 wpb_column vc_column_container\"><div class=\"vc_column-inner\"><div class=\"wpb_wrapper\"><div class=\"wpb_text_column bluetitle\"><div class=\"wpb_wrapper\"><h1>Soluciones ecol\u00f3gicas<br \/>\n<em><strong>para pistas de hielo sostenibles<\/strong><\/em><\/h1>\n<\/div><\/div><div class=\"w-btn-wrapper align_none hide_on_mobiles\"><a class=\"w-btn us-btn-style_4 vertslidebut text_none icon_atright\" href=\"#down\" aria-label=\"Button\"><i class=\"far fa-long-arrow-down\"><\/i><\/a><\/div><\/div><\/div><\/div><\/div><\/div><\/section><section class=\"l-section wpb_row us_custom_2901b1ff us_animate_this height_auto with_video\"><div id=\"us_bg_video_r79d\" class=\"l-section-video\"><script id=\"us_bg_video_r79d-script\">!function(w){var node = document.getElementById( 'us_bg_video_r79d' );if ( w.innerWidth <= 600 ) { node.remove() }}(window);<\/script><style>@media(max-width:600px){#us_bg_video_r79d{display:none!important}}<\/style><video  autoplay loop muted playsinline preload=\"auto\" tabindex=\"-1\"><source type=\"video\/mp4\" src=\"\/wp-content\/uploads\/2024\/08\/DUURZAAMHEID-Video-bovenaan.mp4\" \/><\/video><\/div><div class=\"l-section-h i-cf\"><div class=\"g-cols vc_row via_flex valign_top type_default stacking_default\"><div class=\"vc_col-sm-12 wpb_column vc_column_container\"><div class=\"vc_column-inner\"><div class=\"wpb_wrapper\"><\/div><\/div><\/div><\/div><\/div><\/section><section class=\"l-section wpb_row us_custom_bf48def1 us_animate_this height_auto\"><div class=\"l-section-h i-cf\"><div class=\"g-cols vc_row via_flex valign_top type_default stacking_default\"><div class=\"vc_col-sm-12 wpb_column vc_column_container\"><div class=\"vc_column-inner\"><div class=\"wpb_wrapper\"><nav class=\"g-breadcrumbs us_custom_f9e185d2 has_text_color separator_icon align_none\" itemscope itemtype=\"http:\/\/schema.org\/BreadcrumbList\"><div class=\"g-breadcrumbs-item\" itemscope itemprop=\"itemListElement\" itemtype=\"http:\/\/schema.org\/ListItem\"><a itemprop=\"item\" href=\"https:\/\/napapiri.com\/es\/\"><span itemprop=\"name\">Inicio<\/span><\/a><meta itemprop=\"position\" content=\"1\"\/><\/div><div class=\"g-breadcrumbs-separator\"><i class=\"far fa-angle-right\"><\/i><\/div><div class=\"g-breadcrumbs-item\">P\u00e1ginas<\/div><\/nav><\/div><\/div><\/div><\/div><\/div><\/section><section class=\"l-section wpb_row us_custom_70f65456 us_animate_this height_huge\" id=\"down\"><div class=\"l-section-h i-cf\"><div class=\"g-cols vc_row via_flex valign_top type_default stacking_default\"><div class=\"vc_col-sm-12 wpb_column vc_column_container\"><div class=\"vc_column-inner\"><div class=\"wpb_wrapper\"><div class=\"wpb_text_column orangetitle\"><div class=\"wpb_wrapper\"><h2>Pistas de hielo energ\u00e9ticamente eficientes con<br \/>\n<strong><em>impacto medioambiental reducido<br \/>\n<\/em><\/strong><\/h2>\n<\/div><\/div><div class=\"w-separator size_small\"><\/div><div class=\"g-cols wpb_row via_flex valign_top type_default stacking_default\"><div class=\"vc_col-sm-6 wpb_column vc_column_container\"><div class=\"vc_column-inner\"><div class=\"wpb_wrapper\"><div class=\"wpb_text_column\"><div class=\"wpb_wrapper\"><p><span style=\"font-weight: 400;\">Para nosotros, la sostenibilidad est\u00e1 en el centro del proceso de fabricaci\u00f3n de pistas de hielo. Utilizamos materiales respetuosos con el medio ambiente y m\u00e9todos de producci\u00f3n energ\u00e9ticamente eficientes para minimizar nuestra huella de carbono.   <\/span><\/p>\n<\/div><\/div><\/div><\/div><\/div><div class=\"vc_col-sm-6 wpb_column vc_column_container\"><div class=\"vc_column-inner\"><div class=\"wpb_wrapper\"><div class=\"wpb_text_column\"><div class=\"wpb_wrapper\"><p><span style=\"font-weight: 400;\">Nuestras pistas de hielo est\u00e1n dise\u00f1adas pensando en la longevidad y la reutilizaci\u00f3n, contribuyendo as\u00ed a un futuro m\u00e1s sostenible. Al elegir nuestras pistas de hielo sostenibles, inviertes en un producto que optimiza tanto el rendimiento como el impacto medioambiental. <\/span><\/p>\n<\/div><\/div><\/div><\/div><\/div><\/div><div class=\"w-separator size_medium\"><\/div><div class=\"w-btn-wrapper align_none\"><a class=\"w-btn us-btn-style_1 icon_atright\" href=\"https:\/\/napapiri.com\/es\/ponte-en-contacto-con\/\"><span class=\"w-btn-label\">Solicitar presupuesto<\/span><i class=\"fal fa-long-arrow-right\"><\/i><\/a><\/div><\/div><\/div><\/div><\/div><\/div><\/section><section class=\"l-section wpb_row us_custom_b03640aa height_large\"><div class=\"l-section-h i-cf\"><div class=\"g-cols vc_row via_flex valign_top type_default stacking_default\" style=\"--additional-gap:20px;\"><div class=\"vc_col-sm-6 wpb_column vc_column_container biggerbuttons\"><div class=\"vc_column-inner\"><div class=\"wpb_wrapper\"><div class=\"g-cols wpb_row us_custom_33b7f840 nosidepad us_animate_this via_flex valign_top type_default stacking_default\" id=\"huur\"><div class=\"vc_col-sm-12 wpb_column vc_column_container\"><div class=\"vc_column-inner\"><div class=\"wpb_wrapper\"><div class=\"wpb_text_column us_custom_27bf712a bluetitle\"><div class=\"wpb_wrapper\"><h4>Fabricaci\u00f3n con <em>energ\u00eda 100% verde<\/em><\/h4>\n<\/div><\/div><div class=\"wpb_text_column us_custom_42827c34\"><div class=\"wpb_wrapper\"><p><span style=\"font-weight: 400;\">En Napapiri nos comprometemos con el medio ambiente utilizando \u00fanicamente <strong>energ\u00eda ecol\u00f3gica<\/strong> certificada en la fabricaci\u00f3n de nuestras pistas de hielo. Este enfoque minimiza nuestro impacto medioambiental y contribuye a un futuro sostenible sin dejar de ofrecer productos de alta calidad. <\/span><\/p>\n<\/div><\/div><div class=\"w-image has_ratio align_none\"><div class=\"w-image-h\"><div style=\"padding-bottom:37.5%\"><\/div><img decoding=\"async\" width=\"1000\" height=\"667\" src=\"https:\/\/napapiri.com\/wp-content\/uploads\/2024\/08\/DUURZAAMHEID-Fabricage-met-100.jpg\" class=\"attachment-large size-large\" alt=\"\" loading=\"lazy\" title=\"\"><\/div><\/div><\/div><\/div><\/div><\/div><div class=\"w-separator size_medium\"><\/div><\/div><\/div><\/div><div class=\"vc_col-sm-6 wpb_column vc_column_container\"><div class=\"vc_column-inner\"><div class=\"wpb_wrapper\"><div class=\"g-cols wpb_row us_custom_ed8ec0df nosidepad us_animate_this via_flex valign_top type_default stacking_default\" id=\"huur\"><div class=\"vc_col-sm-12 wpb_column vc_column_container\"><div class=\"vc_column-inner\"><div class=\"wpb_wrapper\"><div class=\"wpb_text_column us_custom_27bf712a bluetitle\"><div class=\"wpb_wrapper\"><h4><em>Superficie de hielo<\/em> totalmente <em>reciclable<\/em><\/h4>\n<\/div><\/div><div class=\"wpb_text_column us_custom_42827c34\"><div class=\"wpb_wrapper\"><p><span style=\"font-weight: 400;\">Nuestros suelos de hielo de EPDM son totalmente <strong>reciclables<\/strong>, lo que contribuye a una soluci\u00f3n sostenible y respetuosa con el medio ambiente. Estos suelos se han dise\u00f1ado pensando en su reutilizaci\u00f3n, para que puedan desecharse f\u00e1cilmente al final de su vida \u00fatil, reduciendo el impacto sobre el medio ambiente. <\/span><\/p>\n<\/div><\/div><div class=\"w-image has_ratio align_none\"><div class=\"w-image-h\"><div style=\"padding-bottom:37.5%\"><\/div><img decoding=\"async\" width=\"1024\" height=\"768\" src=\"https:\/\/napapiri.com\/wp-content\/uploads\/2024\/08\/DUURZAAMHEID-Volledig-recycleerbare-ijsvloer-1024x768.jpg\" class=\"attachment-large size-large\" alt=\"\" loading=\"lazy\" title=\"\"><\/div><\/div><\/div><\/div><\/div><\/div><div class=\"w-separator size_medium\"><\/div><\/div><\/div><\/div><div class=\"vc_col-sm-6 wpb_column vc_column_container\"><div class=\"vc_column-inner\"><div class=\"wpb_wrapper\"><div class=\"g-cols wpb_row us_custom_33b7f840 nosidepad us_animate_this via_flex valign_top type_default stacking_default\" id=\"huur\"><div class=\"vc_col-sm-12 wpb_column vc_column_container\"><div class=\"vc_column-inner\"><div class=\"wpb_wrapper\"><div class=\"wpb_text_column us_custom_27bf712a bluetitle\"><div class=\"wpb_wrapper\"><h4>Valla con <em>certificaci\u00f3n forestal<\/em><\/h4>\n<\/div><\/div><div class=\"wpb_text_column us_custom_42827c34\"><div class=\"wpb_wrapper\"><p><span style=\"font-weight: 400;\">En nuestras vallas, s\u00f3lo utilizamos madera procedente de \u00e1rboles talados conforme a una gesti\u00f3n forestal sostenible, certificada por PEFC. Esta certificaci\u00f3n garantiza que la madera procede de bosques bien gestionados que cumplen estrictas normas medioambientales. Al elegir madera certificada por el PEFC, contribuimos a la conservaci\u00f3n de los bosques y a la protecci\u00f3n de la biodiversidad, al tiempo que suministramos <strong>vallas sostenibles<\/strong> y de alta calidad.  <\/span><\/p>\n<\/div><\/div><div class=\"w-image has_ratio align_none\"><div class=\"w-image-h\"><div style=\"padding-bottom:37.5%\"><\/div><img decoding=\"async\" width=\"1024\" height=\"683\" src=\"https:\/\/napapiri.com\/wp-content\/uploads\/2024\/08\/DUURZAAMHEID-Omheining-met-boscertificering-1024x683.jpg\" class=\"attachment-large size-large\" alt=\"\" loading=\"lazy\" title=\"\"><\/div><\/div><\/div><\/div><\/div><\/div><div class=\"w-separator size_medium\"><\/div><\/div><\/div><\/div><div class=\"vc_col-sm-6 wpb_column vc_column_container\"><div class=\"vc_column-inner\"><div class=\"wpb_wrapper\"><div class=\"g-cols wpb_row us_custom_ed8ec0df nosidepad us_animate_this via_flex valign_top type_default stacking_default\" id=\"huur\"><div class=\"vc_col-sm-12 wpb_column vc_column_container\"><div class=\"vc_column-inner\"><div class=\"wpb_wrapper\"><div class=\"wpb_text_column us_custom_27bf712a bluetitle\"><div class=\"wpb_wrapper\"><h4>\u00daltima <em>tecnolog\u00eda de refrigeraci\u00f3n<\/em><\/h4>\n<\/div><\/div><div class=\"wpb_text_column us_custom_42827c34\"><div class=\"wpb_wrapper\"><p><span style=\"font-weight: 400;\">Nuestros<strong> enfriadores<\/strong> evolucionan continuamente y se actualizan anualmente seg\u00fan las \u00faltimas directrices de eficiencia energ\u00e9tica sostenible. Estas mejoras continuas garantizan que nuestros sistemas no s\u00f3lo cumplen las normas medioambientales m\u00e1s estrictas, sino que tambi\u00e9n contribuyen a reducir significativamente el consumo de energ\u00eda y los costes de funcionamiento.   <\/span><\/p>\n<\/div><\/div><div class=\"w-image has_ratio align_none\"><div class=\"w-image-h\"><div style=\"padding-bottom:37.5%\"><\/div><img decoding=\"async\" width=\"1024\" height=\"531\" src=\"https:\/\/napapiri.com\/wp-content\/uploads\/2024\/08\/DUURZAAMHEID-Nieuwste-koeltechnologie-1024x531.jpg\" class=\"attachment-large size-large\" alt=\"\" loading=\"lazy\" title=\"\"><\/div><\/div><\/div><\/div><\/div><\/div><div class=\"w-separator size_medium\"><\/div><\/div><\/div><\/div><div class=\"vc_col-sm-6 wpb_column vc_column_container\"><div class=\"vc_column-inner\"><div class=\"wpb_wrapper\"><div class=\"g-cols wpb_row us_custom_33b7f840 nosidepad us_animate_this via_flex valign_top type_default stacking_default\" id=\"huur\"><div class=\"vc_col-sm-12 wpb_column vc_column_container\"><div class=\"vc_column-inner\"><div class=\"wpb_wrapper\"><div class=\"wpb_text_column us_custom_27bf712a bluetitle\"><div class=\"wpb_wrapper\"><h4><em>Rendimiento de refrigeraci\u00f3n<\/em> excepcional<\/h4>\n<\/div><\/div><div class=\"wpb_text_column us_custom_42827c34\"><div class=\"wpb_wrapper\"><p><span style=\"font-weight: 400;\">Nuestro suelo de hielo est\u00e1 equipado con un avanzado sistema de tuber\u00edas que ofrece la transferencia de energ\u00eda m\u00e1s eficaz del mundo gracias a su excepcional densidad. Este innovador dise\u00f1o minimiza la p\u00e9rdida de energ\u00eda y optimiza el mantenimiento, garantizando una superficie de hielo consistente y perfecta. La gran eficacia de nuestro sistema mantiene bajos los costes operativos y garantiza un rendimiento excelente incluso a temperaturas en las que otros sistemas fallan y el hielo se derretir\u00eda.  <\/span><\/p>\n<\/div><\/div><div class=\"w-image has_ratio align_none\"><div class=\"w-image-h\"><div style=\"padding-bottom:37.5%\"><\/div><img decoding=\"async\" width=\"1024\" height=\"765\" src=\"https:\/\/napapiri.com\/wp-content\/uploads\/2024\/08\/DUURZAAMHEID-Uitzonderlijke-koelprestaties-1024x765.jpg\" class=\"attachment-large size-large\" alt=\"\" loading=\"lazy\" title=\"\"><\/div><\/div><\/div><\/div><\/div><\/div><div class=\"w-separator size_medium\"><\/div><\/div><\/div><\/div><div class=\"vc_col-sm-6 wpb_column vc_column_container\"><div class=\"vc_column-inner\"><div class=\"wpb_wrapper\"><div class=\"g-cols wpb_row us_custom_ed8ec0df nosidepad us_animate_this via_flex valign_top type_default stacking_default\" id=\"huur\"><div class=\"vc_col-sm-12 wpb_column vc_column_container\"><div class=\"vc_column-inner\"><div class=\"wpb_wrapper\"><div class=\"wpb_text_column us_custom_27bf712a bluetitle\"><div class=\"wpb_wrapper\"><h4><em>Reciclaje del<\/em> agua<\/h4>\n<\/div><\/div><div class=\"wpb_text_column us_custom_42827c34\"><div class=\"wpb_wrapper\"><p><span style=\"font-weight: 400;\">Recuperar el agua despu\u00e9s de que el hielo se derrita en nuestras pistas de hielo es una opci\u00f3n respetuosa con el medio ambiente que reduce el despilfarro de agua. Esta reutilizaci\u00f3n contribuye a la gesti\u00f3n sostenible de los recursos naturales y minimiza el impacto medioambiental. Al recoger y reutilizar el hielo derretido, garantizamos un enfoque eficaz y responsable en el mantenimiento de nuestras pistas de hielo.  <\/span><\/p>\n<\/div><\/div><div class=\"w-image has_ratio align_none\"><div class=\"w-image-h\"><div style=\"padding-bottom:37.5%\"><\/div><img decoding=\"async\" width=\"1024\" height=\"400\" src=\"https:\/\/napapiri.com\/wp-content\/uploads\/2024\/08\/DUURZAAMHEID-Water-recyclage-1024x400.jpg\" class=\"attachment-large size-large\" alt=\"\" loading=\"lazy\" title=\"\"><\/div><\/div><\/div><\/div><\/div><\/div><div class=\"w-separator size_medium\"><\/div><\/div><\/div><\/div><\/div><\/div><\/section><section class=\"l-section wpb_row us_custom_19c26580 us_animate_this height_medium\"><div class=\"l-section-h i-cf\"><div class=\"g-cols vc_row via_flex valign_top type_default stacking_default\"><div class=\"vc_col-sm-12 wpb_column vc_column_container\"><div class=\"vc_column-inner\"><div class=\"wpb_wrapper\"><div class=\"w-hwrapper valign_middle wrap align_justify\"><div class=\"wpb_text_column us_custom_a7692a04 orangetitle has_text_color\"><div class=\"wpb_wrapper\"><h3>\u00bfNuestra primera promesa? \u00a1Una oferta <em>en 24 horas!<\/em> <\/h3>\n<\/div><\/div><div class=\"w-btn-wrapper align_none\"><a class=\"w-btn us-btn-style_3 us_custom_c097cd2b icon_atright\" href=\"https:\/\/napapiri.com\/es\/?page_id=3290\"><span class=\"w-btn-label\">Solicitar presupuesto<\/span><i class=\"far fa-long-arrow-right\"><\/i><\/a><\/div><\/div><\/div><\/div><\/div><\/div><\/div><\/section>\n\n","protected":false},"excerpt":{"rendered":"Soluciones ecol\u00f3gicas para pistas de hielo sostenibles InicioP\u00e1ginasPistas de hielo energ\u00e9ticamente eficientes con impacto medioambiental reducido Para nosotros, la sostenibilidad est\u00e1 en el centro del proceso de fabricaci\u00f3n de pistas de hielo. Utilizamos materiales respetuosos con el medio ambiente y m\u00e9todos de producci\u00f3n energ\u00e9ticamente eficientes para minimizar nuestra huella de carbono. Nuestras pistas de hielo...","protected":false},"author":1,"featured_media":0,"parent":0,"menu_order":5,"comment_status":"closed","ping_status":"closed","template":"","meta":{"_acf_changed":false,"two_page_speed":[],"footnotes":""},"class_list":["post-4212","page","type-page","status-publish","hentry"],"acf":[],"_links":{"self":[{"href":"https:\/\/napapiri.com\/es\/wp-json\/wp\/v2\/pages\/4212","targetHints":{"allow":["GET"]}}],"collection":[{"href":"https:\/\/napapiri.com\/es\/wp-json\/wp\/v2\/pages"}],"about":[{"href":"https:\/\/napapiri.com\/es\/wp-json\/wp\/v2\/types\/page"}],"author":[{"embeddable":true,"href":"https:\/\/napapiri.com\/es\/wp-json\/wp\/v2\/users\/1"}],"replies":[{"embeddable":true,"href":"https:\/\/napapiri.com\/es\/wp-json\/wp\/v2\/comments?post=4212"}],"version-history":[{"count":29,"href":"https:\/\/napapiri.com\/es\/wp-json\/wp\/v2\/pages\/4212\/revisions"}],"predecessor-version":[{"id":6591,"href":"https:\/\/napapiri.com\/es\/wp-json\/wp\/v2\/pages\/4212\/revisions\/6591"}],"wp:attachment":[{"href":"https:\/\/napapiri.com\/es\/wp-json\/wp\/v2\/media?parent=4212"}],"curies":[{"name":"wp","href":"https:\/\/api.w.org\/{rel}","templated":true}]}}