{"id":3440,"date":"2024-05-16T07:43:35","date_gmt":"2024-05-16T06:43:35","guid":{"rendered":"https:\/\/napapiri.com\/precios\/"},"modified":"2025-02-12T20:08:35","modified_gmt":"2025-02-12T19:08:35","slug":"precios","status":"publish","type":"page","link":"https:\/\/napapiri.com\/es\/precios\/","title":{"rendered":"Precios"},"content":{"rendered":"<section class=\"l-section wpb_row us_custom_d3c890bc us_animate_this height_large\"><div class=\"l-section-h i-cf\"><div class=\"g-cols vc_row via_flex valign_top type_default stacking_default\"><div class=\"vc_col-sm-12 wpb_column vc_column_container\"><div class=\"vc_column-inner\"><div class=\"wpb_wrapper\"><div class=\"wpb_text_column bluetitle\"><div class=\"wpb_wrapper\"><h1>\u00a1Alquila, compra o arrienda tu pista de hielo!<br \/>\n<em><strong>Elige la mejor opci\u00f3n seg\u00fan tu presupuesto<\/strong><\/em><\/h1>\n<\/div><\/div><div class=\"w-btn-wrapper align_none hide_on_mobiles\"><a class=\"w-btn us-btn-style_4 vertslidebut text_none icon_atright\" href=\"#down\" aria-label=\"Button\"><i class=\"far fa-long-arrow-down\"><\/i><\/a><\/div><div class=\"w-separator size_medium\"><\/div><div class=\"w-btn-wrapper align_none\"><a class=\"w-btn us-btn-style_1 icon_atright\" href=\"#down\"><span class=\"w-btn-label\">Alquiler<\/span><i class=\"fas fa-long-arrow-right\"><\/i><\/a><\/div><div class=\"w-btn-wrapper align_none\"><a class=\"w-btn us-btn-style_1 icon_atright\" href=\"#prijs2\"><span class=\"w-btn-label\">Comprar<\/span><i class=\"fas fa-long-arrow-right\"><\/i><\/a><\/div><div class=\"w-btn-wrapper align_none\"><a class=\"w-btn us-btn-style_1 icon_atright\" href=\"#prijs3\"><span class=\"w-btn-label\">Arrendamiento<\/span><i class=\"fas fa-long-arrow-right\"><\/i><\/a><\/div><\/div><\/div><\/div><\/div><\/div><\/section><section class=\"l-section wpb_row us_custom_98c2a343 us_animate_this height_auto\"><div class=\"l-section-h i-cf\"><div class=\"g-cols vc_row via_flex valign_top type_default stacking_default\"><div class=\"vc_col-sm-12 wpb_column vc_column_container\"><div class=\"vc_column-inner\"><div class=\"wpb_wrapper\"><\/div><\/div><\/div><\/div><\/div><\/section><section class=\"l-section wpb_row us_custom_bf48def1 us_animate_this height_auto\"><div class=\"l-section-h i-cf\"><div class=\"g-cols vc_row via_flex valign_top type_default stacking_default\"><div class=\"vc_col-sm-12 wpb_column vc_column_container\"><div class=\"vc_column-inner\"><div class=\"wpb_wrapper\"><nav class=\"g-breadcrumbs us_custom_f9e185d2 has_text_color separator_icon align_none\" itemscope itemtype=\"http:\/\/schema.org\/BreadcrumbList\"><div class=\"g-breadcrumbs-item\" itemscope itemprop=\"itemListElement\" itemtype=\"http:\/\/schema.org\/ListItem\"><a itemprop=\"item\" href=\"https:\/\/napapiri.com\/es\/\"><span itemprop=\"name\">Inicio<\/span><\/a><meta itemprop=\"position\" content=\"1\"\/><\/div><div class=\"g-breadcrumbs-separator\"><i class=\"far fa-angle-right\"><\/i><\/div><div class=\"g-breadcrumbs-item\">P\u00e1ginas<\/div><\/nav><\/div><\/div><\/div><\/div><\/div><\/section><section class=\"l-section wpb_row us_custom_70f65456 us_animate_this height_huge\" id=\"down\"><div class=\"l-section-h i-cf\"><div class=\"g-cols vc_row via_flex valign_top type_default stacking_default\"><div class=\"vc_col-sm-12 wpb_column vc_column_container\"><div class=\"vc_column-inner\"><div class=\"wpb_wrapper\"><div class=\"wpb_text_column orangetitle\"><div class=\"wpb_wrapper\"><h2><em>Alquiler de<\/em> pista de hielo m\u00f3vil<br \/>\n<strong><em>(con opci\u00f3n de compra)<br \/>\n<\/em><\/strong><\/h2>\n<\/div><\/div><div class=\"w-separator size_small\"><\/div><div class=\"g-cols wpb_row via_flex valign_top type_default stacking_default\"><div class=\"vc_col-sm-6 wpb_column vc_column_container\"><div class=\"vc_column-inner\"><div class=\"wpb_wrapper\"><div class=\"wpb_text_column\"><div class=\"wpb_wrapper\"><p><span style=\"font-weight: 400;\">Alquilar una pista de <a href=\"https:\/\/napapiri.com\/es\/pistas-de-hielo\/pistas-de-hielo-moviles\/\">hielo<\/a> m\u00f3vil para eventos temporales de invierno ofrece flexibilidad y comodidad, con la opci\u00f3n de comprar la pista de hielo una vez finalizado el <strong>alquiler<\/strong>. Esto te da la oportunidad de probar primero la pista de hielo y experimentar lo bien que se adapta a tus necesidades. Adem\u00e1s, te ahorras la inversi\u00f3n inicial y puedes disfrutar de una atracci\u00f3n invernal de \u00e9xito sin compromisos a largo plazo.  <\/span><\/p>\n<p><span style=\"font-weight: 400;\">Si compras la pista de hielo despu\u00e9s del periodo de alquiler, descontaremos del precio final de compra el 60% del importe ya abonado.<\/span><\/p>\n<\/div><\/div><\/div><\/div><\/div><div class=\"vc_col-sm-6 wpb_column vc_column_container\"><div class=\"vc_column-inner\"><div class=\"wpb_wrapper\"><div class=\"wpb_text_column\"><div class=\"wpb_wrapper\"><p><span style=\"font-weight: 400;\">El ejemplo siguiente muestra el precio de alquiler de un suelo de hielo en nevera (m\u00e1ximo 40 d\u00edas).<\/span><\/p>\n<p><span style=\"font-weight: 400;\">Para obtener un presupuesto completo, introduce tus datos al final de esta p\u00e1gina.<\/span><\/p>\n<\/div><\/div><div class=\"w-separator size_small\"><\/div><div class=\"wpb_text_column\"><div class=\"wpb_wrapper\"><table class=\"table\">\n<tbody>\n<tr class=\"row\">\n<th class=\"header-cell\">Dimensiones<\/th>\n<th class=\"header-cell\">Alquiler<\/th>\n<th class=\"header-cell\">Descuento en la compra<\/th>\n<\/tr>\n<tr class=\"row\">\n<td class=\"cell\">10&#215;20 metros<\/td>\n<td class=\"cell\">13.000\u20ac<\/td>\n<td class=\"cell\">&#8211; 7.800\u20ac<\/td>\n<\/tr>\n<tr class=\"row\">\n<td class=\"cell\">14&#215;30 metros<\/td>\n<td class=\"cell\">22.000\u20ac<\/td>\n<td class=\"cell\">&#8211; 13.200\u20ac<\/td>\n<\/tr>\n<tr class=\"row\">\n<td class=\"cell\">20&#215;30 metros<\/td>\n<td class=\"cell\">29.900\u20ac<\/td>\n<td class=\"cell\">&#8211; 17.940\u20ac<\/td>\n<\/tr>\n<tr class=\"row\">\n<td class=\"cell\">20&#215;40 metros<\/td>\n<td class=\"cell\">34.000\u20ac<\/td>\n<td class=\"cell\">&#8211; 20.400\u20ac<\/td>\n<\/tr>\n<\/tbody>\n<\/table>\n<\/div><\/div><\/div><\/div><\/div><\/div><div class=\"w-separator size_medium\"><\/div><div class=\"w-btn-wrapper align_none\"><a class=\"w-btn us-btn-style_1 icon_atright\" href=\"https:\/\/napapiri.com\/es\/ponte-en-contacto-con\/\"><span class=\"w-btn-label\">Solicitar presupuesto<\/span><i class=\"fal fa-long-arrow-right\"><\/i><\/a><\/div><\/div><\/div><\/div><\/div><\/div><\/section><section class=\"l-section wpb_row us_custom_b9ddfaf3 us_animate_this height_large\"><div class=\"l-section-h i-cf\"><div class=\"g-cols vc_row via_flex valign_top type_default stacking_default\"><div class=\"vc_col-sm-12 wpb_column vc_column_container displayinlineblock linebutton\"><div class=\"vc_column-inner\"><div class=\"wpb_wrapper\"><div class=\"w-separator us_custom_4c5d6fba has_text_color size_custom with_line width_default thick_1 style_solid color_secondary align_center\" style=\"height:10px\"><div class=\"w-separator-h\"><\/div><\/div><\/div><\/div><\/div><\/div><\/div><\/section><section class=\"l-section wpb_row us_custom_60e9caca us_animate_this height_huge\" id=\"prijs2\"><div class=\"l-section-h i-cf\"><div class=\"g-cols vc_row via_flex valign_top type_default stacking_default\"><div class=\"vc_col-sm-12 wpb_column vc_column_container\"><div class=\"vc_column-inner\"><div class=\"wpb_wrapper\"><div class=\"wpb_text_column orangetitle\"><div class=\"wpb_wrapper\"><h2><em>Comprar<\/em> pista de hielo m\u00f3vil<\/h2>\n<\/div><\/div><div class=\"w-separator size_small\"><\/div><div class=\"g-cols wpb_row via_flex valign_top type_default stacking_default\"><div class=\"vc_col-sm-6 wpb_column vc_column_container\"><div class=\"vc_column-inner\"><div class=\"wpb_wrapper\"><div class=\"wpb_text_column\"><div class=\"wpb_wrapper\"><p><span style=\"font-weight: 400;\">Comprar una pista de hielo m\u00f3vil supone un ahorro de costes a largo plazo, ya que no tienes gastos recurrentes de alquiler. Tienes pleno control sobre el uso y el <a href=\"https:\/\/napapiri.com\/es\/productos\/servicios\/\">mantenimiento de la pista de hielo<\/a>, lo que garantiza la calidad.   <\/span><\/p>\n<p><span style=\"font-weight: 400;\"><strong>Comprar una pista de hielo<\/strong> te permite generar ingresos adicionales alquil\u00e1ndola a terceros durante los periodos en que no la utilices t\u00fa mismo. Aumenta el valor y el atractivo de tus instalaciones, y te ofrece flexibilidad para utilizar la pista de hielo para distintos eventos y actividades siempre que quieras. <\/span><\/p>\n<\/div><\/div><\/div><\/div><\/div><div class=\"vc_col-sm-6 wpb_column vc_column_container\"><div class=\"vc_column-inner\"><div class=\"wpb_wrapper\"><div class=\"wpb_text_column\"><div class=\"wpb_wrapper\"><p><span style=\"font-weight: 400;\">Los precios que figuran a continuaci\u00f3n son v\u00e1lidos si ambos productos se compran juntos. Si se compran por separado, ten en cuenta un recargo del 10%. <\/span><\/p>\n<p><span style=\"font-weight: 400;\">Para obtener un presupuesto completo, introduce tus datos al final de esta p\u00e1gina.<\/span><\/p>\n<\/div><\/div><div class=\"w-separator size_small\"><\/div><div class=\"wpb_text_column\"><div class=\"wpb_wrapper\"><table class=\"table\">\n<tbody>\n<tr class=\"row\">\n<th class=\"header-cell\">Dimensiones<\/th>\n<th class=\"header-cell\">Suelo de hielo en la nevera<\/th>\n<th class=\"header-cell\">Recinto<\/th>\n<\/tr>\n<tr class=\"row\">\n<td class=\"cell\">10&#215;20 metros<\/td>\n<td class=\"cell\">27.000\u20ac<\/td>\n<td class=\"cell\">17.500\u20ac<\/td>\n<\/tr>\n<tr class=\"row\">\n<td class=\"cell\">14&#215;30 metros<\/td>\n<td class=\"cell\">40.000\u20ac<\/td>\n<td class=\"cell\">22.500\u20ac<\/td>\n<\/tr>\n<tr class=\"row\">\n<td class=\"cell\">20&#215;30 metros<\/td>\n<td class=\"cell\">56.500\u20ac<\/td>\n<td class=\"cell\">24.500\u20ac<\/td>\n<\/tr>\n<tr class=\"row\">\n<td class=\"cell\">20&#215;40 metros<\/td>\n<td class=\"cell\">60.500\u20ac<\/td>\n<td class=\"cell\">28.000\u20ac<\/td>\n<\/tr>\n<\/tbody>\n<\/table>\n<\/div><\/div><\/div><\/div><\/div><\/div><div class=\"w-separator size_medium\"><\/div><div class=\"w-btn-wrapper align_none\"><a class=\"w-btn us-btn-style_1 icon_atright\" href=\"https:\/\/napapiri.com\/es\/ponte-en-contacto-con\/\"><span class=\"w-btn-label\">Solicitar presupuesto<\/span><i class=\"fal fa-long-arrow-right\"><\/i><\/a><\/div><\/div><\/div><\/div><\/div><\/div><\/section><section class=\"l-section wpb_row us_custom_b9ddfaf3 us_animate_this height_large\"><div class=\"l-section-h i-cf\"><div class=\"g-cols vc_row via_flex valign_top type_default stacking_default\"><div class=\"vc_col-sm-12 wpb_column vc_column_container displayinlineblock linebutton\"><div class=\"vc_column-inner\"><div class=\"wpb_wrapper\"><div class=\"w-separator us_custom_4c5d6fba has_text_color size_custom with_line width_default thick_1 style_solid color_secondary align_center\" style=\"height:10px\"><div class=\"w-separator-h\"><\/div><\/div><\/div><\/div><\/div><\/div><\/div><\/section><section class=\"l-section wpb_row us_custom_60e9caca us_animate_this height_huge\" id=\"prijs3\"><div class=\"l-section-h i-cf\"><div class=\"g-cols vc_row via_flex valign_top type_default stacking_default\"><div class=\"vc_col-sm-12 wpb_column vc_column_container\"><div class=\"vc_column-inner\"><div class=\"wpb_wrapper\"><div class=\"wpb_text_column orangetitle\"><div class=\"wpb_wrapper\"><h2><em>Alquiler<\/em> de pista de hielo m\u00f3vil<\/h2>\n<\/div><\/div><div class=\"w-separator size_small\"><\/div><div class=\"g-cols wpb_row via_flex valign_top type_default stacking_default\"><div class=\"vc_col-sm-6 wpb_column vc_column_container\"><div class=\"vc_column-inner\"><div class=\"wpb_wrapper\"><div class=\"wpb_text_column\"><div class=\"wpb_wrapper\"><p><span style=\"font-weight: 400;\"><strong>Arrendar una pista de hielo<\/strong> con cuotas mensuales ofrece varias ventajas. En NAPAPIRI puedes gestionarlo directamente sin pasar por una entidad financiera, lo que simplifica y agiliza el proceso. Este modelo de leasing te permite disfrutar de una pista de hielo de alta calidad sin una gran inversi\u00f3n inicial. Adem\u00e1s, ofrece flexibilidad en la gesti\u00f3n del presupuesto y te permite distribuir los costes, lo que es beneficioso para la tesorer\u00eda de tu organizaci\u00f3n.     <\/span><\/p>\n<\/div><\/div><\/div><\/div><\/div><div class=\"vc_col-sm-6 wpb_column vc_column_container\"><div class=\"vc_column-inner\"><div class=\"wpb_wrapper\"><div class=\"wpb_text_column\"><div class=\"wpb_wrapper\"><p>E<span style=\"font-weight: 400;\">l ejemplo siguiente muestra el coste de alquiler de un suelo de hielo para nevera<\/span>. Para obtener un presupuesto completo, introduce tus datos al final de esta p\u00e1gina.<\/p>\n<\/div><\/div><div class=\"w-separator size_small\"><\/div><div class=\"wpb_text_column\"><div class=\"wpb_wrapper\"><table class=\"table\">\n<tbody>\n<tr class=\"row\">\n<th class=\"header-cell\">Dimensiones<\/th>\n<th class=\"header-cell\">Precio de entrada<\/th>\n<th class=\"header-cell\">Mensualidad 3 a\u00f1os<\/th>\n<\/tr>\n<tr class=\"row\">\n<td class=\"cell\">10&#215;20 metros<\/td>\n<td class=\"cell\">8.000\u20ac<\/td>\n<td class=\"cell\">375\u20ac<\/td>\n<\/tr>\n<tr class=\"row\">\n<td class=\"cell\">14&#215;30 metros<\/td>\n<td class=\"cell\">12.000\u20ac<\/td>\n<td class=\"cell\">500\u20ac<\/td>\n<\/tr>\n<tr class=\"row\">\n<td class=\"cell\">20&#215;30 metros<\/td>\n<td class=\"cell\">17.000\u20ac<\/td>\n<td class=\"cell\">700\u20ac<\/td>\n<\/tr>\n<tr class=\"row\">\n<td class=\"cell\">20&#215;40 metros<\/td>\n<td class=\"cell\">19.000\u20ac<\/td>\n<td class=\"cell\">785\u20ac<\/td>\n<\/tr>\n<\/tbody>\n<\/table>\n<\/div><\/div><\/div><\/div><\/div><\/div><div class=\"w-separator size_medium\"><\/div><div class=\"w-btn-wrapper align_none\"><a class=\"w-btn us-btn-style_1 icon_atright\" href=\"https:\/\/napapiri.com\/es\/ponte-en-contacto-con\/\"><span class=\"w-btn-label\">Solicitar presupuesto<\/span><i class=\"fal fa-long-arrow-right\"><\/i><\/a><\/div><\/div><\/div><\/div><\/div><\/div><\/section><section class=\"l-section wpb_row us_custom_19c26580 us_animate_this height_medium\"><div class=\"l-section-h i-cf\"><div class=\"g-cols vc_row via_flex valign_top type_default stacking_default\"><div class=\"vc_col-sm-12 wpb_column vc_column_container\"><div class=\"vc_column-inner\"><div class=\"wpb_wrapper\"><div class=\"w-hwrapper valign_middle wrap align_justify\"><div class=\"wpb_text_column us_custom_a7692a04 orangetitle has_text_color\"><div class=\"wpb_wrapper\"><h3>\u00bfNuestra primera promesa? \u00a1Una oferta <em>en 24 horas!<\/em> <\/h3>\n<\/div><\/div><div class=\"w-btn-wrapper align_none\"><a class=\"w-btn us-btn-style_3 us_custom_c097cd2b icon_atright\" href=\"https:\/\/napapiri.com\/es\/?page_id=3290\"><span class=\"w-btn-label\">Solicitar presupuesto<\/span><i class=\"far fa-long-arrow-right\"><\/i><\/a><\/div><\/div><\/div><\/div><\/div><\/div><\/div><\/section>\n\n","protected":false},"excerpt":{"rendered":"\u00a1Alquila, compra o arrienda tu pista de hielo! Elige la mejor opci\u00f3n seg\u00fan tu presupuesto AlquilerComprarArrendamientoInicioP\u00e1ginasAlquiler de pista de hielo m\u00f3vil (con opci\u00f3n de compra) Alquilar una pista de hielo m\u00f3vil para eventos temporales de invierno ofrece flexibilidad y comodidad, con la opci\u00f3n de comprar la pista de hielo una vez finalizado el alquiler. Esto...","protected":false},"author":1,"featured_media":1697,"parent":0,"menu_order":5,"comment_status":"closed","ping_status":"closed","template":"","meta":{"_acf_changed":false,"two_page_speed":[],"footnotes":""},"class_list":["post-3440","page","type-page","status-publish","has-post-thumbnail","hentry"],"acf":[],"_links":{"self":[{"href":"https:\/\/napapiri.com\/es\/wp-json\/wp\/v2\/pages\/3440","targetHints":{"allow":["GET"]}}],"collection":[{"href":"https:\/\/napapiri.com\/es\/wp-json\/wp\/v2\/pages"}],"about":[{"href":"https:\/\/napapiri.com\/es\/wp-json\/wp\/v2\/types\/page"}],"author":[{"embeddable":true,"href":"https:\/\/napapiri.com\/es\/wp-json\/wp\/v2\/users\/1"}],"replies":[{"embeddable":true,"href":"https:\/\/napapiri.com\/es\/wp-json\/wp\/v2\/comments?post=3440"}],"version-history":[{"count":9,"href":"https:\/\/napapiri.com\/es\/wp-json\/wp\/v2\/pages\/3440\/revisions"}],"predecessor-version":[{"id":6864,"href":"https:\/\/napapiri.com\/es\/wp-json\/wp\/v2\/pages\/3440\/revisions\/6864"}],"wp:featuredmedia":[{"embeddable":true,"href":"https:\/\/napapiri.com\/es\/wp-json\/wp\/v2\/media\/1697"}],"wp:attachment":[{"href":"https:\/\/napapiri.com\/es\/wp-json\/wp\/v2\/media?parent=3440"}],"curies":[{"name":"wp","href":"https:\/\/api.w.org\/{rel}","templated":true}]}}