{"id":3325,"date":"2024-05-16T07:43:36","date_gmt":"2024-05-16T06:43:36","guid":{"rendered":"https:\/\/napapiri.com\/sobre-nosotros\/"},"modified":"2025-02-10T18:18:29","modified_gmt":"2025-02-10T17:18:29","slug":"sobre-nosotros","status":"publish","type":"page","link":"https:\/\/napapiri.com\/es\/sobre-nosotros\/","title":{"rendered":"Sobre nosotros"},"content":{"rendered":"<section class=\"l-section wpb_row us_custom_d3c890bc us_animate_this height_large\"><div class=\"l-section-h i-cf\"><div class=\"g-cols vc_row via_flex valign_top type_default stacking_default\"><div class=\"vc_col-sm-12 wpb_column vc_column_container\"><div class=\"vc_column-inner\"><div class=\"wpb_wrapper\"><div class=\"wpb_text_column bluetitle\"><div class=\"wpb_wrapper\"><h1>Napapiri: Una historia sobre<br \/>\n<strong><em>pasi\u00f3n por el helado<\/em><\/strong><\/h1>\n<\/div><\/div><div class=\"w-btn-wrapper align_none hide_on_mobiles\"><a class=\"w-btn us-btn-style_4 vertslidebut text_none icon_atright\" href=\"#down\" aria-label=\"Button\"><i class=\"far fa-long-arrow-down\"><\/i><\/a><\/div><\/div><\/div><\/div><\/div><\/div><\/section><section class=\"l-section wpb_row us_custom_bf48def1 us_animate_this height_auto\"><div class=\"l-section-h i-cf\"><div class=\"g-cols vc_row via_flex valign_top type_default stacking_default\"><div class=\"vc_col-sm-12 wpb_column vc_column_container\"><div class=\"vc_column-inner\"><div class=\"wpb_wrapper\"><nav class=\"g-breadcrumbs us_custom_f9e185d2 has_text_color separator_icon align_none\" itemscope itemtype=\"http:\/\/schema.org\/BreadcrumbList\"><div class=\"g-breadcrumbs-item\" itemscope itemprop=\"itemListElement\" itemtype=\"http:\/\/schema.org\/ListItem\"><a itemprop=\"item\" href=\"https:\/\/napapiri.com\/es\/\"><span itemprop=\"name\">Inicio<\/span><\/a><meta itemprop=\"position\" content=\"1\"\/><\/div><div class=\"g-breadcrumbs-separator\"><i class=\"far fa-angle-right\"><\/i><\/div><div class=\"g-breadcrumbs-item\">P\u00e1ginas<\/div><\/nav><\/div><\/div><\/div><\/div><\/div><\/section><section class=\"l-section wpb_row us_custom_70f65456 us_animate_this height_huge\" id=\"down\"><div class=\"l-section-h i-cf\"><div class=\"g-cols vc_row via_flex valign_top type_default stacking_default\"><div class=\"vc_col-sm-12 wpb_column vc_column_container\"><div class=\"vc_column-inner\"><div class=\"wpb_wrapper\"><div class=\"wpb_text_column orangetitle\"><div class=\"wpb_wrapper\"><h2><strong>Calidad y experiencia,<\/strong> <em>tu \u00e9xito es nuestro objetivo.<\/em><\/h2>\n<\/div><\/div><div class=\"w-separator size_small\"><\/div><div class=\"g-cols wpb_row via_flex valign_top type_default stacking_default\"><div class=\"vc_col-sm-6 wpb_column vc_column_container\"><div class=\"vc_column-inner\"><div class=\"wpb_wrapper\"><div class=\"wpb_text_column\"><div class=\"wpb_wrapper\"><p>En Napapiri, somos sin\u00f3nimo de artesan\u00eda, innovaci\u00f3n y fiabilidad desde 1993. Llevamos a\u00f1os liderando el mercado, especializados en tecnolog\u00edas de refrigeraci\u00f3n de alta calidad para pistas de hielo de todo el mundo. Nuestro equipo de expertos trabaja con pasi\u00f3n cada d\u00eda para crear soluciones sostenibles y a medida para nuestros clientes.<\/p>\n<\/div><\/div><\/div><\/div><\/div><div class=\"vc_col-sm-6 wpb_column vc_column_container\"><div class=\"vc_column-inner\"><div class=\"wpb_wrapper\"><div class=\"wpb_text_column\"><div class=\"wpb_wrapper\"><p>Ya se trate de peque\u00f1os proyectos m\u00f3viles para el patinaje de diversi\u00f3n o de pistas ol\u00edmpicas de patinaje sobre hielo a gran escala para atletas de \u00e9lite, en Napapiri siempre buscamos la perfecci\u00f3n y la satisfacci\u00f3n del cliente. Juntos, estamos construyendo un futuro sostenible&#8230; \u00a1sobre hielo!<\/p>\n<\/div><\/div><\/div><\/div><\/div><\/div><\/div><\/div><\/div><\/div><\/div><\/section><section class=\"l-section wpb_row us_custom_19c26580 us_animate_this height_medium\"><div class=\"l-section-h i-cf\"><div class=\"g-cols vc_row via_flex valign_top type_default stacking_default\"><div class=\"vc_col-sm-12 wpb_column vc_column_container\"><div class=\"vc_column-inner\"><div class=\"wpb_wrapper\"><div class=\"w-hwrapper valign_middle wrap align_justify\"><div class=\"wpb_text_column us_custom_a7692a04 orangetitle has_text_color\"><div class=\"wpb_wrapper\"><h3>\u00bfNuestra primera promesa? \u00a1Una oferta <em>en 24 horas!<\/em> <\/h3>\n<\/div><\/div><div class=\"w-btn-wrapper align_none\"><a class=\"w-btn us-btn-style_3 us_custom_c097cd2b icon_atright\" href=\"https:\/\/napapiri.com\/es\/?page_id=3290\"><span class=\"w-btn-label\">Solicitar presupuesto<\/span><i class=\"far fa-long-arrow-right\"><\/i><\/a><\/div><\/div><\/div><\/div><\/div><\/div><\/div><\/section>\n<section class=\"l-section wpb_row us_custom_60e9caca us_animate_this height_large\"><div class=\"l-section-h i-cf\"><div class=\"g-cols vc_row via_flex valign_top type_default stacking_default\"><div class=\"vc_col-sm-12 wpb_column vc_column_container\"><div class=\"vc_column-inner\"><div class=\"wpb_wrapper\"><div class=\"wpb_text_column orangetitle\"><div class=\"wpb_wrapper\"><h3>\u00bfPor qu\u00e9 Napapiri <em>es la elecci\u00f3n perfecta<\/em> para ti?<\/h3>\n<\/div><\/div><div class=\"w-separator size_large\"><\/div><div class=\"g-cols wpb_row via_flex valign_top type_default stacking_default\"><div class=\"vc_col-sm-12 vc_col-lg-5 vc_col-md-6 vc_col-xs-12 wpb_column vc_column_container\"><div class=\"vc_column-inner\"><div class=\"wpb_wrapper\"><div class=\"w-iconbox napaiconbox iconpos_left style_default color_primary align_left icontype_img\"><div class=\"w-iconbox-icon\" style=\"font-size:50px;\"><?xml version=\"1.0\" encoding=\"UTF-8\"?>\n<svg id=\"a\" xmlns=\"http:\/\/www.w3.org\/2000\/svg\" version=\"1.1\" viewBox=\"0 0 250 250\">\n  <defs>\n    <style>\n      .cls-1 {\n        fill: #f0905f;\n        stroke-width: 0px;\n      }\n    <\/style>\n  <\/defs>\n  <path class=\"cls-1\" d=\"M247.8,210.2c-.2-.1-13.7-9.2-28.6-19.5,5.6-2.5,14-9,15.5-26.2.3-1.1.5-2.8-.2-4.8-1.3-4-5.1-7.5-11.7-10.8-.2-.1-25.3-12.3-51.7-26.7-2.1-1.2-4.8-.6-6.3,1.3l-11.9,15.2c-1.7,2.2-1.3,5.3.9,7,2.2,1.7,5.3,1.3,7-.9l9.3-11.8c25.2,13.7,48.2,24.8,48.4,24.9,4.6,2.3,6.1,4,6.4,4.6,0,.2,0,.4,0,.6-1.4,17.5-11.3,19.1-11.8,19.1-19.1,2.3-38.5,2.1-57.3-.8-7.9-1.4-15.6-3.3-23-5-.9-.2-1.8-.4-2.7-.6,0,0-.1,0-.2-.1-.2,0-.5,0-.7-.1-11.1-2.6-21.6-4.9-30.4-4.9s-8.8,0-12.8.2c-7.7.2-17.2.5-47.3.2-9-.6-15.3-3.1-18.7-7.3-3.5-4.4-2.7-9.5-2.6-10l15.6-125,38.2,5.5c1.5.2,3.1-.3,4.2-1.3,9.5-9.1,23.2-12.6,35.5-9.2,3.1,1.1,5.8,3.3,4.6,11.8-.4,3.2-1.3,9.7-1.9,14.2l-41.3-4.5c-9.3-1.8-18.3,4.1-20.3,13.4,0,.4-.1.7-.1,1.1,0,9.5,7.5,17.2,16.6,17.4l39.5,4.3-1.3,7.4c-.3,1.7.3,3.4,1.5,4.5,3.8,3.5,8,6.8,12.3,9.6,2.3,1.5,5.4.9,6.9-1.4,1.5-2.3.9-5.4-1.4-6.9-3.2-2.1-6.2-4.3-9.1-6.8l1.7-9.9h0s0,0,0,0l4-21.3c0-.2.2-.4.2-.6,0,0,1.9-13.8,2.6-19,2-14.7-5-20.4-11.5-22.7-15.2-4.1-31.7-.4-43.6,9.9l-40.9-5.9c-1.3-.2-2.7.2-3.7,1-1.1.8-1.8,2-1.9,3.4L7.2,152.3c0,.4-1.7,9.5,4.5,17.6,1.2,1.5,2.6,2.9,4.1,4.1C10.2,184.4,1.2,203.4,0,215.8c-.1,1.2.2,2.5,1,3.5l12.1,16.1c.9,1.3,2.4,2,4,2h186.7c17,0,33.4-7.1,44.9-19.7,1-1.1,1.5-2.5,1.3-4-.2-1.4-1-2.8-2.2-3.6h0ZM68.7,67.2c-3.9-.1-7-3.1-7.2-6.9,1.1-3.7,4.8-5.9,9-5.1l41.1,4.5-2.2,12s-40.6-4.4-40.6-4.4ZM85.9,180.9c3.9-.1,7.2-.2,12.5-.2,7.7,0,17.6,2.2,28.1,4.7,6.6,2.7,11.9,8.1,14.4,14.5.1.4.2,1,0,1.2-.7,1.1-3.9,2.1-6,2.3-49.2.8-64.1-5-64.2-5h0c-1.9-1-3.1-2.4-3.5-4.2-.8-3.3.5-8.1,3.5-13,7,0,11.3-.2,15.1-.3h0ZM203.7,227.4H19.6l-9.4-12.5c1.6-9.4,8.2-24.8,14.4-36.3,3.9,1.3,8.3,2.2,13.3,2.5,8.8,0,15.8.1,21.6.1-1.9,4.5-3.3,10-1.9,15.5,1.2,4.5,4.1,8.1,8.8,10.6,1.5.7,14.9,6.1,59.2,6.1s6.4,0,9.8,0c1.6-.1,10-1,13.8-6.6,1.3-2,2.6-5.3,1.1-10.1-.9-2.4-2-4.6-3.3-6.7,2.3.5,4.6,1,6.9,1.4,11,1.6,22.1,2.5,33.1,2.5s11.9-.3,17.9-.8c12.4,8.6,25.2,17.3,32.1,22-9.2,7.9-21.1,12.4-33.4,12.4h0Z\"\/>\n  <path class=\"cls-1\" d=\"M36.2,125.3c-.8,12,8.3,22.4,20.4,23.2h0c.5,0,1,0,1.4,0,11.4,0,21-8.9,21.8-20.4.8-12-8.3-22.4-20.4-23.2-12-.7-22.4,8.3-23.2,20.4h0ZM69.8,127.5c-.4,6.5-6,11.5-12.6,11-6.5-.4-11.5-6.1-11-12.6.4-6.5,6.1-11.5,12.6-11.1,6.5.4,11.5,6.1,11,12.6Z\"\/>\n  <path class=\"cls-1\" d=\"M124.2,128.3c.9.7,2,1,3,1,1.5,0,3-.7,4-2l8.9-11.6,9.1,5.6c2.3,1.4,5.4.7,6.9-1.7,1.4-2.3.7-5.4-1.6-6.9l-12.9-7.9c-2.2-1.3-5-.8-6.6,1.2l-11.6,15.2c-1.7,2.2-1.2,5.3.9,7h0Z\"\/>\n<\/svg><\/div><div class=\"w-iconbox-meta\"><h5 class=\"w-iconbox-title\">M\u00e1s de 30 a\u00f1os de experiencia<\/h5><div class=\"w-iconbox-text\"><p>Napapiri est\u00e1 a la vanguardia de la fabricaci\u00f3n de pistas de hielo de hielo real. Nuestra continua innovaci\u00f3n ha dado lugar a <strong>pistas de hielo duraderas, energ\u00e9ticamente eficientes<\/strong> y f\u00e1ciles de instalar. Con Napapiri, tienes la seguridad de contar con pistas de hielo de alta calidad que marcan la pauta en cuanto a calidad y fiabilidad, respaldadas por d\u00e9cadas de experiencia.  <\/p>\n<p><strong><a href=\"pistas de hielo\"><span style=\"text-decoration: underline;\">Descubre nuestras pistas de hielo<\/span><\/a><\/strong><\/p>\n<\/div><\/div><\/div><\/div><\/div><\/div><div class=\"vc_col-sm-1 vc_col-lg-1 vc_hidden-md vc_hidden-sm vc_hidden-xs wpb_column vc_column_container\"><div class=\"vc_column-inner\"><div class=\"wpb_wrapper\"><\/div><\/div><\/div><div class=\"vc_col-sm-12 vc_col-lg-5 vc_col-md-6 vc_col-xs-12 wpb_column vc_column_container\"><div class=\"vc_column-inner\"><div class=\"wpb_wrapper\"><div class=\"w-iconbox napaiconbox iconpos_left style_default color_primary align_left icontype_img\"><div class=\"w-iconbox-icon\" style=\"font-size:50px;\"><?xml version=\"1.0\" encoding=\"UTF-8\"?>\n<svg id=\"a\" xmlns=\"http:\/\/www.w3.org\/2000\/svg\" version=\"1.1\" viewBox=\"0 0 250 250\">\n  <defs>\n    <style>\n      .cls-1 {\n        fill: #f0905f;\n        stroke-width: 0px;\n      }\n    <\/style>\n  <\/defs>\n  <path class=\"cls-1\" d=\"M226.9,154c-4.3-6.6-9.7-12.3-16.1-16.8V35.9C210.7,16.1,194.6,0,174.8,0s-35.9,16.1-35.9,35.9v17.9l-1.6,6.2-25.2,14.6c-2.7-2.9-6.2-5-10.2-5.9v-27.3l24.9-24.9c.8-.9,1.3-2.1,1.3-3.3,0-1.2-.5-2.4-1.4-3.2-1.8-1.7-4.6-1.7-6.3,0l-18.4,18.4V4.5C101.8,2,99.7,0,97.2,0s-4.5,2-4.5,4.5v23.9l-18.4-18.4c-1.8-1.8-4.7-1.7-6.4,0-.8.8-1.3,2-1.3,3.2s.5,2.3,1.3,3.2l24.9,24.9v27.3c-4,.9-7.5,3-10.2,5.9l-25.2-14.6-9.1-34c-.6-2.4-3.2-3.8-5.6-3.2-1.2.3-2.1,1.1-2.7,2.1-.6,1-.8,2.3-.5,3.4l6.7,25.1-20.7-12c-2.1-1.2-4.8-.5-6.1,1.6-.6,1-.9,2.3-.5,3.5.3,1.2,1.1,2.2,2.1,2.8l20.7,12-25.2,6.8c-2.4.6-3.8,3.2-3.2,5.6.3,1.2,1.1,2.2,2.1,2.8,1,.6,2.3.8,3.4.5l34-9.1,25.2,14.6c-.6,1.9-1,3.8-1,5.8s.4,4,1,5.8l-25.2,14.6-34-9.1c-1.2-.3-2.4,0-3.4.5-1,.6-1.8,1.7-2.1,2.8-.6,2.4.8,4.8,3.2,5.5l25.1,6.7-20.7,11.9c-2.1,1.2-2.8,4.1-1.6,6.2.6,1,1.6,1.8,2.7,2.1s2.4.1,3.4-.4l20.7-12-6.7,25.2c-.3,1.2,0,2.4.5,3.4.6,1,1.6,1.8,2.8,2.1.4.1.8.1,1.2.1,2,0,3.8-1.3,4.3-3.3l9.1-33.9,25.2-14.6c2.7,2.9,6.2,5,10.2,5.9v30.9l-24.8,24.9c-1.7,1.7-1.7,4.6,0,6.4.8.9,2,1.4,3.2,1.4,1.3.1,2.4-.5,3.2-1.3l18.4-18.4v20.4c0,2.5,2.1,4.5,4.6,4.5s4.5-2,4.5-4.5v-20.4l14.7,14.8c-1,2.8-1.9,5.6-2.5,8.5-3.4,16.2-.3,32.8,8.7,46.8,11.9,18.3,31.8,28.2,52.2,28.2s23.4-3.2,33.8-10c28.7-18.7,36.9-57.2,18.2-86h0ZM138.8,69.6v37.5l-22.3-12.9c.6-1.9,1-3.8,1-5.8s-.4-4-1-5.8l22.3-12.9h0ZM87.7,94s0,0,0,0,0,0,0,0c-.9-1.6-1.5-3.5-1.5-5.5s.6-3.8,1.5-5.4c0,0,0,0,0-.1,0,0,0-.1,0-.2,1.9-3.3,5.5-5.5,9.6-5.5h0c4.1,0,7.7,2.3,9.6,5.6,0,0,0,0,0,0,0,0,0,0,0,0,.9,1.6,1.4,3.4,1.4,5.4s-.6,3.9-1.6,5.6c0,0,0,0,0,0,0,0,0,0,0,0-2,3.3-5.5,5.5-9.6,5.5s-7.6-2.2-9.6-5.5h0ZM101.8,138.8v-30.9c4-.9,7.5-3,10.2-5.9l25.2,14.6,1.6,6.1v14.5c-7.7,5.4-13.9,12.4-18.3,20.5,0,0-18.7-18.8-18.7-18.8ZM203.8,232.4c-24.6,16-57.5,9-73.5-15.6-7.7-11.9-10.4-26.1-7.4-40,2.9-13.9,11.1-25.8,23-33.5,1.3-.8,2.1-2.2,2.1-3.8v-17.8h0v-6.9h0v-1.9h0V35.9c0-14.9,12.1-26.9,26.9-26.9s26.9,12.1,26.9,26.9v103.6c0,1.5.8,2.9,2.1,3.8,6.2,4.1,11.5,9.3,15.6,15.6,16,24.6,9,57.5-15.6,73.5h0Z\"\/>\n  <path class=\"cls-1\" d=\"M179.3,162.8V41.2c0-2.5-2.1-4.5-4.6-4.5s-4.6,2.1-4.6,4.5v121.7c-11.9,2.2-20.9,12.6-20.9,25s11.4,25.5,25.5,25.5,25.5-11.4,25.5-25.5-9.1-22.9-20.9-25h0ZM174.8,204.3c-9.1,0-16.4-7.4-16.4-16.4s7.3-16.3,16.2-16.4c0,0,.1,0,.2,0,.1,0,.2,0,.3,0,8.9.2,16.1,7.4,16.1,16.4s-7.4,16.4-16.4,16.4h0Z\"\/>\n<\/svg><\/div><div class=\"w-iconbox-meta\"><h5 class=\"w-iconbox-title\">Fabricado con energ\u00eda 100% renovable<\/h5><div class=\"w-iconbox-text\"><p>Onze ijsbanen worden vervaardigd met behulp van 100% duurzame energie, wat resulteert in een milieuvriendelijke productie. Door gebruik te maken van hernieuwbare energiebronnen verminderen we onze ecologische voetafdruk en dragen we bij aan een schonere toekomst. Het gebruik van duurzame energie tijdens het productieproces versterkt onze toewijding aan milieuvriendelijke praktijken en duurzaamheid.<\/p>\n<p><strong><a href=\"\/?page_id=38\"><span style=\"text-decoration: underline;\">Lees over duurzame ijsbanen<\/span><\/a><\/strong><\/p>\n<\/div><\/div><\/div><\/div><\/div><\/div><div class=\"vc_col-sm-1 vc_col-lg-1 vc_hidden-md vc_hidden-sm vc_hidden-xs wpb_column vc_column_container\"><div class=\"vc_column-inner\"><div class=\"wpb_wrapper\"><\/div><\/div><\/div><\/div><div class=\"w-separator size_huge\"><\/div><div class=\"g-cols wpb_row via_flex valign_top type_default stacking_default\"><div class=\"vc_col-sm-1 vc_col-lg-1 vc_hidden-md vc_hidden-sm vc_hidden-xs wpb_column vc_column_container\"><div class=\"vc_column-inner\"><div class=\"wpb_wrapper\"><\/div><\/div><\/div><div class=\"vc_col-sm-12 vc_col-lg-5 vc_col-md-6 vc_col-xs-12 wpb_column vc_column_container\"><div class=\"vc_column-inner\"><div class=\"wpb_wrapper\"><div class=\"w-iconbox napaiconbox iconpos_left style_default color_primary align_left icontype_img\"><div class=\"w-iconbox-icon\" style=\"font-size:50px;\"><?xml version=\"1.0\" encoding=\"UTF-8\"?>\n<svg id=\"a\" xmlns=\"http:\/\/www.w3.org\/2000\/svg\" version=\"1.1\" viewBox=\"0 0 250 250\">\n  <defs>\n    <style>\n      .cls-1 {\n        fill: #f0905f;\n        stroke-width: 0px;\n      }\n    <\/style>\n  <\/defs>\n  <g id=\"b\">\n    <g id=\"c\">\n      <path class=\"cls-1\" d=\"M40.2,152.6c-2.8,0-5.5-1.5-6.9-4.1-.9-1.7-1.2-3.6-.8-5.5l9.8-44.3L7.3,65.9c-3.2-3-3.3-8-.4-11.1,1.4-1.5,3.2-2.3,5.2-2.5l46.3-3.3L77.3,4.8c1.7-4,6.3-5.9,10.3-4.2,1.9.8,3.4,2.3,4.2,4.2l18.9,44.2,46.3,3.3c4.3.3,7.6,4.1,7.3,8.4-.1,2-1,3.9-2.5,5.2l-35,32.8,9.8,44.3c.9,4.2-1.7,8.4-6,9.4-1.9.4-3.8.1-5.5-.8l-40.7-22.1-40.7,22.1c-1.2.6-2.5,1-3.8,1h0ZM84.6,119.6c1.3,0,2.6.3,3.7.9l38.1,20.7-9.2-41.4c-.6-2.7.2-5.6,2.3-7.5l32.7-30.8-43.3-3.1c-3-.2-5.5-2-6.7-4.8l-17.7-41.4-17.7,41.4c-1.2,2.7-3.7,4.5-6.7,4.8l-43.4,3.1,32.8,30.8c2,1.9,2.9,4.8,2.3,7.5l-9.2,41.4,38.1-20.7c1.2-.6,2.5-.9,3.8-.9h0ZM126.2,99.4h0,0ZM42.5,97.8h0s0,0,0,0ZM126.6,97.7h0s0,0,0,0ZM156.4,61.9h0,0ZM12.8,61.9h0,0ZM155.2,58.9h0ZM82.9,8.6h0Z\"\/>\n    <\/g>\n    <g id=\"d\">\n      <path class=\"cls-1\" d=\"M215.5,167.8c-1.2,0-2.4-.3-3.5-1l-27.4-17.2-29.3,13.7c-1.6.7-3.4.8-5,.2-1.6-.6-2.9-1.8-3.7-3.4-.7-1.4-.8-3.1-.4-4.6l8.7-30.3-7.1-7.5c-1.8-1.9-1.7-5,.2-6.8,1.9-1.8,5-1.7,6.8.2l8.3,8.8c1.6,1.7,2.2,4.1,1.5,6.3l-7.3,25.5,24.6-11.5c2-.9,4.3-.8,6.2.4l23,14.4-4.1-26.2c-.4-2.3.5-4.6,2.3-6.1l21.6-17.9-26.9-3.6c-2.4-.3-4.5-2-5.3-4.3l-9.4-26.5-12.6,25.1c-1.1,2.2-3.3,3.6-5.8,3.6h-13.1c0,.1,0,.1,0,.1-2.6,0-4.8-2.1-4.8-4.8s2.1-4.8,4.8-4.9h11.2c0,0,15.1-30,15.1-30,1.6-3.2,5.6-4.5,8.8-2.9,1.5.8,2.7,2.1,3.2,3.7l11.2,31.6,32.1,4.3c1.7.2,3.3,1.1,4.3,2.5,1.1,1.4,1.5,3.1,1.3,4.8-.2,1.6-1,3.1-2.3,4.2l-25.8,21.4,4.9,31.2c.3,1.7-.1,3.4-1.2,4.9-1,1.4-2.5,2.3-4.3,2.6-.3,0-.7,0-1,0h0ZM186.3,148.9h0s0,0,0,0ZM215.7,130.2h0ZM156.3,126.5h0s0,0,0,0ZM238.2,105.8h0,0ZM208.1,93.7h0ZM168.3,91.2s0,0,0,0h0s0,0,0,0ZM171.1,89.5h0Z\"\/>\n    <\/g>\n    <g id=\"e\">\n      <path class=\"cls-1\" d=\"M131,250c-1.4,0-2.7-.5-3.8-1.3l-25.4-19.5-30.2,10.8c-1.6.6-3.2.5-4.7-.2s-2.6-2-3.2-3.5c-.5-1.4-.5-2.9,0-4.3l11.5-29.2-20.4-26.2c-1-1.3-1.5-2.9-1.2-4.6s1-3.1,2.3-4.1c1.2-.9,2.7-1.4,4.3-1.3l32,2.7,7.3-11.7c1.4-2.2,4.4-2.9,6.7-1.5,2.3,1.4,2.9,4.4,1.5,6.7l-8.4,13.5c-1.2,2-3.4,3.1-5.8,2.9l-26.2-2.2,16.7,21.5c1.3,1.7,1.7,4,.9,6l-9.4,23.9,24.8-8.8c2-.7,4.2-.4,5.8.9l20.9,16-1.6-25.6c-.1-2.2.9-4.3,2.7-5.5l22.6-15.3-25.6-5.9c-2.2-.5-4-2.2-4.6-4.4l-2.7-10.8c-.7-2.6.9-5.2,3.5-5.9,2.6-.6,5.2.9,5.9,3.5l2.2,8.7,31.3,7.2c3.3.8,5.4,4.1,4.6,7.4-.4,1.5-1.3,2.9-2.6,3.7l-27.5,18.7,1.9,31.3c.2,3.4-2.3,6.3-5.7,6.6-.1,0-.3,0-.4,0h0ZM127.6,244h0c0,0,0,0,0,0ZM133.1,241h0s0,0,0,0ZM68.4,230.8h0ZM76.5,204.3s0,0,0,0h0ZM158.5,191.8h0,0ZM127.2,174.6h0,0Z\"\/>\n    <\/g>\n  <\/g>\n<\/svg><\/div><div class=\"w-iconbox-meta\"><h5 class=\"w-iconbox-title\">Mejor precio-calidad garantizada<\/h5><div class=\"w-iconbox-text\"><p>Met onze ijsbanen bieden we de beste prijs-kwaliteitgarantie in de branche. We streven ernaar om <strong>hoogwaardige ijsbanen<\/strong> te leveren tegen betaalbare prijzen, zonder concessies te doen aan kwaliteit. Onze focus ligt op het bieden van uitstekende waarde voor uw investering, met duurzame en betrouwbare ijsbanen die seizoen na seizoen topprestaties leveren.<\/p>\n<p><strong><a href=\"\/?page_id=40\"><span style=\"text-decoration: underline;\">Lees over ijsbanen huren<\/span><\/a><\/strong><\/p>\n<\/div><\/div><\/div><\/div><\/div><\/div><div class=\"vc_col-sm-1 vc_col-lg-1 vc_hidden-md vc_hidden-sm vc_hidden-xs wpb_column vc_column_container\"><div class=\"vc_column-inner\"><div class=\"wpb_wrapper\"><\/div><\/div><\/div><div class=\"vc_col-sm-12 vc_col-lg-5 vc_col-md-6 vc_col-xs-12 wpb_column vc_column_container\"><div class=\"vc_column-inner\"><div class=\"wpb_wrapper\"><div class=\"w-iconbox napaiconbox iconpos_left style_default color_primary align_left icontype_img\"><div class=\"w-iconbox-icon\" style=\"font-size:50px;\"><?xml version=\"1.0\" encoding=\"UTF-8\"?>\n<svg id=\"a\" xmlns=\"http:\/\/www.w3.org\/2000\/svg\" version=\"1.1\" viewBox=\"0 0 250 250\">\n  <defs>\n    <style>\n      .cls-1 {\n        fill: #f0905f;\n        stroke-width: 0px;\n      }\n    <\/style>\n  <\/defs>\n  <path class=\"cls-1\" d=\"M60.5,128.5c-34,0-60.5,17.4-60.5,39.5v18.5c-.1,6.7,2.1,13.3,6.3,18.7,12.4,15,29.1,21.7,54.2,21.7s41.8-6.7,54.3-21.8c4.1-5.3,6.4-11.9,6.3-18.5v-18.4c0,0,0-.1,0-.2,0-22.1-26.6-39.5-60.5-39.5h0ZM60.5,138.4c27.4,0,50.6,13.5,50.6,29.5h0v.2c-.2,16-23.3,29.4-50.6,29.4s-50.7-13.6-50.7-29.6,23.2-29.6,50.7-29.6h0ZM107.1,198.9c-7.4,8.9-18.7,18.1-46.5,18.1s-39.2-9.1-46.5-18c-2-2.6-3.3-5.6-3.9-8.8,10.8,10.5,29.1,17.3,50.3,17.3s39.6-6.8,50.3-17.3c-.5,3.2-1.8,6.2-3.8,8.7h0Z\"\/>\n  <path class=\"cls-1\" d=\"M250,114.6h0c0-22.1-26.6-39.5-60.5-39.5s-60.5,17.3-60.5,39.5h0v18.5c-.1,6.7,2.1,13.3,6.3,18.7,12.4,15,29.1,21.7,54.2,21.7s41.9-6.7,54.3-21.8c4.1-5.3,6.4-11.9,6.3-18.5v-18.5h0c0,0,0,0,0,0ZM189.5,85c27.4,0,50.6,13.6,50.6,29.6h0c0,16.1-23.2,29.6-50.6,29.6s-50.6-13.6-50.6-29.6h0c0-16,23.2-29.6,50.6-29.6h0ZM236,145.5c-7.4,8.9-18.6,18.1-46.6,18.1s-39.2-9.1-46.5-18c-2-2.6-3.3-5.6-3.9-8.8,10.8,10.5,29.1,17.3,50.4,17.3s39.6-6.8,50.4-17.3c-.5,3.2-1.8,6.2-3.8,8.7h0Z\"\/>\n  <path class=\"cls-1\" d=\"M117,102.1c2.7,0,4.9-2.2,4.9-4.9s-2.2-4.9-4.9-4.9c-27.4,0-50.6-13.6-50.6-29.6h0c0-16,23.2-29.6,50.6-29.6s50.6,13.5,50.6,29.6,2.2,4.9,4.9,4.9,4.9-2.2,4.9-4.9c0-22.1-26.6-39.5-60.5-39.5s-60.5,17.3-60.5,39.5h0v18.5c0,6.7,2.1,13.3,6.3,18.7,12.4,15,29.1,21.7,54.2,21.7s4.9-2.2,4.9-4.9-2.2-4.9-4.9-4.9c-27.9,0-39.2-9.2-46.5-18-2-2.6-3.3-5.6-3.9-8.8,10.8,10.5,29.1,17.3,50.3,17.3h0Z\"\/>\n<\/svg><\/div><div class=\"w-iconbox-meta\"><h5 class=\"w-iconbox-title\">Opciones de financiaci\u00f3n flexibles<\/h5><div class=\"w-iconbox-text\"><p>Bij Napapiri bieden we flexibele financieringsmogelijkheden voor het<strong> leasen van een ijsbaan<\/strong>, waarbij betalingen verspreid kunnen worden over een periode van 2 tot 3 jaar. Deze optie maakt het mogelijk om zonder grote initi\u00eble investeringen te genieten van een hoogwaardige ijsbaan.<\/p>\n<p><strong><a href=\"\/?page_id=40\"><span style=\"text-decoration: underline;\">Lees over ijsbanen leasen<\/span><\/a><\/strong><\/p>\n<\/div><\/div><\/div><\/div><\/div><\/div><\/div><\/div><\/div><\/div><\/div><\/div><\/section>\n\n","protected":false},"excerpt":{"rendered":"Napapiri: Una historia sobre pasi\u00f3n por el helado InicioP\u00e1ginasCalidad y experiencia, tu \u00e9xito es nuestro objetivo. En Napapiri, somos sin\u00f3nimo de artesan\u00eda, innovaci\u00f3n y fiabilidad desde 1993. Llevamos a\u00f1os liderando el mercado, especializados en tecnolog\u00edas de refrigeraci\u00f3n de alta calidad para pistas de hielo de todo el mundo. Nuestro equipo de expertos trabaja con pasi\u00f3n...","protected":false},"author":1,"featured_media":0,"parent":0,"menu_order":5,"comment_status":"closed","ping_status":"closed","template":"","meta":{"_acf_changed":false,"two_page_speed":[],"footnotes":""},"class_list":["post-3325","page","type-page","status-publish","hentry"],"acf":[],"_links":{"self":[{"href":"https:\/\/napapiri.com\/es\/wp-json\/wp\/v2\/pages\/3325","targetHints":{"allow":["GET"]}}],"collection":[{"href":"https:\/\/napapiri.com\/es\/wp-json\/wp\/v2\/pages"}],"about":[{"href":"https:\/\/napapiri.com\/es\/wp-json\/wp\/v2\/types\/page"}],"author":[{"embeddable":true,"href":"https:\/\/napapiri.com\/es\/wp-json\/wp\/v2\/users\/1"}],"replies":[{"embeddable":true,"href":"https:\/\/napapiri.com\/es\/wp-json\/wp\/v2\/comments?post=3325"}],"version-history":[{"count":41,"href":"https:\/\/napapiri.com\/es\/wp-json\/wp\/v2\/pages\/3325\/revisions"}],"predecessor-version":[{"id":5645,"href":"https:\/\/napapiri.com\/es\/wp-json\/wp\/v2\/pages\/3325\/revisions\/5645"}],"wp:attachment":[{"href":"https:\/\/napapiri.com\/es\/wp-json\/wp\/v2\/media?parent=3325"}],"curies":[{"name":"wp","href":"https:\/\/api.w.org\/{rel}","templated":true}]}}