{"id":3187,"date":"2024-05-16T07:43:37","date_gmt":"2024-05-16T06:43:37","guid":{"rendered":"https:\/\/napapiri.com\/condiciones-generales\/"},"modified":"2025-02-10T18:09:24","modified_gmt":"2025-02-10T17:09:24","slug":"condiciones-generales","status":"publish","type":"page","link":"https:\/\/napapiri.com\/es\/condiciones-generales\/","title":{"rendered":"Condiciones generales"},"content":{"rendered":"<section class=\"l-section wpb_row height_medium\"><div class=\"l-section-h i-cf\"><div class=\"g-cols vc_row via_flex valign_top type_default stacking_default\"><div class=\"vc_col-sm-12 wpb_column vc_column_container\"><div class=\"vc_column-inner\"><div class=\"wpb_wrapper\"><div class=\"wpb_text_column\"><div class=\"wpb_wrapper\"><h1>\nCONDICIONES GENERALES DEL SITIO WEB FUN ON ICE BV<\/h1>\n<p>&#8212;<\/p>\n<p><strong>Art\u00edculo 1 &#8211; Definiciones<\/strong><\/p>\n<p>1.1 Sitio web: El sitio web de FUN ON ICE BV, accesible en www.napapiri.com<\/p>\n<p>1.2 Visitante: Cualquier persona que visite el sitio web y\/o utilice la informaci\u00f3n y los servicios ofrecidos en el sitio web.<\/p>\n<p>1.3 Contenido: Toda la informaci\u00f3n, im\u00e1genes, v\u00eddeos, textos y dem\u00e1s material disponible en el sitio web.<\/p>\n<p>1.4 FUN ON ICE BV: La entidad jur\u00eddica que gestiona el sitio web y ofrece productos\/servicios de pistas de patinaje sobre hielo.<\/p>\n<p>&#8212;<\/p>\n<p><strong>Art\u00edculo 2 &#8211; Aplicabilidad<\/strong><\/p>\n<p>2.1 Estas condiciones generales se aplican a cualquier uso del sitio web de FUN ON ICE BV. Al visitar y utilizar el sitio web, el visitante acepta estas condiciones generales. <\/p>\n<p>2.2 FUN ON ICE BV se reserva el derecho a modificar las condiciones generales en cualquier momento. Las condiciones modificadas entrar\u00e1n en vigor en cuanto se publiquen en el sitio web. <\/p>\n<p>&#8212;<\/p>\n<p><strong>Art\u00edculo 3 &#8211; Finalidad del sitio web<\/strong><\/p>\n<p>3.1 El sitio web de FUN ON ICE BV tiene por objeto proporcionar informaci\u00f3n sobre los productos y servicios ofrecidos por FUN ON ICE BV, incluida la fabricaci\u00f3n e instalaci\u00f3n de pistas de patinaje sobre hielo.<\/p>\n<p>3.2 El sitio web no ofrece la posibilidad de realizar pedidos de productos o servicios directamente. Para pedidos o presupuestos detallados, los visitantes deben ponerse en contacto directamente con FUN ON ICE BV. <\/p>\n<p>&#8212;<\/p>\n<p>&nbsp;<\/p>\n<p><strong>Art\u00edculo 4 &#8211; Uso del sitio web<\/strong><\/p>\n<p>4.1 El visitante no est\u00e1 autorizado a utilizar el sitio web de forma que infrinja leyes o reglamentos o que pueda da\u00f1ar el sitio web o los intereses de FUN ON ICE BV.<\/p>\n<p>4.2 El visitante es responsable del uso correcto del sitio web y de consultar la informaci\u00f3n de forma que no perjudique al sitio web ni a otros usuarios.<\/p>\n<p>4.3 FUN ON ICE BV se reserva el derecho a bloquear o restringir el acceso al sitio web si el visitante no cumple los t\u00e9rminos y condiciones o hace un uso indebido del sitio web.<\/p>\n<p>&#8212;<\/p>\n<p><strong>Art\u00edculo 5 &#8211; Derechos de propiedad intelectual<\/strong><\/p>\n<p>5.1 Todos los derechos de propiedad intelectual relacionados con el sitio web y su contenido, incluidos, entre otros, textos, im\u00e1genes, v\u00eddeos y software, pertenecen a FUN ON ICE BV o a sus licenciantes.<\/p>\n<p>5.2 El visitante no est\u00e1 autorizado a copiar, distribuir, reproducir o hacer p\u00fablico de ninguna otra forma el contenido del sitio web sin el consentimiento previo por escrito de FUN ON ICE BV.<\/p>\n<p>&#8212;<\/p>\n<p><strong>Art\u00edculo 6 &#8211; Responsabilidad<\/strong><\/p>\n<p>6.1 FUN ON ICE BV se esfuerza por mantener la informaci\u00f3n del sitio web lo m\u00e1s exacta y actualizada posible. Sin embargo, FUN ON ICE BV no puede garantizar que la informaci\u00f3n del sitio web sea siempre completa, correcta y actualizada. <\/p>\n<p>6.2 FUN ON ICE BV no se hace responsable de ning\u00fan da\u00f1o directo o indirecto derivado del uso del sitio web, de la disponibilidad del sitio web o de la exactitud de la informaci\u00f3n.<\/p>\n<p>6.3 El sitio web puede contener enlaces a sitios web externos. FUN ON ICE BV no es responsable del contenido o funcionamiento de estos sitios web externos y no acepta ninguna responsabilidad por los da\u00f1os resultantes del uso de dichos sitios web. <\/p>\n<p>&#8212;<\/p>\n<p>&nbsp;<\/p>\n<p><strong>Art\u00edculo 7 &#8211; Privacidad y cookies<\/strong><\/p>\n<p>7.1 FUN ON ICE BV valora la privacidad de los visitantes del sitio web. El uso de los datos personales se describe en la pol\u00edtica de privacidad disponible en el sitio web. <\/p>\n<p>7.2 El sitio web utiliza cookies para optimizar su funcionalidad y analizar el comportamiento de los usuarios. Para m\u00e1s informaci\u00f3n sobre el uso de cookies, consulta la pol\u00edtica de cookies del sitio web. <\/p>\n<p>&#8212;<\/p>\n<p><strong>Art\u00edculo 8 &#8211; Ley aplicable y litigios<\/strong><\/p>\n<p>8.1 Estas condiciones generales se rigen por la legislaci\u00f3n belga.<\/p>\n<p>8.2 Los litigios derivados del uso del sitio web o de estas condiciones generales se someter\u00e1n exclusivamente al tribunal competente del distrito en el que se encuentre FUN ON ICE BV.<\/p>\n<p>&#8212;<\/p>\n<p><strong>Art\u00edculo 9 &#8211; Datos de contacto<\/strong><\/p>\n<p>Para preguntas o comentarios sobre el sitio web o estos t\u00e9rminos y condiciones, ponte en contacto con:<\/p>\n<p>FUN ON ICE BV Philipssite 5 Bus 1<br \/>\n<a href=\"tel:+3216982382\">+32 (0)16 98 23 82<\/a><br \/>\n<a href=\"mailto:hello@napapiri.com\">hello@napapiri.com<\/a><br \/>\n<a href=\"https:\/\/www.napapiri.com\">https:\/\/www.napapiri.com<\/a><\/p>\n<p>&#8212;<\/p>\n<p>Estas condiciones se actualizaron por \u00faltima vez el 1 de octubre de 2024.<\/p>\n<\/div><\/div><\/div><\/div><\/div><\/div><\/div><\/section>\n","protected":false},"excerpt":{"rendered":"CONDICIONES GENERALES DEL SITIO WEB FUN ON ICE BV &#8212; Art\u00edculo 1 &#8211; Definiciones 1.1 Sitio web: El sitio web de FUN ON ICE BV, accesible en www.napapiri.com 1.2 Visitante: Cualquier persona que visite el sitio web y\/o utilice la informaci\u00f3n y los servicios ofrecidos en el sitio web. 1.3 Contenido: Toda la informaci\u00f3n, im\u00e1genes,...","protected":false},"author":1,"featured_media":0,"parent":0,"menu_order":5,"comment_status":"closed","ping_status":"closed","template":"","meta":{"_acf_changed":false,"two_page_speed":[],"footnotes":""},"class_list":["post-3187","page","type-page","status-publish","hentry"],"acf":[],"_links":{"self":[{"href":"https:\/\/napapiri.com\/es\/wp-json\/wp\/v2\/pages\/3187","targetHints":{"allow":["GET"]}}],"collection":[{"href":"https:\/\/napapiri.com\/es\/wp-json\/wp\/v2\/pages"}],"about":[{"href":"https:\/\/napapiri.com\/es\/wp-json\/wp\/v2\/types\/page"}],"author":[{"embeddable":true,"href":"https:\/\/napapiri.com\/es\/wp-json\/wp\/v2\/users\/1"}],"replies":[{"embeddable":true,"href":"https:\/\/napapiri.com\/es\/wp-json\/wp\/v2\/comments?post=3187"}],"version-history":[{"count":19,"href":"https:\/\/napapiri.com\/es\/wp-json\/wp\/v2\/pages\/3187\/revisions"}],"predecessor-version":[{"id":5327,"href":"https:\/\/napapiri.com\/es\/wp-json\/wp\/v2\/pages\/3187\/revisions\/5327"}],"wp:attachment":[{"href":"https:\/\/napapiri.com\/es\/wp-json\/wp\/v2\/media?parent=3187"}],"curies":[{"name":"wp","href":"https:\/\/api.w.org\/{rel}","templated":true}]}}