{"id":2867,"date":"2024-05-13T09:02:21","date_gmt":"2024-05-13T08:02:21","guid":{"rendered":"https:\/\/napapiri.com\/politica-de-privacidad\/"},"modified":"2025-01-23T19:45:22","modified_gmt":"2025-01-23T18:45:22","slug":"politica-de-privacidad","status":"publish","type":"page","link":"https:\/\/napapiri.com\/es\/politica-de-privacidad\/","title":{"rendered":"Pol\u00edtica de privacidad"},"content":{"rendered":"<section class=\"l-section wpb_row height_medium\"><div class=\"l-section-h i-cf\"><div class=\"g-cols vc_row via_flex valign_top type_default stacking_default\"><div class=\"vc_col-sm-12 wpb_column vc_column_container\"><div class=\"vc_column-inner\"><div class=\"wpb_wrapper\"><div class=\"wpb_text_column\"><div class=\"wpb_wrapper\"><h1>\nPOL\u00cdTICA DE PRIVACIDAD FUN ON ICE BV<\/h1>\n<p>&#8212;<\/p>\n<h2>Introducci\u00f3n<\/h2>\n<p>FUN ON ICE BV, con domicilio en Philipssite 5 Bus 1, 3001 Heverlee, B\u00e9lgica, valora la privacidad de los visitantes de su sitio web www.napapiri.com (en adelante, \u00abel Sitio Web\u00bb). En esta Pol\u00edtica de Privacidad, explicamos c\u00f3mo tratamos tus datos personales, qu\u00e9 datos recogemos, con qu\u00e9 fines utilizamos estos datos y c\u00f3mo protegemos tus datos. Al utilizar nuestro Sitio Web, das tu consentimiento a la recogida y uso de tus datos personales tal y como se describe en esta Pol\u00edtica de Privacidad. &#8212; <\/p>\n<p><strong>Art\u00edculo 1 &#8211; Responsable del tratamiento<\/strong><\/p>\n<p>1.1 FUN ON ICE BV es el responsable del tratamiento de los datos personales descritos en esta Pol\u00edtica de Privacidad. 1.2 Si tienes preguntas sobre esta Pol\u00edtica de Privacidad, ponte en contacto con<\/p>\n<p>FUN ON ICE BV Philipssite 5 Bus 1 hello@napapiri.com +32 (0)16 98 23 82 https:\/\/www.napapiri.com &#8212;<\/p>\n<p><strong>Art\u00edculo 2 &#8211; \u00bfQu\u00e9 datos recogemos?<\/strong><\/p>\n<p>FUN ON ICE BV puede recoger y procesar los siguientes datos personales tuyos cuando visitas el Sitio Web o te pones en contacto con nosotros:<\/p>\n<p>&#8211; Nombre &#8211; Direcci\u00f3n de correo electr\u00f3nico &#8211; N\u00famero de tel\u00e9fono &#8212;.<\/p>\n<p>&nbsp;<\/p>\n<p><strong>Art\u00edculo 3 &#8211; Fines del tratamiento de datos<\/strong><\/p>\n<p>Los datos personales que recogemos s\u00f3lo se utilizan para los siguientes fines: 3.1 Solicitudes de contacto Cuando te pones en contacto con nosotros a trav\u00e9s del Sitio Web (por ejemplo, mediante un formulario de contacto o por correo electr\u00f3nico), procesamos tus datos para responder a tu pregunta o procesar tu solicitud.<br \/>\n3.2 An\u00e1lisis del uso del Sitio Web Recogemos datos para comprender el uso del Sitio Web y mejorar nuestros servicios. Esto se hace en parte analizando el comportamiento de los visitantes, como el n\u00famero de p\u00e1ginas vistas y el tiempo de visita.<br \/>\n3.3 Boletines y marketing Si te has suscrito a nuestro bolet\u00edn, utilizamos tu direcci\u00f3n de correo electr\u00f3nico para mantenerte informado sobre noticias, productos y servicios de FUN ON ICE BV. Puedes darte de baja de estos boletines en cualquier momento a trav\u00e9s del enlace para darse de baja que aparece en los correos electr\u00f3nicos. &#8212;<\/p>\n<p><strong>Art\u00edculo 4 &#8211; Base jur\u00eddica del tratamiento<\/strong><\/p>\n<p>Procesamos tus datos personales por los siguientes motivos legales: &#8211; Consentimiento: Buscamos tu consentimiento para enviarte boletines y mensajes de marketing. &#8211; Cumplimiento de un contrato: Si te pones en contacto con nosotros para solicitar informaci\u00f3n sobre productos o servicios, procesamos tus datos para cumplir tu solicitud. &#8211; Inter\u00e9s leg\u00edtimo: Tratamos determinados datos personales para garantizar y mejorar la funcionalidad de nuestro Sitio Web, y para adaptar nuestros servicios a las necesidades de los usuarios. &#8212;<\/p>\n<p><strong>Art\u00edculo 5 &#8211; Compartir datos personales<\/strong><\/p>\n<p>FUN ON ICE BV no vende tus datos personales a terceros. Sin embargo, podemos compartir tus datos personales con las siguientes partes \u00fanicamente para los fines indicados anteriormente: &#8211; Proveedores de servicios que nos ayudan a prestar nuestros servicios (por ejemplo, proveedores de alojamiento o sistemas de env\u00edo de correo electr\u00f3nico). &#8211; Herramientas anal\u00edticas (por ejemplo, Google Analytics) para mejorar nuestro Sitio Web. &#8211; Organismos gubernamentales o reguladores, si as\u00ed nos lo exige la ley. &#8212; <\/p>\n<p><strong>Art\u00edculo 6 &#8211; Plazo de conservaci\u00f3n<\/strong><\/p>\n<p>No conservaremos tus datos personales durante m\u00e1s tiempo del necesario para los fines para los que los procesamos. Si as\u00ed lo exige la ley, conservaremos determinados datos durante m\u00e1s tiempo (por ejemplo, por obligaciones fiscales o administrativas). &#8212; <\/p>\n<p><strong>Art\u00edculo 7 &#8211; Seguridad de los datos<\/strong><\/p>\n<p>FUN ON ICE BV toma las medidas t\u00e9cnicas y organizativas apropiadas para proteger tus datos personales contra p\u00e9rdida, uso indebido, acceso no autorizado, divulgaci\u00f3n, alteraci\u00f3n o destrucci\u00f3n. &#8211; Utilizamos tecnolog\u00edas de encriptaci\u00f3n y servidores seguros para proteger tus datos. &#8211; El acceso a tus datos est\u00e1 restringido a las personas autorizadas dentro de nuestra empresa. &#8212;<\/p>\n<p><strong>Art\u00edculo 8 &#8211; Tus derechos<\/strong><\/p>\n<p>Tienes derecho a: &#8211; Acceder a tus datos personales que procesamos. &#8211; Solicitar la rectificaci\u00f3n o supresi\u00f3n de tus datos si son inexactos o ya no son pertinentes. &#8211; Solicitar la limitaci\u00f3n del tratamiento si tienes dudas sobre la exactitud de los datos o la licitud del tratamiento. &#8211; Oponerte al tratamiento de tus datos sobre la base de un inter\u00e9s leg\u00edtimo. &#8211; Retirar tu consentimiento para recibir mensajes de marketing (a trav\u00e9s del enlace de cancelaci\u00f3n de suscripci\u00f3n de nuestros correos electr\u00f3nicos). Env\u00eda tus solicitudes a hello@napapiri.com. Responderemos a tu solicitud lo antes posible, pero a m\u00e1s tardar en un plazo de cuatro semanas. &#8212;<\/p>\n<p>&nbsp;<\/p>\n<p><strong>Art\u00edculo 9 &#8211; Cookies<\/strong><\/p>\n<p>Nuestro Sitio Web utiliza cookies para mejorar tu experiencia de usuario y para recopilar estad\u00edsticas an\u00f3nimas sobre el uso del Sitio Web. Consulta nuestra pol\u00edtica de cookies para obtener m\u00e1s informaci\u00f3n sobre el uso de cookies. &#8212; <\/p>\n<p><strong>Art\u00edculo 10 &#8211; Cambios en la Pol\u00edtica de Privacidad<\/strong><\/p>\n<p>FUN ON ICE BV se reserva el derecho a modificar esta Pol\u00edtica de Privacidad. Cualquier cambio se publicar\u00e1 en esta p\u00e1gina. Te animamos a que consultes esta p\u00e1gina con regularidad para conocer la \u00faltima versi\u00f3n de nuestra Pol\u00edtica de Privacidad. &#8212;  <\/p>\n<p><strong>Art\u00edculo 11 &#8211; Contacto<\/strong><\/p>\n<p>Si tienes alguna pregunta sobre esta Pol\u00edtica de Privacidad o sobre c\u00f3mo procesamos tus datos, ponte en contacto con nosotros en<\/p>\n<p>FUN ON ICE BV Philipssite 5 Bus 1 hello@napapiri.com<\/p>\n<p><a href=\"tel:+3216982382\">+32 (0)16 98 23 82<\/a><br \/>\n<a href=\"https:\/\/www.napapiri.com\" target=\"_blank\" rel=\"noopener\">https:\/\/www.napapiri.com<\/a><\/p>\n<p>&#8212; Deze Privacy Policy is voor het laatst bijgewerkt op 1 oktober 2024.<\/p>\n<\/div><\/div><\/div><\/div><\/div><\/div><\/div><\/section>\n","protected":false},"excerpt":{"rendered":"POL\u00cdTICA DE PRIVACIDAD FUN ON ICE BV &#8212; Introducci\u00f3n FUN ON ICE BV, con domicilio en Philipssite 5 Bus 1, 3001 Heverlee, B\u00e9lgica, valora la privacidad de los visitantes de su sitio web www.napapiri.com (en adelante, \u00abel Sitio Web\u00bb). En esta Pol\u00edtica de Privacidad, explicamos c\u00f3mo tratamos tus datos personales, qu\u00e9 datos recogemos, con qu\u00e9...","protected":false},"author":1,"featured_media":0,"parent":0,"menu_order":1,"comment_status":"closed","ping_status":"open","template":"","meta":{"_acf_changed":false,"two_page_speed":[],"footnotes":""},"class_list":["post-2867","page","type-page","status-publish","hentry"],"acf":[],"_links":{"self":[{"href":"https:\/\/napapiri.com\/es\/wp-json\/wp\/v2\/pages\/2867","targetHints":{"allow":["GET"]}}],"collection":[{"href":"https:\/\/napapiri.com\/es\/wp-json\/wp\/v2\/pages"}],"about":[{"href":"https:\/\/napapiri.com\/es\/wp-json\/wp\/v2\/types\/page"}],"author":[{"embeddable":true,"href":"https:\/\/napapiri.com\/es\/wp-json\/wp\/v2\/users\/1"}],"replies":[{"embeddable":true,"href":"https:\/\/napapiri.com\/es\/wp-json\/wp\/v2\/comments?post=2867"}],"version-history":[{"count":3,"href":"https:\/\/napapiri.com\/es\/wp-json\/wp\/v2\/pages\/2867\/revisions"}],"predecessor-version":[{"id":2872,"href":"https:\/\/napapiri.com\/es\/wp-json\/wp\/v2\/pages\/2867\/revisions\/2872"}],"wp:attachment":[{"href":"https:\/\/napapiri.com\/es\/wp-json\/wp\/v2\/media?parent=2867"}],"curies":[{"name":"wp","href":"https:\/\/api.w.org\/{rel}","templated":true}]}}