{"id":4251,"date":"2024-05-16T07:43:35","date_gmt":"2024-05-16T06:43:35","guid":{"rendered":"https:\/\/napapiri.com\/nachhaltigkeit\/"},"modified":"2025-02-11T10:54:17","modified_gmt":"2025-02-11T09:54:17","slug":"nachhaltigkeit","status":"publish","type":"page","link":"https:\/\/napapiri.com\/de\/nachhaltigkeit\/","title":{"rendered":"Nachhaltigkeit"},"content":{"rendered":"<section class=\"l-section wpb_row us_custom_d3c890bc us_animate_this height_large\"><div class=\"l-section-h i-cf\"><div class=\"g-cols vc_row via_flex valign_top type_default stacking_default\"><div class=\"vc_col-sm-12 wpb_column vc_column_container\"><div class=\"vc_column-inner\"><div class=\"wpb_wrapper\"><div class=\"wpb_text_column bluetitle\"><div class=\"wpb_wrapper\"><h1>Umweltfreundliche L\u00f6sungen<br \/>\n<em><strong>f\u00fcr nachhaltige Eisbahnen<\/strong><\/em><\/h1>\n<\/div><\/div><div class=\"w-btn-wrapper align_none hide_on_mobiles\"><a class=\"w-btn us-btn-style_4 vertslidebut text_none icon_atright\" href=\"#down\" aria-label=\"Button\"><i class=\"far fa-long-arrow-down\"><\/i><\/a><\/div><\/div><\/div><\/div><\/div><\/div><\/section><section class=\"l-section wpb_row us_custom_2901b1ff us_animate_this height_auto with_video\"><div id=\"us_bg_video_zd8a\" class=\"l-section-video\"><script id=\"us_bg_video_zd8a-script\">!function(w){var node = document.getElementById( 'us_bg_video_zd8a' );if ( w.innerWidth <= 600 ) { node.remove() }}(window);<\/script><style>@media(max-width:600px){#us_bg_video_zd8a{display:none!important}}<\/style><video  autoplay loop muted playsinline preload=\"auto\" tabindex=\"-1\"><source type=\"video\/mp4\" src=\"\/wp-content\/uploads\/2024\/08\/DUURZAAMHEID-Video-bovenaan.mp4\" \/><\/video><\/div><div class=\"l-section-h i-cf\"><div class=\"g-cols vc_row via_flex valign_top type_default stacking_default\"><div class=\"vc_col-sm-12 wpb_column vc_column_container\"><div class=\"vc_column-inner\"><div class=\"wpb_wrapper\"><\/div><\/div><\/div><\/div><\/div><\/section><section class=\"l-section wpb_row us_custom_bf48def1 us_animate_this height_auto\"><div class=\"l-section-h i-cf\"><div class=\"g-cols vc_row via_flex valign_top type_default stacking_default\"><div class=\"vc_col-sm-12 wpb_column vc_column_container\"><div class=\"vc_column-inner\"><div class=\"wpb_wrapper\"><nav class=\"g-breadcrumbs us_custom_f9e185d2 has_text_color separator_icon align_none\" itemscope itemtype=\"http:\/\/schema.org\/BreadcrumbList\"><div class=\"g-breadcrumbs-item\" itemscope itemprop=\"itemListElement\" itemtype=\"http:\/\/schema.org\/ListItem\"><a itemprop=\"item\" href=\"https:\/\/napapiri.com\/de\/\"><span itemprop=\"name\">Start<\/span><\/a><meta itemprop=\"position\" content=\"1\"\/><\/div><div class=\"g-breadcrumbs-separator\"><i class=\"far fa-angle-right\"><\/i><\/div><div class=\"g-breadcrumbs-item\">Seiten<\/div><\/nav><\/div><\/div><\/div><\/div><\/div><\/section><section class=\"l-section wpb_row us_custom_70f65456 us_animate_this height_huge\" id=\"down\"><div class=\"l-section-h i-cf\"><div class=\"g-cols vc_row via_flex valign_top type_default stacking_default\"><div class=\"vc_col-sm-12 wpb_column vc_column_container\"><div class=\"vc_column-inner\"><div class=\"wpb_wrapper\"><div class=\"wpb_text_column orangetitle\"><div class=\"wpb_wrapper\"><h2>Energieeffiziente Eisbahnen mit<br \/>\n<strong><em>reduzierter Umweltbelastung<br \/>\n<\/em><\/strong><\/h2>\n<\/div><\/div><div class=\"w-separator size_small\"><\/div><div class=\"g-cols wpb_row via_flex valign_top type_default stacking_default\"><div class=\"vc_col-sm-6 wpb_column vc_column_container\"><div class=\"vc_column-inner\"><div class=\"wpb_wrapper\"><div class=\"wpb_text_column\"><div class=\"wpb_wrapper\"><p><span style=\"font-weight: 400;\">F\u00fcr uns steht Nachhaltigkeit im Mittelpunkt des Herstellungsprozesses der Eisbahn. Wir verwenden umweltfreundliche Materialien und energieeffiziente Produktionsmethoden, um unseren \u00f6kologischen Fu\u00dfabdruck zu minimieren.   <\/span><\/p>\n<\/div><\/div><\/div><\/div><\/div><div class=\"vc_col-sm-6 wpb_column vc_column_container\"><div class=\"vc_column-inner\"><div class=\"wpb_wrapper\"><div class=\"wpb_text_column\"><div class=\"wpb_wrapper\"><p><span style=\"font-weight: 400;\">Unsere Eisbahnen sind auf Langlebigkeit und Wiederverwendbarkeit ausgelegt und tragen so zu einer nachhaltigeren Zukunft bei. Wenn Sie sich f\u00fcr unsere nachhaltigen Eisbahnen entscheiden, investieren Sie in ein Produkt, das sowohl die Leistung als auch die Umweltbelastung optimiert. <\/span><\/p>\n<\/div><\/div><\/div><\/div><\/div><\/div><div class=\"w-separator size_medium\"><\/div><div class=\"w-btn-wrapper align_none\"><a class=\"w-btn us-btn-style_1 icon_atright\" href=\"https:\/\/napapiri.com\/de\/kontakt\/\"><span class=\"w-btn-label\">Angebot anfordern<\/span><i class=\"fal fa-long-arrow-right\"><\/i><\/a><\/div><\/div><\/div><\/div><\/div><\/div><\/section><section class=\"l-section wpb_row us_custom_b03640aa height_large\"><div class=\"l-section-h i-cf\"><div class=\"g-cols vc_row via_flex valign_top type_default stacking_default\" style=\"--additional-gap:20px;\"><div class=\"vc_col-sm-6 wpb_column vc_column_container biggerbuttons\"><div class=\"vc_column-inner\"><div class=\"wpb_wrapper\"><div class=\"g-cols wpb_row us_custom_33b7f840 nosidepad us_animate_this via_flex valign_top type_default stacking_default\" id=\"huur\"><div class=\"vc_col-sm-12 wpb_column vc_column_container\"><div class=\"vc_column-inner\"><div class=\"wpb_wrapper\"><div class=\"wpb_text_column us_custom_27bf712a bluetitle\"><div class=\"wpb_wrapper\"><h4>Herstellung mit <em>100% gr\u00fcner Energie<\/em><\/h4>\n<\/div><\/div><div class=\"wpb_text_column us_custom_42827c34\"><div class=\"wpb_wrapper\"><p><span style=\"font-weight: 400;\">Bei Napapiri engagieren wir uns f\u00fcr die Umwelt, indem wir bei der Herstellung unserer Eisbahnen nur zertifizierte <strong>umweltfreundliche Energie<\/strong> verwenden. Mit diesem Ansatz minimieren wir die Auswirkungen auf die Umwelt und tragen zu einer nachhaltigen Zukunft bei, w\u00e4hrend wir weiterhin hochwertige Produkte anbieten. <\/span><\/p>\n<\/div><\/div><div class=\"w-image has_ratio align_none\"><div class=\"w-image-h\"><div style=\"padding-bottom:37.5%\"><\/div><img decoding=\"async\" width=\"1000\" height=\"667\" src=\"https:\/\/napapiri.com\/wp-content\/uploads\/2024\/08\/DUURZAAMHEID-Fabricage-met-100.jpg\" class=\"attachment-large size-large\" alt=\"\" loading=\"lazy\" title=\"\"><\/div><\/div><\/div><\/div><\/div><\/div><div class=\"w-separator size_medium\"><\/div><\/div><\/div><\/div><div class=\"vc_col-sm-6 wpb_column vc_column_container\"><div class=\"vc_column-inner\"><div class=\"wpb_wrapper\"><div class=\"g-cols wpb_row us_custom_ed8ec0df nosidepad us_animate_this via_flex valign_top type_default stacking_default\" id=\"huur\"><div class=\"vc_col-sm-12 wpb_column vc_column_container\"><div class=\"vc_column-inner\"><div class=\"wpb_wrapper\"><div class=\"wpb_text_column us_custom_27bf712a bluetitle\"><div class=\"wpb_wrapper\"><h4>Vollst\u00e4ndig <em>recycelbare Eisfl\u00e4che<\/em><\/h4>\n<\/div><\/div><div class=\"wpb_text_column us_custom_42827c34\"><div class=\"wpb_wrapper\"><p><span style=\"font-weight: 400;\">Unsere EPDM-Eisb\u00f6den sind vollst\u00e4ndig <strong>recycelbar<\/strong> und tragen so zu einer nachhaltigen und umweltfreundlichen L\u00f6sung bei. Bei der Entwicklung dieser B\u00f6den wurde besonderer Wert auf Wiederverwendbarkeit gelegt, so dass sie am Ende ihrer Nutzungsdauer einfach entsorgt werden k\u00f6nnen, was die Auswirkungen auf die Umwelt reduziert. <\/span><\/p>\n<\/div><\/div><div class=\"w-image has_ratio align_none\"><div class=\"w-image-h\"><div style=\"padding-bottom:37.5%\"><\/div><img decoding=\"async\" width=\"1024\" height=\"768\" src=\"https:\/\/napapiri.com\/wp-content\/uploads\/2024\/08\/DUURZAAMHEID-Volledig-recycleerbare-ijsvloer-1024x768.jpg\" class=\"attachment-large size-large\" alt=\"\" loading=\"lazy\" title=\"\"><\/div><\/div><\/div><\/div><\/div><\/div><div class=\"w-separator size_medium\"><\/div><\/div><\/div><\/div><div class=\"vc_col-sm-6 wpb_column vc_column_container\"><div class=\"vc_column-inner\"><div class=\"wpb_wrapper\"><div class=\"g-cols wpb_row us_custom_33b7f840 nosidepad us_animate_this via_flex valign_top type_default stacking_default\" id=\"huur\"><div class=\"vc_col-sm-12 wpb_column vc_column_container\"><div class=\"vc_column-inner\"><div class=\"wpb_wrapper\"><div class=\"wpb_text_column us_custom_27bf712a bluetitle\"><div class=\"wpb_wrapper\"><h4>Zaun mit <em>Forstzertifizierung<\/em><\/h4>\n<\/div><\/div><div class=\"wpb_text_column us_custom_42827c34\"><div class=\"wpb_wrapper\"><p><span style=\"font-weight: 400;\">F\u00fcr unsere Z\u00e4une verwenden wir nur Holz von B\u00e4umen, die im Rahmen einer nachhaltigen Waldbewirtschaftung geerntet wurden, die durch PEFC zertifiziert ist. Diese Zertifizierung garantiert, dass das Holz aus gut bewirtschafteten W\u00e4ldern stammt, die strenge Umweltstandards erf\u00fcllen. Durch die Wahl von PEFC-zertifiziertem Holz tragen wir zur Erhaltung der W\u00e4lder und zum Schutz der Artenvielfalt bei und liefern gleichzeitig hochwertige und <strong>nachhaltige Z\u00e4une<\/strong>.  <\/span><\/p>\n<\/div><\/div><div class=\"w-image has_ratio align_none\"><div class=\"w-image-h\"><div style=\"padding-bottom:37.5%\"><\/div><img decoding=\"async\" width=\"1024\" height=\"683\" src=\"https:\/\/napapiri.com\/wp-content\/uploads\/2024\/08\/DUURZAAMHEID-Omheining-met-boscertificering-1024x683.jpg\" class=\"attachment-large size-large\" alt=\"\" loading=\"lazy\" title=\"\"><\/div><\/div><\/div><\/div><\/div><\/div><div class=\"w-separator size_medium\"><\/div><\/div><\/div><\/div><div class=\"vc_col-sm-6 wpb_column vc_column_container\"><div class=\"vc_column-inner\"><div class=\"wpb_wrapper\"><div class=\"g-cols wpb_row us_custom_ed8ec0df nosidepad us_animate_this via_flex valign_top type_default stacking_default\" id=\"huur\"><div class=\"vc_col-sm-12 wpb_column vc_column_container\"><div class=\"vc_column-inner\"><div class=\"wpb_wrapper\"><div class=\"wpb_text_column us_custom_27bf712a bluetitle\"><div class=\"wpb_wrapper\"><h4>Neueste <em>K\u00fchltechnologie<\/em><\/h4>\n<\/div><\/div><div class=\"wpb_text_column us_custom_42827c34\"><div class=\"wpb_wrapper\"><p><span style=\"font-weight: 400;\">Unsere<strong> K\u00e4ltemaschinen<\/strong> werden kontinuierlich weiterentwickelt und j\u00e4hrlich gem\u00e4\u00df den neuesten Richtlinien f\u00fcr nachhaltige Energieeffizienz aktualisiert. Diese kontinuierlichen Verbesserungen stellen sicher, dass unsere Systeme nicht nur die h\u00f6chsten Umweltstandards erf\u00fcllen, sondern auch zu einer deutlichen Reduzierung des Energieverbrauchs und der Betriebskosten beitragen.   <\/span><\/p>\n<\/div><\/div><div class=\"w-image has_ratio align_none\"><div class=\"w-image-h\"><div style=\"padding-bottom:37.5%\"><\/div><img decoding=\"async\" width=\"1024\" height=\"531\" src=\"https:\/\/napapiri.com\/wp-content\/uploads\/2024\/08\/DUURZAAMHEID-Nieuwste-koeltechnologie-1024x531.jpg\" class=\"attachment-large size-large\" alt=\"\" loading=\"lazy\" title=\"\"><\/div><\/div><\/div><\/div><\/div><\/div><div class=\"w-separator size_medium\"><\/div><\/div><\/div><\/div><div class=\"vc_col-sm-6 wpb_column vc_column_container\"><div class=\"vc_column-inner\"><div class=\"wpb_wrapper\"><div class=\"g-cols wpb_row us_custom_33b7f840 nosidepad us_animate_this via_flex valign_top type_default stacking_default\" id=\"huur\"><div class=\"vc_col-sm-12 wpb_column vc_column_container\"><div class=\"vc_column-inner\"><div class=\"wpb_wrapper\"><div class=\"wpb_text_column us_custom_27bf712a bluetitle\"><div class=\"wpb_wrapper\"><h4>Au\u00dfergew\u00f6hnliche <em>K\u00fchlleistung<\/em><\/h4>\n<\/div><\/div><div class=\"wpb_text_column us_custom_42827c34\"><div class=\"wpb_wrapper\"><p><span style=\"font-weight: 400;\">Unsere Eisfl\u00e4che ist mit einem fortschrittlichen Rohrsystem ausgestattet, das dank seiner au\u00dfergew\u00f6hnlichen Dichte die effizienteste Energie\u00fcbertragung der Welt bietet. Dieses innovative Design minimiert den Energieverlust und optimiert die Wartung, so dass eine konsistente und perfekte Eisfl\u00e4che gew\u00e4hrleistet ist. Die hohe Effizienz unseres Systems h\u00e4lt die Betriebskosten niedrig und garantiert eine hervorragende Leistung auch bei Temperaturen, bei denen andere Systeme versagen und das Eis schmelzen w\u00fcrde.  <\/span><\/p>\n<\/div><\/div><div class=\"w-image has_ratio align_none\"><div class=\"w-image-h\"><div style=\"padding-bottom:37.5%\"><\/div><img decoding=\"async\" width=\"1024\" height=\"765\" src=\"https:\/\/napapiri.com\/wp-content\/uploads\/2024\/08\/DUURZAAMHEID-Uitzonderlijke-koelprestaties-1024x765.jpg\" class=\"attachment-large size-large\" alt=\"\" loading=\"lazy\" title=\"\"><\/div><\/div><\/div><\/div><\/div><\/div><div class=\"w-separator size_medium\"><\/div><\/div><\/div><\/div><div class=\"vc_col-sm-6 wpb_column vc_column_container\"><div class=\"vc_column-inner\"><div class=\"wpb_wrapper\"><div class=\"g-cols wpb_row us_custom_ed8ec0df nosidepad us_animate_this via_flex valign_top type_default stacking_default\" id=\"huur\"><div class=\"vc_col-sm-12 wpb_column vc_column_container\"><div class=\"vc_column-inner\"><div class=\"wpb_wrapper\"><div class=\"wpb_text_column us_custom_27bf712a bluetitle\"><div class=\"wpb_wrapper\"><h4><em>Wasser-Recycling<\/em><\/h4>\n<\/div><\/div><div class=\"wpb_text_column us_custom_42827c34\"><div class=\"wpb_wrapper\"><p><span style=\"font-weight: 400;\">Die R\u00fcckgewinnung von Wasser nach der Eisschmelze auf unseren Eisbahnen ist eine umweltfreundliche Option, die die Wasserverschwendung reduziert. Diese Wiederverwendung tr\u00e4gt zur nachhaltigen Bewirtschaftung der nat\u00fcrlichen Ressourcen bei und minimiert die Auswirkungen auf die Umwelt. Durch das Auffangen und die Wiederverwendung des geschmolzenen Eises gew\u00e4hrleisten wir einen effizienten und verantwortungsvollen Ansatz bei der Instandhaltung unserer Eisbahnen.  <\/span><\/p>\n<\/div><\/div><div class=\"w-image has_ratio align_none\"><div class=\"w-image-h\"><div style=\"padding-bottom:37.5%\"><\/div><img decoding=\"async\" width=\"1024\" height=\"400\" src=\"https:\/\/napapiri.com\/wp-content\/uploads\/2024\/08\/DUURZAAMHEID-Water-recyclage-1024x400.jpg\" class=\"attachment-large size-large\" alt=\"\" loading=\"lazy\" title=\"\"><\/div><\/div><\/div><\/div><\/div><\/div><div class=\"w-separator size_medium\"><\/div><\/div><\/div><\/div><\/div><\/div><\/section><section class=\"l-section wpb_row us_custom_19c26580 us_animate_this height_medium\"><div class=\"l-section-h i-cf\"><div class=\"g-cols vc_row via_flex valign_top type_default stacking_default\"><div class=\"vc_col-sm-12 wpb_column vc_column_container\"><div class=\"vc_column-inner\"><div class=\"wpb_wrapper\"><div class=\"w-hwrapper valign_middle wrap align_justify\"><div class=\"wpb_text_column us_custom_a7692a04 orangetitle has_text_color\"><div class=\"wpb_wrapper\"><h3>Unser erstes Versprechen? Ein Angebot <em>innerhalb von 24 Stunden!<\/em> <\/h3>\n<\/div><\/div><div class=\"w-btn-wrapper align_none\"><a class=\"w-btn us-btn-style_3 us_custom_c097cd2b icon_atright\" href=\"https:\/\/napapiri.com\/de\/?page_id=3254\"><span class=\"w-btn-label\">Angebot anfordern<\/span><i class=\"far fa-long-arrow-right\"><\/i><\/a><\/div><\/div><\/div><\/div><\/div><\/div><\/div><\/section>\n\n","protected":false},"excerpt":{"rendered":"Umweltfreundliche L\u00f6sungen f\u00fcr nachhaltige Eisbahnen StartSeitenEnergieeffiziente Eisbahnen mit reduzierter Umweltbelastung F\u00fcr uns steht Nachhaltigkeit im Mittelpunkt des Herstellungsprozesses der Eisbahn. Wir verwenden umweltfreundliche Materialien und energieeffiziente Produktionsmethoden, um unseren \u00f6kologischen Fu\u00dfabdruck zu minimieren. Unsere Eisbahnen sind auf Langlebigkeit und Wiederverwendbarkeit ausgelegt und tragen so zu einer nachhaltigeren Zukunft bei. Wenn Sie sich f\u00fcr unsere nachhaltigen...","protected":false},"author":1,"featured_media":0,"parent":0,"menu_order":5,"comment_status":"closed","ping_status":"closed","template":"","meta":{"_acf_changed":false,"two_page_speed":[],"footnotes":""},"class_list":["post-4251","page","type-page","status-publish","hentry"],"acf":[],"_links":{"self":[{"href":"https:\/\/napapiri.com\/de\/wp-json\/wp\/v2\/pages\/4251","targetHints":{"allow":["GET"]}}],"collection":[{"href":"https:\/\/napapiri.com\/de\/wp-json\/wp\/v2\/pages"}],"about":[{"href":"https:\/\/napapiri.com\/de\/wp-json\/wp\/v2\/types\/page"}],"author":[{"embeddable":true,"href":"https:\/\/napapiri.com\/de\/wp-json\/wp\/v2\/users\/1"}],"replies":[{"embeddable":true,"href":"https:\/\/napapiri.com\/de\/wp-json\/wp\/v2\/comments?post=4251"}],"version-history":[{"count":13,"href":"https:\/\/napapiri.com\/de\/wp-json\/wp\/v2\/pages\/4251\/revisions"}],"predecessor-version":[{"id":6594,"href":"https:\/\/napapiri.com\/de\/wp-json\/wp\/v2\/pages\/4251\/revisions\/6594"}],"wp:attachment":[{"href":"https:\/\/napapiri.com\/de\/wp-json\/wp\/v2\/media?parent=4251"}],"curies":[{"name":"wp","href":"https:\/\/api.w.org\/{rel}","templated":true}]}}