{"id":3558,"date":"2024-05-16T07:38:30","date_gmt":"2024-05-16T06:38:30","guid":{"rendered":"https:\/\/napapiri.com\/teile\/"},"modified":"2025-02-11T10:48:15","modified_gmt":"2025-02-11T09:48:15","slug":"teile","status":"publish","type":"page","link":"https:\/\/napapiri.com\/de\/produkte\/teile\/","title":{"rendered":"Teile"},"content":{"rendered":"<section class=\"l-section wpb_row us_custom_d3c890bc us_animate_this height_large\"><div class=\"l-section-h i-cf\"><div class=\"g-cols vc_row via_flex valign_top type_default stacking_default\"><div class=\"vc_col-sm-12 wpb_column vc_column_container\"><div class=\"vc_column-inner\"><div class=\"wpb_wrapper\"><div class=\"wpb_text_column bluetitle\"><div class=\"wpb_wrapper\"><h1>Wesentliche Eisbahnkomponenten f\u00fcr<br \/>\n<em><strong>optimale Eisbedingungen<\/strong><\/em><\/h1>\n<\/div><\/div><div class=\"w-btn-wrapper align_none hide_on_mobiles\"><a class=\"w-btn us-btn-style_4 vertslidebut text_none icon_atright\" href=\"#down\" aria-label=\"Button\"><i class=\"far fa-long-arrow-down\"><\/i><\/a><\/div><\/div><\/div><\/div><\/div><\/div><\/section><section class=\"l-section wpb_row us_custom_50abe1ca us_animate_this height_auto\"><div class=\"l-section-h i-cf\"><div class=\"g-cols vc_row via_flex valign_top type_default stacking_default\"><div class=\"vc_col-sm-12 wpb_column vc_column_container\"><div class=\"vc_column-inner\"><div class=\"wpb_wrapper\"><\/div><\/div><\/div><\/div><\/div><\/section><section class=\"l-section wpb_row us_custom_bf48def1 us_animate_this height_auto\"><div class=\"l-section-h i-cf\"><div class=\"g-cols vc_row via_flex valign_top type_default stacking_default\"><div class=\"vc_col-sm-12 wpb_column vc_column_container\"><div class=\"vc_column-inner\"><div class=\"wpb_wrapper\"><nav class=\"g-breadcrumbs us_custom_f9e185d2 has_text_color separator_icon align_none\" itemscope itemtype=\"http:\/\/schema.org\/BreadcrumbList\"><div class=\"g-breadcrumbs-item\" itemscope itemprop=\"itemListElement\" itemtype=\"http:\/\/schema.org\/ListItem\"><a itemprop=\"item\" href=\"https:\/\/napapiri.com\/de\/\"><span itemprop=\"name\">Start<\/span><\/a><meta itemprop=\"position\" content=\"1\"\/><\/div><div class=\"g-breadcrumbs-separator\"><i class=\"far fa-angle-right\"><\/i><\/div><div class=\"g-breadcrumbs-item\">Seiten<\/div><\/nav><\/div><\/div><\/div><\/div><\/div><\/section><section class=\"l-section wpb_row us_custom_70f65456 us_animate_this height_huge\" id=\"down\"><div class=\"l-section-h i-cf\"><div class=\"g-cols vc_row via_flex valign_top type_default stacking_default\"><div class=\"vc_col-sm-12 wpb_column vc_column_container\"><div class=\"vc_column-inner\"><div class=\"wpb_wrapper\"><div class=\"wpb_text_column orangetitle\"><div class=\"wpb_wrapper\"><h2>Erleben Sie unsere \u00fcberlegene Qualit\u00e4t in jedem Aspekt<br \/>\n<strong><em>unserer Produkte und Dienstleistungen f\u00fcr Eisbahnen<br \/>\n<\/em><\/strong><\/h2>\n<\/div><\/div><div class=\"w-separator size_small\"><\/div><div class=\"g-cols wpb_row via_flex valign_top type_default stacking_default\"><div class=\"vc_col-sm-6 wpb_column vc_column_container\"><div class=\"vc_column-inner\"><div class=\"wpb_wrapper\"><div class=\"wpb_text_column\"><div class=\"wpb_wrapper\"><p><span style=\"font-weight: 400;\">Wir bei Napapiri zeichnen uns durch unser Fachwissen als spezialisierter <strong>Hersteller von Eisbahnen<\/strong> und den dazugeh\u00f6rigen Komponenten aus, die f\u00fcr die Schaffung perfekter Eisbedingungen unerl\u00e4sslich sind. Jedes Produkt wird mit \u00e4u\u00dferster Pr\u00e4zision und Fachkenntnis entwickelt und hergestellt. Das Ergebnis sind Eisbahnen von unvergleichlicher Qualit\u00e4t. Ganz gleich, ob Sie auf der Suche nach <strong>Eisb\u00f6den<\/strong>, K\u00fchlern, \u00dcberdachungen oder anderem Zubeh\u00f6r sind, wir liefern innovative L\u00f6sungen, die nahtlos auf die individuellen Bed\u00fcrfnisse unserer Kunden abgestimmt sind.  <\/span><\/p>\n<\/div><\/div><\/div><\/div><\/div><div class=\"vc_col-sm-6 wpb_column vc_column_container\"><div class=\"vc_column-inner us_custom_eb849559\"><div class=\"wpb_wrapper\"><div class=\"w-btn-wrapper align_none\"><a class=\"w-btn us-btn-style_1 us_custom_eb849559 icon_atright\" href=\"https:\/\/napapiri.com\/de\/kontakt\/\"><span class=\"w-btn-label\">Angebot anfordern<\/span><i class=\"fal fa-long-arrow-right\"><\/i><\/a><\/div><\/div><\/div><\/div><\/div><\/div><\/div><\/div><\/div><\/div><\/section><section class=\"l-section wpb_row us_custom_60e9caca us_animate_this height_auto\"><div class=\"l-section-h i-cf\"><div class=\"g-cols vc_row via_flex valign_top type_default stacking_default\"><div class=\"vc_col-sm-12 wpb_column vc_column_container\"><div class=\"vc_column-inner\"><div class=\"wpb_wrapper\"><div class=\"w-grid us_grid type_grid layout_324 pagegrid cols_1 preload_style_spinner\" id=\"us_grid_1\" style=\"--columns:1;--gap:2.5rem;\" data-filterable=\"true\"><style>.layout_324 .w-grid-item-h{}.layout_324 .usg_post_custom_field_1{padding:50px 50px 25px 50px!important}.layout_324 .usg_post_custom_field_2{padding:25px 50px 30px 50px!important}<\/style><div class=\"w-grid-list\">\t<article class=\"w-grid-item size_1x1 post-4006 product type-product status-publish has-post-thumbnail hentry product-type-onderdelen\" data-id=\"4006\">\r\n\t\t<div class=\"w-grid-item-h\">\r\n\t\t\t\t\t\t<div class=\"w-hwrapper usg_hwrapper_1 align_none valign_top\" style=\"--hwrapper-gap:0rem\"><div class=\"w-vwrapper usg_vwrapper_1 align_none valign_top\"><div class=\"w-post-elm post_custom_field usg_post_custom_field_1 bluetitle type_text titel_met_kleur color_link_inherit\"><span class=\"w-post-elm-value\"><\/span><\/div><div class=\"w-post-elm post_custom_field usg_post_custom_field_2 type_text korte_inhoud_kopie color_link_inherit\"><span class=\"w-post-elm-value\"><\/span><\/div><\/div><div class=\"w-post-elm post_image usg_post_image_2 stretched\"><a href=\"https:\/\/napapiri.com\/de\/product\/kuehlung-chiller\/\" aria-label=\"K\u00fchlung CHILLER\"><img loading=\"lazy\" decoding=\"async\" width=\"1024\" height=\"768\" src=\"https:\/\/napapiri.com\/wp-content\/uploads\/2024\/06\/ONDERDELEN-Cooling-Chiller-1024x768.jpg\" class=\"attachment-large size-large wp-post-image\" alt=\"\" srcset=\"https:\/\/napapiri.com\/wp-content\/uploads\/2024\/06\/ONDERDELEN-Cooling-Chiller-1024x768.jpg 1024w, https:\/\/napapiri.com\/wp-content\/uploads\/2024\/06\/ONDERDELEN-Cooling-Chiller-300x225.jpg 300w, https:\/\/napapiri.com\/wp-content\/uploads\/2024\/06\/ONDERDELEN-Cooling-Chiller.jpg 2000w\" sizes=\"auto, (max-width: 1024px) 100vw, 1024px\" title=\"\"><\/a><\/div><div class=\"w-text usg_text_1 icon_atright\"><a href=\"https:\/\/napapiri.com\/de\/product\/kuehlung-chiller\/\" class=\"w-text-h\"><span class=\"w-text-value\">test<\/span><i class=\"far fa-long-arrow-right\"><\/i><\/a><\/div><\/div>\t\t<\/div>\r\n\t\t\t<\/article>\r\n\t<article class=\"w-grid-item size_1x1 post-4047 product type-product status-publish has-post-thumbnail hentry product-type-onderdelen\" data-id=\"4047\">\r\n\t\t<div class=\"w-grid-item-h\">\r\n\t\t\t\t\t\t<div class=\"w-hwrapper usg_hwrapper_1 align_none valign_top\" style=\"--hwrapper-gap:0rem\"><div class=\"w-vwrapper usg_vwrapper_1 align_none valign_top\"><div class=\"w-post-elm post_custom_field usg_post_custom_field_1 bluetitle type_text titel_met_kleur color_link_inherit\"><span class=\"w-post-elm-value\"><\/span><\/div><div class=\"w-post-elm post_custom_field usg_post_custom_field_2 type_text korte_inhoud_kopie color_link_inherit\"><span class=\"w-post-elm-value\"><\/span><\/div><\/div><div class=\"w-post-elm post_image usg_post_image_2 stretched\"><a href=\"https:\/\/napapiri.com\/de\/product\/professioneller-hockey-zaun\/\" aria-label=\"Professioneller HOCKEY-Zaun\"><img loading=\"lazy\" decoding=\"async\" width=\"1024\" height=\"575\" src=\"https:\/\/napapiri.com\/wp-content\/uploads\/2024\/06\/ONDERDELEN-Profesionele-Hockey-Fence-1024x575.jpg\" class=\"attachment-large size-large wp-post-image\" alt=\"\" srcset=\"https:\/\/napapiri.com\/wp-content\/uploads\/2024\/06\/ONDERDELEN-Profesionele-Hockey-Fence-1024x575.jpg 1024w, https:\/\/napapiri.com\/wp-content\/uploads\/2024\/06\/ONDERDELEN-Profesionele-Hockey-Fence-300x169.jpg 300w, https:\/\/napapiri.com\/wp-content\/uploads\/2024\/06\/ONDERDELEN-Profesionele-Hockey-Fence.jpg 2000w\" sizes=\"auto, (max-width: 1024px) 100vw, 1024px\" title=\"\"><\/a><\/div><div class=\"w-text usg_text_1 icon_atright\"><a href=\"https:\/\/napapiri.com\/de\/product\/professioneller-hockey-zaun\/\" class=\"w-text-h\"><span class=\"w-text-value\">test<\/span><i class=\"far fa-long-arrow-right\"><\/i><\/a><\/div><\/div>\t\t<\/div>\r\n\t\t\t<\/article>\r\n\t<article class=\"w-grid-item size_1x1 post-4050 product type-product status-publish has-post-thumbnail hentry product-type-onderdelen\" data-id=\"4050\">\r\n\t\t<div class=\"w-grid-item-h\">\r\n\t\t\t\t\t\t<div class=\"w-hwrapper usg_hwrapper_1 align_none valign_top\" style=\"--hwrapper-gap:0rem\"><div class=\"w-vwrapper usg_vwrapper_1 align_none valign_top\"><div class=\"w-post-elm post_custom_field usg_post_custom_field_1 bluetitle type_text titel_met_kleur color_link_inherit\"><span class=\"w-post-elm-value\"><\/span><\/div><div class=\"w-post-elm post_custom_field usg_post_custom_field_2 type_text korte_inhoud_kopie color_link_inherit\"><span class=\"w-post-elm-value\"><\/span><\/div><\/div><div class=\"w-post-elm post_image usg_post_image_2 stretched\"><a href=\"https:\/\/napapiri.com\/de\/product\/robuster-fun-fence\/\" aria-label=\"Robuster FUN FENCE\"><img loading=\"lazy\" decoding=\"async\" width=\"1024\" height=\"416\" src=\"https:\/\/napapiri.com\/wp-content\/uploads\/2024\/06\/ONDERDELEN-Robuuste-Fun-Fence-1024x416.jpg\" class=\"attachment-large size-large wp-post-image\" alt=\"\" srcset=\"https:\/\/napapiri.com\/wp-content\/uploads\/2024\/06\/ONDERDELEN-Robuuste-Fun-Fence-1024x416.jpg 1024w, https:\/\/napapiri.com\/wp-content\/uploads\/2024\/06\/ONDERDELEN-Robuuste-Fun-Fence-300x122.jpg 300w, https:\/\/napapiri.com\/wp-content\/uploads\/2024\/06\/ONDERDELEN-Robuuste-Fun-Fence.jpg 2000w\" sizes=\"auto, (max-width: 1024px) 100vw, 1024px\" title=\"\"><\/a><\/div><div class=\"w-text usg_text_1 icon_atright\"><a href=\"https:\/\/napapiri.com\/de\/product\/robuster-fun-fence\/\" class=\"w-text-h\"><span class=\"w-text-value\">test<\/span><i class=\"far fa-long-arrow-right\"><\/i><\/a><\/div><\/div>\t\t<\/div>\r\n\t\t\t<\/article>\r\n\t<article class=\"w-grid-item size_1x1 post-4053 product type-product status-publish has-post-thumbnail hentry product-type-onderdelen\" data-id=\"4053\">\r\n\t\t<div class=\"w-grid-item-h\">\r\n\t\t\t\t\t\t<div class=\"w-hwrapper usg_hwrapper_1 align_none valign_top\" style=\"--hwrapper-gap:0rem\"><div class=\"w-vwrapper usg_vwrapper_1 align_none valign_top\"><div class=\"w-post-elm post_custom_field usg_post_custom_field_1 bluetitle type_text titel_met_kleur color_link_inherit\"><span class=\"w-post-elm-value\"><\/span><\/div><div class=\"w-post-elm post_custom_field usg_post_custom_field_2 type_text korte_inhoud_kopie color_link_inherit\"><span class=\"w-post-elm-value\"><\/span><\/div><\/div><div class=\"w-post-elm post_image usg_post_image_2 stretched\"><a href=\"https:\/\/napapiri.com\/de\/product\/premium-icebox\/\" aria-label=\"Premium ICEBOX\"><img loading=\"lazy\" decoding=\"async\" width=\"1024\" height=\"768\" src=\"https:\/\/napapiri.com\/wp-content\/uploads\/2024\/06\/ONDERDELEN-Premium-ICEBOX-1024x768.jpg\" class=\"attachment-large size-large wp-post-image\" alt=\"\" srcset=\"https:\/\/napapiri.com\/wp-content\/uploads\/2024\/06\/ONDERDELEN-Premium-ICEBOX-1024x768.jpg 1024w, https:\/\/napapiri.com\/wp-content\/uploads\/2024\/06\/ONDERDELEN-Premium-ICEBOX-300x225.jpg 300w, https:\/\/napapiri.com\/wp-content\/uploads\/2024\/06\/ONDERDELEN-Premium-ICEBOX.jpg 2000w\" sizes=\"auto, (max-width: 1024px) 100vw, 1024px\" title=\"\"><\/a><\/div><div class=\"w-text usg_text_1 icon_atright\"><a href=\"https:\/\/napapiri.com\/de\/product\/premium-icebox\/\" class=\"w-text-h\"><span class=\"w-text-value\">test<\/span><i class=\"far fa-long-arrow-right\"><\/i><\/a><\/div><\/div>\t\t<\/div>\r\n\t\t\t<\/article>\r\n<\/div>\t<div class=\"w-grid-preloader\">\r\n\t\t<div class=\"g-preloader type_1\">\r\n\t\t\t<div><\/div>\r\n\t\t<\/div>\r\n\t<\/div>\r\n\t\t<div class=\"w-grid-json hidden\" onclick='return {&quot;action&quot;:&quot;us_ajax_grid&quot;,&quot;infinite_scroll&quot;:0,&quot;max_num_pages&quot;:1,&quot;pagination&quot;:&quot;none&quot;,&quot;template_vars&quot;:{&quot;columns&quot;:&quot;1&quot;,&quot;exclude_items&quot;:&quot;none&quot;,&quot;img_size&quot;:&quot;default&quot;,&quot;ignore_items_size&quot;:0,&quot;items_layout&quot;:&quot;324&quot;,&quot;items_offset&quot;:&quot;1&quot;,&quot;load_animation&quot;:&quot;none&quot;,&quot;overriding_link&quot;:&quot;%7B%22url%22%3A%22%22%7D&quot;,&quot;post_id&quot;:0,&quot;query_args&quot;:{&quot;post_type&quot;:[&quot;product&quot;],&quot;tax_query&quot;:[{&quot;taxonomy&quot;:&quot;product-type&quot;,&quot;field&quot;:&quot;slug&quot;,&quot;terms&quot;:[&quot;onderdelen&quot;]}],&quot;post_status&quot;:[&quot;publish&quot;,&quot;acf-disabled&quot;],&quot;posts_per_page&quot;:&quot;50&quot;},&quot;orderby_query_args&quot;:{&quot;orderby&quot;:{&quot;post__in&quot;:&quot;ASC&quot;},&quot;order&quot;:&quot;ASC&quot;},&quot;type&quot;:&quot;grid&quot;,&quot;us_grid_post_type&quot;:&quot;product&quot;,&quot;us_grid_ajax_index&quot;:1,&quot;us_grid_filter_query_string&quot;:null,&quot;us_grid_index&quot;:1,&quot;page_args&quot;:[],&quot;lang&quot;:&quot;de&quot;}}'><\/div>\r\n\t<\/div><div class=\"w-separator size_large\"><\/div><\/div><\/div><\/div><\/div><\/div><\/section><section class=\"l-section wpb_row us_custom_19c26580 us_animate_this height_medium\"><div class=\"l-section-h i-cf\"><div class=\"g-cols vc_row via_flex valign_top type_default stacking_default\"><div class=\"vc_col-sm-12 wpb_column vc_column_container\"><div class=\"vc_column-inner\"><div class=\"wpb_wrapper\"><div class=\"w-hwrapper valign_middle wrap align_justify\"><div class=\"wpb_text_column us_custom_a7692a04 orangetitle has_text_color\"><div class=\"wpb_wrapper\"><h3>Unser erstes Versprechen? Ein Angebot <em>innerhalb von 24 Stunden!<\/em> <\/h3>\n<\/div><\/div><div class=\"w-btn-wrapper align_none\"><a class=\"w-btn us-btn-style_3 us_custom_c097cd2b icon_atright\" href=\"https:\/\/napapiri.com\/de\/?page_id=3254\"><span class=\"w-btn-label\">Angebot anfordern<\/span><i class=\"far fa-long-arrow-right\"><\/i><\/a><\/div><\/div><\/div><\/div><\/div><\/div><\/div><\/section>\n\n","protected":false},"excerpt":{"rendered":"","protected":false},"author":1,"featured_media":1596,"parent":3582,"menu_order":0,"comment_status":"closed","ping_status":"closed","template":"","meta":{"_acf_changed":false,"two_page_speed":[],"footnotes":""},"class_list":["post-3558","page","type-page","status-publish","has-post-thumbnail","hentry"],"acf":[],"_links":{"self":[{"href":"https:\/\/napapiri.com\/de\/wp-json\/wp\/v2\/pages\/3558","targetHints":{"allow":["GET"]}}],"collection":[{"href":"https:\/\/napapiri.com\/de\/wp-json\/wp\/v2\/pages"}],"about":[{"href":"https:\/\/napapiri.com\/de\/wp-json\/wp\/v2\/types\/page"}],"author":[{"embeddable":true,"href":"https:\/\/napapiri.com\/de\/wp-json\/wp\/v2\/users\/1"}],"replies":[{"embeddable":true,"href":"https:\/\/napapiri.com\/de\/wp-json\/wp\/v2\/comments?post=3558"}],"version-history":[{"count":22,"href":"https:\/\/napapiri.com\/de\/wp-json\/wp\/v2\/pages\/3558\/revisions"}],"predecessor-version":[{"id":6446,"href":"https:\/\/napapiri.com\/de\/wp-json\/wp\/v2\/pages\/3558\/revisions\/6446"}],"up":[{"embeddable":true,"href":"https:\/\/napapiri.com\/de\/wp-json\/wp\/v2\/pages\/3582"}],"wp:featuredmedia":[{"embeddable":true,"href":"https:\/\/napapiri.com\/de\/wp-json\/wp\/v2\/media\/1596"}],"wp:attachment":[{"href":"https:\/\/napapiri.com\/de\/wp-json\/wp\/v2\/media?parent=3558"}],"curies":[{"name":"wp","href":"https:\/\/api.w.org\/{rel}","templated":true}]}}