{"id":3405,"date":"2024-05-16T07:43:35","date_gmt":"2024-05-16T06:43:35","guid":{"rendered":"https:\/\/napapiri.com\/preise\/"},"modified":"2025-02-11T10:58:19","modified_gmt":"2025-02-11T09:58:19","slug":"preise","status":"publish","type":"page","link":"https:\/\/napapiri.com\/de\/preise\/","title":{"rendered":"Preise"},"content":{"rendered":"<section class=\"l-section wpb_row us_custom_d3c890bc us_animate_this height_large\"><div class=\"l-section-h i-cf\"><div class=\"g-cols vc_row via_flex valign_top type_default stacking_default\"><div class=\"vc_col-sm-12 wpb_column vc_column_container\"><div class=\"vc_column-inner\"><div class=\"wpb_wrapper\"><div class=\"wpb_text_column bluetitle\"><div class=\"wpb_wrapper\"><h1>Mieten, kaufen oder pachten Sie Ihre Eislaufbahn!<br \/>\n<em><strong>W\u00e4hlen Sie die beste Option f\u00fcr Ihr Budget<\/strong><\/em><\/h1>\n<\/div><\/div><div class=\"w-btn-wrapper align_none hide_on_mobiles\"><a class=\"w-btn us-btn-style_4 vertslidebut text_none icon_atright\" href=\"#down\" aria-label=\"Button\"><i class=\"far fa-long-arrow-down\"><\/i><\/a><\/div><div class=\"w-separator size_medium\"><\/div><div class=\"w-btn-wrapper align_none\"><a class=\"w-btn us-btn-style_1 icon_atright\" href=\"#down\"><span class=\"w-btn-label\">Mieten<\/span><i class=\"fas fa-long-arrow-right\"><\/i><\/a><\/div><div class=\"w-btn-wrapper align_none\"><a class=\"w-btn us-btn-style_1 icon_atright\" href=\"#prijs2\"><span class=\"w-btn-label\">Kaufen<\/span><i class=\"fas fa-long-arrow-right\"><\/i><\/a><\/div><div class=\"w-btn-wrapper align_none\"><a class=\"w-btn us-btn-style_1 icon_atright\" href=\"#prijs3\"><span class=\"w-btn-label\">Leasing<\/span><i class=\"fas fa-long-arrow-right\"><\/i><\/a><\/div><\/div><\/div><\/div><\/div><\/div><\/section><section class=\"l-section wpb_row us_custom_98c2a343 us_animate_this height_auto\"><div class=\"l-section-h i-cf\"><div class=\"g-cols vc_row via_flex valign_top type_default stacking_default\"><div class=\"vc_col-sm-12 wpb_column vc_column_container\"><div class=\"vc_column-inner\"><div class=\"wpb_wrapper\"><\/div><\/div><\/div><\/div><\/div><\/section><section class=\"l-section wpb_row us_custom_bf48def1 us_animate_this height_auto\"><div class=\"l-section-h i-cf\"><div class=\"g-cols vc_row via_flex valign_top type_default stacking_default\"><div class=\"vc_col-sm-12 wpb_column vc_column_container\"><div class=\"vc_column-inner\"><div class=\"wpb_wrapper\"><nav class=\"g-breadcrumbs us_custom_f9e185d2 has_text_color separator_icon align_none\" itemscope itemtype=\"http:\/\/schema.org\/BreadcrumbList\"><div class=\"g-breadcrumbs-item\" itemscope itemprop=\"itemListElement\" itemtype=\"http:\/\/schema.org\/ListItem\"><a itemprop=\"item\" href=\"https:\/\/napapiri.com\/de\/\"><span itemprop=\"name\">Start<\/span><\/a><meta itemprop=\"position\" content=\"1\"\/><\/div><div class=\"g-breadcrumbs-separator\"><i class=\"far fa-angle-right\"><\/i><\/div><div class=\"g-breadcrumbs-item\">Seiten<\/div><\/nav><\/div><\/div><\/div><\/div><\/div><\/section><section class=\"l-section wpb_row us_custom_70f65456 us_animate_this height_huge\" id=\"down\"><div class=\"l-section-h i-cf\"><div class=\"g-cols vc_row via_flex valign_top type_default stacking_default\"><div class=\"vc_col-sm-12 wpb_column vc_column_container\"><div class=\"vc_column-inner\"><div class=\"wpb_wrapper\"><div class=\"wpb_text_column orangetitle\"><div class=\"wpb_wrapper\"><h2>Mobile Eisbahn <em>mieten<\/em><br \/>\n<strong><em>(mit Kaufoption)<br \/>\n<\/em><\/strong><\/h2>\n<\/div><\/div><div class=\"w-separator size_small\"><\/div><div class=\"g-cols wpb_row via_flex valign_top type_default stacking_default\"><div class=\"vc_col-sm-6 wpb_column vc_column_container\"><div class=\"vc_column-inner\"><div class=\"wpb_wrapper\"><div class=\"wpb_text_column\"><div class=\"wpb_wrapper\"><p><span style=\"font-weight: 400;\">Das Mieten einer <a href=\"https:\/\/napapiri.com\/de\/eisbahnen\/mobile-eislaufbahnen\/\">mobilen Eisbahn<\/a> f\u00fcr tempor\u00e4re Winterveranstaltungen bietet Flexibilit\u00e4t und Bequemlichkeit und die M\u00f6glichkeit, die Eisbahn nach Ablauf der <strong>Mietdauer<\/strong> zu kaufen. So haben Sie die M\u00f6glichkeit, die Eisbahn zun\u00e4chst auszuprobieren und zu erfahren, wie gut sie Ihren Bed\u00fcrfnissen entspricht. Dar\u00fcber hinaus sparen Sie die Anfangsinvestition und k\u00f6nnen eine erfolgreiche Winterattraktion ohne langfristige Verpflichtungen genie\u00dfen.  <\/span><\/p>\n<p><span style=\"font-weight: 400;\">Wenn Sie die Eisbahn nach der Mietzeit kaufen, ziehen wir 60% des bereits bezahlten Betrags vom endg\u00fcltigen Kaufpreis ab.<\/span><\/p>\n<\/div><\/div><\/div><\/div><\/div><div class=\"vc_col-sm-6 wpb_column vc_column_container\"><div class=\"vc_column-inner\"><div class=\"wpb_wrapper\"><div class=\"wpb_text_column\"><div class=\"wpb_wrapper\"><p><span style=\"font-weight: 400;\">Das nachstehende Beispiel zeigt den Mietpreis f\u00fcr einen Eisboden in einem Eisfach (max. 40 Tage).<\/span><\/p>\n<p><span style=\"font-weight: 400;\">Um ein vollst\u00e4ndiges Angebot zu erhalten, geben Sie bitte unten auf dieser Seite Ihre Daten ein.<\/span><\/p>\n<\/div><\/div><div class=\"w-separator size_small\"><\/div><div class=\"wpb_text_column\"><div class=\"wpb_wrapper\"><table class=\"table\">\n<tbody>\n<tr class=\"row\">\n<th class=\"header-cell\">Abmessungen<\/th>\n<th class=\"header-cell\">Vermietung<\/th>\n<th class=\"header-cell\">Rabatt beim Kauf<\/th>\n<\/tr>\n<tr class=\"row\">\n<td class=\"cell\">10&#215;20 Meter<\/td>\n<td class=\"cell\">13.000\u20ac<\/td>\n<td class=\"cell\">&#8211; 7.800\u20ac<\/td>\n<\/tr>\n<tr class=\"row\">\n<td class=\"cell\">14&#215;30 Meter<\/td>\n<td class=\"cell\">22.000\u20ac<\/td>\n<td class=\"cell\">&#8211; 13.200\u20ac<\/td>\n<\/tr>\n<tr class=\"row\">\n<td class=\"cell\">20&#215;30 Meter<\/td>\n<td class=\"cell\">29.900\u20ac<\/td>\n<td class=\"cell\">&#8211; 17.940\u20ac<\/td>\n<\/tr>\n<tr class=\"row\">\n<td class=\"cell\">20&#215;40 Meter<\/td>\n<td class=\"cell\">34.000\u20ac<\/td>\n<td class=\"cell\">&#8211; 20.400\u20ac<\/td>\n<\/tr>\n<\/tbody>\n<\/table>\n<\/div><\/div><\/div><\/div><\/div><\/div><div class=\"w-separator size_medium\"><\/div><div class=\"w-btn-wrapper align_none\"><a class=\"w-btn us-btn-style_1 icon_atright\" href=\"https:\/\/napapiri.com\/de\/kontakt\/\"><span class=\"w-btn-label\">Angebot anfordern<\/span><i class=\"fal fa-long-arrow-right\"><\/i><\/a><\/div><\/div><\/div><\/div><\/div><\/div><\/section><section class=\"l-section wpb_row us_custom_b9ddfaf3 us_animate_this height_large\"><div class=\"l-section-h i-cf\"><div class=\"g-cols vc_row via_flex valign_top type_default stacking_default\"><div class=\"vc_col-sm-12 wpb_column vc_column_container displayinlineblock linebutton\"><div class=\"vc_column-inner\"><div class=\"wpb_wrapper\"><div class=\"w-separator us_custom_4c5d6fba has_text_color size_custom with_line width_default thick_1 style_solid color_secondary align_center\" style=\"height:10px\"><div class=\"w-separator-h\"><\/div><\/div><\/div><\/div><\/div><\/div><\/div><\/section><section class=\"l-section wpb_row us_custom_60e9caca us_animate_this height_huge\" id=\"prijs2\"><div class=\"l-section-h i-cf\"><div class=\"g-cols vc_row via_flex valign_top type_default stacking_default\"><div class=\"vc_col-sm-12 wpb_column vc_column_container\"><div class=\"vc_column-inner\"><div class=\"wpb_wrapper\"><div class=\"wpb_text_column orangetitle\"><div class=\"wpb_wrapper\"><h2>Mobile Eislaufbahn <em>kaufen<\/em><\/h2>\n<\/div><\/div><div class=\"w-separator size_small\"><\/div><div class=\"g-cols wpb_row via_flex valign_top type_default stacking_default\"><div class=\"vc_col-sm-6 wpb_column vc_column_container\"><div class=\"vc_column-inner\"><div class=\"wpb_wrapper\"><div class=\"wpb_text_column\"><div class=\"wpb_wrapper\"><p><span style=\"font-weight: 400;\">Der Kauf einer mobilen Eisbahn bietet langfristige Kosteneinsparungen, da Sie keine wiederkehrenden Mietkosten haben. Sie haben die volle Kontrolle \u00fcber die Nutzung und <a href=\"https:\/\/napapiri.com\/de\/produkte\/dienstleistungen\/\">Wartung der Eisbahn<\/a> und k\u00f6nnen so die Qualit\u00e4t sicherstellen.   <\/span><\/p>\n<p><span style=\"font-weight: 400;\">Mit <strong>dem Kauf einer Eisbahn<\/strong> k\u00f6nnen Sie zus\u00e4tzliche Einnahmen erzielen, indem Sie die Eisbahn in den Zeiten, in denen Sie sie nicht selbst nutzen, an Dritte vermieten. Dies steigert den Wert und die Attraktivit\u00e4t Ihrer Anlage und bietet Ihnen die Flexibilit\u00e4t, die Eisbahn f\u00fcr verschiedene Veranstaltungen und Aktivit\u00e4ten zu nutzen, wann immer Sie wollen. <\/span><\/p>\n<\/div><\/div><\/div><\/div><\/div><div class=\"vc_col-sm-6 wpb_column vc_column_container\"><div class=\"vc_column-inner\"><div class=\"wpb_wrapper\"><div class=\"wpb_text_column\"><div class=\"wpb_wrapper\"><p><span style=\"font-weight: 400;\">Die untenstehenden Preise gelten, wenn Sie beide Produkte zusammen kaufen. Wenn Sie beide Produkte einzeln kaufen, berechnen Sie bitte einen Aufschlag von 10%. <\/span><\/p>\n<p><span style=\"font-weight: 400;\">Um ein vollst\u00e4ndiges Angebot zu erhalten, geben Sie bitte unten auf dieser Seite Ihre Daten ein.<\/span><\/p>\n<\/div><\/div><div class=\"w-separator size_small\"><\/div><div class=\"wpb_text_column\"><div class=\"wpb_wrapper\"><table class=\"table\">\n<tbody>\n<tr class=\"row\">\n<th class=\"header-cell\">Abmessungen<\/th>\n<th class=\"header-cell\">Eisboden im Eisfach<\/th>\n<th class=\"header-cell\">Geh\u00e4use<\/th>\n<\/tr>\n<tr class=\"row\">\n<td class=\"cell\">10&#215;20 Meter<\/td>\n<td class=\"cell\">27.000\u20ac<\/td>\n<td class=\"cell\">17.500\u20ac<\/td>\n<\/tr>\n<tr class=\"row\">\n<td class=\"cell\">14&#215;30 Meter<\/td>\n<td class=\"cell\">40.000\u20ac<\/td>\n<td class=\"cell\">22.500\u20ac<\/td>\n<\/tr>\n<tr class=\"row\">\n<td class=\"cell\">20&#215;30 Meter<\/td>\n<td class=\"cell\">56.500\u20ac<\/td>\n<td class=\"cell\">24.500\u20ac<\/td>\n<\/tr>\n<tr class=\"row\">\n<td class=\"cell\">20&#215;40 Meter<\/td>\n<td class=\"cell\">60.500\u20ac<\/td>\n<td class=\"cell\">28.000\u20ac<\/td>\n<\/tr>\n<\/tbody>\n<\/table>\n<\/div><\/div><\/div><\/div><\/div><\/div><div class=\"w-separator size_medium\"><\/div><div class=\"w-btn-wrapper align_none\"><a class=\"w-btn us-btn-style_1 icon_atright\" href=\"https:\/\/napapiri.com\/de\/kontakt\/\"><span class=\"w-btn-label\">Angebot anfordern<\/span><i class=\"fal fa-long-arrow-right\"><\/i><\/a><\/div><\/div><\/div><\/div><\/div><\/div><\/section><section class=\"l-section wpb_row us_custom_b9ddfaf3 us_animate_this height_large\"><div class=\"l-section-h i-cf\"><div class=\"g-cols vc_row via_flex valign_top type_default stacking_default\"><div class=\"vc_col-sm-12 wpb_column vc_column_container displayinlineblock linebutton\"><div class=\"vc_column-inner\"><div class=\"wpb_wrapper\"><div class=\"w-separator us_custom_4c5d6fba has_text_color size_custom with_line width_default thick_1 style_solid color_secondary align_center\" style=\"height:10px\"><div class=\"w-separator-h\"><\/div><\/div><\/div><\/div><\/div><\/div><\/div><\/section><section class=\"l-section wpb_row us_custom_60e9caca us_animate_this height_huge\" id=\"prijs3\"><div class=\"l-section-h i-cf\"><div class=\"g-cols vc_row via_flex valign_top type_default stacking_default\"><div class=\"vc_col-sm-12 wpb_column vc_column_container\"><div class=\"vc_column-inner\"><div class=\"wpb_wrapper\"><div class=\"wpb_text_column orangetitle\"><div class=\"wpb_wrapper\"><h2><em>Vermietung<\/em> einer mobilen Eisbahn<\/h2>\n<\/div><\/div><div class=\"w-separator size_small\"><\/div><div class=\"g-cols wpb_row via_flex valign_top type_default stacking_default\"><div class=\"vc_col-sm-6 wpb_column vc_column_container\"><div class=\"vc_column-inner\"><div class=\"wpb_wrapper\"><div class=\"wpb_text_column\"><div class=\"wpb_wrapper\"><p><span style=\"font-weight: 400;\">Das <strong>Leasing einer Eisbahn<\/strong> mit monatlichen Raten bietet mehrere Vorteile. Bei NAPAPIRI k\u00f6nnen Sie dies direkt und ohne den Umweg \u00fcber ein Finanzinstitut vereinbaren, was den Prozess vereinfacht und beschleunigt. Dieses Leasingmodell erm\u00f6glicht es Ihnen, eine hochwertige Eisbahn ohne gro\u00dfe Anfangsinvestitionen zu nutzen. Dar\u00fcber hinaus bietet es Flexibilit\u00e4t bei der Budgetverwaltung und erlaubt Ihnen, die Kosten zu verteilen, was sich positiv auf den Cashflow Ihrer Organisation auswirkt.     <\/span><\/p>\n<\/div><\/div><\/div><\/div><\/div><div class=\"vc_col-sm-6 wpb_column vc_column_container\"><div class=\"vc_column-inner\"><div class=\"wpb_wrapper\"><div class=\"wpb_text_column\"><div class=\"wpb_wrapper\"><p>D<span style=\"font-weight: 400;\">as untenstehende Beispiel zeigt die Leasingkosten f\u00fcr einen Eisschrank-Eisboden.<\/span> F\u00fcr ein vollst\u00e4ndiges Preisangebot geben Sie bitte unten auf dieser Seite Ihre Daten ein.<\/p>\n<\/div><\/div><div class=\"w-separator size_small\"><\/div><div class=\"wpb_text_column\"><div class=\"wpb_wrapper\"><table class=\"table\">\n<tbody>\n<tr class=\"row\">\n<th class=\"header-cell\">Abmessungen<\/th>\n<th class=\"header-cell\">Einstiegspreis<\/th>\n<th class=\"header-cell\">Monatlich 3 Jahre<\/th>\n<\/tr>\n<tr class=\"row\">\n<td class=\"cell\">10&#215;20 Meter<\/td>\n<td class=\"cell\">8.000\u20ac<\/td>\n<td class=\"cell\">375\u20ac<\/td>\n<\/tr>\n<tr class=\"row\">\n<td class=\"cell\">14&#215;30 Meter<\/td>\n<td class=\"cell\">12.000\u20ac<\/td>\n<td class=\"cell\">500\u20ac<\/td>\n<\/tr>\n<tr class=\"row\">\n<td class=\"cell\">20&#215;30 Meter<\/td>\n<td class=\"cell\">17.000\u20ac<\/td>\n<td class=\"cell\">700\u20ac<\/td>\n<\/tr>\n<tr class=\"row\">\n<td class=\"cell\">20&#215;40 Meter<\/td>\n<td class=\"cell\">19.000\u20ac<\/td>\n<td class=\"cell\">785\u20ac<\/td>\n<\/tr>\n<\/tbody>\n<\/table>\n<\/div><\/div><\/div><\/div><\/div><\/div><div class=\"w-separator size_medium\"><\/div><div class=\"w-btn-wrapper align_none\"><a class=\"w-btn us-btn-style_1 icon_atright\" href=\"https:\/\/napapiri.com\/de\/kontakt\/\"><span class=\"w-btn-label\">Angebot anfordern<\/span><i class=\"fal fa-long-arrow-right\"><\/i><\/a><\/div><\/div><\/div><\/div><\/div><\/div><\/section><section class=\"l-section wpb_row us_custom_19c26580 us_animate_this height_medium\"><div class=\"l-section-h i-cf\"><div class=\"g-cols vc_row via_flex valign_top type_default stacking_default\"><div class=\"vc_col-sm-12 wpb_column vc_column_container\"><div class=\"vc_column-inner\"><div class=\"wpb_wrapper\"><div class=\"w-hwrapper valign_middle wrap align_justify\"><div class=\"wpb_text_column us_custom_a7692a04 orangetitle has_text_color\"><div class=\"wpb_wrapper\"><h3>Unser erstes Versprechen? Ein Angebot <em>innerhalb von 24 Stunden!<\/em> <\/h3>\n<\/div><\/div><div class=\"w-btn-wrapper align_none\"><a class=\"w-btn us-btn-style_3 us_custom_c097cd2b icon_atright\" href=\"https:\/\/napapiri.com\/de\/?page_id=3254\"><span class=\"w-btn-label\">Angebot anfordern<\/span><i class=\"far fa-long-arrow-right\"><\/i><\/a><\/div><\/div><\/div><\/div><\/div><\/div><\/div><\/section>\n\n","protected":false},"excerpt":{"rendered":"Mieten, kaufen oder pachten Sie Ihre Eislaufbahn! W\u00e4hlen Sie die beste Option f\u00fcr Ihr Budget MietenKaufenLeasingStartSeitenMobile Eisbahn mieten (mit Kaufoption) Das Mieten einer mobilen Eisbahn f\u00fcr tempor\u00e4re Winterveranstaltungen bietet Flexibilit\u00e4t und Bequemlichkeit und die M\u00f6glichkeit, die Eisbahn nach Ablauf der Mietdauer zu kaufen. So haben Sie die M\u00f6glichkeit, die Eisbahn zun\u00e4chst auszuprobieren und zu erfahren,...","protected":false},"author":1,"featured_media":1694,"parent":0,"menu_order":5,"comment_status":"closed","ping_status":"closed","template":"","meta":{"_acf_changed":false,"two_page_speed":[],"footnotes":""},"class_list":["post-3405","page","type-page","status-publish","has-post-thumbnail","hentry"],"acf":[],"_links":{"self":[{"href":"https:\/\/napapiri.com\/de\/wp-json\/wp\/v2\/pages\/3405","targetHints":{"allow":["GET"]}}],"collection":[{"href":"https:\/\/napapiri.com\/de\/wp-json\/wp\/v2\/pages"}],"about":[{"href":"https:\/\/napapiri.com\/de\/wp-json\/wp\/v2\/types\/page"}],"author":[{"embeddable":true,"href":"https:\/\/napapiri.com\/de\/wp-json\/wp\/v2\/users\/1"}],"replies":[{"embeddable":true,"href":"https:\/\/napapiri.com\/de\/wp-json\/wp\/v2\/comments?post=3405"}],"version-history":[{"count":22,"href":"https:\/\/napapiri.com\/de\/wp-json\/wp\/v2\/pages\/3405\/revisions"}],"predecessor-version":[{"id":6623,"href":"https:\/\/napapiri.com\/de\/wp-json\/wp\/v2\/pages\/3405\/revisions\/6623"}],"wp:featuredmedia":[{"embeddable":true,"href":"https:\/\/napapiri.com\/de\/wp-json\/wp\/v2\/media\/1694"}],"wp:attachment":[{"href":"https:\/\/napapiri.com\/de\/wp-json\/wp\/v2\/media?parent=3405"}],"curies":[{"name":"wp","href":"https:\/\/api.w.org\/{rel}","templated":true}]}}