{"id":3370,"date":"2024-05-16T07:43:36","date_gmt":"2024-05-16T06:43:36","guid":{"rendered":"https:\/\/napapiri.com\/blog\/"},"modified":"2025-02-10T18:09:48","modified_gmt":"2025-02-10T17:09:48","slug":"blog","status":"publish","type":"page","link":"https:\/\/napapiri.com\/de\/blog\/","title":{"rendered":"Blog"},"content":{"rendered":"<section class=\"l-section wpb_row us_custom_d3c890bc us_animate_this height_large\"><div class=\"l-section-h i-cf\"><div class=\"g-cols vc_row via_flex valign_top type_default stacking_default\"><div class=\"vc_col-sm-12 wpb_column vc_column_container\"><div class=\"vc_column-inner\"><div class=\"wpb_wrapper\"><div class=\"wpb_text_column bluetitle\"><div class=\"wpb_wrapper\"><h1>Lesen Sie unseren Blog mit -den neuesten Nachrichten rund um<br \/>\n<em><strong>echte Eisbahnen<\/strong><\/em><\/h1>\n<\/div><\/div><div class=\"w-btn-wrapper align_none hide_on_mobiles\"><a class=\"w-btn us-btn-style_4 vertslidebut text_none icon_atright\" href=\"#down\" aria-label=\"Button\"><i class=\"far fa-long-arrow-down\"><\/i><\/a><\/div><\/div><\/div><\/div><\/div><\/div><\/section><section class=\"l-section wpb_row us_custom_bf48def1 us_animate_this height_auto\"><div class=\"l-section-h i-cf\"><div class=\"g-cols vc_row via_flex valign_top type_default stacking_default\"><div class=\"vc_col-sm-12 wpb_column vc_column_container\"><div class=\"vc_column-inner\"><div class=\"wpb_wrapper\"><nav class=\"g-breadcrumbs us_custom_f9e185d2 has_text_color separator_icon align_none\" itemscope itemtype=\"http:\/\/schema.org\/BreadcrumbList\"><div class=\"g-breadcrumbs-item\" itemscope itemprop=\"itemListElement\" itemtype=\"http:\/\/schema.org\/ListItem\"><a itemprop=\"item\" href=\"https:\/\/napapiri.com\/de\/\"><span itemprop=\"name\">Start<\/span><\/a><meta itemprop=\"position\" content=\"1\"\/><\/div><div class=\"g-breadcrumbs-separator\"><i class=\"far fa-angle-right\"><\/i><\/div><div class=\"g-breadcrumbs-item\">Seiten<\/div><\/nav><\/div><\/div><\/div><\/div><\/div><\/section><section class=\"l-section wpb_row us_custom_70f65456 us_animate_this height_huge\" id=\"down\"><div class=\"l-section-h i-cf\"><div class=\"g-cols vc_row via_flex valign_top type_default stacking_default\"><div class=\"vc_col-sm-12 wpb_column vc_column_container\"><div class=\"vc_column-inner\"><div class=\"wpb_wrapper\"><div class=\"w-grid us_grid type_grid layout_173 bloggrid cols_3 preload_style_spinner\" id=\"us_grid_1\" style=\"--columns:3;--gap:1.5rem;\" data-filterable=\"true\"><style>@media (max-width:1024px){#us_grid_1{--columns:2!important}}@media (max-width:767px){#us_grid_1{--columns:1!important}}.layout_173 .w-grid-item-h{}.layout_173 .usg_post_title_1{transition-duration:0.3s;transform-origin:50% 50%;transform:scale(1) translate(0%,0%)}.layout_173 .w-grid-item-h:focus-within .usg_post_title_1,.layout_173 .w-grid-item-h:hover .usg_post_title_1{transform:scale(1) translate(0%,0%);opacity:1;color:var(--color-orange)!important}.layout_173 .usg_post_date_1{transition-duration:0.3s;transform-origin:50% 50%;transform:scale(1) translate(0%,0%)}.layout_173 .w-grid-item-h:focus-within .usg_post_date_1,.layout_173 .w-grid-item-h:hover .usg_post_date_1{transform:scale(1) translate(0%,0%);opacity:1;color:var(--color-orange)!important}.layout_173 .usg_post_image_1{position:absolute!important;left:0!important;bottom:0!important;right:0!important}.layout_173 .usg_vwrapper_1{margin-bottom:25px!important}.layout_173 .usg_post_date_1{color:var(--color-blue2)!important;font-size:16px!important;margin-top:15px!important}<\/style><div class=\"w-grid-list\">\t<article class=\"w-grid-item size_1x1 post-4099 post type-post status-publish format-standard has-post-thumbnail hentry category-nachrichten tag-eislaufbahn-de-2 tag-eislaufbahn tag-eislaufbahn-de tag-madrid-de\" data-id=\"4099\">\r\n\t\t<div class=\"w-grid-item-h\">\r\n\t\t\t\t\t\t<div class=\"w-vwrapper usg_vwrapper_1 align_none valign_top\"><time class=\"w-post-elm post_date usg_post_date_1 has_text_color entry-date published\" datetime=\"2025-01-18T19:02:59+01:00\">18 Januar, 2025<\/time><h6 class=\"w-post-elm post_title usg_post_title_1 entry-title color_link_inherit\"><a href=\"https:\/\/napapiri.com\/de\/napapiri-baut-in-rekordzeit-die-groesste-eisbahn-in-europa\/\">Napapiri baut in Rekordzeit die gr\u00f6\u00dfte Eisbahn in Europa<\/a><\/h6><\/div><div class=\"w-post-elm post_image usg_post_image_1 has_ratio\"><a href=\"https:\/\/napapiri.com\/de\/napapiri-baut-in-rekordzeit-die-groesste-eisbahn-in-europa\/\" aria-label=\"Napapiri baut in Rekordzeit die gr\u00f6\u00dfte Eisbahn in Europa\"><img loading=\"lazy\" decoding=\"async\" width=\"1024\" height=\"768\" src=\"https:\/\/napapiri.com\/wp-content\/uploads\/2025\/01\/IMG_8112-1024x768.jpg\" class=\"attachment-large size-large wp-post-image\" alt=\"\" title=\"\"><\/a><div style=\"padding-bottom:100%\"><\/div><\/div><div class=\"w-post-elm post_image usg_post_image_2 visibilnone has_ratio\"><a href=\"https:\/\/napapiri.com\/de\/napapiri-baut-in-rekordzeit-die-groesste-eisbahn-in-europa\/\" aria-label=\"Napapiri baut in Rekordzeit die gr\u00f6\u00dfte Eisbahn in Europa\"><img loading=\"lazy\" decoding=\"async\" width=\"1024\" height=\"768\" src=\"https:\/\/napapiri.com\/wp-content\/uploads\/2025\/01\/IMG_8112-1024x768.jpg\" class=\"attachment-large size-large wp-post-image\" alt=\"\" title=\"\"><\/a><div style=\"padding-bottom:100%\"><\/div><\/div><div class=\"w-text usg_text_1 icon_atright\"><a href=\"https:\/\/napapiri.com\/de\/napapiri-baut-in-rekordzeit-die-groesste-eisbahn-in-europa\/\" class=\"w-text-h\"><span class=\"w-text-value\">test<\/span><i class=\"far fa-long-arrow-right\"><\/i><\/a><\/div>\t\t<\/div>\r\n\t\t\t<\/article>\r\n\t<article class=\"w-grid-item size_1x1 post-3004 post type-post status-publish format-standard has-post-thumbnail hentry category-nachrichten tag-eislaufbahn tag-show-auf-eis\" data-id=\"3004\">\r\n\t\t<div class=\"w-grid-item-h\">\r\n\t\t\t\t\t\t<div class=\"w-vwrapper usg_vwrapper_1 align_none valign_top\"><time class=\"w-post-elm post_date usg_post_date_1 has_text_color entry-date published\" datetime=\"2024-11-03T13:45:07+01:00\">3 November, 2024<\/time><h6 class=\"w-post-elm post_title usg_post_title_1 entry-title color_link_inherit\"><a href=\"https:\/\/napapiri.com\/de\/wie-organisiert-man-eine-show-on-ice\/\">Wie organisiert man eine Eisshow?<\/a><\/h6><\/div><div class=\"w-post-elm post_image usg_post_image_1 has_ratio\"><a href=\"https:\/\/napapiri.com\/de\/wie-organisiert-man-eine-show-on-ice\/\" aria-label=\"Wie organisiert man eine Eisshow?\"><img loading=\"lazy\" decoding=\"async\" width=\"1024\" height=\"683\" src=\"https:\/\/napapiri.com\/wp-content\/uploads\/2024\/11\/NAPAPIRI-Pista-de-hielo-.-Ice-Rink5-1024x683.jpg\" class=\"attachment-large size-large wp-post-image\" alt=\"\" title=\"\"><\/a><div style=\"padding-bottom:100%\"><\/div><\/div><div class=\"w-post-elm post_image usg_post_image_2 visibilnone has_ratio\"><a href=\"https:\/\/napapiri.com\/de\/wie-organisiert-man-eine-show-on-ice\/\" aria-label=\"Wie organisiert man eine Eisshow?\"><img loading=\"lazy\" decoding=\"async\" width=\"1024\" height=\"683\" src=\"https:\/\/napapiri.com\/wp-content\/uploads\/2024\/11\/NAPAPIRI-Pista-de-hielo-.-Ice-Rink5-1024x683.jpg\" class=\"attachment-large size-large wp-post-image\" alt=\"\" title=\"\"><\/a><div style=\"padding-bottom:100%\"><\/div><\/div><div class=\"w-text usg_text_1 icon_atright\"><a href=\"https:\/\/napapiri.com\/de\/wie-organisiert-man-eine-show-on-ice\/\" class=\"w-text-h\"><span class=\"w-text-value\">test<\/span><i class=\"far fa-long-arrow-right\"><\/i><\/a><\/div>\t\t<\/div>\r\n\t\t\t<\/article>\r\n\t<article class=\"w-grid-item size_1x1 post-4148 post type-post status-publish format-standard has-post-thumbnail hentry category-nachrichten tag-eislaufbahn tag-stromverbrauch\" data-id=\"4148\">\r\n\t\t<div class=\"w-grid-item-h\">\r\n\t\t\t\t\t\t<div class=\"w-vwrapper usg_vwrapper_1 align_none valign_top\"><time class=\"w-post-elm post_date usg_post_date_1 has_text_color entry-date published\" datetime=\"2024-11-02T20:11:04+01:00\">2 November, 2024<\/time><h6 class=\"w-post-elm post_title usg_post_title_1 entry-title color_link_inherit\"><a href=\"https:\/\/napapiri.com\/de\/wie-viel-energie-verbraucht-eine-eislaufbahn\/\">Wie viel Energie verbraucht eine Eislaufbahn?<\/a><\/h6><\/div><div class=\"w-post-elm post_image usg_post_image_1 has_ratio\"><a href=\"https:\/\/napapiri.com\/de\/wie-viel-energie-verbraucht-eine-eislaufbahn\/\" aria-label=\"Wie viel Energie verbraucht eine Eislaufbahn?\"><img loading=\"lazy\" decoding=\"async\" width=\"1024\" height=\"640\" src=\"https:\/\/napapiri.com\/wp-content\/uploads\/2024\/11\/cables-aereos-hielo-1024x640-1.webp\" class=\"attachment-large size-large wp-post-image\" alt=\"\" title=\"\"><\/a><div style=\"padding-bottom:100%\"><\/div><\/div><div class=\"w-post-elm post_image usg_post_image_2 visibilnone has_ratio\"><a href=\"https:\/\/napapiri.com\/de\/wie-viel-energie-verbraucht-eine-eislaufbahn\/\" aria-label=\"Wie viel Energie verbraucht eine Eislaufbahn?\"><img loading=\"lazy\" decoding=\"async\" width=\"1024\" height=\"640\" src=\"https:\/\/napapiri.com\/wp-content\/uploads\/2024\/11\/cables-aereos-hielo-1024x640-1.webp\" class=\"attachment-large size-large wp-post-image\" alt=\"\" title=\"\"><\/a><div style=\"padding-bottom:100%\"><\/div><\/div><div class=\"w-text usg_text_1 icon_atright\"><a href=\"https:\/\/napapiri.com\/de\/wie-viel-energie-verbraucht-eine-eislaufbahn\/\" class=\"w-text-h\"><span class=\"w-text-value\">test<\/span><i class=\"far fa-long-arrow-right\"><\/i><\/a><\/div>\t\t<\/div>\r\n\t\t\t<\/article>\r\n\t<article class=\"w-grid-item size_1x1 post-2970 post type-post status-publish format-standard has-post-thumbnail hentry category-nachrichten tag-eislaufbahn tag-investieren\" data-id=\"2970\">\r\n\t\t<div class=\"w-grid-item-h\">\r\n\t\t\t\t\t\t<div class=\"w-vwrapper usg_vwrapper_1 align_none valign_top\"><time class=\"w-post-elm post_date usg_post_date_1 has_text_color entry-date published\" datetime=\"2024-11-02T18:18:39+01:00\">2 November, 2024<\/time><h6 class=\"w-post-elm post_title usg_post_title_1 entry-title color_link_inherit\"><a href=\"https:\/\/napapiri.com\/de\/gekuehlte-eislaufbahnen-eine-kluge-investition\/\">Gek\u00fchlte Eislaufbahnen&#8230; eine kluge Investition<\/a><\/h6><\/div><div class=\"w-post-elm post_image usg_post_image_1 has_ratio\"><a href=\"https:\/\/napapiri.com\/de\/gekuehlte-eislaufbahnen-eine-kluge-investition\/\" aria-label=\"Gek\u00fchlte Eislaufbahnen&#8230; eine kluge Investition\"><img loading=\"lazy\" decoding=\"async\" width=\"1024\" height=\"768\" src=\"https:\/\/napapiri.com\/wp-content\/uploads\/2024\/11\/NAPAPIRI-Pista-de-hielo-.-Ice-Rink1-5.jpeg\" class=\"attachment-large size-large wp-post-image\" alt=\"\" title=\"\"><\/a><div style=\"padding-bottom:100%\"><\/div><\/div><div class=\"w-post-elm post_image usg_post_image_2 visibilnone has_ratio\"><a href=\"https:\/\/napapiri.com\/de\/gekuehlte-eislaufbahnen-eine-kluge-investition\/\" aria-label=\"Gek\u00fchlte Eislaufbahnen&#8230; eine kluge Investition\"><img loading=\"lazy\" decoding=\"async\" width=\"1024\" height=\"768\" src=\"https:\/\/napapiri.com\/wp-content\/uploads\/2024\/11\/NAPAPIRI-Pista-de-hielo-.-Ice-Rink1-5.jpeg\" class=\"attachment-large size-large wp-post-image\" alt=\"\" title=\"\"><\/a><div style=\"padding-bottom:100%\"><\/div><\/div><div class=\"w-text usg_text_1 icon_atright\"><a href=\"https:\/\/napapiri.com\/de\/gekuehlte-eislaufbahnen-eine-kluge-investition\/\" class=\"w-text-h\"><span class=\"w-text-value\">test<\/span><i class=\"far fa-long-arrow-right\"><\/i><\/a><\/div>\t\t<\/div>\r\n\t\t\t<\/article>\r\n\t<article class=\"w-grid-item size_1x1 post-3060 post type-post status-publish format-standard has-post-thumbnail hentry category-nachrichten tag-eislaufbahn tag-pool-de tag-wasser\" data-id=\"3060\">\r\n\t\t<div class=\"w-grid-item-h\">\r\n\t\t\t\t\t\t<div class=\"w-vwrapper usg_vwrapper_1 align_none valign_top\"><time class=\"w-post-elm post_date usg_post_date_1 has_text_color entry-date published\" datetime=\"2024-10-12T09:26:47+01:00\">12 Oktober, 2024<\/time><h6 class=\"w-post-elm post_title usg_post_title_1 entry-title color_link_inherit\"><a href=\"https:\/\/napapiri.com\/de\/wie-viel-wasser-verbraucht-eine-eislaufbahn\/\">Wie viel Wasser verbraucht eine Eislaufbahn?<\/a><\/h6><\/div><div class=\"w-post-elm post_image usg_post_image_1 has_ratio\"><a href=\"https:\/\/napapiri.com\/de\/wie-viel-wasser-verbraucht-eine-eislaufbahn\/\" aria-label=\"Wie viel Wasser verbraucht eine Eislaufbahn?\"><img loading=\"lazy\" decoding=\"async\" width=\"1024\" height=\"768\" src=\"https:\/\/napapiri.com\/wp-content\/uploads\/2024\/10\/NAPAPIRI-Pista-de-hielo-.-Ice-Rink1-4.jpeg\" class=\"attachment-large size-large wp-post-image\" alt=\"\" title=\"\"><\/a><div style=\"padding-bottom:100%\"><\/div><\/div><div class=\"w-post-elm post_image usg_post_image_2 visibilnone has_ratio\"><a href=\"https:\/\/napapiri.com\/de\/wie-viel-wasser-verbraucht-eine-eislaufbahn\/\" aria-label=\"Wie viel Wasser verbraucht eine Eislaufbahn?\"><img loading=\"lazy\" decoding=\"async\" width=\"1024\" height=\"768\" src=\"https:\/\/napapiri.com\/wp-content\/uploads\/2024\/10\/NAPAPIRI-Pista-de-hielo-.-Ice-Rink1-4.jpeg\" class=\"attachment-large size-large wp-post-image\" alt=\"\" title=\"\"><\/a><div style=\"padding-bottom:100%\"><\/div><\/div><div class=\"w-text usg_text_1 icon_atright\"><a href=\"https:\/\/napapiri.com\/de\/wie-viel-wasser-verbraucht-eine-eislaufbahn\/\" class=\"w-text-h\"><span class=\"w-text-value\">test<\/span><i class=\"far fa-long-arrow-right\"><\/i><\/a><\/div>\t\t<\/div>\r\n\t\t\t<\/article>\r\n<\/div>\t<div class=\"w-grid-preloader\">\r\n\t\t<div class=\"g-preloader type_1\">\r\n\t\t\t<div><\/div>\r\n\t\t<\/div>\r\n\t<\/div>\r\n\t\t<div class=\"w-grid-json hidden\" onclick='return {&quot;action&quot;:&quot;us_ajax_grid&quot;,&quot;infinite_scroll&quot;:0,&quot;max_num_pages&quot;:1,&quot;pagination&quot;:&quot;none&quot;,&quot;template_vars&quot;:{&quot;columns&quot;:&quot;3&quot;,&quot;exclude_items&quot;:&quot;none&quot;,&quot;img_size&quot;:&quot;default&quot;,&quot;ignore_items_size&quot;:0,&quot;items_layout&quot;:&quot;173&quot;,&quot;items_offset&quot;:&quot;1&quot;,&quot;load_animation&quot;:&quot;none&quot;,&quot;overriding_link&quot;:&quot;%7B%22url%22%3A%22%22%7D&quot;,&quot;post_id&quot;:0,&quot;query_args&quot;:{&quot;post_type&quot;:[&quot;post&quot;],&quot;post_status&quot;:[&quot;publish&quot;,&quot;acf-disabled&quot;],&quot;posts_per_page&quot;:&quot;10000&quot;},&quot;orderby_query_args&quot;:{&quot;orderby&quot;:{&quot;date&quot;:&quot;DESC&quot;}},&quot;type&quot;:&quot;grid&quot;,&quot;us_grid_post_type&quot;:&quot;post&quot;,&quot;us_grid_ajax_index&quot;:1,&quot;us_grid_filter_query_string&quot;:null,&quot;us_grid_index&quot;:1,&quot;page_args&quot;:[],&quot;lang&quot;:&quot;de&quot;}}'><\/div>\r\n\t<\/div><\/div><\/div><\/div><\/div><\/div><\/section><section class=\"l-section wpb_row us_custom_19c26580 us_animate_this height_medium\"><div class=\"l-section-h i-cf\"><div class=\"g-cols vc_row via_flex valign_top type_default stacking_default\"><div class=\"vc_col-sm-12 wpb_column vc_column_container\"><div class=\"vc_column-inner\"><div class=\"wpb_wrapper\"><div class=\"w-hwrapper valign_middle wrap align_justify\"><div class=\"wpb_text_column us_custom_a7692a04 orangetitle has_text_color\"><div class=\"wpb_wrapper\"><h3>Unser erstes Versprechen? Ein Angebot <em>innerhalb von 24 Stunden!<\/em> <\/h3>\n<\/div><\/div><div class=\"w-btn-wrapper align_none\"><a class=\"w-btn us-btn-style_3 us_custom_c097cd2b icon_atright\" href=\"https:\/\/napapiri.com\/de\/?page_id=3254\"><span class=\"w-btn-label\">Angebot anfordern<\/span><i class=\"far fa-long-arrow-right\"><\/i><\/a><\/div><\/div><\/div><\/div><\/div><\/div><\/div><\/section>\n\n","protected":false},"excerpt":{"rendered":"Die Wassermenge, die eine Eisbahn pro Quadratmeter Eisfl\u00e4che verbraucht, ist deutlich geringer als die, die ein Schwimmbad pro Quadratmeter Wasserfl\u00e4che ben\u00f6tigt. Hier ist ein Vergleich zwischen dem Wasserverbrauch einer Eisbahn und dem eines Schwimmbads: 1. Eislaufbahnen Bei einer Eisbahn wird Wasser verwendet, um eine d\u00fcnne Eisschicht zu erzeugen. Im Durchschnitt ist die Eisschicht auf einer...","protected":false},"author":1,"featured_media":0,"parent":0,"menu_order":5,"comment_status":"closed","ping_status":"closed","template":"","meta":{"_acf_changed":false,"two_page_speed":[],"footnotes":""},"class_list":["post-3370","page","type-page","status-publish","hentry"],"acf":[],"_links":{"self":[{"href":"https:\/\/napapiri.com\/de\/wp-json\/wp\/v2\/pages\/3370","targetHints":{"allow":["GET"]}}],"collection":[{"href":"https:\/\/napapiri.com\/de\/wp-json\/wp\/v2\/pages"}],"about":[{"href":"https:\/\/napapiri.com\/de\/wp-json\/wp\/v2\/types\/page"}],"author":[{"embeddable":true,"href":"https:\/\/napapiri.com\/de\/wp-json\/wp\/v2\/users\/1"}],"replies":[{"embeddable":true,"href":"https:\/\/napapiri.com\/de\/wp-json\/wp\/v2\/comments?post=3370"}],"version-history":[{"count":7,"href":"https:\/\/napapiri.com\/de\/wp-json\/wp\/v2\/pages\/3370\/revisions"}],"predecessor-version":[{"id":5366,"href":"https:\/\/napapiri.com\/de\/wp-json\/wp\/v2\/pages\/3370\/revisions\/5366"}],"wp:attachment":[{"href":"https:\/\/napapiri.com\/de\/wp-json\/wp\/v2\/media?parent=3370"}],"curies":[{"name":"wp","href":"https:\/\/api.w.org\/{rel}","templated":true}]}}