{"id":3215,"date":"2024-05-16T07:43:37","date_gmt":"2024-05-16T06:43:37","guid":{"rendered":"https:\/\/napapiri.com\/allgemeine-bedingungen-und-konditionen\/"},"modified":"2025-02-10T18:09:24","modified_gmt":"2025-02-10T17:09:24","slug":"allgemeine-bedingungen-und-konditionen","status":"publish","type":"page","link":"https:\/\/napapiri.com\/de\/allgemeine-bedingungen-und-konditionen\/","title":{"rendered":"Allgemeine Bedingungen und Konditionen"},"content":{"rendered":"<section class=\"l-section wpb_row height_medium\"><div class=\"l-section-h i-cf\"><div class=\"g-cols vc_row via_flex valign_top type_default stacking_default\"><div class=\"vc_col-sm-12 wpb_column vc_column_container\"><div class=\"vc_column-inner\"><div class=\"wpb_wrapper\"><div class=\"wpb_text_column\"><div class=\"wpb_wrapper\"><h1>\nALLGEMEINE GESCH\u00c4FTSBEDINGUNGEN F\u00dcR DIE WEBSITE FUN ON ICE BV<\/h1>\n<p>&#8212;<\/p>\n<p><strong>Artikel 1 &#8211; Definitionen<\/strong><\/p>\n<p>1.1 Website: Die Website von FUN ON ICE BV, zug\u00e4nglich unter www.napapiri.com<\/p>\n<p>1.2 Besucher: Jede Person, die die Website besucht und\/oder die auf der Website angebotenen Informationen und Dienste nutzt.<\/p>\n<p>1.3 Inhalt: Alle Informationen, Bilder, Videos, Texte und andere Materialien, die auf der Website zur Verf\u00fcgung gestellt werden.<\/p>\n<p>1.4 FUN ON ICE BV: Die juristische Person, die die Website verwaltet und Produkte\/Dienstleistungen f\u00fcr Eislaufbahnen anbietet.<\/p>\n<p>&#8212;<\/p>\n<p><strong>Artikel 2 &#8211; Anwendbarkeit<\/strong><\/p>\n<p>2.1 Diese allgemeinen Gesch\u00e4ftsbedingungen gelten f\u00fcr jede Nutzung der Website von FUN ON ICE BV. Durch den Besuch und die Nutzung der Website erkl\u00e4rt sich der Besucher mit diesen allgemeinen Gesch\u00e4ftsbedingungen einverstanden. <\/p>\n<p>2.2 FUN ON ICE BV beh\u00e4lt sich das Recht vor, die allgemeinen Gesch\u00e4ftsbedingungen jederzeit zu \u00e4ndern. Ge\u00e4nderte Bedingungen treten in Kraft, sobald sie auf der Website ver\u00f6ffentlicht werden. <\/p>\n<p>&#8212;<\/p>\n<p><strong>Artikel 3 &#8211; Zweck der Website<\/strong><\/p>\n<p>3.1 Die Website von FUN ON ICE BV dient der Information \u00fcber die von FUN ON ICE BV angebotenen Produkte und Dienstleistungen, einschlie\u00dflich der Herstellung und Installation von Eislaufbahnen.<\/p>\n<p>3.2 Die Website bietet nicht die M\u00f6glichkeit, Produkte oder Dienstleistungen direkt zu bestellen. F\u00fcr Bestellungen oder detaillierte Angebote sollten sich Besucher direkt an FUN ON ICE BV wenden. <\/p>\n<p>&#8212;<\/p>\n<p>&nbsp;<\/p>\n<p><strong>Artikel 4 &#8211; Nutzung der Website<\/strong><\/p>\n<p>4.1 Es ist dem Besucher nicht gestattet, die Website in einer Weise zu nutzen, die gegen Gesetze oder Vorschriften verst\u00f6\u00dft oder die Website oder die Interessen von FUN ON ICE BV sch\u00e4digen k\u00f6nnte.<\/p>\n<p>4.2 Der Besucher ist f\u00fcr die ordnungsgem\u00e4\u00dfe Nutzung der Website verantwortlich und daf\u00fcr, die Informationen so zu konsultieren, dass die Website oder andere Nutzer nicht gesch\u00e4digt werden.<\/p>\n<p>4.3 FUN ON ICE BV beh\u00e4lt sich das Recht vor, den Zugang zur Website zu sperren oder einzuschr\u00e4nken, wenn der Besucher die Bedingungen nicht einh\u00e4lt oder die Website missbraucht.<\/p>\n<p>&#8212;<\/p>\n<p><strong>Artikel 5 &#8211; Rechte an geistigem Eigentum<\/strong><\/p>\n<p>5.1 Alle geistigen Eigentumsrechte in Bezug auf die Website und ihren Inhalt, einschlie\u00dflich, aber nicht beschr\u00e4nkt auf Texte, Bilder, Videos und Software, geh\u00f6ren der FUN ON ICE BV oder ihren Lizenzgebern.<\/p>\n<p>5.2 Es ist dem Besucher nicht gestattet, den Inhalt der Website ohne die vorherige schriftliche Zustimmung von FUN ON ICE BV zu kopieren, zu verbreiten, zu vervielf\u00e4ltigen oder auf andere Weise zu ver\u00f6ffentlichen.<\/p>\n<p>&#8212;<\/p>\n<p><strong>Artikel 6 &#8211; Haftung<\/strong><\/p>\n<p>6.1 Die FUN ON ICE BV bem\u00fcht sich, die Informationen auf der Website so genau und aktuell wie m\u00f6glich zu halten. Die FUN ON ICE BV kann jedoch nicht garantieren, dass die Informationen auf der Website immer vollst\u00e4ndig, richtig und aktuell sind. <\/p>\n<p>6.2 FUN ON ICE BV haftet nicht f\u00fcr direkte oder indirekte Sch\u00e4den, die sich aus der Nutzung der Website, der Verf\u00fcgbarkeit der Website oder der Richtigkeit der Informationen ergeben.<\/p>\n<p>6.3 Die Website kann Links zu externen Websites enthalten. FUN ON ICE BV ist nicht verantwortlich f\u00fcr den Inhalt oder das Funktionieren dieser externen Websites und \u00fcbernimmt keine Haftung f\u00fcr Sch\u00e4den, die aus der Nutzung dieser Websites entstehen. <\/p>\n<p>&#8212;<\/p>\n<p>&nbsp;<\/p>\n<p><strong>Artikel 7 &#8211; Datenschutz und Cookies<\/strong><\/p>\n<p>7.1 FUN ON ICE BV sch\u00e4tzt die Privatsph\u00e4re der Besucher der Website. Die Verwendung personenbezogener Daten ist in der auf der Website verf\u00fcgbaren Datenschutzerkl\u00e4rung beschrieben. <\/p>\n<p>7.2 Die Website verwendet Cookies, um die Funktionalit\u00e4t der Website zu optimieren und das Nutzerverhalten zu analysieren. Weitere Informationen \u00fcber die Verwendung von Cookies finden Sie in der Cookie-Richtlinie auf der Website. <\/p>\n<p>&#8212;<\/p>\n<p><strong>Artikel 8 &#8211; Anwendbares Recht und Streitigkeiten<\/strong><\/p>\n<p>8.1 Diese allgemeinen Gesch\u00e4ftsbedingungen unterliegen dem belgischen Recht.<\/p>\n<p>8.2 Streitigkeiten, die sich aus der Nutzung der Website oder dieser Allgemeinen Gesch\u00e4ftsbedingungen ergeben, werden ausschlie\u00dflich dem zust\u00e4ndigen Gericht des Bezirks vorgelegt, in dem FUN ON ICE BV seinen Sitz hat.<\/p>\n<p>&#8212;<\/p>\n<p><strong>Artikel 9 &#8211; Kontaktinformationen<\/strong><\/p>\n<p>Bei Fragen oder Anmerkungen zur Website oder zu diesen Bedingungen wenden Sie sich bitte an:<\/p>\n<p>FUN ON ICE BV Philipssite 5 Bus 1<br \/>\n<a href=\"tel:+3216982382\">+32 (0)16 98 23 82<\/a><br \/>\n<a href=\"mailto:hello@napapiri.com\">hello@napapiri.com<\/a><br \/>\n<a href=\"https:\/\/www.napapiri.com\">https:\/\/www.napapiri.com<\/a><\/p>\n<p>&#8212;<\/p>\n<p>Diese Allgemeinen Gesch\u00e4ftsbedingungen wurden zuletzt am 1. Oktober 2024 aktualisiert.<\/p>\n<\/div><\/div><\/div><\/div><\/div><\/div><\/div><\/section>\n","protected":false},"excerpt":{"rendered":"ALLGEMEINE GESCH\u00c4FTSBEDINGUNGEN F\u00dcR DIE WEBSITE FUN ON ICE BV &#8212; Artikel 1 &#8211; Definitionen 1.1 Website: Die Website von FUN ON ICE BV, zug\u00e4nglich unter www.napapiri.com 1.2 Besucher: Jede Person, die die Website besucht und\/oder die auf der Website angebotenen Informationen und Dienste nutzt. 1.3 Inhalt: Alle Informationen, Bilder, Videos, Texte und andere Materialien, die...","protected":false},"author":1,"featured_media":0,"parent":0,"menu_order":5,"comment_status":"closed","ping_status":"closed","template":"","meta":{"_acf_changed":false,"two_page_speed":[],"footnotes":""},"class_list":["post-3215","page","type-page","status-publish","hentry"],"acf":[],"_links":{"self":[{"href":"https:\/\/napapiri.com\/de\/wp-json\/wp\/v2\/pages\/3215","targetHints":{"allow":["GET"]}}],"collection":[{"href":"https:\/\/napapiri.com\/de\/wp-json\/wp\/v2\/pages"}],"about":[{"href":"https:\/\/napapiri.com\/de\/wp-json\/wp\/v2\/types\/page"}],"author":[{"embeddable":true,"href":"https:\/\/napapiri.com\/de\/wp-json\/wp\/v2\/users\/1"}],"replies":[{"embeddable":true,"href":"https:\/\/napapiri.com\/de\/wp-json\/wp\/v2\/comments?post=3215"}],"version-history":[{"count":9,"href":"https:\/\/napapiri.com\/de\/wp-json\/wp\/v2\/pages\/3215\/revisions"}],"predecessor-version":[{"id":5330,"href":"https:\/\/napapiri.com\/de\/wp-json\/wp\/v2\/pages\/3215\/revisions\/5330"}],"wp:attachment":[{"href":"https:\/\/napapiri.com\/de\/wp-json\/wp\/v2\/media?parent=3215"}],"curies":[{"name":"wp","href":"https:\/\/api.w.org\/{rel}","templated":true}]}}