{"id":2844,"date":"2024-05-13T09:02:21","date_gmt":"2024-05-13T08:02:21","guid":{"rendered":"https:\/\/napapiri.com\/datenschutzbestimmungen\/"},"modified":"2025-01-23T19:45:20","modified_gmt":"2025-01-23T18:45:20","slug":"datenschutzbestimmungen","status":"publish","type":"page","link":"https:\/\/napapiri.com\/de\/datenschutzbestimmungen\/","title":{"rendered":"Datenschutzbestimmungen"},"content":{"rendered":"<section class=\"l-section wpb_row height_medium\"><div class=\"l-section-h i-cf\"><div class=\"g-cols vc_row via_flex valign_top type_default stacking_default\"><div class=\"vc_col-sm-12 wpb_column vc_column_container\"><div class=\"vc_column-inner\"><div class=\"wpb_wrapper\"><div class=\"wpb_text_column\"><div class=\"wpb_wrapper\"><h1>\nDATENSCHUTZBESTIMMUNGEN FUN ON ICE BV<\/h1>\n<p>&#8212;<\/p>\n<h2>Einf\u00fchrung<\/h2>\n<p>FUN ON ICE BV, mit Sitz in Philipssite 5 Bus 1, 3001 Heverlee, Belgien, ist dem Schutz der Privatsph\u00e4re der Besucher seiner Website www.napapiri.com (im Folgenden &#8222;die Website&#8220;) verpflichtet. In dieser Datenschutzerkl\u00e4rung erl\u00e4utern wir, wie wir mit Ihren pers\u00f6nlichen Daten umgehen, welche Daten wir sammeln, f\u00fcr welche Zwecke wir diese Daten verwenden und wie wir Ihre Daten sch\u00fctzen. Durch die Nutzung unserer Website erkl\u00e4ren Sie sich mit der Erfassung und Verwendung Ihrer pers\u00f6nlichen Daten, wie in dieser Datenschutzerkl\u00e4rung beschrieben, einverstanden. &#8212; <\/p>\n<p><strong>Artikel 1 &#8211; F\u00fcr die Verarbeitung Verantwortlicher<\/strong><\/p>\n<p>1.1 FUN ON ICE BV ist der Verantwortliche f\u00fcr die Verarbeitung personenbezogener Daten, wie in dieser Datenschutzerkl\u00e4rung beschrieben. 1.2 Bei Fragen zu dieser Datenschutzrichtlinie wenden Sie sich bitte an:<\/p>\n<p>FUN ON ICE BV Philipssite 5 Bus 1 hello@napapiri.com +32 (0)16 98 23 82 https:\/\/www.napapiri.com &#8212;<\/p>\n<p><strong>Artikel 2 &#8211; Welche Daten sammeln wir?<\/strong><\/p>\n<p>FUN ON ICE BV kann die folgenden personenbezogenen Daten von Ihnen erheben und verarbeiten, wenn Sie die Website besuchen oder uns kontaktieren:<\/p>\n<p>&#8211; Name &#8211; E-Mail Adresse &#8211; Telefonnummer &#8212;.<\/p>\n<p>&nbsp;<\/p>\n<p><strong>Artikel 3 &#8211; Zwecke der Datenverarbeitung<\/strong><\/p>\n<p>Die von uns erfassten personenbezogenen Daten werden nur f\u00fcr die folgenden Zwecke verwendet: 3.1 Kontaktanfragen Wenn Sie uns \u00fcber die Website kontaktieren (z. B. \u00fcber ein Kontaktformular oder per E-Mail), verarbeiten wir Ihre Daten, um Ihre Frage zu beantworten oder Ihre Anfrage zu bearbeiten.<br \/>\n3.2 Analyse der Website-Nutzung Wir sammeln Daten, um die Nutzung der Website zu verstehen und unsere Dienste zu verbessern. Dies geschieht zum Teil durch die Analyse des Besucherverhaltens, wie z.B. der Anzahl der Seitenaufrufe und der Besuchszeit.<br \/>\n3.3 Newsletter und Marketing Wenn Sie sich f\u00fcr unseren Newsletter angemeldet haben, verwenden wir Ihre E-Mail-Adresse, um Sie \u00fcber Neuigkeiten, Produkte und Dienstleistungen von FUN ON ICE BV zu informieren. Sie k\u00f6nnen diese Newsletter jederzeit \u00fcber den Abmeldelink in den E-Mails wieder abbestellen. &#8212;<\/p>\n<p><strong>Artikel 4 &#8211; Rechtsgrundlage f\u00fcr die Verarbeitung<\/strong><\/p>\n<p>Wir verarbeiten Ihre personenbezogenen Daten aus den folgenden rechtlichen Gr\u00fcnden: &#8211; Einwilligung: Wir holen Ihre Einwilligung ein, um Newsletter und Marketingnachrichten zu versenden. &#8211; Vertragserf\u00fcllung: Wenn Sie sich an uns wenden, um Informationen \u00fcber Produkte oder Dienstleistungen zu erhalten, verarbeiten wir Ihre Daten, um Ihre Anfrage zu erf\u00fcllen. &#8211; Berechtigtes Interesse: Wir verarbeiten bestimmte personenbezogene Daten, um die Funktionalit\u00e4t unserer Website zu gew\u00e4hrleisten und zu verbessern und um unsere Dienstleistungen an die Bed\u00fcrfnisse der Nutzer anzupassen. &#8212;<\/p>\n<p><strong>Artikel 5 &#8211; Weitergabe von personenbezogenen Daten<\/strong><\/p>\n<p>FUN ON ICE BV verkauft Ihre pers\u00f6nlichen Daten nicht an Dritte. Wir k\u00f6nnen jedoch Ihre personenbezogenen Daten ausschlie\u00dflich zu den oben genannten Zwecken an die folgenden Parteien weitergeben: &#8211; Dienstleister, die uns bei der Erbringung unserer Dienstleistungen helfen (z.B. Hosting-Anbieter oder E-Mail-Versandsysteme). &#8211; Analysetools (z.B. Google Analytics) zur Verbesserung unserer Website. &#8211; Regierungsstellen oder Regulierungsbeh\u00f6rden, wenn wir gesetzlich dazu verpflichtet sind. &#8212; <\/p>\n<p><strong>Artikel 6 &#8211; Aufbewahrungsfrist<\/strong><\/p>\n<p>Wir werden Ihre personenbezogenen Daten nicht l\u00e4nger aufbewahren, als es f\u00fcr die Zwecke, f\u00fcr die wir Ihre Daten verarbeiten, erforderlich ist. Wenn dies gesetzlich vorgeschrieben ist, werden wir bestimmte Daten l\u00e4nger aufbewahren (z.B. f\u00fcr steuerliche oder administrative Verpflichtungen). &#8212; <\/p>\n<p><strong>Artikel 7 &#8211; Datensicherheit<\/strong><\/p>\n<p>FUN ON ICE BV ergreift angemessene technische und organisatorische Ma\u00dfnahmen, um Ihre pers\u00f6nlichen Daten vor Verlust, Missbrauch, unbefugtem Zugriff, Offenlegung, \u00c4nderung oder Zerst\u00f6rung zu sch\u00fctzen. &#8211; Wir verwenden Verschl\u00fcsselungstechnologien und sichere Server, um Ihre Daten zu sch\u00fctzen. &#8211; Der Zugriff auf Ihre Daten ist auf autorisierte Personen innerhalb unseres Unternehmens beschr\u00e4nkt. &#8212;<\/p>\n<p><strong>Artikel 8 &#8211; Ihre Rechte<\/strong><\/p>\n<p>Sie haben das Recht dazu:<\/p>\n<p>&#8211; Zugang zu Ihren pers\u00f6nlichen Daten, die wir verarbeiten.<br \/>\n&#8211; die Berichtigung oder L\u00f6schung Ihrer Daten zu verlangen, wenn diese ungenau oder nicht mehr relevant sind.<br \/>\n&#8211; die Einschr\u00e4nkung der Verarbeitung verlangen, wenn Sie Zweifel an der Richtigkeit der Daten oder der Rechtm\u00e4\u00dfigkeit der Verarbeitung haben.<br \/>\n&#8211; Widerspruch gegen die Verarbeitung Ihrer Daten auf der Grundlage eines berechtigten Interesses einlegen.<br \/>\n&#8211; Ihre Zustimmung zum Erhalt von Marketingnachrichten widerrufen (\u00fcber den Abmeldelink in unseren E-Mails).<\/p>\n<p>Sie k\u00f6nnen Ihre Anfragen an hello@napapiri.com senden. Wir werden Ihre Anfrage so schnell wie m\u00f6glich beantworten, sp\u00e4testens jedoch innerhalb von vier Wochen.<\/p>\n<p>&#8212;<\/p>\n<p>&nbsp;<\/p>\n<p><strong>Artikel 9 &#8211; Cookies<\/strong><\/p>\n<p>Unsere Website verwendet Cookies, um Ihre Benutzererfahrung zu verbessern und anonyme Statistiken \u00fcber die Nutzung der Website zu sammeln. In unserer Cookie-Richtlinie finden Sie weitere Informationen \u00fcber die Verwendung von Cookies.<\/p>\n<p>&#8212;<\/p>\n<p><strong>Artikel 10 &#8211; \u00c4nderungen an der Datenschutzrichtlinie<\/strong><\/p>\n<p>FUN ON ICE BV beh\u00e4lt sich das Recht vor, diese Datenschutzrichtlinie zu \u00e4ndern. Alle \u00c4nderungen werden auf dieser Seite ver\u00f6ffentlicht. Wir empfehlen Ihnen, diese Seite regelm\u00e4\u00dfig auf die neueste Version unserer Datenschutzrichtlinie zu \u00fcberpr\u00fcfen.<\/p>\n<p>&#8212;<\/p>\n<p><strong>Artikel 11 &#8211; Kontakt<\/strong><\/p>\n<p>Wenn Sie Fragen zu dieser Datenschutzrichtlinie oder zur Verarbeitung Ihrer Daten haben, wenden Sie sich bitte an uns:<\/p>\n<p>FUN ON ICE BV Philipssite 5 Bus 1 hello@napapiri.com<br \/>\n<a href=\"tel:+3216982382\">+32 (0)16 98 23 82<\/a><br \/>\n<a href=\"https:\/\/www.napapiri.com\" target=\"_blank\" rel=\"noopener\">https:\/\/www.napapiri.com<\/a><\/p>\n<p>&#8212;<\/p>\n<p>Diese Datenschutzrichtlinie wurde zuletzt am 1. Oktober 2024 aktualisiert.<\/p>\n<\/div><\/div><\/div><\/div><\/div><\/div><\/div><\/section>\n","protected":false},"excerpt":{"rendered":"DATENSCHUTZBESTIMMUNGEN FUN ON ICE BV &#8212; Einf\u00fchrung FUN ON ICE BV, mit Sitz in Philipssite 5 Bus 1, 3001 Heverlee, Belgien, ist dem Schutz der Privatsph\u00e4re der Besucher seiner Website www.napapiri.com (im Folgenden &#8222;die Website&#8220;) verpflichtet. In dieser Datenschutzerkl\u00e4rung erl\u00e4utern wir, wie wir mit Ihren pers\u00f6nlichen Daten umgehen, welche Daten wir sammeln, f\u00fcr welche Zwecke...","protected":false},"author":1,"featured_media":0,"parent":0,"menu_order":1,"comment_status":"closed","ping_status":"open","template":"","meta":{"_acf_changed":false,"two_page_speed":[],"footnotes":""},"class_list":["post-2844","page","type-page","status-publish","hentry"],"acf":[],"_links":{"self":[{"href":"https:\/\/napapiri.com\/de\/wp-json\/wp\/v2\/pages\/2844","targetHints":{"allow":["GET"]}}],"collection":[{"href":"https:\/\/napapiri.com\/de\/wp-json\/wp\/v2\/pages"}],"about":[{"href":"https:\/\/napapiri.com\/de\/wp-json\/wp\/v2\/types\/page"}],"author":[{"embeddable":true,"href":"https:\/\/napapiri.com\/de\/wp-json\/wp\/v2\/users\/1"}],"replies":[{"embeddable":true,"href":"https:\/\/napapiri.com\/de\/wp-json\/wp\/v2\/comments?post=2844"}],"version-history":[{"count":3,"href":"https:\/\/napapiri.com\/de\/wp-json\/wp\/v2\/pages\/2844\/revisions"}],"predecessor-version":[{"id":2862,"href":"https:\/\/napapiri.com\/de\/wp-json\/wp\/v2\/pages\/2844\/revisions\/2862"}],"wp:attachment":[{"href":"https:\/\/napapiri.com\/de\/wp-json\/wp\/v2\/media?parent=2844"}],"curies":[{"name":"wp","href":"https:\/\/api.w.org\/{rel}","templated":true}]}}